{"id":23071,"date":"2025-10-30T12:24:46","date_gmt":"2025-10-30T12:24:46","guid":{"rendered":"https:\/\/www.yousanusb.com\/?post_type=product&#038;p=23071"},"modified":"2025-11-03T02:45:42","modified_gmt":"2025-11-03T02:45:42","slug":"long-strip-metal-plug-usb-flash-drive","status":"publish","type":"product","link":"https:\/\/www.yousanusb.com\/it\/prodotto\/long-strip-metal-plug-usb-flash-drive\/","title":{"rendered":"Unit\u00e0 flash USB con connettore in metallo a striscia lunga"},"content":{"rendered":"<div class=\"wp-block-columns is-layout-flex wp-container-core-columns-is-layout-1 wp-block-columns-is-layout-flex\">\n<div class=\"wp-block-column is-layout-flow wp-block-column-is-layout-flow\">\n<figure class=\"wp-block-image size-full\"><img fetchpriority=\"high\" decoding=\"async\" width=\"800\" height=\"800\" src=\"https:\/\/www.yousanusb.com\/wp-content\/uploads\/2025\/10\/Plug-in-Long-Strip-light-up-USB-Flash-Drive.jpeg\" alt=\"\" class=\"wp-image-23078\" srcset=\"https:\/\/www.yousanusb.com\/wp-content\/uploads\/2025\/10\/Plug-in-Long-Strip-light-up-USB-Flash-Drive.jpeg 800w, https:\/\/www.yousanusb.com\/wp-content\/uploads\/2025\/10\/Plug-in-Long-Strip-light-up-USB-Flash-Drive-300x300.jpeg 300w, https:\/\/www.yousanusb.com\/wp-content\/uploads\/2025\/10\/Plug-in-Long-Strip-light-up-USB-Flash-Drive-150x150.jpeg 150w, https:\/\/www.yousanusb.com\/wp-content\/uploads\/2025\/10\/Plug-in-Long-Strip-light-up-USB-Flash-Drive-768x768.jpeg 768w, https:\/\/www.yousanusb.com\/wp-content\/uploads\/2025\/10\/Plug-in-Long-Strip-light-up-USB-Flash-Drive-12x12.jpeg 12w, https:\/\/www.yousanusb.com\/wp-content\/uploads\/2025\/10\/Plug-in-Long-Strip-light-up-USB-Flash-Drive-600x600.jpeg 600w, https:\/\/www.yousanusb.com\/wp-content\/uploads\/2025\/10\/Plug-in-Long-Strip-light-up-USB-Flash-Drive-100x100.jpeg 100w\" sizes=\"(max-width: 800px) 100vw, 800px\" \/><\/figure>\n<\/div>\n\n\n\n<div class=\"wp-block-column is-vertically-aligned-center is-layout-flow wp-block-column-is-layout-flow\">\n<p>L'unit\u00e0 flash USB Long-strip Metal plug \u00e8 caratterizzata da una struttura compatta a strisce lunghe con un foro per appenderla nella parte superiore. \u00c8 compatibile con accessori come portachiavi e cordini, per facilitare il trasporto e la conservazione. Adottando un design a innesto diretto, pu\u00f2 essere collegata direttamente alla porta USB dei dispositivi per il trasferimento dei dati, offrendo un funzionamento comodo e senza componenti fragili per ridurre il rischio di danni fisici. <\/p>\n\n\n\n<p>Disponibile con capacit\u00e0 di memoria di 8 GB, 16 GB, 32 GB e 64 GB, con interfacce USB 2.0 o USB 3.0 opzionali, soddisfa diverse esigenze di archiviazione e trasferimento dei dati. Garantisce una lettura e scrittura efficiente di file come documenti, foto e video, migliorando l'efficienza dell'elaborazione dei dati.<\/p>\n<\/div>\n<\/div>\n\n\n\n<p>Il suo corpo \u00e8 realizzato in metallo ad alta resistenza, caratterizzato da un'eccellente resistenza all'usura e agli urti. Pu\u00f2 resistere efficacemente agli urti e ai graffi quotidiani, assicurando la stabilit\u00e0 a lungo termine della struttura fisica e fornendo un supporto hardware affidabile per l'archiviazione dei dati. \u00c8 disponibile in due opzioni di colore, nero e argento, per soddisfare le esigenze estetiche dei diversi utenti e i requisiti di tono visivo dei marchi aziendali.<\/p>\n\n\n\n<div class=\"wp-block-columns is-layout-flex wp-container-core-columns-is-layout-2 wp-block-columns-is-layout-flex\">\n<div class=\"wp-block-column is-layout-flow wp-block-column-is-layout-flow\">\n<figure class=\"wp-block-image size-full\"><img decoding=\"async\" width=\"800\" height=\"800\" src=\"https:\/\/www.yousanusb.com\/wp-content\/uploads\/2025\/10\/black-metal-LED-logo-Flash-Disk.jpeg\" alt=\"\" class=\"wp-image-23074\" srcset=\"https:\/\/www.yousanusb.com\/wp-content\/uploads\/2025\/10\/black-metal-LED-logo-Flash-Disk.jpeg 800w, https:\/\/www.yousanusb.com\/wp-content\/uploads\/2025\/10\/black-metal-LED-logo-Flash-Disk-300x300.jpeg 300w, https:\/\/www.yousanusb.com\/wp-content\/uploads\/2025\/10\/black-metal-LED-logo-Flash-Disk-150x150.jpeg 150w, https:\/\/www.yousanusb.com\/wp-content\/uploads\/2025\/10\/black-metal-LED-logo-Flash-Disk-768x768.jpeg 768w, https:\/\/www.yousanusb.com\/wp-content\/uploads\/2025\/10\/black-metal-LED-logo-Flash-Disk-12x12.jpeg 12w, https:\/\/www.yousanusb.com\/wp-content\/uploads\/2025\/10\/black-metal-LED-logo-Flash-Disk-600x600.jpeg 600w, https:\/\/www.yousanusb.com\/wp-content\/uploads\/2025\/10\/black-metal-LED-logo-Flash-Disk-100x100.jpeg 100w\" sizes=\"(max-width: 800px) 100vw, 800px\" \/><\/figure>\n<\/div>\n\n\n\n<div class=\"wp-block-column is-layout-flow wp-block-column-is-layout-flow\">\n<figure class=\"wp-block-image size-full\"><img decoding=\"async\" width=\"800\" height=\"800\" src=\"https:\/\/www.yousanusb.com\/wp-content\/uploads\/2025\/10\/metal-LED-logo-Flash-Disk.jpeg\" alt=\"\" class=\"wp-image-23076\" srcset=\"https:\/\/www.yousanusb.com\/wp-content\/uploads\/2025\/10\/metal-LED-logo-Flash-Disk.jpeg 800w, https:\/\/www.yousanusb.com\/wp-content\/uploads\/2025\/10\/metal-LED-logo-Flash-Disk-300x300.jpeg 300w, https:\/\/www.yousanusb.com\/wp-content\/uploads\/2025\/10\/metal-LED-logo-Flash-Disk-150x150.jpeg 150w, https:\/\/www.yousanusb.com\/wp-content\/uploads\/2025\/10\/metal-LED-logo-Flash-Disk-768x768.jpeg 768w, https:\/\/www.yousanusb.com\/wp-content\/uploads\/2025\/10\/metal-LED-logo-Flash-Disk-12x12.jpeg 12w, https:\/\/www.yousanusb.com\/wp-content\/uploads\/2025\/10\/metal-LED-logo-Flash-Disk-600x600.jpeg 600w, https:\/\/www.yousanusb.com\/wp-content\/uploads\/2025\/10\/metal-LED-logo-Flash-Disk-100x100.jpeg 100w\" sizes=\"(max-width: 800px) 100vw, 800px\" \/><\/figure>\n<\/div>\n<\/div>\n\n\n\n<div class=\"wp-block-columns is-layout-flex wp-container-core-columns-is-layout-3 wp-block-columns-is-layout-flex\">\n<div class=\"wp-block-column is-vertically-aligned-center is-layout-flow wp-block-column-is-layout-flow\">\n<p>Il logo luminoso adotta la tecnologia LED. Quando la chiavetta USB viene accesa, l'area del logo sulla parte anteriore si illumina. Supporta la personalizzazione in pi\u00f9 colori, come rosso, blu, verde e viola, e il contenuto del logo pu\u00f2 essere personalizzato con loghi del marchio, testo, ecc. a seconda delle necessit\u00e0. L'effetto luminoso migliora significativamente il riconoscimento del marchio e ne rafforza la visibilit\u00e0 negli scenari di lavoro.<\/p>\n\n\n\n<p>Il retro presenta un'ampia area personalizzabile. Loghi, slogan, motivi e altri elementi possono essere presentati attraverso processi come la serigrafia e l'incisione laser. Offre uno spazio sufficiente per la visualizzazione del marchio per le imprese, adatto per i regali aziendali e la promozione del marchio, realizzando una diffusione a lungo termine delle informazioni sul marchio.<\/p>\n<\/div>\n\n\n\n<div class=\"wp-block-column is-layout-flow wp-block-column-is-layout-flow\">\n<figure class=\"wp-block-image size-full\"><img loading=\"lazy\" decoding=\"async\" width=\"800\" height=\"800\" src=\"https:\/\/www.yousanusb.com\/wp-content\/uploads\/2025\/10\/metal-light-up-usb-flash-drive-4.jpeg\" alt=\"\" class=\"wp-image-23077\" srcset=\"https:\/\/www.yousanusb.com\/wp-content\/uploads\/2025\/10\/metal-light-up-usb-flash-drive-4.jpeg 800w, https:\/\/www.yousanusb.com\/wp-content\/uploads\/2025\/10\/metal-light-up-usb-flash-drive-4-300x300.jpeg 300w, https:\/\/www.yousanusb.com\/wp-content\/uploads\/2025\/10\/metal-light-up-usb-flash-drive-4-150x150.jpeg 150w, https:\/\/www.yousanusb.com\/wp-content\/uploads\/2025\/10\/metal-light-up-usb-flash-drive-4-768x768.jpeg 768w, https:\/\/www.yousanusb.com\/wp-content\/uploads\/2025\/10\/metal-light-up-usb-flash-drive-4-12x12.jpeg 12w, https:\/\/www.yousanusb.com\/wp-content\/uploads\/2025\/10\/metal-light-up-usb-flash-drive-4-600x600.jpeg 600w, https:\/\/www.yousanusb.com\/wp-content\/uploads\/2025\/10\/metal-light-up-usb-flash-drive-4-100x100.jpeg 100w\" sizes=\"(max-width: 800px) 100vw, 800px\" \/><\/figure>\n<\/div>\n<\/div>","protected":false},"excerpt":{"rendered":"<ul>\n<li>Unit\u00e0 flash USB luminosa<\/li>\n<li>Memory Stick USB di logo personalizzato per il regalo di promozione<\/li>\n<li>Serigrafia, incisione laser, logo Light Up<\/li>\n<li>CE, RoHS, FCC<\/li>\n<li>MOQ: 100pcs<\/li>\n<\/ul>","protected":false},"featured_media":23078,"comment_status":"open","ping_status":"closed","template":"","meta":{"_seopress_robots_primary_cat":"","_seopress_titles_title":"","_seopress_titles_desc":"","_seopress_robots_index":""},"class_list":["post-23071","product","type-product","status-publish","has-post-thumbnail","hentry","product_cat-led-light-usb-flash-drive"],"_links":{"self":[{"href":"https:\/\/www.yousanusb.com\/it\/wp-json\/wp\/v2\/product\/23071"}],"collection":[{"href":"https:\/\/www.yousanusb.com\/it\/wp-json\/wp\/v2\/product"}],"about":[{"href":"https:\/\/www.yousanusb.com\/it\/wp-json\/wp\/v2\/types\/product"}],"replies":[{"embeddable":true,"href":"https:\/\/www.yousanusb.com\/it\/wp-json\/wp\/v2\/comments?post=23071"}],"wp:featuredmedia":[{"embeddable":true,"href":"https:\/\/www.yousanusb.com\/it\/wp-json\/wp\/v2\/media\/23078"}],"wp:attachment":[{"href":"https:\/\/www.yousanusb.com\/it\/wp-json\/wp\/v2\/media?parent=23071"}],"curies":[{"name":"wp","href":"https:\/\/api.w.org\/{rel}","templated":true}]}}