{"id":23306,"date":"2025-11-03T06:51:59","date_gmt":"2025-11-03T06:51:59","guid":{"rendered":"https:\/\/www.yousanusb.com\/?post_type=product&#038;p=23306"},"modified":"2025-11-04T03:22:41","modified_gmt":"2025-11-04T03:22:41","slug":"cute-cartoon-super-mario-mushroom-keychain","status":"publish","type":"product","link":"https:\/\/www.yousanusb.com\/it\/prodotto\/cute-cartoon-super-mario-mushroom-keychain\/","title":{"rendered":"Carino il portachiavi a forma di fungo del cartone animato Super Mario"},"content":{"rendered":"<div class=\"wp-block-columns is-layout-flex wp-container-core-columns-is-layout-1 wp-block-columns-is-layout-flex\">\n<div class=\"wp-block-column is-layout-flow wp-block-column-is-layout-flow\">\n<figure class=\"wp-block-image size-full\"><img fetchpriority=\"high\" decoding=\"async\" width=\"800\" height=\"800\" src=\"https:\/\/www.yousanusb.com\/wp-content\/uploads\/2025\/11\/super-mario-keychain.webp\" alt=\"\" class=\"wp-image-23314\" srcset=\"https:\/\/www.yousanusb.com\/wp-content\/uploads\/2025\/11\/super-mario-keychain.webp 800w, https:\/\/www.yousanusb.com\/wp-content\/uploads\/2025\/11\/super-mario-keychain-300x300.webp 300w, https:\/\/www.yousanusb.com\/wp-content\/uploads\/2025\/11\/super-mario-keychain-150x150.webp 150w, https:\/\/www.yousanusb.com\/wp-content\/uploads\/2025\/11\/super-mario-keychain-768x768.webp 768w, https:\/\/www.yousanusb.com\/wp-content\/uploads\/2025\/11\/super-mario-keychain-12x12.webp 12w, https:\/\/www.yousanusb.com\/wp-content\/uploads\/2025\/11\/super-mario-keychain-600x600.webp 600w, https:\/\/www.yousanusb.com\/wp-content\/uploads\/2025\/11\/super-mario-keychain-100x100.webp 100w\" sizes=\"(max-width: 800px) 100vw, 800px\" \/><\/figure>\n<\/div>\n\n\n\n<div class=\"wp-block-column is-vertically-aligned-center is-layout-flow wp-block-column-is-layout-flow\">\n<p>YOUSAN, produttore di portachiavi, ha lanciato una nuova serie di ciondoli per bambole portachiavi di Super Mario. Il design principale: portachiavi di Super Mario con vestiti diversi e funghi di colore diverso, sono disponibili 3 stili distinti: Super Mario Red Mushroom Keychain, Super Mario Green Mushroom Keychain, Super Mario Pink Mushroom Keychain.<\/p>\n\n\n\n<p>Questo portachiavi di Super Mario \u00e8 stato disegnato sulla base di uno dei personaggi pi\u00f9 iconici di Nintendo. Ispirato agli elementi classici del gioco, questo portachiavi a forma di fungo di Mario \u00e8 diventato un accessorio amatissimo, apprezzato per il suo look carino e chic e per i suoi dettagli raffinati.<\/p>\n\n\n\n<p>Questo portachiavi \u00e8 composto da un portachiavi in metallo, una chiusura a moschettone, un accessorio a forma di cappello a fungo, un pupazzo a forma di Super Mario e un laccetto da polso. Sia il laccetto che il pupazzo sono personalizzabili.<\/p>\n<\/div>\n<\/div>\n\n\n\n<hr class=\"wp-block-separator alignwide has-alpha-channel-opacity\"\/>\n\n\n\n<p>Aggiungete un tocco di divertimento alle vostre chiavi con questo simpatico portachiavi di Super Mario, realizzato in resistente PVC ecologico. Il cuore di questo design \u00e8 Mario: il suo cappello rotondo a fungo \u00e8 ornato da macchie di diversi colori e indossa un piccolo gilet della stessa famiglia di colori di queste macchie. Il pupazzo di Super Mario sul portachiavi misura 6,5 cm di lunghezza e ha un diametro di 3,5 cm.<\/p>\n\n\n\n<div class=\"wp-block-columns is-layout-flex wp-container-core-columns-is-layout-2 wp-block-columns-is-layout-flex\">\n<div class=\"wp-block-column is-layout-flow wp-block-column-is-layout-flow\"><div class=\"wp-block-image\">\n<figure class=\"aligncenter size-full\"><img decoding=\"async\" width=\"800\" height=\"800\" src=\"https:\/\/www.yousanusb.com\/wp-content\/uploads\/2025\/11\/green-super-mario-keychains.webp\" alt=\"\" class=\"wp-image-23310\" srcset=\"https:\/\/www.yousanusb.com\/wp-content\/uploads\/2025\/11\/green-super-mario-keychains.webp 800w, https:\/\/www.yousanusb.com\/wp-content\/uploads\/2025\/11\/green-super-mario-keychains-300x300.webp 300w, https:\/\/www.yousanusb.com\/wp-content\/uploads\/2025\/11\/green-super-mario-keychains-150x150.webp 150w, https:\/\/www.yousanusb.com\/wp-content\/uploads\/2025\/11\/green-super-mario-keychains-768x768.webp 768w, https:\/\/www.yousanusb.com\/wp-content\/uploads\/2025\/11\/green-super-mario-keychains-12x12.webp 12w, https:\/\/www.yousanusb.com\/wp-content\/uploads\/2025\/11\/green-super-mario-keychains-600x600.webp 600w, https:\/\/www.yousanusb.com\/wp-content\/uploads\/2025\/11\/green-super-mario-keychains-100x100.webp 100w\" sizes=\"(max-width: 800px) 100vw, 800px\" \/><figcaption class=\"wp-element-caption\">Mario Portachiavi Fungo Verde<\/figcaption><\/figure><\/div><\/div>\n\n\n\n<div class=\"wp-block-column is-layout-flow wp-block-column-is-layout-flow\"><div class=\"wp-block-image\">\n<figure class=\"aligncenter size-full\"><img decoding=\"async\" width=\"800\" height=\"800\" src=\"https:\/\/www.yousanusb.com\/wp-content\/uploads\/2025\/11\/mushroom-keychain.webp\" alt=\"\" class=\"wp-image-23311\" srcset=\"https:\/\/www.yousanusb.com\/wp-content\/uploads\/2025\/11\/mushroom-keychain.webp 800w, https:\/\/www.yousanusb.com\/wp-content\/uploads\/2025\/11\/mushroom-keychain-300x300.webp 300w, https:\/\/www.yousanusb.com\/wp-content\/uploads\/2025\/11\/mushroom-keychain-150x150.webp 150w, https:\/\/www.yousanusb.com\/wp-content\/uploads\/2025\/11\/mushroom-keychain-768x768.webp 768w, https:\/\/www.yousanusb.com\/wp-content\/uploads\/2025\/11\/mushroom-keychain-12x12.webp 12w, https:\/\/www.yousanusb.com\/wp-content\/uploads\/2025\/11\/mushroom-keychain-600x600.webp 600w, https:\/\/www.yousanusb.com\/wp-content\/uploads\/2025\/11\/mushroom-keychain-100x100.webp 100w\" sizes=\"(max-width: 800px) 100vw, 800px\" \/><figcaption class=\"wp-element-caption\">Mario Portachiavi Fungo Rosa<\/figcaption><\/figure><\/div><\/div>\n\n\n\n<div class=\"wp-block-column is-layout-flow wp-block-column-is-layout-flow\"><div class=\"wp-block-image\">\n<figure class=\"aligncenter size-full\"><img loading=\"lazy\" decoding=\"async\" width=\"800\" height=\"800\" src=\"https:\/\/www.yousanusb.com\/wp-content\/uploads\/2025\/11\/red-Super-Mario-keychain.webp\" alt=\"\" class=\"wp-image-23312\" srcset=\"https:\/\/www.yousanusb.com\/wp-content\/uploads\/2025\/11\/red-Super-Mario-keychain.webp 800w, https:\/\/www.yousanusb.com\/wp-content\/uploads\/2025\/11\/red-Super-Mario-keychain-300x300.webp 300w, https:\/\/www.yousanusb.com\/wp-content\/uploads\/2025\/11\/red-Super-Mario-keychain-150x150.webp 150w, https:\/\/www.yousanusb.com\/wp-content\/uploads\/2025\/11\/red-Super-Mario-keychain-768x768.webp 768w, https:\/\/www.yousanusb.com\/wp-content\/uploads\/2025\/11\/red-Super-Mario-keychain-12x12.webp 12w, https:\/\/www.yousanusb.com\/wp-content\/uploads\/2025\/11\/red-Super-Mario-keychain-600x600.webp 600w, https:\/\/www.yousanusb.com\/wp-content\/uploads\/2025\/11\/red-Super-Mario-keychain-100x100.webp 100w\" sizes=\"(max-width: 800px) 100vw, 800px\" \/><figcaption class=\"wp-element-caption\">Mario Fungo Rosso Portachiavi<\/figcaption><\/figure><\/div><\/div>\n<\/div>\n\n\n\n<div class=\"wp-block-columns is-layout-flex wp-container-core-columns-is-layout-3 wp-block-columns-is-layout-flex\">\n<div class=\"wp-block-column is-layout-flow wp-block-column-is-layout-flow\">\n<figure class=\"wp-block-image size-full\"><img loading=\"lazy\" decoding=\"async\" width=\"800\" height=\"800\" src=\"https:\/\/www.yousanusb.com\/wp-content\/uploads\/2025\/11\/super-mario-keychain-size.webp\" alt=\"\" class=\"wp-image-23313\" srcset=\"https:\/\/www.yousanusb.com\/wp-content\/uploads\/2025\/11\/super-mario-keychain-size.webp 800w, https:\/\/www.yousanusb.com\/wp-content\/uploads\/2025\/11\/super-mario-keychain-size-300x300.webp 300w, https:\/\/www.yousanusb.com\/wp-content\/uploads\/2025\/11\/super-mario-keychain-size-150x150.webp 150w, https:\/\/www.yousanusb.com\/wp-content\/uploads\/2025\/11\/super-mario-keychain-size-768x768.webp 768w, https:\/\/www.yousanusb.com\/wp-content\/uploads\/2025\/11\/super-mario-keychain-size-12x12.webp 12w, https:\/\/www.yousanusb.com\/wp-content\/uploads\/2025\/11\/super-mario-keychain-size-600x600.webp 600w, https:\/\/www.yousanusb.com\/wp-content\/uploads\/2025\/11\/super-mario-keychain-size-100x100.webp 100w\" sizes=\"(max-width: 800px) 100vw, 800px\" \/><\/figure>\n<\/div>\n\n\n\n<div class=\"wp-block-column is-vertically-aligned-center is-layout-flow wp-block-column-is-layout-flow\">\n<p>Peso del prodotto: circa 52 g; Dimensioni del prodotto: 6,5 cm * 3,5 cm<\/p>\n\n\n\n<p>Il coraggio, l'ottimismo e lo spirito mai arrendevole di Mario lo rendono un simbolo iconico che trascende le generazioni. Da collezionare per i fan o da portare con s\u00e9 ogni giorno, questo portachiavi vi riporter\u00e0 immediatamente alle gioiose avventure del Regno dei Funghi.<br>Come fornitore diretto,&nbsp;<strong>Youshan<\/strong>&nbsp;offre acquisti all'ingrosso con prezzi vantaggiosi, rendendoci un partner ideale per i venditori di e-commerce, i negozi fisici e le aziende di articoli da regalo.<\/p>\n<\/div>\n<\/div>","protected":false},"excerpt":{"rendered":"<ul>\n<li>PVC morbido<\/li>\n<li>Colore rosso, verde, rosa<\/li>\n<li>Polsino pu\u00f2 logo personalizzato<\/li>\n<li>Molti colori possono essere scelti<\/li>\n<li>MOQ: 100pcs<\/li>\n<\/ul>","protected":false},"featured_media":23314,"comment_status":"open","ping_status":"closed","template":"","meta":{"_seopress_robots_primary_cat":"","_seopress_titles_title":"","_seopress_titles_desc":"","_seopress_robots_index":""},"class_list":["post-23306","product","type-product","status-publish","has-post-thumbnail","hentry","product_cat-3d-rubber-key-chain"],"_links":{"self":[{"href":"https:\/\/www.yousanusb.com\/it\/wp-json\/wp\/v2\/product\/23306"}],"collection":[{"href":"https:\/\/www.yousanusb.com\/it\/wp-json\/wp\/v2\/product"}],"about":[{"href":"https:\/\/www.yousanusb.com\/it\/wp-json\/wp\/v2\/types\/product"}],"replies":[{"embeddable":true,"href":"https:\/\/www.yousanusb.com\/it\/wp-json\/wp\/v2\/comments?post=23306"}],"wp:featuredmedia":[{"embeddable":true,"href":"https:\/\/www.yousanusb.com\/it\/wp-json\/wp\/v2\/media\/23314"}],"wp:attachment":[{"href":"https:\/\/www.yousanusb.com\/it\/wp-json\/wp\/v2\/media?parent=23306"}],"curies":[{"name":"wp","href":"https:\/\/api.w.org\/{rel}","templated":true}]}}