{"id":23366,"date":"2025-11-03T13:05:02","date_gmt":"2025-11-03T13:05:02","guid":{"rendered":"https:\/\/www.yousanusb.com\/?post_type=product&#038;p=23366"},"modified":"2025-11-04T03:21:41","modified_gmt":"2025-11-04T03:21:41","slug":"cartoon-customized-doraemon-keychain-with-fruit-items","status":"publish","type":"product","link":"https:\/\/www.yousanusb.com\/it\/prodotto\/cartoon-customized-doraemon-keychain-with-fruit-items\/","title":{"rendered":"Cartone animato personalizzato Doraemon portachiavi con articoli di frutta"},"content":{"rendered":"<div class=\"wp-block-columns is-layout-flex wp-container-core-columns-is-layout-1 wp-block-columns-is-layout-flex\">\n<div class=\"wp-block-column is-layout-flow wp-block-column-is-layout-flow\">\n<figure class=\"wp-block-image size-full\"><img fetchpriority=\"high\" decoding=\"async\" width=\"800\" height=\"800\" src=\"https:\/\/www.yousanusb.com\/wp-content\/uploads\/2025\/11\/bulk-customized-keychains.webp\" alt=\"\" class=\"wp-image-23369\" srcset=\"https:\/\/www.yousanusb.com\/wp-content\/uploads\/2025\/11\/bulk-customized-keychains.webp 800w, https:\/\/www.yousanusb.com\/wp-content\/uploads\/2025\/11\/bulk-customized-keychains-300x300.webp 300w, https:\/\/www.yousanusb.com\/wp-content\/uploads\/2025\/11\/bulk-customized-keychains-150x150.webp 150w, https:\/\/www.yousanusb.com\/wp-content\/uploads\/2025\/11\/bulk-customized-keychains-768x768.webp 768w, https:\/\/www.yousanusb.com\/wp-content\/uploads\/2025\/11\/bulk-customized-keychains-12x12.webp 12w, https:\/\/www.yousanusb.com\/wp-content\/uploads\/2025\/11\/bulk-customized-keychains-600x600.webp 600w, https:\/\/www.yousanusb.com\/wp-content\/uploads\/2025\/11\/bulk-customized-keychains-100x100.webp 100w\" sizes=\"(max-width: 800px) 100vw, 800px\" \/><\/figure>\n<\/div>\n\n\n\n<div class=\"wp-block-column is-vertically-aligned-center is-layout-flow wp-block-column-is-layout-flow\">\n<p>YOUSAN, produttore di portachiavi, ha lanciato una nuova serie di portachiavi Doraemon. Il design principale: portachiavi Doraemon + elemento frutta, sono disponibili 5 stili distinti: portachiavi Doraemon giallo con limone, portachiavi Doraemon marrone con mangostano, portachiavi Doraemon verde con anguria, portachiavi Doraemon rosso con mela, portachiavi Doraemon chiaro con pera.<\/p>\n\n\n\n<h2 class=\"wp-block-heading\">Ciondolo Doraemon portachiavi cartone animato<\/h2>\n\n\n\n<p>Il design del portachiavi Doraemon riprende l'immagine della famosissima IP \"Doraemon\". Il classico portachiavi Doraemon presenta il personaggio con il suo iconico zaino, mentre la nuova versione sostituisce questo zaino con vari disegni a forma di frutta.<\/p>\n\n\n\n<p>Questo portachiavi \u00e8 composto da un portachiavi in metallo, una chiusura a moschettone, un accessorio a forma di limone, un pupazzo a forma di frutta di Doraemon e un laccetto da polso. Sia il laccetto che il pupazzo sono personalizzabili.<\/p>\n<\/div>\n<\/div>\n\n\n\n<hr class=\"wp-block-separator alignwide has-alpha-channel-opacity\"\/>\n\n\n\n<p><\/p>\n\n\n\n<div class=\"wp-block-columns is-layout-flex wp-container-core-columns-is-layout-2 wp-block-columns-is-layout-flex\">\n<div class=\"wp-block-column is-layout-flow wp-block-column-is-layout-flow\"><div class=\"wp-block-image\">\n<figure class=\"aligncenter size-full\"><img decoding=\"async\" width=\"800\" height=\"800\" src=\"https:\/\/www.yousanusb.com\/wp-content\/uploads\/2025\/11\/lemon-doraemon-keychain.webp\" alt=\"\" class=\"wp-image-23374\" srcset=\"https:\/\/www.yousanusb.com\/wp-content\/uploads\/2025\/11\/lemon-doraemon-keychain.webp 800w, https:\/\/www.yousanusb.com\/wp-content\/uploads\/2025\/11\/lemon-doraemon-keychain-300x300.webp 300w, https:\/\/www.yousanusb.com\/wp-content\/uploads\/2025\/11\/lemon-doraemon-keychain-150x150.webp 150w, https:\/\/www.yousanusb.com\/wp-content\/uploads\/2025\/11\/lemon-doraemon-keychain-768x768.webp 768w, https:\/\/www.yousanusb.com\/wp-content\/uploads\/2025\/11\/lemon-doraemon-keychain-12x12.webp 12w, https:\/\/www.yousanusb.com\/wp-content\/uploads\/2025\/11\/lemon-doraemon-keychain-600x600.webp 600w, https:\/\/www.yousanusb.com\/wp-content\/uploads\/2025\/11\/lemon-doraemon-keychain-100x100.webp 100w\" sizes=\"(max-width: 800px) 100vw, 800px\" \/><figcaption class=\"wp-element-caption\">Portachiavi Doraemon al limone<\/figcaption><\/figure><\/div>\n\n\n<p>Questo portachiavi Lemon Doraemon \u00e8 caratterizzato da un corpo giallo. Doraemon abbraccia un limone e indossa un cappello giallo, creando un aspetto irresistibilmente carino. Il braccialetto in PVC \u00e8 disponibile nel classico colore blu e supporta la stampa del logo personalizzato. Inoltre, \u00e8 possibile scegliere il colore preferito per la personalizzazione.<\/p>\n<\/div>\n\n\n\n<div class=\"wp-block-column is-layout-flow wp-block-column-is-layout-flow\"><div class=\"wp-block-image\">\n<figure class=\"aligncenter size-full\"><img decoding=\"async\" width=\"800\" height=\"800\" src=\"https:\/\/www.yousanusb.com\/wp-content\/uploads\/2025\/11\/keychains-for-women.webp\" alt=\"\" class=\"wp-image-23373\" srcset=\"https:\/\/www.yousanusb.com\/wp-content\/uploads\/2025\/11\/keychains-for-women.webp 800w, https:\/\/www.yousanusb.com\/wp-content\/uploads\/2025\/11\/keychains-for-women-300x300.webp 300w, https:\/\/www.yousanusb.com\/wp-content\/uploads\/2025\/11\/keychains-for-women-150x150.webp 150w, https:\/\/www.yousanusb.com\/wp-content\/uploads\/2025\/11\/keychains-for-women-768x768.webp 768w, https:\/\/www.yousanusb.com\/wp-content\/uploads\/2025\/11\/keychains-for-women-12x12.webp 12w, https:\/\/www.yousanusb.com\/wp-content\/uploads\/2025\/11\/keychains-for-women-600x600.webp 600w, https:\/\/www.yousanusb.com\/wp-content\/uploads\/2025\/11\/keychains-for-women-100x100.webp 100w\" sizes=\"(max-width: 800px) 100vw, 800px\" \/><figcaption class=\"wp-element-caption\">Portachiavi Doraemon all'anguria<\/figcaption><\/figure><\/div>\n\n\n<p>Questo portachiavi Doraemon anguria ha un corpo principale verde. Doraemon tiene in mano un'anguria, creando un aspetto molto carino. Il braccialetto in PVC \u00e8 disponibile nel classico colore blu e supporta la stampa del logo personalizzato. Inoltre, \u00e8 possibile scegliere il colore preferito per la personalizzazione.<\/p>\n<\/div>\n<\/div>\n\n\n\n<div class=\"wp-block-columns is-layout-flex wp-container-core-columns-is-layout-3 wp-block-columns-is-layout-flex\">\n<div class=\"wp-block-column is-layout-flow wp-block-column-is-layout-flow\"><div class=\"wp-block-image\">\n<figure class=\"aligncenter size-full\"><img loading=\"lazy\" decoding=\"async\" width=\"800\" height=\"800\" src=\"https:\/\/www.yousanusb.com\/wp-content\/uploads\/2025\/11\/doraemon-string-keychain.webp\" alt=\"\" class=\"wp-image-23371\" srcset=\"https:\/\/www.yousanusb.com\/wp-content\/uploads\/2025\/11\/doraemon-string-keychain.webp 800w, https:\/\/www.yousanusb.com\/wp-content\/uploads\/2025\/11\/doraemon-string-keychain-300x300.webp 300w, https:\/\/www.yousanusb.com\/wp-content\/uploads\/2025\/11\/doraemon-string-keychain-150x150.webp 150w, https:\/\/www.yousanusb.com\/wp-content\/uploads\/2025\/11\/doraemon-string-keychain-768x768.webp 768w, https:\/\/www.yousanusb.com\/wp-content\/uploads\/2025\/11\/doraemon-string-keychain-12x12.webp 12w, https:\/\/www.yousanusb.com\/wp-content\/uploads\/2025\/11\/doraemon-string-keychain-600x600.webp 600w, https:\/\/www.yousanusb.com\/wp-content\/uploads\/2025\/11\/doraemon-string-keychain-100x100.webp 100w\" sizes=\"(max-width: 800px) 100vw, 800px\" \/><figcaption class=\"wp-element-caption\">Portachiavi Apple Doraemon<\/figcaption><\/figure><\/div>\n\n\n<p>Questo portachiavi Apple Doraemon \u00e8 caratterizzato da un corpo principale rosso. Doraemon abbraccia una mela indossando un cappello rosso, creando un aspetto irresistibilmente carino. Il braccialetto in PVC \u00e8 disponibile nel classico colore blu e supporta la stampa del logo personalizzato. Inoltre, \u00e8 possibile scegliere il colore preferito per la personalizzazione.<\/p>\n<\/div>\n\n\n\n<div class=\"wp-block-column is-layout-flow wp-block-column-is-layout-flow\"><div class=\"wp-block-image\">\n<figure class=\"aligncenter size-full\"><img loading=\"lazy\" decoding=\"async\" width=\"800\" height=\"800\" src=\"https:\/\/www.yousanusb.com\/wp-content\/uploads\/2025\/11\/keychains-for-men.webp\" alt=\"\" class=\"wp-image-23372\" srcset=\"https:\/\/www.yousanusb.com\/wp-content\/uploads\/2025\/11\/keychains-for-men.webp 800w, https:\/\/www.yousanusb.com\/wp-content\/uploads\/2025\/11\/keychains-for-men-300x300.webp 300w, https:\/\/www.yousanusb.com\/wp-content\/uploads\/2025\/11\/keychains-for-men-150x150.webp 150w, https:\/\/www.yousanusb.com\/wp-content\/uploads\/2025\/11\/keychains-for-men-768x768.webp 768w, https:\/\/www.yousanusb.com\/wp-content\/uploads\/2025\/11\/keychains-for-men-12x12.webp 12w, https:\/\/www.yousanusb.com\/wp-content\/uploads\/2025\/11\/keychains-for-men-600x600.webp 600w, https:\/\/www.yousanusb.com\/wp-content\/uploads\/2025\/11\/keychains-for-men-100x100.webp 100w\" sizes=\"(max-width: 800px) 100vw, 800px\" \/><figcaption class=\"wp-element-caption\">Portachiavi Doraemon a pera<\/figcaption><\/figure><\/div>\n\n\n<p>Il portachiavi Pear Doraemon \u00e8 di colore verde chiaro. Il disegno di Doraemon che tiene in mano una pera \u00e8 incredibilmente carino. Il braccialetto in PVC \u00e8 disponibile nel classico colore blu e supporta la stampa del logo personalizzato. Inoltre, \u00e8 possibile scegliere il colore preferito per la personalizzazione.<\/p>\n<\/div>\n<\/div>","protected":false},"excerpt":{"rendered":"<ul>\n<li>PVC morbido<\/li>\n<li>Portachiavi Doraemon<\/li>\n<li>Mela, limone, cocomero, melone, melanzana, avocado<\/li>\n<li>Polsino pu\u00f2 logo personalizzato<\/li>\n<li>Molti colori possono essere scelti<\/li>\n<li>MOQ: 100pcs<\/li>\n<\/ul>","protected":false},"featured_media":23369,"comment_status":"open","ping_status":"closed","template":"","meta":{"_seopress_robots_primary_cat":"","_seopress_titles_title":"","_seopress_titles_desc":"","_seopress_robots_index":""},"class_list":["post-23366","product","type-product","status-publish","has-post-thumbnail","hentry","product_cat-3d-rubber-key-chain"],"_links":{"self":[{"href":"https:\/\/www.yousanusb.com\/it\/wp-json\/wp\/v2\/product\/23366"}],"collection":[{"href":"https:\/\/www.yousanusb.com\/it\/wp-json\/wp\/v2\/product"}],"about":[{"href":"https:\/\/www.yousanusb.com\/it\/wp-json\/wp\/v2\/types\/product"}],"replies":[{"embeddable":true,"href":"https:\/\/www.yousanusb.com\/it\/wp-json\/wp\/v2\/comments?post=23366"}],"wp:featuredmedia":[{"embeddable":true,"href":"https:\/\/www.yousanusb.com\/it\/wp-json\/wp\/v2\/media\/23369"}],"wp:attachment":[{"href":"https:\/\/www.yousanusb.com\/it\/wp-json\/wp\/v2\/media?parent=23366"}],"curies":[{"name":"wp","href":"https:\/\/api.w.org\/{rel}","templated":true}]}}