{"id":23375,"date":"2025-11-03T13:25:07","date_gmt":"2025-11-03T13:25:07","guid":{"rendered":"https:\/\/www.yousanusb.com\/?post_type=product&#038;p=23375"},"modified":"2025-11-04T03:21:20","modified_gmt":"2025-11-04T03:21:20","slug":"aluminum-alloy-bottle-cap-usb-drive","status":"publish","type":"product","link":"https:\/\/www.yousanusb.com\/it\/prodotto\/aluminum-alloy-bottle-cap-usb-drive\/","title":{"rendered":"Mini unit\u00e0 USB con tappo di bottiglia in lega di alluminio"},"content":{"rendered":"<div class=\"wp-block-columns is-layout-flex wp-container-core-columns-is-layout-1 wp-block-columns-is-layout-flex\">\n<div class=\"wp-block-column is-layout-flow wp-block-column-is-layout-flow\">\n<figure class=\"wp-block-image size-full\"><img fetchpriority=\"high\" decoding=\"async\" width=\"800\" height=\"800\" src=\"https:\/\/www.yousanusb.com\/wp-content\/uploads\/2025\/11\/Beer-Cap-Shaped-USB.webp\" alt=\"\" class=\"wp-image-23378\" srcset=\"https:\/\/www.yousanusb.com\/wp-content\/uploads\/2025\/11\/Beer-Cap-Shaped-USB.webp 800w, https:\/\/www.yousanusb.com\/wp-content\/uploads\/2025\/11\/Beer-Cap-Shaped-USB-300x300.webp 300w, https:\/\/www.yousanusb.com\/wp-content\/uploads\/2025\/11\/Beer-Cap-Shaped-USB-150x150.webp 150w, https:\/\/www.yousanusb.com\/wp-content\/uploads\/2025\/11\/Beer-Cap-Shaped-USB-768x768.webp 768w, https:\/\/www.yousanusb.com\/wp-content\/uploads\/2025\/11\/Beer-Cap-Shaped-USB-12x12.webp 12w, https:\/\/www.yousanusb.com\/wp-content\/uploads\/2025\/11\/Beer-Cap-Shaped-USB-600x600.webp 600w, https:\/\/www.yousanusb.com\/wp-content\/uploads\/2025\/11\/Beer-Cap-Shaped-USB-100x100.webp 100w\" sizes=\"(max-width: 800px) 100vw, 800px\" \/><\/figure>\n<\/div>\n\n\n\n<div class=\"wp-block-column is-vertically-aligned-center is-layout-flow wp-block-column-is-layout-flow\">\n<p>L'unit\u00e0 USB con tappo di bottiglia in lega di alluminio integra in modo ingegnoso gli elementi del tappo di bottiglia di tutti i giorni nei prodotti digitali. Realizzata in lega di alluminio, riproduce in scala 1:1 la forma e la struttura antiscivolo dentellata dei comuni tappi di bottiglia. Disponibile in diverse opzioni di colore anodizzato - grigio argento, oro rosa, bianco neve, nero opaco e oro champagne (giallo chiaro) - l'unit\u00e0 USB presenta tonalit\u00e0 ricche e vibranti e una texture di qualit\u00e0 superiore, in grado di soddisfare diverse preferenze di stile.<\/p>\n<\/div>\n<\/div>\n\n\n\n<div class=\"wp-block-columns is-layout-flex wp-container-core-columns-is-layout-2 wp-block-columns-is-layout-flex\">\n<div class=\"wp-block-column is-vertically-aligned-center is-layout-flow wp-block-column-is-layout-flow\">\n<p>Le chiavette USB personalizzate sono il servizio principale della nostra azienda. Sia che si tratti di rinomate marche di birra come Budweiser, Heineken, Carlsberg o di altri marchi, offriamo l'incisione laser di loghi ed elementi di identit\u00e0 visiva su superfici metalliche.<\/p>\n\n\n\n<p><br>Prodotto di punta tra i produttori professionali di USB personalizzate, questo modello supporta una profonda personalizzazione del marchio:<\/p>\n\n\n\n<ul class=\"wp-block-list\">\n<li>Personalizzazione del logo\/identit\u00e0 visiva: La parte anteriore del tappo della bottiglia pu\u00f2 essere incisa al laser con loghi aziendali, testi o motivi.<\/li>\n\n\n\n<li>Scenari di applicazione: Promozioni del marchio della birra (ad esempio, chiavette USB personalizzate per eventi Budweiser), regali aziendali (omaggi per la conferenza del distributore della birra Qingdao), articoli promozionali (riscatto dei punti fedelt\u00e0 della catena di ristoranti).<\/li>\n\n\n\n<li>Compatibilit\u00e0 con il settore: Marchi di alcolici, gruppi di ristoranti e organizzatori di eventi possono collaborare per sviluppare versioni esclusive.<\/li>\n<\/ul>\n<\/div>\n\n\n\n<div class=\"wp-block-column is-layout-flow wp-block-column-is-layout-flow\">\n<figure class=\"wp-block-image size-full\"><img decoding=\"async\" width=\"800\" height=\"800\" src=\"https:\/\/www.yousanusb.com\/wp-content\/uploads\/2025\/11\/custom-Metal-Cap-USB-flash-drive.webp\" alt=\"\" class=\"wp-image-23381\" srcset=\"https:\/\/www.yousanusb.com\/wp-content\/uploads\/2025\/11\/custom-Metal-Cap-USB-flash-drive.webp 800w, https:\/\/www.yousanusb.com\/wp-content\/uploads\/2025\/11\/custom-Metal-Cap-USB-flash-drive-300x300.webp 300w, https:\/\/www.yousanusb.com\/wp-content\/uploads\/2025\/11\/custom-Metal-Cap-USB-flash-drive-150x150.webp 150w, https:\/\/www.yousanusb.com\/wp-content\/uploads\/2025\/11\/custom-Metal-Cap-USB-flash-drive-768x768.webp 768w, https:\/\/www.yousanusb.com\/wp-content\/uploads\/2025\/11\/custom-Metal-Cap-USB-flash-drive-12x12.webp 12w, https:\/\/www.yousanusb.com\/wp-content\/uploads\/2025\/11\/custom-Metal-Cap-USB-flash-drive-600x600.webp 600w, https:\/\/www.yousanusb.com\/wp-content\/uploads\/2025\/11\/custom-Metal-Cap-USB-flash-drive-100x100.webp 100w\" sizes=\"(max-width: 800px) 100vw, 800px\" \/><\/figure>\n<\/div>\n<\/div>\n\n\n\n<div class=\"wp-block-columns is-layout-flex wp-container-core-columns-is-layout-3 wp-block-columns-is-layout-flex\">\n<div class=\"wp-block-column is-layout-flow wp-block-column-is-layout-flow\">\n<figure class=\"wp-block-image size-full\"><img decoding=\"async\" width=\"800\" height=\"800\" src=\"https:\/\/www.yousanusb.com\/wp-content\/uploads\/2025\/11\/Bottle-Cap-USB-flash-Drive.webp\" alt=\"\" class=\"wp-image-23379\" srcset=\"https:\/\/www.yousanusb.com\/wp-content\/uploads\/2025\/11\/Bottle-Cap-USB-flash-Drive.webp 800w, https:\/\/www.yousanusb.com\/wp-content\/uploads\/2025\/11\/Bottle-Cap-USB-flash-Drive-300x300.webp 300w, https:\/\/www.yousanusb.com\/wp-content\/uploads\/2025\/11\/Bottle-Cap-USB-flash-Drive-150x150.webp 150w, https:\/\/www.yousanusb.com\/wp-content\/uploads\/2025\/11\/Bottle-Cap-USB-flash-Drive-768x768.webp 768w, https:\/\/www.yousanusb.com\/wp-content\/uploads\/2025\/11\/Bottle-Cap-USB-flash-Drive-12x12.webp 12w, https:\/\/www.yousanusb.com\/wp-content\/uploads\/2025\/11\/Bottle-Cap-USB-flash-Drive-600x600.webp 600w, https:\/\/www.yousanusb.com\/wp-content\/uploads\/2025\/11\/Bottle-Cap-USB-flash-Drive-100x100.webp 100w\" sizes=\"(max-width: 800px) 100vw, 800px\" \/><\/figure>\n<\/div>\n\n\n\n<div class=\"wp-block-column is-vertically-aligned-center is-layout-flow wp-block-column-is-layout-flow\">\n<p><\/p>\n\n\n\n<ul class=\"wp-block-list\">\n<li>Design integrato del foro della chiave: Presenta un foro per la chiave in metallo, resistente e in tinta, sul bordo superiore del cappuccio.<\/li>\n\n\n\n<li>Hardware in metallo di qualit\u00e0: include un cordino in metallo e un robusto portachiavi per un'apertura e una chiusura senza problemi.<\/li>\n\n\n\n<li>Ultraportatile:<br> Portachiavi: Diventa un elemento essenziale di tutti i giorni, riducendo al minimo lo smarrimento o la dimenticanza.<br> Accessorio per la cerniera della borsa dello zaino\/portatile: Consente un accesso ultra-conveniente ai dati.<br> Cordino per portafogli e passante per cintura: Combina stile e funzionalit\u00e0.<\/li>\n\n\n\n<li>Design rimovibile: I componenti del portachiavi si staccano facilmente, consentendo all'unit\u00e0 USB di tornare alla sua forma pura.<\/li>\n<\/ul>\n<\/div>\n<\/div>","protected":false},"excerpt":{"rendered":"<ul>\n<li>Lega di alluminio<\/li>\n<li>Tappo di bottiglia in metallo<\/li>\n<li>mini pen drive portatile Cap<\/li>\n<li>Unit\u00e0 flash USB Mini Cap<\/li>\n<li>MOQ: 100PCS<\/li>\n<\/ul>","protected":false},"featured_media":23379,"comment_status":"open","ping_status":"closed","template":"","meta":{"_seopress_robots_primary_cat":"","_seopress_titles_title":"","_seopress_titles_desc":"","_seopress_robots_index":""},"class_list":["post-23375","product","type-product","status-publish","has-post-thumbnail","hentry","product_cat-push-pull-usb-flash-drive"],"_links":{"self":[{"href":"https:\/\/www.yousanusb.com\/it\/wp-json\/wp\/v2\/product\/23375"}],"collection":[{"href":"https:\/\/www.yousanusb.com\/it\/wp-json\/wp\/v2\/product"}],"about":[{"href":"https:\/\/www.yousanusb.com\/it\/wp-json\/wp\/v2\/types\/product"}],"replies":[{"embeddable":true,"href":"https:\/\/www.yousanusb.com\/it\/wp-json\/wp\/v2\/comments?post=23375"}],"wp:featuredmedia":[{"embeddable":true,"href":"https:\/\/www.yousanusb.com\/it\/wp-json\/wp\/v2\/media\/23379"}],"wp:attachment":[{"href":"https:\/\/www.yousanusb.com\/it\/wp-json\/wp\/v2\/media?parent=23375"}],"curies":[{"name":"wp","href":"https:\/\/api.w.org\/{rel}","templated":true}]}}