{"id":23402,"date":"2025-11-04T06:44:25","date_gmt":"2025-11-04T06:44:25","guid":{"rendered":"https:\/\/www.yousanusb.com\/?post_type=product&#038;p=23402"},"modified":"2025-12-27T03:59:11","modified_gmt":"2025-12-27T03:59:11","slug":"custom-type-c-rotating-usb-flash-drive","status":"publish","type":"product","link":"https:\/\/www.yousanusb.com\/it\/prodotto\/custom-type-c-rotating-usb-flash-drive\/","title":{"rendered":"Unit\u00e0 flash USB rotante Type-C personalizzata"},"content":{"rendered":"<div class=\"wp-block-columns is-layout-flex wp-container-core-columns-is-layout-1 wp-block-columns-is-layout-flex\">\n<div class=\"wp-block-column is-layout-flow wp-block-column-is-layout-flow\">\n<figure class=\"wp-block-image size-full\"><img fetchpriority=\"high\" decoding=\"async\" width=\"800\" height=\"800\" src=\"https:\/\/www.yousanusb.com\/wp-content\/uploads\/2025\/11\/swivel-usb-flash-drive.webp\" alt=\"\" class=\"wp-image-23409\" srcset=\"https:\/\/www.yousanusb.com\/wp-content\/uploads\/2025\/11\/swivel-usb-flash-drive.webp 800w, https:\/\/www.yousanusb.com\/wp-content\/uploads\/2025\/11\/swivel-usb-flash-drive-300x300.webp 300w, https:\/\/www.yousanusb.com\/wp-content\/uploads\/2025\/11\/swivel-usb-flash-drive-150x150.webp 150w, https:\/\/www.yousanusb.com\/wp-content\/uploads\/2025\/11\/swivel-usb-flash-drive-768x768.webp 768w, https:\/\/www.yousanusb.com\/wp-content\/uploads\/2025\/11\/swivel-usb-flash-drive-12x12.webp 12w, https:\/\/www.yousanusb.com\/wp-content\/uploads\/2025\/11\/swivel-usb-flash-drive-600x600.webp 600w, https:\/\/www.yousanusb.com\/wp-content\/uploads\/2025\/11\/swivel-usb-flash-drive-100x100.webp 100w\" sizes=\"(max-width: 800px) 100vw, 800px\" \/><\/figure>\n<\/div>\n\n\n\n<div class=\"wp-block-column is-vertically-aligned-center is-layout-flow wp-block-column-is-layout-flow\">\n<p>L'unit\u00e0 USB rotante a 360\u00b0 ha un design composito di metallo e plastica; il corpo \u00e8 realizzato in lega di alluminio anodizzato per una finitura opaca molto attraente, con una maggiore resistenza all'usura e una migliore capacit\u00e0 di dissipazione del calore.<\/p>\n\n\n\n<p>Le parti rotanti sono realizzate in plastica ABS di grado ingegneristico, che le rende perfette per ruotare fino a 10.000 volte senza alcun affaticamento, pur essendo abbastanza leggere da poter essere trasportate, ma sufficientemente robuste da resistere alle condizioni pi\u00f9 difficili.<\/p>\n<\/div>\n<\/div>\n\n\n\n<p>Il design consente di passare facilmente da un'interfaccia all'altra o da una porta all'altra; ad esempio, \u00e8 possibile passare senza problemi da USB-A (porta del vecchio computer) a Tipo-C (porta di tablet e laptop), rendendolo compatibile con oltre 95% di tutti i dispositivi pi\u00f9 diffusi.<\/p>\n\n\n\n<p>Quando l'unit\u00e0 ruota, la porta si ritrae automaticamente all'interno; ci\u00f2 significa che non dovrete pi\u00f9 preoccuparvi di perdere il cappuccio come accade con le unit\u00e0 USB tradizionali.<\/p>\n\n\n\n<hr class=\"wp-block-separator alignwide has-alpha-channel-opacity\"\/>\n\n\n\n<h2 class=\"wp-block-heading\">Unit\u00e0 flash USB a doppia interfaccia (USB-A + Tipo-C) con due opzioni di colore<\/h2>\n\n\n\n<div class=\"wp-block-columns is-layout-flex wp-container-core-columns-is-layout-2 wp-block-columns-is-layout-flex\">\n<div class=\"wp-block-column is-layout-flow wp-block-column-is-layout-flow\"><div class=\"wp-block-image\">\n<figure class=\"aligncenter size-full\"><img decoding=\"async\" width=\"800\" height=\"800\" src=\"https:\/\/www.yousanusb.com\/wp-content\/uploads\/2025\/11\/Type-c-rotating-usb-dirve.webp\" alt=\"\" class=\"wp-image-23410\" srcset=\"https:\/\/www.yousanusb.com\/wp-content\/uploads\/2025\/11\/Type-c-rotating-usb-dirve.webp 800w, https:\/\/www.yousanusb.com\/wp-content\/uploads\/2025\/11\/Type-c-rotating-usb-dirve-300x300.webp 300w, https:\/\/www.yousanusb.com\/wp-content\/uploads\/2025\/11\/Type-c-rotating-usb-dirve-150x150.webp 150w, https:\/\/www.yousanusb.com\/wp-content\/uploads\/2025\/11\/Type-c-rotating-usb-dirve-768x768.webp 768w, https:\/\/www.yousanusb.com\/wp-content\/uploads\/2025\/11\/Type-c-rotating-usb-dirve-12x12.webp 12w, https:\/\/www.yousanusb.com\/wp-content\/uploads\/2025\/11\/Type-c-rotating-usb-dirve-600x600.webp 600w, https:\/\/www.yousanusb.com\/wp-content\/uploads\/2025\/11\/Type-c-rotating-usb-dirve-100x100.webp 100w\" sizes=\"(max-width: 800px) 100vw, 800px\" \/><figcaption class=\"wp-element-caption\">Blocchi di colore bicolore<\/figcaption><\/figure><\/div>\n\n\n<p>Come ad esempio blu + argento, rosso + argento. La lucentezza del metallo e la luminosit\u00e0 della plastica formano un contrasto visivo che migliora il riconoscimento del prodotto, adatto a scenari di regalo di alto livello.<\/p>\n<\/div>\n\n\n\n<div class=\"wp-block-column is-layout-flow wp-block-column-is-layout-flow\"><div class=\"wp-block-image\">\n<figure class=\"aligncenter size-full is-resized\"><img decoding=\"async\" width=\"800\" height=\"800\" src=\"https:\/\/www.yousanusb.com\/wp-content\/uploads\/2025\/11\/metal-rotating-usb-flash-drive.webp\" alt=\"\" class=\"wp-image-23407\" style=\"width:604px;height:auto\" srcset=\"https:\/\/www.yousanusb.com\/wp-content\/uploads\/2025\/11\/metal-rotating-usb-flash-drive.webp 800w, https:\/\/www.yousanusb.com\/wp-content\/uploads\/2025\/11\/metal-rotating-usb-flash-drive-300x300.webp 300w, https:\/\/www.yousanusb.com\/wp-content\/uploads\/2025\/11\/metal-rotating-usb-flash-drive-150x150.webp 150w, https:\/\/www.yousanusb.com\/wp-content\/uploads\/2025\/11\/metal-rotating-usb-flash-drive-768x768.webp 768w, https:\/\/www.yousanusb.com\/wp-content\/uploads\/2025\/11\/metal-rotating-usb-flash-drive-12x12.webp 12w, https:\/\/www.yousanusb.com\/wp-content\/uploads\/2025\/11\/metal-rotating-usb-flash-drive-600x600.webp 600w, https:\/\/www.yousanusb.com\/wp-content\/uploads\/2025\/11\/metal-rotating-usb-flash-drive-100x100.webp 100w\" sizes=\"(max-width: 800px) 100vw, 800px\" \/><figcaption class=\"wp-element-caption\">Serie a tinta unita<\/figcaption><\/figure><\/div>\n\n\n<p>Sono disponibili 11 colori di base (giallo, rosso, rosa, nero, viola, verde, blu, azzurro, arancione, bianco, rosa), che soddisfano la precisa corrispondenza dei colori del marchio VI.<\/p>\n<\/div>\n<\/div>\n\n\n\n<h2 class=\"wp-block-heading\">Logo personalizzato<\/h2>\n\n\n\n<p><br>Questa unit\u00e0 flash USB ad alta velocit\u00e0 offre capacit\u00e0 di archiviazione versatili da 8 GB a 128 GB, con un design in metallo resistente e un'interfaccia USB 2.0 per un trasferimento affidabile dei dati.<br>Supporta la stampa UV personalizzata per il branding e viene fornito con una garanzia di 1 anno che assicura la qualit\u00e0 e il servizio post-vendita, comprese le opzioni di restituzione, sostituzione e riparazione.<\/p>\n\n\n\n<div class=\"wp-block-columns is-layout-flex wp-container-core-columns-is-layout-3 wp-block-columns-is-layout-flex\">\n<div class=\"wp-block-column is-layout-flow wp-block-column-is-layout-flow\">\n<figure class=\"wp-block-image size-full\"><img loading=\"lazy\" decoding=\"async\" width=\"800\" height=\"800\" src=\"https:\/\/www.yousanusb.com\/wp-content\/uploads\/2025\/11\/Customed-Plasic-USB-Flash-Drive.webp\" alt=\"\" class=\"wp-image-23405\" srcset=\"https:\/\/www.yousanusb.com\/wp-content\/uploads\/2025\/11\/Customed-Plasic-USB-Flash-Drive.webp 800w, https:\/\/www.yousanusb.com\/wp-content\/uploads\/2025\/11\/Customed-Plasic-USB-Flash-Drive-300x300.webp 300w, https:\/\/www.yousanusb.com\/wp-content\/uploads\/2025\/11\/Customed-Plasic-USB-Flash-Drive-150x150.webp 150w, https:\/\/www.yousanusb.com\/wp-content\/uploads\/2025\/11\/Customed-Plasic-USB-Flash-Drive-768x768.webp 768w, https:\/\/www.yousanusb.com\/wp-content\/uploads\/2025\/11\/Customed-Plasic-USB-Flash-Drive-12x12.webp 12w, https:\/\/www.yousanusb.com\/wp-content\/uploads\/2025\/11\/Customed-Plasic-USB-Flash-Drive-600x600.webp 600w, https:\/\/www.yousanusb.com\/wp-content\/uploads\/2025\/11\/Customed-Plasic-USB-Flash-Drive-100x100.webp 100w\" sizes=\"(max-width: 800px) 100vw, 800px\" \/><\/figure>\n<\/div>\n\n\n\n<div class=\"wp-block-column is-layout-flow wp-block-column-is-layout-flow\">\n<figure class=\"wp-block-image size-full\"><img loading=\"lazy\" decoding=\"async\" width=\"800\" height=\"800\" src=\"https:\/\/www.yousanusb.com\/wp-content\/uploads\/2025\/11\/custom-swivel-usb-flash-drive-1.webp\" alt=\"\" class=\"wp-image-23406\" srcset=\"https:\/\/www.yousanusb.com\/wp-content\/uploads\/2025\/11\/custom-swivel-usb-flash-drive-1.webp 800w, https:\/\/www.yousanusb.com\/wp-content\/uploads\/2025\/11\/custom-swivel-usb-flash-drive-1-300x300.webp 300w, https:\/\/www.yousanusb.com\/wp-content\/uploads\/2025\/11\/custom-swivel-usb-flash-drive-1-150x150.webp 150w, https:\/\/www.yousanusb.com\/wp-content\/uploads\/2025\/11\/custom-swivel-usb-flash-drive-1-768x768.webp 768w, https:\/\/www.yousanusb.com\/wp-content\/uploads\/2025\/11\/custom-swivel-usb-flash-drive-1-12x12.webp 12w, https:\/\/www.yousanusb.com\/wp-content\/uploads\/2025\/11\/custom-swivel-usb-flash-drive-1-600x600.webp 600w, https:\/\/www.yousanusb.com\/wp-content\/uploads\/2025\/11\/custom-swivel-usb-flash-drive-1-100x100.webp 100w\" sizes=\"(max-width: 800px) 100vw, 800px\" \/><\/figure>\n<\/div>\n<\/div>","protected":false},"excerpt":{"rendered":"<ul>\n<li>Colore girevole personalizzato<\/li>\n<li>Girevole in plastica\/metallo<\/li>\n<li>Stampa UV<\/li>\n<li>Colore(i): giallo, rosso, nero rosa, viola, verde, blu, azzurro, arancione, rosa, bianco<\/li>\n<li>MOQ: 100pcs<\/li>\n<\/ul>","protected":false},"featured_media":23409,"comment_status":"open","ping_status":"closed","template":"","meta":{"_seopress_robots_primary_cat":"none","_seopress_titles_title":"","_seopress_titles_desc":"","_seopress_robots_index":""},"class_list":["post-23402","product","type-product","status-publish","has-post-thumbnail","hentry","product_cat-rotating-usb-flash-drive","product_tag-otg-usb-flash-drive"],"_links":{"self":[{"href":"https:\/\/www.yousanusb.com\/it\/wp-json\/wp\/v2\/product\/23402"}],"collection":[{"href":"https:\/\/www.yousanusb.com\/it\/wp-json\/wp\/v2\/product"}],"about":[{"href":"https:\/\/www.yousanusb.com\/it\/wp-json\/wp\/v2\/types\/product"}],"replies":[{"embeddable":true,"href":"https:\/\/www.yousanusb.com\/it\/wp-json\/wp\/v2\/comments?post=23402"}],"wp:featuredmedia":[{"embeddable":true,"href":"https:\/\/www.yousanusb.com\/it\/wp-json\/wp\/v2\/media\/23409"}],"wp:attachment":[{"href":"https:\/\/www.yousanusb.com\/it\/wp-json\/wp\/v2\/media?parent=23402"}],"curies":[{"name":"wp","href":"https:\/\/api.w.org\/{rel}","templated":true}]}}