{"id":23415,"date":"2025-11-04T07:35:43","date_gmt":"2025-11-04T07:35:43","guid":{"rendered":"https:\/\/www.yousanusb.com\/?post_type=product&#038;p=23415"},"modified":"2025-12-27T03:14:00","modified_gmt":"2025-12-27T03:14:00","slug":"the-most-popular-twist-usb-flash-drive-for-android-phone","status":"publish","type":"product","link":"https:\/\/www.yousanusb.com\/it\/prodotto\/the-most-popular-twist-usb-flash-drive-for-android-phone\/","title":{"rendered":"L'unit\u00e0 flash USB di torsione pi\u00f9 popolare per il telefono Android"},"content":{"rendered":"<div class=\"wp-block-columns is-layout-flex wp-container-core-columns-is-layout-1 wp-block-columns-is-layout-flex\">\n<div class=\"wp-block-column is-layout-flow wp-block-column-is-layout-flow\">\n<figure class=\"wp-block-image size-full\"><img fetchpriority=\"high\" decoding=\"async\" width=\"800\" height=\"800\" src=\"https:\/\/www.yousanusb.com\/wp-content\/uploads\/2025\/11\/usb-flash-drive-for-android-phone.webp\" alt=\"\" class=\"wp-image-23424\" srcset=\"https:\/\/www.yousanusb.com\/wp-content\/uploads\/2025\/11\/usb-flash-drive-for-android-phone.webp 800w, https:\/\/www.yousanusb.com\/wp-content\/uploads\/2025\/11\/usb-flash-drive-for-android-phone-300x300.webp 300w, https:\/\/www.yousanusb.com\/wp-content\/uploads\/2025\/11\/usb-flash-drive-for-android-phone-150x150.webp 150w, https:\/\/www.yousanusb.com\/wp-content\/uploads\/2025\/11\/usb-flash-drive-for-android-phone-768x768.webp 768w, https:\/\/www.yousanusb.com\/wp-content\/uploads\/2025\/11\/usb-flash-drive-for-android-phone-12x12.webp 12w, https:\/\/www.yousanusb.com\/wp-content\/uploads\/2025\/11\/usb-flash-drive-for-android-phone-600x600.webp 600w, https:\/\/www.yousanusb.com\/wp-content\/uploads\/2025\/11\/usb-flash-drive-for-android-phone-100x100.webp 100w\" sizes=\"(max-width: 800px) 100vw, 800px\" \/><\/figure>\n<\/div>\n\n\n\n<div class=\"wp-block-column is-vertically-aligned-center is-layout-flow wp-block-column-is-layout-flow\">\n<p>Questa famosa unit\u00e0 flash OTG rotante 2 in 1, che \u00e8 uno dei modelli pi\u00f9 venduti nella categoria delle unit\u00e0 OTGUSB, offre un aggiornamento unico al design tradizionale grazie a miglioramenti nella funzionalit\u00e0. <\/p>\n\n\n\n<p>\u00c8 realizzato in plastica leggera e resistente con un meccanismo rotante che consente all'utente di passare facilmente dall'interfaccia USB-A all'interfaccia Micro USB per trasferire dati tra smartphone e computer. \u00c8 disponibile in cinque colori: rosso, verde, nero, giallo, viola e blu. Inoltre, supporta la personalizzazione OEM e la disponibilit\u00e0 all'ingrosso. <\/p>\n<\/div>\n<\/div>\n\n\n\n<p>Questa \u00e8 la soluzione perfetta per l'archiviazione dei dati personali tra i vari dispositivi e per l'acquisto di unit\u00e0 flash OTG da parte delle aziende.<\/p>\n\n\n\n<p>La clip metallica \u00e8 realizzata in lega di zinco ed \u00e8 stata testata per resistere fino a 5.000 cicli di apertura e chiusura senza alcuna deformazione e per mantenere saldamente gli oggetti in posizione. <\/p>\n\n\n\n<p>Il corpo in plastica \u00e8 realizzato in ABS (acrilonitrile-butadiene-stirene) ed \u00e8 stato testato e dimostrato che non si rompe dopo una caduta da 1,5 m di distanza; l'ABS ad alta resistenza \u00e8 inoltre molto resistente alle cadute e all'usura. <\/p>\n\n\n\n<p>La clip ruota di 360\u00b0 per un'ammortizzazione moderata ottimale e per fornire un solido supporto durante l'uso e per regolare l'angolo di utilizzo durante il trasporto.<\/p>\n\n\n\n<h2 class=\"wp-block-heading\">Compatibilit\u00e0 con diverse interfacce: connessione diretta (Android), connettore universale\/adattatore<\/h2>\n\n\n\n<p>Il connettore Micro USB standard consente all'utente di utilizzare lo stesso cavo per il trasferimento dei dati direttamente (plug and play) dal dispositivo Android. Per gli utenti di dispositivi Apple\/Lightning\/Type-C di seguito elencati, \u00e8 necessario un adattatore acquistato separatamente (con il dispositivo che supporta OTG). Il produttore fornisce indicazioni sulla compatibilit\u00e0.<\/p>\n\n\n\n<p>NOTA: Assicurarsi che l'adattatore soddisfi i requisiti OTG (On The Go) del dispositivo. \u00c8 abilitato per impostazione predefinita sulla maggior parte dei dispositivi mainstream.<\/p>\n\n\n\n<div class=\"wp-block-columns is-layout-flex wp-container-core-columns-is-layout-2 wp-block-columns-is-layout-flex\">\n<div class=\"wp-block-column is-layout-flow wp-block-column-is-layout-flow\">\n<figure class=\"wp-block-image size-full\"><img decoding=\"async\" width=\"800\" height=\"800\" src=\"https:\/\/www.yousanusb.com\/wp-content\/uploads\/2025\/11\/usb3.0-usb-flash-drive-for-android-phone.webp\" alt=\"\" class=\"wp-image-23425\" srcset=\"https:\/\/www.yousanusb.com\/wp-content\/uploads\/2025\/11\/usb3.0-usb-flash-drive-for-android-phone.webp 800w, https:\/\/www.yousanusb.com\/wp-content\/uploads\/2025\/11\/usb3.0-usb-flash-drive-for-android-phone-300x300.webp 300w, https:\/\/www.yousanusb.com\/wp-content\/uploads\/2025\/11\/usb3.0-usb-flash-drive-for-android-phone-150x150.webp 150w, https:\/\/www.yousanusb.com\/wp-content\/uploads\/2025\/11\/usb3.0-usb-flash-drive-for-android-phone-768x768.webp 768w, https:\/\/www.yousanusb.com\/wp-content\/uploads\/2025\/11\/usb3.0-usb-flash-drive-for-android-phone-12x12.webp 12w, https:\/\/www.yousanusb.com\/wp-content\/uploads\/2025\/11\/usb3.0-usb-flash-drive-for-android-phone-600x600.webp 600w, https:\/\/www.yousanusb.com\/wp-content\/uploads\/2025\/11\/usb3.0-usb-flash-drive-for-android-phone-100x100.webp 100w\" sizes=\"(max-width: 800px) 100vw, 800px\" \/><\/figure>\n<\/div>\n\n\n\n<div class=\"wp-block-column is-layout-flow wp-block-column-is-layout-flow\">\n<figure class=\"wp-block-image size-full\"><img decoding=\"async\" width=\"800\" height=\"800\" src=\"https:\/\/www.yousanusb.com\/wp-content\/uploads\/2025\/11\/custom-usb-flash-drive-for-android-phone.webp\" alt=\"\" class=\"wp-image-23420\" srcset=\"https:\/\/www.yousanusb.com\/wp-content\/uploads\/2025\/11\/custom-usb-flash-drive-for-android-phone.webp 800w, https:\/\/www.yousanusb.com\/wp-content\/uploads\/2025\/11\/custom-usb-flash-drive-for-android-phone-300x300.webp 300w, https:\/\/www.yousanusb.com\/wp-content\/uploads\/2025\/11\/custom-usb-flash-drive-for-android-phone-150x150.webp 150w, https:\/\/www.yousanusb.com\/wp-content\/uploads\/2025\/11\/custom-usb-flash-drive-for-android-phone-768x768.webp 768w, https:\/\/www.yousanusb.com\/wp-content\/uploads\/2025\/11\/custom-usb-flash-drive-for-android-phone-12x12.webp 12w, https:\/\/www.yousanusb.com\/wp-content\/uploads\/2025\/11\/custom-usb-flash-drive-for-android-phone-600x600.webp 600w, https:\/\/www.yousanusb.com\/wp-content\/uploads\/2025\/11\/custom-usb-flash-drive-for-android-phone-100x100.webp 100w\" sizes=\"(max-width: 800px) 100vw, 800px\" \/><\/figure>\n<\/div>\n<\/div>\n\n\n\n<h2 class=\"wp-block-heading\">Opzioni di colore e personalizzazione<\/h2>\n\n\n\n<p>Tutti i colori utilizzano la tecnologia di spruzzatura UV per un'elevata lucentezza e resistenza allo sbiadimento. Il design della clip rotante a 360\u00b0 migliora la portabilit\u00e0 e mette in mostra i colori da tutte le angolazioni, consentendo agli utenti di scegliere in base agli outfit o agli scenari quotidiani.<\/p>\n\n\n\n<p>Per i clienti aziendali o gli acquirenti di grandi quantit\u00e0, il produttore offre servizi di personalizzazione flessibili:<\/p>\n\n\n\n<ul class=\"wp-block-list\">\n<li><strong>Personalizzazione del colore<\/strong>: Supporta la personalizzazione della scheda colori Pantone con un ordine minimo di 1.000 pezzi (codice colore o campione richiesto).<\/li>\n\n\n\n<li><strong>Stampa LOGO<\/strong>: Logo del marchio serigrafato o inciso al laser sul corpo o sulla clip, con un ordine minimo di 100 pezzi.<\/li>\n\n\n\n<li><strong>Personalizzazione dell'imballaggio<\/strong>: Fornisce imballaggi neutri, scatole colorate, scatole regalo, ecc.<\/li>\n<\/ul>\n\n\n\n<p>Il processo di personalizzazione \u00e8 efficiente, con servizi di prova del design offerti. La consegna in grandi quantit\u00e0 \u00e8 disponibile entro 7-15 giorni lavorativi dalla conferma del campione, per rispondere rapidamente alle esigenze di regali aziendali o di modelli esclusivi per l'e-commerce.<\/p>\n\n\n\n<div class=\"wp-block-columns is-layout-flex wp-container-core-columns-is-layout-3 wp-block-columns-is-layout-flex\">\n<div class=\"wp-block-column is-layout-flow wp-block-column-is-layout-flow\">\n<figure class=\"wp-block-image size-full\"><img loading=\"lazy\" decoding=\"async\" width=\"800\" height=\"800\" src=\"https:\/\/www.yousanusb.com\/wp-content\/uploads\/2025\/11\/yellow-flash-drive-for-android-phone.webp\" alt=\"\" class=\"wp-image-23427\" srcset=\"https:\/\/www.yousanusb.com\/wp-content\/uploads\/2025\/11\/yellow-flash-drive-for-android-phone.webp 800w, https:\/\/www.yousanusb.com\/wp-content\/uploads\/2025\/11\/yellow-flash-drive-for-android-phone-300x300.webp 300w, https:\/\/www.yousanusb.com\/wp-content\/uploads\/2025\/11\/yellow-flash-drive-for-android-phone-150x150.webp 150w, https:\/\/www.yousanusb.com\/wp-content\/uploads\/2025\/11\/yellow-flash-drive-for-android-phone-768x768.webp 768w, https:\/\/www.yousanusb.com\/wp-content\/uploads\/2025\/11\/yellow-flash-drive-for-android-phone-12x12.webp 12w, https:\/\/www.yousanusb.com\/wp-content\/uploads\/2025\/11\/yellow-flash-drive-for-android-phone-600x600.webp 600w, https:\/\/www.yousanusb.com\/wp-content\/uploads\/2025\/11\/yellow-flash-drive-for-android-phone-100x100.webp 100w\" sizes=\"(max-width: 800px) 100vw, 800px\" \/><\/figure>\n<\/div>\n\n\n\n<div class=\"wp-block-column is-layout-flow wp-block-column-is-layout-flow\">\n<figure class=\"wp-block-image size-full\"><img loading=\"lazy\" decoding=\"async\" width=\"800\" height=\"800\" src=\"https:\/\/www.yousanusb.com\/wp-content\/uploads\/2025\/11\/white-flash-drive-for-android-phone.webp\" alt=\"\" class=\"wp-image-23426\" srcset=\"https:\/\/www.yousanusb.com\/wp-content\/uploads\/2025\/11\/white-flash-drive-for-android-phone.webp 800w, https:\/\/www.yousanusb.com\/wp-content\/uploads\/2025\/11\/white-flash-drive-for-android-phone-300x300.webp 300w, https:\/\/www.yousanusb.com\/wp-content\/uploads\/2025\/11\/white-flash-drive-for-android-phone-150x150.webp 150w, https:\/\/www.yousanusb.com\/wp-content\/uploads\/2025\/11\/white-flash-drive-for-android-phone-768x768.webp 768w, https:\/\/www.yousanusb.com\/wp-content\/uploads\/2025\/11\/white-flash-drive-for-android-phone-12x12.webp 12w, https:\/\/www.yousanusb.com\/wp-content\/uploads\/2025\/11\/white-flash-drive-for-android-phone-600x600.webp 600w, https:\/\/www.yousanusb.com\/wp-content\/uploads\/2025\/11\/white-flash-drive-for-android-phone-100x100.webp 100w\" sizes=\"(max-width: 800px) 100vw, 800px\" \/><\/figure>\n<\/div>\n\n\n\n<div class=\"wp-block-column is-layout-flow wp-block-column-is-layout-flow\">\n<figure class=\"wp-block-image size-full\"><img loading=\"lazy\" decoding=\"async\" width=\"800\" height=\"800\" src=\"https:\/\/www.yousanusb.com\/wp-content\/uploads\/2025\/11\/red-usb-flash-drive-for-android-phone.webp\" alt=\"\" class=\"wp-image-23422\" srcset=\"https:\/\/www.yousanusb.com\/wp-content\/uploads\/2025\/11\/red-usb-flash-drive-for-android-phone.webp 800w, https:\/\/www.yousanusb.com\/wp-content\/uploads\/2025\/11\/red-usb-flash-drive-for-android-phone-300x300.webp 300w, https:\/\/www.yousanusb.com\/wp-content\/uploads\/2025\/11\/red-usb-flash-drive-for-android-phone-150x150.webp 150w, https:\/\/www.yousanusb.com\/wp-content\/uploads\/2025\/11\/red-usb-flash-drive-for-android-phone-768x768.webp 768w, https:\/\/www.yousanusb.com\/wp-content\/uploads\/2025\/11\/red-usb-flash-drive-for-android-phone-12x12.webp 12w, https:\/\/www.yousanusb.com\/wp-content\/uploads\/2025\/11\/red-usb-flash-drive-for-android-phone-600x600.webp 600w, https:\/\/www.yousanusb.com\/wp-content\/uploads\/2025\/11\/red-usb-flash-drive-for-android-phone-100x100.webp 100w\" sizes=\"(max-width: 800px) 100vw, 800px\" \/><\/figure>\n<\/div>\n<\/div>\n\n\n\n<div class=\"wp-block-columns is-layout-flex wp-container-core-columns-is-layout-4 wp-block-columns-is-layout-flex\">\n<div class=\"wp-block-column is-layout-flow wp-block-column-is-layout-flow\">\n<figure class=\"wp-block-image size-full\"><img loading=\"lazy\" decoding=\"async\" width=\"800\" height=\"800\" src=\"https:\/\/www.yousanusb.com\/wp-content\/uploads\/2025\/11\/green-USB-flash-drive-for-android-phone.webp\" alt=\"\" class=\"wp-image-23421\" srcset=\"https:\/\/www.yousanusb.com\/wp-content\/uploads\/2025\/11\/green-USB-flash-drive-for-android-phone.webp 800w, https:\/\/www.yousanusb.com\/wp-content\/uploads\/2025\/11\/green-USB-flash-drive-for-android-phone-300x300.webp 300w, https:\/\/www.yousanusb.com\/wp-content\/uploads\/2025\/11\/green-USB-flash-drive-for-android-phone-150x150.webp 150w, https:\/\/www.yousanusb.com\/wp-content\/uploads\/2025\/11\/green-USB-flash-drive-for-android-phone-768x768.webp 768w, https:\/\/www.yousanusb.com\/wp-content\/uploads\/2025\/11\/green-USB-flash-drive-for-android-phone-12x12.webp 12w, https:\/\/www.yousanusb.com\/wp-content\/uploads\/2025\/11\/green-USB-flash-drive-for-android-phone-600x600.webp 600w, https:\/\/www.yousanusb.com\/wp-content\/uploads\/2025\/11\/green-USB-flash-drive-for-android-phone-100x100.webp 100w\" sizes=\"(max-width: 800px) 100vw, 800px\" \/><\/figure>\n<\/div>\n\n\n\n<div class=\"wp-block-column is-layout-flow wp-block-column-is-layout-flow\">\n<figure class=\"wp-block-image size-full\"><img loading=\"lazy\" decoding=\"async\" width=\"800\" height=\"800\" src=\"https:\/\/www.yousanusb.com\/wp-content\/uploads\/2025\/11\/blue-twist-USB-flash-drive-for-android-phone.webp\" alt=\"\" class=\"wp-image-23419\" srcset=\"https:\/\/www.yousanusb.com\/wp-content\/uploads\/2025\/11\/blue-twist-USB-flash-drive-for-android-phone.webp 800w, https:\/\/www.yousanusb.com\/wp-content\/uploads\/2025\/11\/blue-twist-USB-flash-drive-for-android-phone-300x300.webp 300w, https:\/\/www.yousanusb.com\/wp-content\/uploads\/2025\/11\/blue-twist-USB-flash-drive-for-android-phone-150x150.webp 150w, https:\/\/www.yousanusb.com\/wp-content\/uploads\/2025\/11\/blue-twist-USB-flash-drive-for-android-phone-768x768.webp 768w, https:\/\/www.yousanusb.com\/wp-content\/uploads\/2025\/11\/blue-twist-USB-flash-drive-for-android-phone-12x12.webp 12w, https:\/\/www.yousanusb.com\/wp-content\/uploads\/2025\/11\/blue-twist-USB-flash-drive-for-android-phone-600x600.webp 600w, https:\/\/www.yousanusb.com\/wp-content\/uploads\/2025\/11\/blue-twist-USB-flash-drive-for-android-phone-100x100.webp 100w\" sizes=\"(max-width: 800px) 100vw, 800px\" \/><\/figure>\n<\/div>\n\n\n\n<div class=\"wp-block-column is-layout-flow wp-block-column-is-layout-flow\">\n<figure class=\"wp-block-image size-full\"><img loading=\"lazy\" decoding=\"async\" width=\"800\" height=\"800\" src=\"https:\/\/www.yousanusb.com\/wp-content\/uploads\/2025\/11\/black-twist-USB-flash-drive-for-android-phone.webp\" alt=\"\" class=\"wp-image-23418\" srcset=\"https:\/\/www.yousanusb.com\/wp-content\/uploads\/2025\/11\/black-twist-USB-flash-drive-for-android-phone.webp 800w, https:\/\/www.yousanusb.com\/wp-content\/uploads\/2025\/11\/black-twist-USB-flash-drive-for-android-phone-300x300.webp 300w, https:\/\/www.yousanusb.com\/wp-content\/uploads\/2025\/11\/black-twist-USB-flash-drive-for-android-phone-150x150.webp 150w, https:\/\/www.yousanusb.com\/wp-content\/uploads\/2025\/11\/black-twist-USB-flash-drive-for-android-phone-768x768.webp 768w, https:\/\/www.yousanusb.com\/wp-content\/uploads\/2025\/11\/black-twist-USB-flash-drive-for-android-phone-12x12.webp 12w, https:\/\/www.yousanusb.com\/wp-content\/uploads\/2025\/11\/black-twist-USB-flash-drive-for-android-phone-600x600.webp 600w, https:\/\/www.yousanusb.com\/wp-content\/uploads\/2025\/11\/black-twist-USB-flash-drive-for-android-phone-100x100.webp 100w\" sizes=\"(max-width: 800px) 100vw, 800px\" \/><\/figure>\n<\/div>\n<\/div>","protected":false},"excerpt":{"rendered":"<ul>\n<li>Molti colori possono essere scelti<\/li>\n<li>Stili di Twsit<\/li>\n<li>Logo personalizzato<\/li>\n<li>Compatibile con Android<\/li>\n<li>MOQ: 100pcs<\/li>\n<\/ul>","protected":false},"featured_media":23423,"comment_status":"open","ping_status":"closed","template":"","meta":{"_seopress_robots_primary_cat":"none","_seopress_titles_title":"","_seopress_titles_desc":"","_seopress_robots_index":""},"class_list":["post-23415","product","type-product","status-publish","has-post-thumbnail","hentry","product_cat-rotating-usb-flash-drive","product_cat-otg-usb-flash-drive"],"_links":{"self":[{"href":"https:\/\/www.yousanusb.com\/it\/wp-json\/wp\/v2\/product\/23415"}],"collection":[{"href":"https:\/\/www.yousanusb.com\/it\/wp-json\/wp\/v2\/product"}],"about":[{"href":"https:\/\/www.yousanusb.com\/it\/wp-json\/wp\/v2\/types\/product"}],"replies":[{"embeddable":true,"href":"https:\/\/www.yousanusb.com\/it\/wp-json\/wp\/v2\/comments?post=23415"}],"wp:featuredmedia":[{"embeddable":true,"href":"https:\/\/www.yousanusb.com\/it\/wp-json\/wp\/v2\/media\/23423"}],"wp:attachment":[{"href":"https:\/\/www.yousanusb.com\/it\/wp-json\/wp\/v2\/media?parent=23415"}],"curies":[{"name":"wp","href":"https:\/\/api.w.org\/{rel}","templated":true}]}}