{"id":23428,"date":"2025-11-04T08:13:18","date_gmt":"2025-11-04T08:13:18","guid":{"rendered":"https:\/\/www.yousanusb.com\/?post_type=product&#038;p=23428"},"modified":"2025-12-27T03:11:40","modified_gmt":"2025-12-27T03:11:40","slug":"long-strip-rotating-wooden-usb-flash-drive-with-keychain","status":"publish","type":"product","link":"https:\/\/www.yousanusb.com\/it\/prodotto\/long-strip-rotating-wooden-usb-flash-drive-with-keychain\/","title":{"rendered":"Chiavetta USB rotante a striscia lunga in legno con portachiavi"},"content":{"rendered":"<div class=\"wp-block-columns is-layout-flex wp-container-core-columns-is-layout-1 wp-block-columns-is-layout-flex\">\n<div class=\"wp-block-column is-layout-flow wp-block-column-is-layout-flow\">\n<figure class=\"wp-block-image size-full\"><img fetchpriority=\"high\" decoding=\"async\" width=\"720\" height=\"720\" src=\"https:\/\/www.yousanusb.com\/wp-content\/uploads\/2025\/11\/180\u00b0-Rotating-Wooden-USB-Flash-Drive.webp\" alt=\"\" class=\"wp-image-23431\" srcset=\"https:\/\/www.yousanusb.com\/wp-content\/uploads\/2025\/11\/180\u00b0-Rotating-Wooden-USB-Flash-Drive.webp 720w, https:\/\/www.yousanusb.com\/wp-content\/uploads\/2025\/11\/180\u00b0-Rotating-Wooden-USB-Flash-Drive-300x300.webp 300w, https:\/\/www.yousanusb.com\/wp-content\/uploads\/2025\/11\/180\u00b0-Rotating-Wooden-USB-Flash-Drive-150x150.webp 150w, https:\/\/www.yousanusb.com\/wp-content\/uploads\/2025\/11\/180\u00b0-Rotating-Wooden-USB-Flash-Drive-12x12.webp 12w, https:\/\/www.yousanusb.com\/wp-content\/uploads\/2025\/11\/180\u00b0-Rotating-Wooden-USB-Flash-Drive-600x600.webp 600w, https:\/\/www.yousanusb.com\/wp-content\/uploads\/2025\/11\/180\u00b0-Rotating-Wooden-USB-Flash-Drive-100x100.webp 100w\" sizes=\"(max-width: 720px) 100vw, 720px\" \/><\/figure>\n<\/div>\n\n\n\n<div class=\"wp-block-column is-vertically-aligned-center is-layout-flow wp-block-column-is-layout-flow\">\n<p>Questa unit\u00e0 USB rettangolare rotante ad angolo retto in legno ha un aspetto davvero unico, soprattutto se paragonata alle unit\u00e0 USB standard. Le forti linee angolari producono un design esteticamente accattivante, pulito e sofisticato.<\/p>\n\n\n\n<p>L'unit\u00e0 USB \u00e8 dotata di una rotazione di 180 gradi che consente di inserirla o rimuoverla facilmente dall'involucro quando \u00e8 in uso e di reinserirla comodamente nell'involucro quando non \u00e8 in uso. L'unit\u00e0 USB \u00e8 protetta in modo sicuro dall'involucro in legno quando non viene utilizzata, ma quando \u00e8 necessaria pu\u00f2 essere rimossa rapidamente dall'involucro premendo il pulsante sul lato.<\/p>\n\n\n\n<p>Il portachiavi in metallo facilita il trasporto della chiavetta USB. \u00c8 inoltre possibile personalizzare il proprio logo o disegno sulla superficie in legno con l'incisione laser, aggiungendo un tocco personale. Una chiavetta USB personalizzata rappresenta un modo creativo e unico per archiviare i vostri dati e promuovere la vostra attivit\u00e0.<\/p>\n<\/div>\n<\/div>\n\n\n\n<div class=\"wp-block-columns is-layout-flex wp-container-core-columns-is-layout-2 wp-block-columns-is-layout-flex\">\n<div class=\"wp-block-column is-vertically-aligned-center is-layout-flow wp-block-column-is-layout-flow\">\n<p>Selezione del materiale<\/p>\n\n\n\n<p>Le unit\u00e0 USB sono state realizzate con due tipi di legno naturale: legno grezzo, legno di bamb\u00f9 e legno di acero. Ciascuna unit\u00e0 ha una propria venatura, che le conferisce il calore e l'aspetto naturale del legno.<\/p>\n\n\n\n<p>Dettagli visivi<\/p>\n\n\n\n<p>Forma: Il rettangolo, con angoli leggermente arrotondati a 10\u00b0, \u00e8 comodo da tenere in mano, ma ha anche un aspetto gradevole grazie ai bordi lisci del design;<br>Rotante: Il connettore USB ruota di 180\u00b0 in orizzontale ed \u00e8 fluido e senza impuntamenti, consentendo di passare facilmente dalla conservazione all'utilizzo;<br>Facilmente trasportabile: Il portachiavi in metallo attaccato all'estremit\u00e0 dell'unit\u00e0 pu\u00f2 essere utilizzato per appenderla a una borsa o a un portachiavi per facilitare gli spostamenti ed evitare la perdita permanente dell'unit\u00e0.<\/p>\n<\/div>\n\n\n\n<div class=\"wp-block-column is-layout-flow wp-block-column-is-layout-flow\">\n<figure class=\"wp-block-image size-full\"><img decoding=\"async\" width=\"720\" height=\"720\" src=\"https:\/\/www.yousanusb.com\/wp-content\/uploads\/2025\/11\/Mini-Wooden-Rectangular-USB-Drive.webp\" alt=\"\" class=\"wp-image-23433\" srcset=\"https:\/\/www.yousanusb.com\/wp-content\/uploads\/2025\/11\/Mini-Wooden-Rectangular-USB-Drive.webp 720w, https:\/\/www.yousanusb.com\/wp-content\/uploads\/2025\/11\/Mini-Wooden-Rectangular-USB-Drive-300x300.webp 300w, https:\/\/www.yousanusb.com\/wp-content\/uploads\/2025\/11\/Mini-Wooden-Rectangular-USB-Drive-150x150.webp 150w, https:\/\/www.yousanusb.com\/wp-content\/uploads\/2025\/11\/Mini-Wooden-Rectangular-USB-Drive-12x12.webp 12w, https:\/\/www.yousanusb.com\/wp-content\/uploads\/2025\/11\/Mini-Wooden-Rectangular-USB-Drive-600x600.webp 600w, https:\/\/www.yousanusb.com\/wp-content\/uploads\/2025\/11\/Mini-Wooden-Rectangular-USB-Drive-100x100.webp 100w\" sizes=\"(max-width: 720px) 100vw, 720px\" \/><\/figure>\n<\/div>\n<\/div>\n\n\n\n<div class=\"wp-block-columns is-layout-flex wp-container-core-columns-is-layout-3 wp-block-columns-is-layout-flex\">\n<div class=\"wp-block-column is-layout-flow wp-block-column-is-layout-flow\">\n<figure class=\"wp-block-image size-full\"><img decoding=\"async\" width=\"720\" height=\"720\" src=\"https:\/\/www.yousanusb.com\/wp-content\/uploads\/2025\/11\/Wooden-Long-Strip-Right-Angle-USB-Drive.webp\" alt=\"\" class=\"wp-image-23434\" srcset=\"https:\/\/www.yousanusb.com\/wp-content\/uploads\/2025\/11\/Wooden-Long-Strip-Right-Angle-USB-Drive.webp 720w, https:\/\/www.yousanusb.com\/wp-content\/uploads\/2025\/11\/Wooden-Long-Strip-Right-Angle-USB-Drive-300x300.webp 300w, https:\/\/www.yousanusb.com\/wp-content\/uploads\/2025\/11\/Wooden-Long-Strip-Right-Angle-USB-Drive-150x150.webp 150w, https:\/\/www.yousanusb.com\/wp-content\/uploads\/2025\/11\/Wooden-Long-Strip-Right-Angle-USB-Drive-12x12.webp 12w, https:\/\/www.yousanusb.com\/wp-content\/uploads\/2025\/11\/Wooden-Long-Strip-Right-Angle-USB-Drive-600x600.webp 600w, https:\/\/www.yousanusb.com\/wp-content\/uploads\/2025\/11\/Wooden-Long-Strip-Right-Angle-USB-Drive-100x100.webp 100w\" sizes=\"(max-width: 720px) 100vw, 720px\" \/><\/figure>\n<\/div>\n\n\n\n<div class=\"wp-block-column is-vertically-aligned-center is-layout-flow wp-block-column-is-layout-flow\">\n<p>Il legno \u00e8 il \"mezzo d'oro\" per l'incisione laser: le sue venature naturali esaltano l'effetto tridimensionale dell'incisione del logo, mentre le sfumature di colore accentuano la profondit\u00e0, dando vita a una finitura di qualit\u00e0 superiore.<\/p>\n\n\n\n<p> \u00c8 particolarmente indicato per le seguenti applicazioni: <\/p>\n\n\n\n<ul class=\"wp-block-list\">\n<li>Settore dei matrimoni: Conserva i ricordi del matrimonio incidendo i nomi e la data della coppia, creando un regalo \"capsula del tempo\" che incarna un romanticismo senza tempo; <\/li>\n\n\n\n<li>Industria fotografica: Conservare le stampe dei campioni\/clienti con l'incisione del logo dello studio aggiunge un significato cerimoniale alla consegna, rafforzando il riconoscimento del marchio; <\/li>\n\n\n\n<li> Industria musicale: L'archiviazione di singoli\/album originali con incisione del nome dell'artista e del titolo dell'album crea un merchandising esclusivo che trasmette il calore della creazione; <\/li>\n\n\n\n<li> Personalizzazione aziendale: L'incisione di loghi e slogan aziendali trasforma i regali di lavoro in oggetti pratici ed eleganti, mentre il materiale naturale si allinea ai valori dell'eco-consapevolezza.<\/li>\n<\/ul>\n<\/div>\n<\/div>","protected":false},"excerpt":{"rendered":"<ul>\n<li>Rotazione a 180\u00b0<\/li>\n<li>Striscia lunga di legno<\/li>\n<li>LOGO Csutom<\/li>\n<li>Pacchetto personalizzato<\/li>\n<li>MOQ: 100pcs<\/li>\n<\/ul>","protected":false},"featured_media":23432,"comment_status":"open","ping_status":"closed","template":"","meta":{"_seopress_robots_primary_cat":"none","_seopress_titles_title":"","_seopress_titles_desc":"","_seopress_robots_index":""},"class_list":["post-23428","product","type-product","status-publish","has-post-thumbnail","hentry","product_cat-rotating-usb-flash-drive","product_cat-wooden-usb-flash-drive"],"_links":{"self":[{"href":"https:\/\/www.yousanusb.com\/it\/wp-json\/wp\/v2\/product\/23428"}],"collection":[{"href":"https:\/\/www.yousanusb.com\/it\/wp-json\/wp\/v2\/product"}],"about":[{"href":"https:\/\/www.yousanusb.com\/it\/wp-json\/wp\/v2\/types\/product"}],"replies":[{"embeddable":true,"href":"https:\/\/www.yousanusb.com\/it\/wp-json\/wp\/v2\/comments?post=23428"}],"wp:featuredmedia":[{"embeddable":true,"href":"https:\/\/www.yousanusb.com\/it\/wp-json\/wp\/v2\/media\/23432"}],"wp:attachment":[{"href":"https:\/\/www.yousanusb.com\/it\/wp-json\/wp\/v2\/media?parent=23428"}],"curies":[{"name":"wp","href":"https:\/\/api.w.org\/{rel}","templated":true}]}}