{"id":23505,"date":"2025-11-05T12:49:58","date_gmt":"2025-11-05T12:49:58","guid":{"rendered":"https:\/\/www.yousanusb.com\/?post_type=product&#038;p=23505"},"modified":"2025-11-05T12:52:59","modified_gmt":"2025-11-05T12:52:59","slug":"rgb-cool-light-ultra-thin-alloy-high-speed-portable-hard-drive","status":"publish","type":"product","link":"https:\/\/www.yousanusb.com\/it\/prodotto\/rgb-cool-light-ultra-thin-alloy-high-speed-portable-hard-drive\/","title":{"rendered":"Disco rigido portatile ad alta velocit\u00e0 in lega ultrasottile RGB Cool Light"},"content":{"rendered":"<div class=\"wp-block-columns is-layout-flex wp-container-core-columns-is-layout-1 wp-block-columns-is-layout-flex\">\n<div class=\"wp-block-column is-layout-flow wp-block-column-is-layout-flow\">\n<figure class=\"wp-block-image size-full\"><img fetchpriority=\"high\" decoding=\"async\" width=\"800\" height=\"800\" src=\"https:\/\/www.yousanusb.com\/wp-content\/uploads\/2025\/11\/2.5-Ultra-Slim-HDD-Storage.jpg\" alt=\"\" class=\"wp-image-23508\" srcset=\"https:\/\/www.yousanusb.com\/wp-content\/uploads\/2025\/11\/2.5-Ultra-Slim-HDD-Storage.jpg 800w, https:\/\/www.yousanusb.com\/wp-content\/uploads\/2025\/11\/2.5-Ultra-Slim-HDD-Storage-300x300.jpg 300w, https:\/\/www.yousanusb.com\/wp-content\/uploads\/2025\/11\/2.5-Ultra-Slim-HDD-Storage-150x150.jpg 150w, https:\/\/www.yousanusb.com\/wp-content\/uploads\/2025\/11\/2.5-Ultra-Slim-HDD-Storage-768x768.jpg 768w, https:\/\/www.yousanusb.com\/wp-content\/uploads\/2025\/11\/2.5-Ultra-Slim-HDD-Storage-12x12.jpg 12w, https:\/\/www.yousanusb.com\/wp-content\/uploads\/2025\/11\/2.5-Ultra-Slim-HDD-Storage-600x600.jpg 600w, https:\/\/www.yousanusb.com\/wp-content\/uploads\/2025\/11\/2.5-Ultra-Slim-HDD-Storage-100x100.jpg 100w\" sizes=\"(max-width: 800px) 100vw, 800px\" \/><\/figure>\n<\/div>\n\n\n\n<div class=\"wp-block-column is-vertically-aligned-center is-layout-flow wp-block-column-is-layout-flow\">\n<p>Questa unit\u00e0 a stato solido RGB con display intelligente interamente in metallo misura 96,8 \u00d7 42,9 \u00d7 11,3 mm e pesa 48 g.<br><br>Equivalente cromatico infinito RGB.<br><br>Corpo ultrasottile interamente in metallo di appena 1,1 cm di spessore, eccezionalmente robusto.<br><br>Display visivo intelligente a LED, dati a colpo d'occhio.<br><br>Plug-and-play, completamente compatibile.<\/p>\n<\/div>\n<\/div>\n\n\n\n<div class=\"wp-block-columns is-layout-flex wp-container-core-columns-is-layout-2 wp-block-columns-is-layout-flex\">\n<div class=\"wp-block-column is-vertically-aligned-center is-layout-flow wp-block-column-is-layout-flow\">\n<p>Effetti luminosi RGB: Il display intelligente a LED mostra tutti i dati a colpo d'occhio, aggiungendo un tocco di stile alla vostra configurazione.<\/p>\n\n\n\n<p>Porta USB 10Gbps ad alta velocit\u00e0: velocit\u00e0 di trasferimento dei dati fulminee per una gestione efficiente dei file.<\/p>\n<\/div>\n\n\n\n<div class=\"wp-block-column is-layout-flow wp-block-column-is-layout-flow\">\n<figure class=\"wp-block-image size-full\"><img decoding=\"async\" width=\"800\" height=\"900\" src=\"https:\/\/www.yousanusb.com\/wp-content\/uploads\/2025\/11\/high-speed-external-hard-drive-portable.jpg\" alt=\"\" class=\"wp-image-23510\" srcset=\"https:\/\/www.yousanusb.com\/wp-content\/uploads\/2025\/11\/high-speed-external-hard-drive-portable.jpg 800w, https:\/\/www.yousanusb.com\/wp-content\/uploads\/2025\/11\/high-speed-external-hard-drive-portable-267x300.jpg 267w, https:\/\/www.yousanusb.com\/wp-content\/uploads\/2025\/11\/high-speed-external-hard-drive-portable-768x864.jpg 768w, https:\/\/www.yousanusb.com\/wp-content\/uploads\/2025\/11\/high-speed-external-hard-drive-portable-11x12.jpg 11w, https:\/\/www.yousanusb.com\/wp-content\/uploads\/2025\/11\/high-speed-external-hard-drive-portable-600x675.jpg 600w\" sizes=\"(max-width: 800px) 100vw, 800px\" \/><\/figure>\n<\/div>\n<\/div>","protected":false},"excerpt":{"rendered":"<ul>\n<li>2TB NVME PCI-E<\/li>\n<li>Effetto luce fredda RGB<\/li>\n<li>Trasmissione ad alta velocit\u00e0 a 10 Gbps<\/li>\n<li>Disco rigido ultrasottile<\/li>\n<li>MOQ: 10pcs<\/li>\n<\/ul>","protected":false},"featured_media":23512,"comment_status":"open","ping_status":"closed","template":"","meta":{"_seopress_robots_primary_cat":"","_seopress_titles_title":"","_seopress_titles_desc":"","_seopress_robots_index":""},"class_list":["post-23505","product","type-product","status-publish","has-post-thumbnail","hentry","product_cat-portable-hard-drive"],"_links":{"self":[{"href":"https:\/\/www.yousanusb.com\/it\/wp-json\/wp\/v2\/product\/23505"}],"collection":[{"href":"https:\/\/www.yousanusb.com\/it\/wp-json\/wp\/v2\/product"}],"about":[{"href":"https:\/\/www.yousanusb.com\/it\/wp-json\/wp\/v2\/types\/product"}],"replies":[{"embeddable":true,"href":"https:\/\/www.yousanusb.com\/it\/wp-json\/wp\/v2\/comments?post=23505"}],"wp:featuredmedia":[{"embeddable":true,"href":"https:\/\/www.yousanusb.com\/it\/wp-json\/wp\/v2\/media\/23512"}],"wp:attachment":[{"href":"https:\/\/www.yousanusb.com\/it\/wp-json\/wp\/v2\/media?parent=23505"}],"curies":[{"name":"wp","href":"https:\/\/api.w.org\/{rel}","templated":true}]}}