{"id":23542,"date":"2025-11-06T09:18:58","date_gmt":"2025-11-06T09:18:58","guid":{"rendered":"https:\/\/www.yousanusb.com\/?post_type=product&#038;p=23542"},"modified":"2025-11-06T09:35:06","modified_gmt":"2025-11-06T09:35:06","slug":"usb-3-0-external-hard-drive-for-desktop-computers-3-5-inch-usb-to-sata-adapter","status":"publish","type":"product","link":"https:\/\/www.yousanusb.com\/it\/prodotto\/usb-3-0-external-hard-drive-for-desktop-computers-3-5-inch-usb-to-sata-adapter\/","title":{"rendered":"Disco rigido esterno USB 3.0 per computer desktop Adattatore da USB a SATA da 3,5 pollici"},"content":{"rendered":"<p>Questo power bank portatile standard \u00e8 dotato di un involucro in plastica e di una porta USB 3.0. Utilizzando il protocollo USB-SATA ad alta velocit\u00e0, offre velocit\u00e0 di lettura\/scrittura di gran lunga superiori alle interfacce tradizionali. I file di grandi dimensioni e i video HD vengono trasferiti in pochi secondi. Disponibile in diverse capacit\u00e0 fino a 10 TB, funziona non solo come disco rigido portatile ma anche per i computer desktop.<\/p>\n\n\n\n<div class=\"wp-block-columns is-layout-flex wp-container-core-columns-is-layout-1 wp-block-columns-is-layout-flex\">\n<div class=\"wp-block-column is-layout-flow wp-block-column-is-layout-flow\">\n<figure class=\"wp-block-image size-full\"><img fetchpriority=\"high\" decoding=\"async\" width=\"800\" height=\"800\" src=\"https:\/\/www.yousanusb.com\/wp-content\/uploads\/2025\/11\/black-USB-3.0-External-Hard-Drive-for-Desktop-Computers-3.5-inch-USB-to-SATA-Adapter.jpg\" alt=\"\" class=\"wp-image-23545\" srcset=\"https:\/\/www.yousanusb.com\/wp-content\/uploads\/2025\/11\/black-USB-3.0-External-Hard-Drive-for-Desktop-Computers-3.5-inch-USB-to-SATA-Adapter.jpg 800w, https:\/\/www.yousanusb.com\/wp-content\/uploads\/2025\/11\/black-USB-3.0-External-Hard-Drive-for-Desktop-Computers-3.5-inch-USB-to-SATA-Adapter-300x300.jpg 300w, https:\/\/www.yousanusb.com\/wp-content\/uploads\/2025\/11\/black-USB-3.0-External-Hard-Drive-for-Desktop-Computers-3.5-inch-USB-to-SATA-Adapter-150x150.jpg 150w, https:\/\/www.yousanusb.com\/wp-content\/uploads\/2025\/11\/black-USB-3.0-External-Hard-Drive-for-Desktop-Computers-3.5-inch-USB-to-SATA-Adapter-768x768.jpg 768w, https:\/\/www.yousanusb.com\/wp-content\/uploads\/2025\/11\/black-USB-3.0-External-Hard-Drive-for-Desktop-Computers-3.5-inch-USB-to-SATA-Adapter-12x12.jpg 12w, https:\/\/www.yousanusb.com\/wp-content\/uploads\/2025\/11\/black-USB-3.0-External-Hard-Drive-for-Desktop-Computers-3.5-inch-USB-to-SATA-Adapter-600x600.jpg 600w, https:\/\/www.yousanusb.com\/wp-content\/uploads\/2025\/11\/black-USB-3.0-External-Hard-Drive-for-Desktop-Computers-3.5-inch-USB-to-SATA-Adapter-100x100.jpg 100w\" sizes=\"(max-width: 800px) 100vw, 800px\" \/><\/figure>\n<\/div>\n\n\n\n<div class=\"wp-block-column is-layout-flow wp-block-column-is-layout-flow\">\n<figure class=\"wp-block-image size-full\"><img decoding=\"async\" width=\"800\" height=\"800\" src=\"https:\/\/www.yousanusb.com\/wp-content\/uploads\/2025\/11\/bulk-USB-3.0-External-Hard-Drive-for-Desktop-Computers-3.5-inch-USB-to-SATA-Adapter.jpg\" alt=\"\" class=\"wp-image-23546\" srcset=\"https:\/\/www.yousanusb.com\/wp-content\/uploads\/2025\/11\/bulk-USB-3.0-External-Hard-Drive-for-Desktop-Computers-3.5-inch-USB-to-SATA-Adapter.jpg 800w, https:\/\/www.yousanusb.com\/wp-content\/uploads\/2025\/11\/bulk-USB-3.0-External-Hard-Drive-for-Desktop-Computers-3.5-inch-USB-to-SATA-Adapter-300x300.jpg 300w, https:\/\/www.yousanusb.com\/wp-content\/uploads\/2025\/11\/bulk-USB-3.0-External-Hard-Drive-for-Desktop-Computers-3.5-inch-USB-to-SATA-Adapter-150x150.jpg 150w, https:\/\/www.yousanusb.com\/wp-content\/uploads\/2025\/11\/bulk-USB-3.0-External-Hard-Drive-for-Desktop-Computers-3.5-inch-USB-to-SATA-Adapter-768x768.jpg 768w, https:\/\/www.yousanusb.com\/wp-content\/uploads\/2025\/11\/bulk-USB-3.0-External-Hard-Drive-for-Desktop-Computers-3.5-inch-USB-to-SATA-Adapter-12x12.jpg 12w, https:\/\/www.yousanusb.com\/wp-content\/uploads\/2025\/11\/bulk-USB-3.0-External-Hard-Drive-for-Desktop-Computers-3.5-inch-USB-to-SATA-Adapter-600x600.jpg 600w, https:\/\/www.yousanusb.com\/wp-content\/uploads\/2025\/11\/bulk-USB-3.0-External-Hard-Drive-for-Desktop-Computers-3.5-inch-USB-to-SATA-Adapter-100x100.jpg 100w\" sizes=\"(max-width: 800px) 100vw, 800px\" \/><\/figure>\n<\/div>\n<\/div>\n\n\n\n<p>Capacit\u00e0 supportata: dischi rigidi meccanici per desktop con interfaccia SATA da 10 TB<\/p>\n\n\n\n<p>Interfaccia esterna: USB 3.0 (compatibile con USB 2.0\/1.1)<\/p>\n\n\n\n<p>Velocit\u00e0 di trasferimento: 6Gbps<\/p>\n\n\n\n<p>Alimentazione: Ingresso 110-220V 50-60Hz, uscita 12V 2A<\/p>\n\n\n\n<p>Materiale principale: Struttura del corpo in lega di alluminio per una migliore dissipazione del calore e una robusta protezione dei dati dell'unit\u00e0 disco.<\/p>\n\n\n\n<p>Colore del prodotto: nero \/ personalizzabile<\/p>\n\n\n\n<p>Unit\u00e0 compatibili: Unit\u00e0 disco SATA da 3,5 pollici per desktop<\/p>\n\n\n\n<p>Dimensioni: 195 x 112 x 34 mm<\/p>\n\n\n\n<p>Peso totale: 193 g<\/p>\n\n\n\n<div class=\"wp-block-columns is-layout-flex wp-container-core-columns-is-layout-2 wp-block-columns-is-layout-flex\">\n<div class=\"wp-block-column is-layout-flow wp-block-column-is-layout-flow\">\n<figure class=\"wp-block-image size-full\"><img decoding=\"async\" width=\"800\" height=\"800\" src=\"https:\/\/www.yousanusb.com\/wp-content\/uploads\/2025\/11\/USB-3.0-External-Hard-Drive-for-Desktop-Computers-3.5-inch-USB-to-SATA-Adapter.jpg\" alt=\"\" class=\"wp-image-23548\" srcset=\"https:\/\/www.yousanusb.com\/wp-content\/uploads\/2025\/11\/USB-3.0-External-Hard-Drive-for-Desktop-Computers-3.5-inch-USB-to-SATA-Adapter.jpg 800w, https:\/\/www.yousanusb.com\/wp-content\/uploads\/2025\/11\/USB-3.0-External-Hard-Drive-for-Desktop-Computers-3.5-inch-USB-to-SATA-Adapter-300x300.jpg 300w, https:\/\/www.yousanusb.com\/wp-content\/uploads\/2025\/11\/USB-3.0-External-Hard-Drive-for-Desktop-Computers-3.5-inch-USB-to-SATA-Adapter-150x150.jpg 150w, https:\/\/www.yousanusb.com\/wp-content\/uploads\/2025\/11\/USB-3.0-External-Hard-Drive-for-Desktop-Computers-3.5-inch-USB-to-SATA-Adapter-768x768.jpg 768w, https:\/\/www.yousanusb.com\/wp-content\/uploads\/2025\/11\/USB-3.0-External-Hard-Drive-for-Desktop-Computers-3.5-inch-USB-to-SATA-Adapter-12x12.jpg 12w, https:\/\/www.yousanusb.com\/wp-content\/uploads\/2025\/11\/USB-3.0-External-Hard-Drive-for-Desktop-Computers-3.5-inch-USB-to-SATA-Adapter-600x600.jpg 600w, https:\/\/www.yousanusb.com\/wp-content\/uploads\/2025\/11\/USB-3.0-External-Hard-Drive-for-Desktop-Computers-3.5-inch-USB-to-SATA-Adapter-100x100.jpg 100w\" sizes=\"(max-width: 800px) 100vw, 800px\" \/><\/figure>\n<\/div>\n\n\n\n<div class=\"wp-block-column is-layout-flow wp-block-column-is-layout-flow\">\n<figure class=\"wp-block-image size-full\"><img loading=\"lazy\" decoding=\"async\" width=\"800\" height=\"800\" src=\"https:\/\/www.yousanusb.com\/wp-content\/uploads\/2025\/11\/USB-3.0-External-Hard-Drive-for-Desktop-Computers-3.5-inch-USB-to-SATA-Adapter-wholesale.jpg\" alt=\"\" class=\"wp-image-23547\" srcset=\"https:\/\/www.yousanusb.com\/wp-content\/uploads\/2025\/11\/USB-3.0-External-Hard-Drive-for-Desktop-Computers-3.5-inch-USB-to-SATA-Adapter-wholesale.jpg 800w, https:\/\/www.yousanusb.com\/wp-content\/uploads\/2025\/11\/USB-3.0-External-Hard-Drive-for-Desktop-Computers-3.5-inch-USB-to-SATA-Adapter-wholesale-300x300.jpg 300w, https:\/\/www.yousanusb.com\/wp-content\/uploads\/2025\/11\/USB-3.0-External-Hard-Drive-for-Desktop-Computers-3.5-inch-USB-to-SATA-Adapter-wholesale-150x150.jpg 150w, https:\/\/www.yousanusb.com\/wp-content\/uploads\/2025\/11\/USB-3.0-External-Hard-Drive-for-Desktop-Computers-3.5-inch-USB-to-SATA-Adapter-wholesale-768x768.jpg 768w, https:\/\/www.yousanusb.com\/wp-content\/uploads\/2025\/11\/USB-3.0-External-Hard-Drive-for-Desktop-Computers-3.5-inch-USB-to-SATA-Adapter-wholesale-12x12.jpg 12w, https:\/\/www.yousanusb.com\/wp-content\/uploads\/2025\/11\/USB-3.0-External-Hard-Drive-for-Desktop-Computers-3.5-inch-USB-to-SATA-Adapter-wholesale-600x600.jpg 600w, https:\/\/www.yousanusb.com\/wp-content\/uploads\/2025\/11\/USB-3.0-External-Hard-Drive-for-Desktop-Computers-3.5-inch-USB-to-SATA-Adapter-wholesale-100x100.jpg 100w\" sizes=\"(max-width: 800px) 100vw, 800px\" \/><\/figure>\n<\/div>\n<\/div>","protected":false},"excerpt":{"rendered":"<p>Interfaccia esterna: USB 3.0 (compatibile con USB 2.0\/1.1)<br \/>\nVelocit\u00e0 di trasferimento: 6Gbps<br \/>\nAlimentazione: Ingresso 110-220V 50-60Hz, uscita 12V 2A<br \/>\nMateriale principale: Struttura del corpo in lega di alluminio per una migliore dissipazione del calore e una robusta protezione dei dati dell'unit\u00e0 disco.<br \/>\nColore del prodotto: nero \/ personalizzabile<br \/>\nUnit\u00e0 compatibili: Unit\u00e0 disco SATA da 3,5 pollici per desktop<\/p>","protected":false},"featured_media":23545,"comment_status":"open","ping_status":"closed","template":"","meta":{"_seopress_robots_primary_cat":"","_seopress_titles_title":"USB 3.0 External Hard Drive for Desktop Computers 3.5-inch USB to SATA Adapter","_seopress_titles_desc":"This standard portable power bank features a plastic casing with a USB 3.0 port. Utilizing the USB-to-SATA high-speed protocol, it delivers read\/write speeds far exceeding traditional interfaces.","_seopress_robots_index":""},"class_list":["post-23542","product","type-product","status-publish","has-post-thumbnail","hentry","product_cat-portable-hard-drive"],"_links":{"self":[{"href":"https:\/\/www.yousanusb.com\/it\/wp-json\/wp\/v2\/product\/23542"}],"collection":[{"href":"https:\/\/www.yousanusb.com\/it\/wp-json\/wp\/v2\/product"}],"about":[{"href":"https:\/\/www.yousanusb.com\/it\/wp-json\/wp\/v2\/types\/product"}],"replies":[{"embeddable":true,"href":"https:\/\/www.yousanusb.com\/it\/wp-json\/wp\/v2\/comments?post=23542"}],"wp:featuredmedia":[{"embeddable":true,"href":"https:\/\/www.yousanusb.com\/it\/wp-json\/wp\/v2\/media\/23545"}],"wp:attachment":[{"href":"https:\/\/www.yousanusb.com\/it\/wp-json\/wp\/v2\/media?parent=23542"}],"curies":[{"name":"wp","href":"https:\/\/api.w.org\/{rel}","templated":true}]}}