{"id":23557,"date":"2025-11-07T06:22:21","date_gmt":"2025-11-07T06:22:21","guid":{"rendered":"https:\/\/www.yousanusb.com\/?post_type=product&#038;p=23557"},"modified":"2025-11-07T14:40:41","modified_gmt":"2025-11-07T14:40:41","slug":"2-5-inch-brushed-finish-portable-hard-drive-usb-3-1","status":"publish","type":"product","link":"https:\/\/www.yousanusb.com\/it\/prodotto\/2-5-inch-brushed-finish-portable-hard-drive-usb-3-1\/","title":{"rendered":"Disco rigido portatile da 2,5 pollici con finitura spazzolata USB 3.1"},"content":{"rendered":"<div class=\"wp-block-columns is-layout-flex wp-container-core-columns-is-layout-1 wp-block-columns-is-layout-flex\">\n<div class=\"wp-block-column is-layout-flow wp-block-column-is-layout-flow\">\n<figure class=\"wp-block-image size-full\"><img fetchpriority=\"high\" decoding=\"async\" width=\"800\" height=\"800\" src=\"https:\/\/www.yousanusb.com\/wp-content\/uploads\/2025\/11\/Portable-2.5-Hard-Drive.jpg\" alt=\"\" class=\"wp-image-23564\" srcset=\"https:\/\/www.yousanusb.com\/wp-content\/uploads\/2025\/11\/Portable-2.5-Hard-Drive.jpg 800w, https:\/\/www.yousanusb.com\/wp-content\/uploads\/2025\/11\/Portable-2.5-Hard-Drive-300x300.jpg 300w, https:\/\/www.yousanusb.com\/wp-content\/uploads\/2025\/11\/Portable-2.5-Hard-Drive-150x150.jpg 150w, https:\/\/www.yousanusb.com\/wp-content\/uploads\/2025\/11\/Portable-2.5-Hard-Drive-768x768.jpg 768w, https:\/\/www.yousanusb.com\/wp-content\/uploads\/2025\/11\/Portable-2.5-Hard-Drive-12x12.jpg 12w, https:\/\/www.yousanusb.com\/wp-content\/uploads\/2025\/11\/Portable-2.5-Hard-Drive-600x600.jpg 600w, https:\/\/www.yousanusb.com\/wp-content\/uploads\/2025\/11\/Portable-2.5-Hard-Drive-100x100.jpg 100w\" sizes=\"(max-width: 800px) 100vw, 800px\" \/><\/figure>\n<\/div>\n\n\n\n<div class=\"wp-block-column is-vertically-aligned-center is-layout-flow wp-block-column-is-layout-flow\">\n<p>Questo disco rigido portatile misura 127 \u00d7 79 \u00d7 13 mm, pesa 90 g ed \u00e8 di colore nero.<\/p>\n\n\n\n<p>Interfaccia USB 3.0 con trasferimento dati a 5 Gbps. Sia per i computer fissi che per i portatili, consente di trasferire dati ad alta velocit\u00e0, risparmiando tempo e fatica. Funziona inoltre perfettamente con computer e dispositivi elettronici dotati di porte USB 2.0, offrendo una solida compatibilit\u00e0 per soddisfare tutte le vostre esigenze.<\/p>\n\n\n\n<p>Resistente alle cadute e agli urti, salvaguarda la sicurezza dei dati: Protegge efficacemente da cadute accidentali, calpestio, schiacciamento e altre forze esterne che potrebbero danneggiare il disco rigido.<\/p>\n\n\n\n<p><\/p>\n<\/div>\n<\/div>\n\n\n\n<div class=\"wp-block-columns is-layout-flex wp-container-core-columns-is-layout-2 wp-block-columns-is-layout-flex\">\n<div class=\"wp-block-column is-vertically-aligned-center is-layout-flow wp-block-column-is-layout-flow\">\n<p>La rotazione ad alta velocit\u00e0 a 7200 RPM garantisce una maggiore velocit\u00e0 di lettura\/scrittura dei dati e tempi di risposta, migliorando in modo significativo la durata e la resistenza del disco rigido portatile. Gestisce senza problemi giochi, editing multimediale ed elaborazione di dati su larga scala.<\/p>\n\n\n\n<p>Ampia compatibilit\u00e0: supporta i formati di file NTFS e FAT32, offrendo un'ampia compatibilit\u00e0 con computer desktop, portatili, tablet e altri dispositivi. Plug and play per un accesso immediato e per rimuoverlo in qualsiasi momento.<\/p>\n\n\n\n<p>Fino a 6 TB di capacit\u00e0 personalizzabile offrono un enorme spazio di archiviazione, rendendolo la scelta ideale per foto, video, musica e file. Liberate la memoria del vostro computer o tablet e dite addio per sempre ai problemi di archiviazione.<\/p>\n<\/div>\n\n\n\n<div class=\"wp-block-column is-layout-flow wp-block-column-is-layout-flow\">\n<figure class=\"wp-block-image size-full\"><img decoding=\"async\" width=\"800\" height=\"800\" src=\"https:\/\/www.yousanusb.com\/wp-content\/uploads\/2025\/11\/2.5-inch-Brushed-Portable-Hard-Drive-USB3.1.jpg\" alt=\"\" class=\"wp-image-23561\" srcset=\"https:\/\/www.yousanusb.com\/wp-content\/uploads\/2025\/11\/2.5-inch-Brushed-Portable-Hard-Drive-USB3.1.jpg 800w, https:\/\/www.yousanusb.com\/wp-content\/uploads\/2025\/11\/2.5-inch-Brushed-Portable-Hard-Drive-USB3.1-300x300.jpg 300w, https:\/\/www.yousanusb.com\/wp-content\/uploads\/2025\/11\/2.5-inch-Brushed-Portable-Hard-Drive-USB3.1-150x150.jpg 150w, https:\/\/www.yousanusb.com\/wp-content\/uploads\/2025\/11\/2.5-inch-Brushed-Portable-Hard-Drive-USB3.1-768x768.jpg 768w, https:\/\/www.yousanusb.com\/wp-content\/uploads\/2025\/11\/2.5-inch-Brushed-Portable-Hard-Drive-USB3.1-12x12.jpg 12w, https:\/\/www.yousanusb.com\/wp-content\/uploads\/2025\/11\/2.5-inch-Brushed-Portable-Hard-Drive-USB3.1-600x600.jpg 600w, https:\/\/www.yousanusb.com\/wp-content\/uploads\/2025\/11\/2.5-inch-Brushed-Portable-Hard-Drive-USB3.1-100x100.jpg 100w\" sizes=\"(max-width: 800px) 100vw, 800px\" \/><\/figure>\n<\/div>\n<\/div>","protected":false},"excerpt":{"rendered":"<ul>\n<li>Disco rigido portatile 3.0 ad alta velocit\u00e0<\/li>\n<li>7200 RPM Alta velocit\u00e0 di rotazione<\/li>\n<li>Compatibilit\u00e0 plug-and-play con pi\u00f9 dispositivi<\/li>\n<li>Elevata dissipazione del calore<\/li>\n<li>Resistenza agli urti e alle cadute<\/li>\n<li>MOQ: 10pcs<\/li>\n<\/ul>","protected":false},"featured_media":23560,"comment_status":"open","ping_status":"closed","template":"","meta":{"_seopress_robots_primary_cat":"","_seopress_titles_title":"","_seopress_titles_desc":"","_seopress_robots_index":""},"class_list":["post-23557","product","type-product","status-publish","has-post-thumbnail","hentry","product_cat-portable-hard-drive"],"_links":{"self":[{"href":"https:\/\/www.yousanusb.com\/it\/wp-json\/wp\/v2\/product\/23557"}],"collection":[{"href":"https:\/\/www.yousanusb.com\/it\/wp-json\/wp\/v2\/product"}],"about":[{"href":"https:\/\/www.yousanusb.com\/it\/wp-json\/wp\/v2\/types\/product"}],"replies":[{"embeddable":true,"href":"https:\/\/www.yousanusb.com\/it\/wp-json\/wp\/v2\/comments?post=23557"}],"wp:featuredmedia":[{"embeddable":true,"href":"https:\/\/www.yousanusb.com\/it\/wp-json\/wp\/v2\/media\/23560"}],"wp:attachment":[{"href":"https:\/\/www.yousanusb.com\/it\/wp-json\/wp\/v2\/media?parent=23557"}],"curies":[{"name":"wp","href":"https:\/\/api.w.org\/{rel}","templated":true}]}}