{"id":23570,"date":"2025-11-07T08:01:17","date_gmt":"2025-11-07T08:01:17","guid":{"rendered":"https:\/\/www.yousanusb.com\/?post_type=product&#038;p=23570"},"modified":"2025-11-07T08:02:29","modified_gmt":"2025-11-07T08:02:29","slug":"long-oval-wooden-type-c-usb-flash-drive","status":"publish","type":"product","link":"https:\/\/www.yousanusb.com\/it\/prodotto\/long-oval-wooden-type-c-usb-flash-drive\/","title":{"rendered":"Chiavetta USB ovale lunga in legno tipo-c"},"content":{"rendered":"<p>La chiavetta USB ovale lunga per telefono \u00e8 il modello pi\u00f9 semplice della nostra serie di chiavette USB in legno. L'involucro \u00e8 realizzato in legno, con diversi materiali disponibili: legno massiccio, acero, palissandro, noce, faggio, mogano e bamb\u00f9. Ogni tipo di legno vanta venature uniche, tutte realizzate in legno massiccio resistente e antigraffio. <\/p>\n\n\n\n<div class=\"wp-block-columns is-layout-flex wp-container-core-columns-is-layout-1 wp-block-columns-is-layout-flex\">\n<div class=\"wp-block-column is-layout-flow wp-block-column-is-layout-flow\">\n<figure class=\"wp-block-image size-full\"><img fetchpriority=\"high\" decoding=\"async\" width=\"1000\" height=\"1000\" src=\"https:\/\/www.yousanusb.com\/wp-content\/uploads\/2025\/11\/Long-oval-wooden-Type-C-USB-drive.jpg\" alt=\"\" class=\"wp-image-23581\" srcset=\"https:\/\/www.yousanusb.com\/wp-content\/uploads\/2025\/11\/Long-oval-wooden-Type-C-USB-drive.jpg 1000w, https:\/\/www.yousanusb.com\/wp-content\/uploads\/2025\/11\/Long-oval-wooden-Type-C-USB-drive-300x300.jpg 300w, https:\/\/www.yousanusb.com\/wp-content\/uploads\/2025\/11\/Long-oval-wooden-Type-C-USB-drive-150x150.jpg 150w, https:\/\/www.yousanusb.com\/wp-content\/uploads\/2025\/11\/Long-oval-wooden-Type-C-USB-drive-768x768.jpg 768w, https:\/\/www.yousanusb.com\/wp-content\/uploads\/2025\/11\/Long-oval-wooden-Type-C-USB-drive-12x12.jpg 12w, https:\/\/www.yousanusb.com\/wp-content\/uploads\/2025\/11\/Long-oval-wooden-Type-C-USB-drive-600x600.jpg 600w, https:\/\/www.yousanusb.com\/wp-content\/uploads\/2025\/11\/Long-oval-wooden-Type-C-USB-drive-100x100.jpg 100w\" sizes=\"(max-width: 1000px) 100vw, 1000px\" \/><\/figure>\n<\/div>\n\n\n\n<div class=\"wp-block-column is-layout-flow wp-block-column-is-layout-flow\">\n<figure class=\"wp-block-image size-full\"><img decoding=\"async\" width=\"1000\" height=\"1000\" src=\"https:\/\/www.yousanusb.com\/wp-content\/uploads\/2025\/11\/Long-oval-wooden-Type-C-USB-drive-wholesale.jpg\" alt=\"\" class=\"wp-image-23577\" srcset=\"https:\/\/www.yousanusb.com\/wp-content\/uploads\/2025\/11\/Long-oval-wooden-Type-C-USB-drive-wholesale.jpg 1000w, https:\/\/www.yousanusb.com\/wp-content\/uploads\/2025\/11\/Long-oval-wooden-Type-C-USB-drive-wholesale-300x300.jpg 300w, https:\/\/www.yousanusb.com\/wp-content\/uploads\/2025\/11\/Long-oval-wooden-Type-C-USB-drive-wholesale-150x150.jpg 150w, https:\/\/www.yousanusb.com\/wp-content\/uploads\/2025\/11\/Long-oval-wooden-Type-C-USB-drive-wholesale-768x768.jpg 768w, https:\/\/www.yousanusb.com\/wp-content\/uploads\/2025\/11\/Long-oval-wooden-Type-C-USB-drive-wholesale-12x12.jpg 12w, https:\/\/www.yousanusb.com\/wp-content\/uploads\/2025\/11\/Long-oval-wooden-Type-C-USB-drive-wholesale-600x600.jpg 600w, https:\/\/www.yousanusb.com\/wp-content\/uploads\/2025\/11\/Long-oval-wooden-Type-C-USB-drive-wholesale-100x100.jpg 100w\" sizes=\"(max-width: 1000px) 100vw, 1000px\" \/><\/figure>\n<\/div>\n\n\n\n<div class=\"wp-block-column is-layout-flow wp-block-column-is-layout-flow\">\n<figure class=\"wp-block-image size-full\"><img decoding=\"async\" width=\"1000\" height=\"1000\" src=\"https:\/\/www.yousanusb.com\/wp-content\/uploads\/2025\/11\/Long-oval-wooden-Type-C-USB-drive-bulk.jpg\" alt=\"\" class=\"wp-image-23575\" srcset=\"https:\/\/www.yousanusb.com\/wp-content\/uploads\/2025\/11\/Long-oval-wooden-Type-C-USB-drive-bulk.jpg 1000w, https:\/\/www.yousanusb.com\/wp-content\/uploads\/2025\/11\/Long-oval-wooden-Type-C-USB-drive-bulk-300x300.jpg 300w, https:\/\/www.yousanusb.com\/wp-content\/uploads\/2025\/11\/Long-oval-wooden-Type-C-USB-drive-bulk-150x150.jpg 150w, https:\/\/www.yousanusb.com\/wp-content\/uploads\/2025\/11\/Long-oval-wooden-Type-C-USB-drive-bulk-768x768.jpg 768w, https:\/\/www.yousanusb.com\/wp-content\/uploads\/2025\/11\/Long-oval-wooden-Type-C-USB-drive-bulk-12x12.jpg 12w, https:\/\/www.yousanusb.com\/wp-content\/uploads\/2025\/11\/Long-oval-wooden-Type-C-USB-drive-bulk-600x600.jpg 600w, https:\/\/www.yousanusb.com\/wp-content\/uploads\/2025\/11\/Long-oval-wooden-Type-C-USB-drive-bulk-100x100.jpg 100w\" sizes=\"(max-width: 1000px) 100vw, 1000px\" \/><\/figure>\n<\/div>\n\n\n\n<div class=\"wp-block-column is-layout-flow wp-block-column-is-layout-flow\">\n<figure class=\"wp-block-image size-full\"><img loading=\"lazy\" decoding=\"async\" width=\"1000\" height=\"1000\" src=\"https:\/\/www.yousanusb.com\/wp-content\/uploads\/2025\/11\/Long-oval-wooden-Type-C-USB-disk.jpg\" alt=\"\" class=\"wp-image-23574\" srcset=\"https:\/\/www.yousanusb.com\/wp-content\/uploads\/2025\/11\/Long-oval-wooden-Type-C-USB-disk.jpg 1000w, https:\/\/www.yousanusb.com\/wp-content\/uploads\/2025\/11\/Long-oval-wooden-Type-C-USB-disk-300x300.jpg 300w, https:\/\/www.yousanusb.com\/wp-content\/uploads\/2025\/11\/Long-oval-wooden-Type-C-USB-disk-150x150.jpg 150w, https:\/\/www.yousanusb.com\/wp-content\/uploads\/2025\/11\/Long-oval-wooden-Type-C-USB-disk-768x768.jpg 768w, https:\/\/www.yousanusb.com\/wp-content\/uploads\/2025\/11\/Long-oval-wooden-Type-C-USB-disk-12x12.jpg 12w, https:\/\/www.yousanusb.com\/wp-content\/uploads\/2025\/11\/Long-oval-wooden-Type-C-USB-disk-600x600.jpg 600w, https:\/\/www.yousanusb.com\/wp-content\/uploads\/2025\/11\/Long-oval-wooden-Type-C-USB-disk-100x100.jpg 100w\" sizes=\"(max-width: 1000px) 100vw, 1000px\" \/><\/figure>\n<\/div>\n<\/div>\n\n\n\n<p>Le venature del legno naturale emanano un'eleganza senza tempo, mentre la forma ovale liscia evoca una silhouette retr\u00f2. Privo di ornamenti inutili, irradia una sobria raffinatezza a ogni interazione plug-and-play.<\/p>\n\n\n\n<p>Dotato di interfacce USB e Type-C, \u00e8 compatibile con la maggior parte dei modelli di smartphone. Collegatelo e trasferite foto o file all'istante. Combinando estetica e praticit\u00e0, \u00e8 perfetto per l'uso quotidiano in ufficio o per la documentazione di viaggio. Collegato al telefono per un rapido trasferimento dei dati, \u00e8 uno strumento e un accessorio discreto, che si inserisce perfettamente in qualsiasi scenario quotidiano.<\/p>\n\n\n\n<div class=\"wp-block-columns is-layout-flex wp-container-core-columns-is-layout-2 wp-block-columns-is-layout-flex\">\n<div class=\"wp-block-column is-layout-flow wp-block-column-is-layout-flow\">\n<figure class=\"wp-block-image size-full\"><img loading=\"lazy\" decoding=\"async\" width=\"1000\" height=\"1000\" src=\"https:\/\/www.yousanusb.com\/wp-content\/uploads\/2025\/11\/Long-oval-wooden-Type-C-USB-drive-with-wooden-box.jpg\" alt=\"\" class=\"wp-image-23580\" srcset=\"https:\/\/www.yousanusb.com\/wp-content\/uploads\/2025\/11\/Long-oval-wooden-Type-C-USB-drive-with-wooden-box.jpg 1000w, https:\/\/www.yousanusb.com\/wp-content\/uploads\/2025\/11\/Long-oval-wooden-Type-C-USB-drive-with-wooden-box-300x300.jpg 300w, https:\/\/www.yousanusb.com\/wp-content\/uploads\/2025\/11\/Long-oval-wooden-Type-C-USB-drive-with-wooden-box-150x150.jpg 150w, https:\/\/www.yousanusb.com\/wp-content\/uploads\/2025\/11\/Long-oval-wooden-Type-C-USB-drive-with-wooden-box-768x768.jpg 768w, https:\/\/www.yousanusb.com\/wp-content\/uploads\/2025\/11\/Long-oval-wooden-Type-C-USB-drive-with-wooden-box-12x12.jpg 12w, https:\/\/www.yousanusb.com\/wp-content\/uploads\/2025\/11\/Long-oval-wooden-Type-C-USB-drive-with-wooden-box-600x600.jpg 600w, https:\/\/www.yousanusb.com\/wp-content\/uploads\/2025\/11\/Long-oval-wooden-Type-C-USB-drive-with-wooden-box-100x100.jpg 100w\" sizes=\"(max-width: 1000px) 100vw, 1000px\" \/><\/figure>\n<\/div>\n\n\n\n<div class=\"wp-block-column is-layout-flow wp-block-column-is-layout-flow\">\n<figure class=\"wp-block-image size-full\"><img loading=\"lazy\" decoding=\"async\" width=\"1000\" height=\"1000\" src=\"https:\/\/www.yousanusb.com\/wp-content\/uploads\/2025\/11\/Long-oval-wooden-Type-C-USB-drive-with-wood-box.jpg\" alt=\"\" class=\"wp-image-23579\" srcset=\"https:\/\/www.yousanusb.com\/wp-content\/uploads\/2025\/11\/Long-oval-wooden-Type-C-USB-drive-with-wood-box.jpg 1000w, https:\/\/www.yousanusb.com\/wp-content\/uploads\/2025\/11\/Long-oval-wooden-Type-C-USB-drive-with-wood-box-300x300.jpg 300w, https:\/\/www.yousanusb.com\/wp-content\/uploads\/2025\/11\/Long-oval-wooden-Type-C-USB-drive-with-wood-box-150x150.jpg 150w, https:\/\/www.yousanusb.com\/wp-content\/uploads\/2025\/11\/Long-oval-wooden-Type-C-USB-drive-with-wood-box-768x768.jpg 768w, https:\/\/www.yousanusb.com\/wp-content\/uploads\/2025\/11\/Long-oval-wooden-Type-C-USB-drive-with-wood-box-12x12.jpg 12w, https:\/\/www.yousanusb.com\/wp-content\/uploads\/2025\/11\/Long-oval-wooden-Type-C-USB-drive-with-wood-box-600x600.jpg 600w, https:\/\/www.yousanusb.com\/wp-content\/uploads\/2025\/11\/Long-oval-wooden-Type-C-USB-drive-with-wood-box-100x100.jpg 100w\" sizes=\"(max-width: 1000px) 100vw, 1000px\" \/><\/figure>\n<\/div>\n\n\n\n<div class=\"wp-block-column is-layout-flow wp-block-column-is-layout-flow\">\n<figure class=\"wp-block-image size-full\"><img loading=\"lazy\" decoding=\"async\" width=\"1000\" height=\"1000\" src=\"https:\/\/www.yousanusb.com\/wp-content\/uploads\/2025\/11\/Long-oval-wooden-Type-C-USB-drive-with-box.jpg\" alt=\"\" class=\"wp-image-23578\" srcset=\"https:\/\/www.yousanusb.com\/wp-content\/uploads\/2025\/11\/Long-oval-wooden-Type-C-USB-drive-with-box.jpg 1000w, https:\/\/www.yousanusb.com\/wp-content\/uploads\/2025\/11\/Long-oval-wooden-Type-C-USB-drive-with-box-300x300.jpg 300w, https:\/\/www.yousanusb.com\/wp-content\/uploads\/2025\/11\/Long-oval-wooden-Type-C-USB-drive-with-box-150x150.jpg 150w, https:\/\/www.yousanusb.com\/wp-content\/uploads\/2025\/11\/Long-oval-wooden-Type-C-USB-drive-with-box-768x768.jpg 768w, https:\/\/www.yousanusb.com\/wp-content\/uploads\/2025\/11\/Long-oval-wooden-Type-C-USB-drive-with-box-12x12.jpg 12w, https:\/\/www.yousanusb.com\/wp-content\/uploads\/2025\/11\/Long-oval-wooden-Type-C-USB-drive-with-box-600x600.jpg 600w, https:\/\/www.yousanusb.com\/wp-content\/uploads\/2025\/11\/Long-oval-wooden-Type-C-USB-drive-with-box-100x100.jpg 100w\" sizes=\"(max-width: 1000px) 100vw, 1000px\" \/><\/figure>\n<\/div>\n<\/div>\n\n\n\n<p>Tipi di legno: Legno massiccio, acero, palissandro, noce, faggio, mogano, bamb\u00f9, ecc.<\/p>\n\n\n\n<p>Grana: Legno naturale<\/p>\n\n\n\n<p>Forma: Ovale<\/p>\n\n\n\n<p>Interfacce: USB e Tipo-C<\/p>\n\n\n\n<p>Dispositivi compatibili: Smartphone, computer, tablet<\/p>\n\n\n\n<p>USB: USB 3.0 o USB 2.0 (selezionabile)<\/p>\n\n\n\n<p>Logo personalizzato: logo inciso al laser, logo serigrafato<\/p>","protected":false},"excerpt":{"rendered":"<p>Tipi di legno: Legno massiccio, acero, palissandro, noce, faggio, mogano, bamb\u00f9, ecc.<br \/>\nGrana: Legno naturale<br \/>\nForma: Ovale<br \/>\nInterfacce: USB e Tipo-C<br \/>\nDispositivi compatibili: Smartphone, computer, tablet<br \/>\nUSB: USB 3.0 o USB 2.0 (selezionabile)<br \/>\nLogo personalizzato: logo inciso al laser, logo serigrafato<\/p>","protected":false},"featured_media":23581,"comment_status":"open","ping_status":"closed","template":"","meta":{"_seopress_robots_primary_cat":"","_seopress_titles_title":"Long Oval Wooden Type-c USB Flash Drive","_seopress_titles_desc":"The Long Oval Wooden Phone USB Drive is the simplest style in our wooden USB drive series.","_seopress_robots_index":""},"class_list":["post-23570","product","type-product","status-publish","has-post-thumbnail","hentry","product_cat-usb30-flash-drive","product_cat-otg-usb-flash-drive","product_cat-wooden-usb-flash-drive"],"_links":{"self":[{"href":"https:\/\/www.yousanusb.com\/it\/wp-json\/wp\/v2\/product\/23570"}],"collection":[{"href":"https:\/\/www.yousanusb.com\/it\/wp-json\/wp\/v2\/product"}],"about":[{"href":"https:\/\/www.yousanusb.com\/it\/wp-json\/wp\/v2\/types\/product"}],"replies":[{"embeddable":true,"href":"https:\/\/www.yousanusb.com\/it\/wp-json\/wp\/v2\/comments?post=23570"}],"wp:featuredmedia":[{"embeddable":true,"href":"https:\/\/www.yousanusb.com\/it\/wp-json\/wp\/v2\/media\/23581"}],"wp:attachment":[{"href":"https:\/\/www.yousanusb.com\/it\/wp-json\/wp\/v2\/media?parent=23570"}],"curies":[{"name":"wp","href":"https:\/\/api.w.org\/{rel}","templated":true}]}}