{"id":23582,"date":"2025-11-07T08:35:33","date_gmt":"2025-11-07T08:35:33","guid":{"rendered":"https:\/\/www.yousanusb.com\/?post_type=product&#038;p=23582"},"modified":"2025-11-07T08:36:23","modified_gmt":"2025-11-07T08:36:23","slug":"rectangular-wooden-otg-type-c-usb-drive","status":"publish","type":"product","link":"https:\/\/www.yousanusb.com\/it\/prodotto\/rectangular-wooden-otg-type-c-usb-drive\/","title":{"rendered":"Unit\u00e0 USB OTG tipo-c rettangolare in legno"},"content":{"rendered":"<p>Combinando il legno massiccio naturale con l'elettronica, questa unit\u00e0 USB rettangolare in legno per telefoni presenta linee pulite che ne evidenziano la struttura minimalista. Mantiene la sensazione calda e liscia del legno naturale, offrendo al contempo una grande praticit\u00e0 grazie alla doppia compatibilit\u00e0 con telefoni e computer. Con diverse opzioni di capacit\u00e0 e servizi di personalizzazione, diventa un eccellente compagno di archiviazione dati per il lavoro, lo studio e la vita quotidiana.<\/p>\n\n\n\n<div class=\"wp-block-columns is-layout-flex wp-container-core-columns-is-layout-1 wp-block-columns-is-layout-flex\">\n<div class=\"wp-block-column is-layout-flow wp-block-column-is-layout-flow\">\n<figure class=\"wp-block-image size-full\"><img fetchpriority=\"high\" decoding=\"async\" width=\"800\" height=\"800\" src=\"https:\/\/www.yousanusb.com\/wp-content\/uploads\/2025\/11\/Rectangular-Solid-Wood-Dual-Interface-Mobile-Phone-USB-Drive-USB2.0.jpg\" alt=\"\" class=\"wp-image-23588\" srcset=\"https:\/\/www.yousanusb.com\/wp-content\/uploads\/2025\/11\/Rectangular-Solid-Wood-Dual-Interface-Mobile-Phone-USB-Drive-USB2.0.jpg 800w, https:\/\/www.yousanusb.com\/wp-content\/uploads\/2025\/11\/Rectangular-Solid-Wood-Dual-Interface-Mobile-Phone-USB-Drive-USB2.0-300x300.jpg 300w, https:\/\/www.yousanusb.com\/wp-content\/uploads\/2025\/11\/Rectangular-Solid-Wood-Dual-Interface-Mobile-Phone-USB-Drive-USB2.0-150x150.jpg 150w, https:\/\/www.yousanusb.com\/wp-content\/uploads\/2025\/11\/Rectangular-Solid-Wood-Dual-Interface-Mobile-Phone-USB-Drive-USB2.0-768x768.jpg 768w, https:\/\/www.yousanusb.com\/wp-content\/uploads\/2025\/11\/Rectangular-Solid-Wood-Dual-Interface-Mobile-Phone-USB-Drive-USB2.0-12x12.jpg 12w, https:\/\/www.yousanusb.com\/wp-content\/uploads\/2025\/11\/Rectangular-Solid-Wood-Dual-Interface-Mobile-Phone-USB-Drive-USB2.0-600x600.jpg 600w, https:\/\/www.yousanusb.com\/wp-content\/uploads\/2025\/11\/Rectangular-Solid-Wood-Dual-Interface-Mobile-Phone-USB-Drive-USB2.0-100x100.jpg 100w\" sizes=\"(max-width: 800px) 100vw, 800px\" \/><\/figure>\n<\/div>\n\n\n\n<div class=\"wp-block-column is-layout-flow wp-block-column-is-layout-flow\">\n<figure class=\"wp-block-image size-full\"><img decoding=\"async\" width=\"800\" height=\"800\" src=\"https:\/\/www.yousanusb.com\/wp-content\/uploads\/2025\/11\/Rectangular-Solid-Wood-Dual-Interface-Mobile-Phone-USB-Drive-wholesale.jpg\" alt=\"\" class=\"wp-image-23589\" srcset=\"https:\/\/www.yousanusb.com\/wp-content\/uploads\/2025\/11\/Rectangular-Solid-Wood-Dual-Interface-Mobile-Phone-USB-Drive-wholesale.jpg 800w, https:\/\/www.yousanusb.com\/wp-content\/uploads\/2025\/11\/Rectangular-Solid-Wood-Dual-Interface-Mobile-Phone-USB-Drive-wholesale-300x300.jpg 300w, https:\/\/www.yousanusb.com\/wp-content\/uploads\/2025\/11\/Rectangular-Solid-Wood-Dual-Interface-Mobile-Phone-USB-Drive-wholesale-150x150.jpg 150w, https:\/\/www.yousanusb.com\/wp-content\/uploads\/2025\/11\/Rectangular-Solid-Wood-Dual-Interface-Mobile-Phone-USB-Drive-wholesale-768x768.jpg 768w, https:\/\/www.yousanusb.com\/wp-content\/uploads\/2025\/11\/Rectangular-Solid-Wood-Dual-Interface-Mobile-Phone-USB-Drive-wholesale-12x12.jpg 12w, https:\/\/www.yousanusb.com\/wp-content\/uploads\/2025\/11\/Rectangular-Solid-Wood-Dual-Interface-Mobile-Phone-USB-Drive-wholesale-600x600.jpg 600w, https:\/\/www.yousanusb.com\/wp-content\/uploads\/2025\/11\/Rectangular-Solid-Wood-Dual-Interface-Mobile-Phone-USB-Drive-wholesale-100x100.jpg 100w\" sizes=\"(max-width: 800px) 100vw, 800px\" \/><\/figure>\n<\/div>\n<\/div>\n\n\n\n<p>Materiale: Legno massiccio naturale<\/p>\n\n\n\n<p>Realizzato in legno massiccio di prima qualit\u00e0 come faggio, acero, noce o bamb\u00f9, con densit\u00e0 del legno \u22650,75g\/cm\u00b3. La sua struttura dura e resistente all'usura \u00e8 caratterizzata da venature naturali uniche e da una sensazione di calore e morbidezza. Privo di rivestimenti chimici per un maggiore rispetto dell'ambiente. La superficie \u00e8 sottoposta a 6 strati di lucidatura fine + rivestimento resistente all'acqua e al sudore per una sensazione liscia e non abrasiva. Resiste alle deformazioni e alle crepe, mantenendo nel tempo la naturale lucentezza del legno.<\/p>\n\n\n\n<div class=\"wp-block-columns is-layout-flex wp-container-core-columns-is-layout-2 wp-block-columns-is-layout-flex\">\n<div class=\"wp-block-column is-layout-flow wp-block-column-is-layout-flow\">\n<figure class=\"wp-block-image size-full\"><img decoding=\"async\" width=\"800\" height=\"800\" src=\"https:\/\/www.yousanusb.com\/wp-content\/uploads\/2025\/11\/Rectangular-Wooden-Phone-USB-Drive.jpg\" alt=\"\" class=\"wp-image-23592\" srcset=\"https:\/\/www.yousanusb.com\/wp-content\/uploads\/2025\/11\/Rectangular-Wooden-Phone-USB-Drive.jpg 800w, https:\/\/www.yousanusb.com\/wp-content\/uploads\/2025\/11\/Rectangular-Wooden-Phone-USB-Drive-300x300.jpg 300w, https:\/\/www.yousanusb.com\/wp-content\/uploads\/2025\/11\/Rectangular-Wooden-Phone-USB-Drive-150x150.jpg 150w, https:\/\/www.yousanusb.com\/wp-content\/uploads\/2025\/11\/Rectangular-Wooden-Phone-USB-Drive-768x768.jpg 768w, https:\/\/www.yousanusb.com\/wp-content\/uploads\/2025\/11\/Rectangular-Wooden-Phone-USB-Drive-12x12.jpg 12w, https:\/\/www.yousanusb.com\/wp-content\/uploads\/2025\/11\/Rectangular-Wooden-Phone-USB-Drive-600x600.jpg 600w, https:\/\/www.yousanusb.com\/wp-content\/uploads\/2025\/11\/Rectangular-Wooden-Phone-USB-Drive-100x100.jpg 100w\" sizes=\"(max-width: 800px) 100vw, 800px\" \/><\/figure>\n<\/div>\n\n\n\n<div class=\"wp-block-column is-layout-flow wp-block-column-is-layout-flow\">\n<figure class=\"wp-block-image size-full\"><img loading=\"lazy\" decoding=\"async\" width=\"800\" height=\"800\" src=\"https:\/\/www.yousanusb.com\/wp-content\/uploads\/2025\/11\/Rectangular-Wooden-Phone-USB-Drive-bulk.jpg\" alt=\"\" class=\"wp-image-23591\" srcset=\"https:\/\/www.yousanusb.com\/wp-content\/uploads\/2025\/11\/Rectangular-Wooden-Phone-USB-Drive-bulk.jpg 800w, https:\/\/www.yousanusb.com\/wp-content\/uploads\/2025\/11\/Rectangular-Wooden-Phone-USB-Drive-bulk-300x300.jpg 300w, https:\/\/www.yousanusb.com\/wp-content\/uploads\/2025\/11\/Rectangular-Wooden-Phone-USB-Drive-bulk-150x150.jpg 150w, https:\/\/www.yousanusb.com\/wp-content\/uploads\/2025\/11\/Rectangular-Wooden-Phone-USB-Drive-bulk-768x768.jpg 768w, https:\/\/www.yousanusb.com\/wp-content\/uploads\/2025\/11\/Rectangular-Wooden-Phone-USB-Drive-bulk-12x12.jpg 12w, https:\/\/www.yousanusb.com\/wp-content\/uploads\/2025\/11\/Rectangular-Wooden-Phone-USB-Drive-bulk-600x600.jpg 600w, https:\/\/www.yousanusb.com\/wp-content\/uploads\/2025\/11\/Rectangular-Wooden-Phone-USB-Drive-bulk-100x100.jpg 100w\" sizes=\"(max-width: 800px) 100vw, 800px\" \/><\/figure>\n<\/div>\n\n\n\n<div class=\"wp-block-column is-layout-flow wp-block-column-is-layout-flow\">\n<figure class=\"wp-block-image size-large\"><img loading=\"lazy\" decoding=\"async\" width=\"1024\" height=\"1024\" src=\"https:\/\/www.yousanusb.com\/wp-content\/uploads\/2025\/11\/bamboo-Rectangular-Solid-Wood-Dual-Interface-Mobile-Phone-USB-Drive-1024x1024.png\" alt=\"\" class=\"wp-image-23585\" srcset=\"https:\/\/www.yousanusb.com\/wp-content\/uploads\/2025\/11\/bamboo-Rectangular-Solid-Wood-Dual-Interface-Mobile-Phone-USB-Drive-1024x1024.png 1024w, https:\/\/www.yousanusb.com\/wp-content\/uploads\/2025\/11\/bamboo-Rectangular-Solid-Wood-Dual-Interface-Mobile-Phone-USB-Drive-300x300.png 300w, https:\/\/www.yousanusb.com\/wp-content\/uploads\/2025\/11\/bamboo-Rectangular-Solid-Wood-Dual-Interface-Mobile-Phone-USB-Drive-150x150.png 150w, https:\/\/www.yousanusb.com\/wp-content\/uploads\/2025\/11\/bamboo-Rectangular-Solid-Wood-Dual-Interface-Mobile-Phone-USB-Drive-768x768.png 768w, https:\/\/www.yousanusb.com\/wp-content\/uploads\/2025\/11\/bamboo-Rectangular-Solid-Wood-Dual-Interface-Mobile-Phone-USB-Drive-12x12.png 12w, https:\/\/www.yousanusb.com\/wp-content\/uploads\/2025\/11\/bamboo-Rectangular-Solid-Wood-Dual-Interface-Mobile-Phone-USB-Drive-600x600.png 600w, https:\/\/www.yousanusb.com\/wp-content\/uploads\/2025\/11\/bamboo-Rectangular-Solid-Wood-Dual-Interface-Mobile-Phone-USB-Drive-100x100.png 100w, https:\/\/www.yousanusb.com\/wp-content\/uploads\/2025\/11\/bamboo-Rectangular-Solid-Wood-Dual-Interface-Mobile-Phone-USB-Drive.png 1486w\" sizes=\"(max-width: 1024px) 100vw, 1024px\" \/><\/figure>\n<\/div>\n<\/div>\n\n\n\n<p>Compatibilit\u00e0 a due estremit\u00e0: Funziona senza problemi con telefoni e computer.<\/p>\n\n\n\n<p>Configurazione dell'interfaccia: Doppia porta Type-C + USB-A (adattatore Lightning opzionale per dispositivi Apple). Plug and play senza adattatori.<\/p>\n\n\n\n<p>Sistemi compatibili: Supporta iOS 13.0+, Android 8.0+, Windows 7\/8\/10\/11, Mac OS 10.12+, che copre i principali telefoni, laptop e desktop.<\/p>\n\n\n\n<p>Prestazioni di trasferimento: Il protocollo USB 3.0 ad alta velocit\u00e0 offre velocit\u00e0 di lettura fino a 80 MB\/s e velocit\u00e0 di scrittura fino a 30 MB\/s. Trasferimento di un video da 1 GB in meno di 15 secondi: foto e documenti vengono trasferiti istantaneamente senza attese.<\/p>\n\n\n\n<p>Opzioni di capacit\u00e0 multiple: Soddisfare le diverse esigenze di stoccaggio<\/p>\n\n\n\n<p>Scelte di capacit\u00e0: Gamma completa di configurazioni da 16GB\/32GB\/64GB\/128GB\/256GB: scegliete l'opzione pi\u00f9 conveniente per le vostre esigenze.<\/p>\n\n\n\n<p>Scenari ideali:<\/p>\n\n\n\n<p>16GB-32GB: perfetto per foto e documenti quotidiani.<\/p>\n\n\n\n<p>64GB-128GB: adatto per file d'ufficio e risorse video.<\/p>\n\n\n\n<p>256 GB: soddisfa le esigenze di backup dei dati di grande capacit\u00e0 e di archiviazione di filmati HD.<\/p>\n\n\n\n<p>Garanzia di conservazione:<\/p>\n\n\n\n<p>Dispone di chip di memoria flash MLC con \u2265100.000 cicli di cancellazione e conservazione dei dati fino a 10 anni, stabile e senza perdite.<\/p>\n\n\n\n<div class=\"wp-block-columns is-layout-flex wp-container-core-columns-is-layout-3 wp-block-columns-is-layout-flex\">\n<div class=\"wp-block-column is-layout-flow wp-block-column-is-layout-flow\">\n<figure class=\"wp-block-image size-full\"><img loading=\"lazy\" decoding=\"async\" width=\"1000\" height=\"1000\" src=\"https:\/\/www.yousanusb.com\/wp-content\/uploads\/2025\/11\/Rectangular-Solid-Wood-Dual-Interface-Mobile-Phone-USB-Drive-how-to-use.jpg\" alt=\"\" class=\"wp-image-23587\" srcset=\"https:\/\/www.yousanusb.com\/wp-content\/uploads\/2025\/11\/Rectangular-Solid-Wood-Dual-Interface-Mobile-Phone-USB-Drive-how-to-use.jpg 1000w, https:\/\/www.yousanusb.com\/wp-content\/uploads\/2025\/11\/Rectangular-Solid-Wood-Dual-Interface-Mobile-Phone-USB-Drive-how-to-use-300x300.jpg 300w, https:\/\/www.yousanusb.com\/wp-content\/uploads\/2025\/11\/Rectangular-Solid-Wood-Dual-Interface-Mobile-Phone-USB-Drive-how-to-use-150x150.jpg 150w, https:\/\/www.yousanusb.com\/wp-content\/uploads\/2025\/11\/Rectangular-Solid-Wood-Dual-Interface-Mobile-Phone-USB-Drive-how-to-use-768x768.jpg 768w, https:\/\/www.yousanusb.com\/wp-content\/uploads\/2025\/11\/Rectangular-Solid-Wood-Dual-Interface-Mobile-Phone-USB-Drive-how-to-use-12x12.jpg 12w, https:\/\/www.yousanusb.com\/wp-content\/uploads\/2025\/11\/Rectangular-Solid-Wood-Dual-Interface-Mobile-Phone-USB-Drive-how-to-use-600x600.jpg 600w, https:\/\/www.yousanusb.com\/wp-content\/uploads\/2025\/11\/Rectangular-Solid-Wood-Dual-Interface-Mobile-Phone-USB-Drive-how-to-use-100x100.jpg 100w\" sizes=\"(max-width: 1000px) 100vw, 1000px\" \/><\/figure>\n<\/div>\n\n\n\n<div class=\"wp-block-column is-layout-flow wp-block-column-is-layout-flow\">\n<figure class=\"wp-block-image size-full\"><img loading=\"lazy\" decoding=\"async\" width=\"800\" height=\"800\" src=\"https:\/\/www.yousanusb.com\/wp-content\/uploads\/2025\/11\/Rectangular-Solid-Wood-Dual-Interface-Mobile-Phone-USB-Drive.jpg\" alt=\"\" class=\"wp-image-23590\" srcset=\"https:\/\/www.yousanusb.com\/wp-content\/uploads\/2025\/11\/Rectangular-Solid-Wood-Dual-Interface-Mobile-Phone-USB-Drive.jpg 800w, https:\/\/www.yousanusb.com\/wp-content\/uploads\/2025\/11\/Rectangular-Solid-Wood-Dual-Interface-Mobile-Phone-USB-Drive-300x300.jpg 300w, https:\/\/www.yousanusb.com\/wp-content\/uploads\/2025\/11\/Rectangular-Solid-Wood-Dual-Interface-Mobile-Phone-USB-Drive-150x150.jpg 150w, https:\/\/www.yousanusb.com\/wp-content\/uploads\/2025\/11\/Rectangular-Solid-Wood-Dual-Interface-Mobile-Phone-USB-Drive-768x768.jpg 768w, https:\/\/www.yousanusb.com\/wp-content\/uploads\/2025\/11\/Rectangular-Solid-Wood-Dual-Interface-Mobile-Phone-USB-Drive-12x12.jpg 12w, https:\/\/www.yousanusb.com\/wp-content\/uploads\/2025\/11\/Rectangular-Solid-Wood-Dual-Interface-Mobile-Phone-USB-Drive-600x600.jpg 600w, https:\/\/www.yousanusb.com\/wp-content\/uploads\/2025\/11\/Rectangular-Solid-Wood-Dual-Interface-Mobile-Phone-USB-Drive-100x100.jpg 100w\" sizes=\"(max-width: 800px) 100vw, 800px\" \/><\/figure>\n<\/div>\n<\/div>\n\n\n\n<p>Incisione laser disponibile per testi personalizzati (nomi, numeri di telefono, motti), loghi (emblemi aziendali, avatar personali) o motivi (linee minimaliste, simboli commemorativi). Ambito di personalizzazione: Possibilit\u00e0 di incidere sulle superfici frontali e laterali con precisione \u22640,1 mm. L'incisione trasparente e resistente allo sbiadimento preserva la struttura naturale delle venature del legno.<\/p>\n\n\n\n<p>Tempi di consegna della personalizzazione: gli ordini di singoli articoli vengono spediti entro 48 ore. Gli ordini in blocco (\u226550 unit\u00e0) vengono spediti entro 72 ore. \u00c8 disponibile la personalizzazione di regali aziendali con confezioni esclusive.<\/p>\n\n\n\n<p><\/p>","protected":false},"excerpt":{"rendered":"<p>Opzioni di capacit\u00e0 multiple: Soddisfare le diverse esigenze di stoccaggio<br \/>\nScelte di capacit\u00e0: Gamma completa di configurazioni da 16GB\/32GB\/64GB\/128GB\/256GB: scegliete l'opzione pi\u00f9 conveniente per le vostre esigenze.<br \/>\nScenari ideali:<br \/>\n16GB-32GB: perfetto per foto e documenti quotidiani.<br \/>\n64GB-128GB: adatto per file d'ufficio e risorse video.<br \/>\n256 GB: soddisfa le esigenze di backup dei dati di grande capacit\u00e0 e di archiviazione di filmati HD.<\/p>","protected":false},"featured_media":23592,"comment_status":"open","ping_status":"closed","template":"","meta":{"_seopress_robots_primary_cat":"","_seopress_titles_title":"Rectangular Wooden OTG Type-c USB Drive","_seopress_titles_desc":"Combining natural solid wood with electronics, this rectangular wooden phone USB drive features clean lines that highlight its minimalist texture.","_seopress_robots_index":""},"class_list":["post-23582","product","type-product","status-publish","has-post-thumbnail","hentry","product_cat-otg-usb-flash-drive","product_cat-wooden-usb-flash-drive"],"_links":{"self":[{"href":"https:\/\/www.yousanusb.com\/it\/wp-json\/wp\/v2\/product\/23582"}],"collection":[{"href":"https:\/\/www.yousanusb.com\/it\/wp-json\/wp\/v2\/product"}],"about":[{"href":"https:\/\/www.yousanusb.com\/it\/wp-json\/wp\/v2\/types\/product"}],"replies":[{"embeddable":true,"href":"https:\/\/www.yousanusb.com\/it\/wp-json\/wp\/v2\/comments?post=23582"}],"wp:featuredmedia":[{"embeddable":true,"href":"https:\/\/www.yousanusb.com\/it\/wp-json\/wp\/v2\/media\/23592"}],"wp:attachment":[{"href":"https:\/\/www.yousanusb.com\/it\/wp-json\/wp\/v2\/media?parent=23582"}],"curies":[{"name":"wp","href":"https:\/\/api.w.org\/{rel}","templated":true}]}}