{"id":23644,"date":"2025-11-08T10:12:12","date_gmt":"2025-11-08T10:12:12","guid":{"rendered":"https:\/\/www.yousanusb.com\/?post_type=product&#038;p=23644"},"modified":"2025-11-08T10:14:19","modified_gmt":"2025-11-08T10:14:19","slug":"the-most-popular-se09-usb-flash-drive","status":"publish","type":"product","link":"https:\/\/www.yousanusb.com\/it\/prodotto\/the-most-popular-se09-usb-flash-drive\/","title":{"rendered":"L'unit\u00e0 flash USB SE09 pi\u00f9 popolare"},"content":{"rendered":"<p>L'unit\u00e0 USB SE09 Metal \u00e8 un bestseller indiscusso. Caratterizzata da un design di inserimento monopezzo leader nel settore, elimina completamente il tradizionale meccanismo del cappuccio. <\/p>\n\n\n\n<div class=\"wp-block-columns is-layout-flex wp-container-core-columns-is-layout-1 wp-block-columns-is-layout-flex\">\n<div class=\"wp-block-column is-layout-flow wp-block-column-is-layout-flow\">\n<figure class=\"wp-block-image size-full\"><img fetchpriority=\"high\" decoding=\"async\" width=\"800\" height=\"800\" src=\"https:\/\/www.yousanusb.com\/wp-content\/uploads\/2025\/11\/The-Most-Popular-SE09-USB-Flash-Drive.jpg\" alt=\"\" class=\"wp-image-23652\" srcset=\"https:\/\/www.yousanusb.com\/wp-content\/uploads\/2025\/11\/The-Most-Popular-SE09-USB-Flash-Drive.jpg 800w, https:\/\/www.yousanusb.com\/wp-content\/uploads\/2025\/11\/The-Most-Popular-SE09-USB-Flash-Drive-300x300.jpg 300w, https:\/\/www.yousanusb.com\/wp-content\/uploads\/2025\/11\/The-Most-Popular-SE09-USB-Flash-Drive-150x150.jpg 150w, https:\/\/www.yousanusb.com\/wp-content\/uploads\/2025\/11\/The-Most-Popular-SE09-USB-Flash-Drive-768x768.jpg 768w, https:\/\/www.yousanusb.com\/wp-content\/uploads\/2025\/11\/The-Most-Popular-SE09-USB-Flash-Drive-12x12.jpg 12w, https:\/\/www.yousanusb.com\/wp-content\/uploads\/2025\/11\/The-Most-Popular-SE09-USB-Flash-Drive-600x600.jpg 600w, https:\/\/www.yousanusb.com\/wp-content\/uploads\/2025\/11\/The-Most-Popular-SE09-USB-Flash-Drive-100x100.jpg 100w\" sizes=\"(max-width: 800px) 100vw, 800px\" \/><\/figure>\n<\/div>\n\n\n\n<div class=\"wp-block-column is-vertically-aligned-center is-layout-flow wp-block-column-is-layout-flow\">\n<p>Realizzato in lega di zinco di alta qualit\u00e0, l'involucro interamente in metallo \u00e8 sottoposto a un'accurata lucidatura per ottenere una finitura liscia e calda al tatto, garantendo al contempo un'eccezionale resistenza strutturale, superiore alle unit\u00e0 USB in plastica standard per quanto riguarda la resistenza alle cadute e la tolleranza alla compressione.<\/p>\n\n\n\n<p>Anche in caso di caduta accidentale su una scrivania o di pressione inaspettata, protegge efficacemente il chip interno. e la resistenza alla pressione superano di gran lunga le normali unit\u00e0 USB in plastica. Anche in caso di caduta accidentale su una scrivania o di pressione inaspettata, protegge efficacemente il chip interno.<\/p>\n<\/div>\n<\/div>\n\n\n\n<p><br>Con dimensioni di soli 39\u00d712,35\u00d74,55 mm e un peso di appena 10 g - equivalente a una moneta - si infila senza fatica in tasche, portafogli o portachiavi. Un foro standard per il portachiavi sul retro consente di agganciarlo a cordini o portachiavi, impedendone la perdita e migliorandone la portabilit\u00e0. Il suo design elegante lo rende un accessorio sofisticato per gli ambienti di lavoro.<\/p>\n\n\n\n<div class=\"wp-block-columns is-layout-flex wp-container-core-columns-is-layout-2 wp-block-columns-is-layout-flex\">\n<div class=\"wp-block-column is-layout-flow wp-block-column-is-layout-flow\">\n<figure class=\"wp-block-image size-full\"><img decoding=\"async\" width=\"800\" height=\"800\" src=\"https:\/\/www.yousanusb.com\/wp-content\/uploads\/2025\/11\/The-Most-Popular-SE09-USB-Flash-Drive-wholesale.webp\" alt=\"\" class=\"wp-image-23651\" srcset=\"https:\/\/www.yousanusb.com\/wp-content\/uploads\/2025\/11\/The-Most-Popular-SE09-USB-Flash-Drive-wholesale.webp 800w, https:\/\/www.yousanusb.com\/wp-content\/uploads\/2025\/11\/The-Most-Popular-SE09-USB-Flash-Drive-wholesale-300x300.webp 300w, https:\/\/www.yousanusb.com\/wp-content\/uploads\/2025\/11\/The-Most-Popular-SE09-USB-Flash-Drive-wholesale-150x150.webp 150w, https:\/\/www.yousanusb.com\/wp-content\/uploads\/2025\/11\/The-Most-Popular-SE09-USB-Flash-Drive-wholesale-768x768.webp 768w, https:\/\/www.yousanusb.com\/wp-content\/uploads\/2025\/11\/The-Most-Popular-SE09-USB-Flash-Drive-wholesale-12x12.webp 12w, https:\/\/www.yousanusb.com\/wp-content\/uploads\/2025\/11\/The-Most-Popular-SE09-USB-Flash-Drive-wholesale-600x600.webp 600w, https:\/\/www.yousanusb.com\/wp-content\/uploads\/2025\/11\/The-Most-Popular-SE09-USB-Flash-Drive-wholesale-100x100.webp 100w\" sizes=\"(max-width: 800px) 100vw, 800px\" \/><\/figure>\n<\/div>\n\n\n\n<div class=\"wp-block-column is-layout-flow wp-block-column-is-layout-flow\">\n<figure class=\"wp-block-image size-full\"><img decoding=\"async\" width=\"800\" height=\"800\" src=\"https:\/\/www.yousanusb.com\/wp-content\/uploads\/2025\/11\/The-Most-Popular-SE09-USB-Flash-Drive-custom.webp\" alt=\"\" class=\"wp-image-23648\" srcset=\"https:\/\/www.yousanusb.com\/wp-content\/uploads\/2025\/11\/The-Most-Popular-SE09-USB-Flash-Drive-custom.webp 800w, https:\/\/www.yousanusb.com\/wp-content\/uploads\/2025\/11\/The-Most-Popular-SE09-USB-Flash-Drive-custom-300x300.webp 300w, https:\/\/www.yousanusb.com\/wp-content\/uploads\/2025\/11\/The-Most-Popular-SE09-USB-Flash-Drive-custom-150x150.webp 150w, https:\/\/www.yousanusb.com\/wp-content\/uploads\/2025\/11\/The-Most-Popular-SE09-USB-Flash-Drive-custom-768x768.webp 768w, https:\/\/www.yousanusb.com\/wp-content\/uploads\/2025\/11\/The-Most-Popular-SE09-USB-Flash-Drive-custom-12x12.webp 12w, https:\/\/www.yousanusb.com\/wp-content\/uploads\/2025\/11\/The-Most-Popular-SE09-USB-Flash-Drive-custom-600x600.webp 600w, https:\/\/www.yousanusb.com\/wp-content\/uploads\/2025\/11\/The-Most-Popular-SE09-USB-Flash-Drive-custom-100x100.webp 100w\" sizes=\"(max-width: 800px) 100vw, 800px\" \/><\/figure>\n<\/div>\n<\/div>\n\n\n\n<p>Disponibile nelle classiche finiture argento, oro e oro rosa per soddisfare le diverse preferenze di stile, il modello SE09 supporta la personalizzazione del logo tramite serigrafia o stampa a colori con un quantitativo minimo d'ordine di sole 10 unit\u00e0. Questo lo rende una scelta eccellente per i regali aziendali o gli omaggi promozionali, con le opzioni argento e oro che si allineano perfettamente all'estetica del marchio aziendale.<\/p>\n\n\n\n<div class=\"wp-block-columns is-layout-flex wp-container-core-columns-is-layout-3 wp-block-columns-is-layout-flex\">\n<div class=\"wp-block-column is-layout-flow wp-block-column-is-layout-flow\">\n<figure class=\"wp-block-image size-large\"><img loading=\"lazy\" decoding=\"async\" width=\"1024\" height=\"1024\" src=\"https:\/\/www.yousanusb.com\/wp-content\/uploads\/2025\/11\/The-Most-Popular-SE09-USB-Flash-Drive-bulk-price-1024x1024.webp\" alt=\"\" class=\"wp-image-23650\" srcset=\"https:\/\/www.yousanusb.com\/wp-content\/uploads\/2025\/11\/The-Most-Popular-SE09-USB-Flash-Drive-bulk-price-1024x1024.webp 1024w, https:\/\/www.yousanusb.com\/wp-content\/uploads\/2025\/11\/The-Most-Popular-SE09-USB-Flash-Drive-bulk-price-300x300.webp 300w, https:\/\/www.yousanusb.com\/wp-content\/uploads\/2025\/11\/The-Most-Popular-SE09-USB-Flash-Drive-bulk-price-150x150.webp 150w, https:\/\/www.yousanusb.com\/wp-content\/uploads\/2025\/11\/The-Most-Popular-SE09-USB-Flash-Drive-bulk-price-768x768.webp 768w, https:\/\/www.yousanusb.com\/wp-content\/uploads\/2025\/11\/The-Most-Popular-SE09-USB-Flash-Drive-bulk-price-12x12.webp 12w, https:\/\/www.yousanusb.com\/wp-content\/uploads\/2025\/11\/The-Most-Popular-SE09-USB-Flash-Drive-bulk-price-600x600.webp 600w, https:\/\/www.yousanusb.com\/wp-content\/uploads\/2025\/11\/The-Most-Popular-SE09-USB-Flash-Drive-bulk-price-100x100.webp 100w, https:\/\/www.yousanusb.com\/wp-content\/uploads\/2025\/11\/The-Most-Popular-SE09-USB-Flash-Drive-bulk-price.webp 1276w\" sizes=\"(max-width: 1024px) 100vw, 1024px\" \/><\/figure>\n<\/div>\n\n\n\n<div class=\"wp-block-column is-layout-flow wp-block-column-is-layout-flow\">\n<figure class=\"wp-block-image size-full\"><img loading=\"lazy\" decoding=\"async\" width=\"800\" height=\"800\" src=\"https:\/\/www.yousanusb.com\/wp-content\/uploads\/2025\/11\/The-Most-Popular-SE09-USB-Flash-Drive-custom-logo.jpg\" alt=\"\" class=\"wp-image-23647\" srcset=\"https:\/\/www.yousanusb.com\/wp-content\/uploads\/2025\/11\/The-Most-Popular-SE09-USB-Flash-Drive-custom-logo.jpg 800w, https:\/\/www.yousanusb.com\/wp-content\/uploads\/2025\/11\/The-Most-Popular-SE09-USB-Flash-Drive-custom-logo-300x300.jpg 300w, https:\/\/www.yousanusb.com\/wp-content\/uploads\/2025\/11\/The-Most-Popular-SE09-USB-Flash-Drive-custom-logo-150x150.jpg 150w, https:\/\/www.yousanusb.com\/wp-content\/uploads\/2025\/11\/The-Most-Popular-SE09-USB-Flash-Drive-custom-logo-768x768.jpg 768w, https:\/\/www.yousanusb.com\/wp-content\/uploads\/2025\/11\/The-Most-Popular-SE09-USB-Flash-Drive-custom-logo-12x12.jpg 12w, https:\/\/www.yousanusb.com\/wp-content\/uploads\/2025\/11\/The-Most-Popular-SE09-USB-Flash-Drive-custom-logo-600x600.jpg 600w, https:\/\/www.yousanusb.com\/wp-content\/uploads\/2025\/11\/The-Most-Popular-SE09-USB-Flash-Drive-custom-logo-100x100.jpg 100w\" sizes=\"(max-width: 800px) 100vw, 800px\" \/><\/figure>\n<\/div>\n<\/div>\n\n\n\n<h2 class=\"wp-block-heading\">Quali sono le velocit\u00e0 specifiche di lettura\/scrittura dell'unit\u00e0 flash SE09?<\/h2>\n\n\n\n<p><br>L'unit\u00e0 flash SE09 \u00e8 disponibile nelle specifiche USB 2.0 e USB 3.0, con le seguenti velocit\u00e0 di lettura\/scrittura:<br>Versione USB 2.0: Lettura 12MB\/s, scrittura 5MB\/s;<br>Versione USB 3.0: Lettura 90MB\/s, scrittura 50MB\/s.<\/p>","protected":false},"excerpt":{"rendered":"<ul>\n<li>Lo stile pi\u00f9 popolare<\/li>\n<li>Materiale metallico<\/li>\n<li>Unit\u00e0 flash USB SE09<\/li>\n<li>Lega di zinco di alta qualit\u00e0<\/li>\n<li>Logo personalizzato<\/li>\n<\/ul>","protected":false},"featured_media":23652,"comment_status":"open","ping_status":"closed","template":"","meta":{"_seopress_robots_primary_cat":"","_seopress_titles_title":"The Most Popular SE09 USB Flash Drive","_seopress_titles_desc":"SE09 Metal USB Drive is an undisputed bestseller. Featuring an industry-leading one-piece insertion design, it completely eliminates the traditional cap mechanism.","_seopress_robots_index":""},"class_list":["post-23644","product","type-product","status-publish","has-post-thumbnail","hentry","product_cat-metal-usb-flash-drive","product_tag-custom-metal-keychain-usb-flash-drive","product_tag-buy-metal-leather-usb-flash-drive"],"_links":{"self":[{"href":"https:\/\/www.yousanusb.com\/it\/wp-json\/wp\/v2\/product\/23644"}],"collection":[{"href":"https:\/\/www.yousanusb.com\/it\/wp-json\/wp\/v2\/product"}],"about":[{"href":"https:\/\/www.yousanusb.com\/it\/wp-json\/wp\/v2\/types\/product"}],"replies":[{"embeddable":true,"href":"https:\/\/www.yousanusb.com\/it\/wp-json\/wp\/v2\/comments?post=23644"}],"wp:featuredmedia":[{"embeddable":true,"href":"https:\/\/www.yousanusb.com\/it\/wp-json\/wp\/v2\/media\/23652"}],"wp:attachment":[{"href":"https:\/\/www.yousanusb.com\/it\/wp-json\/wp\/v2\/media?parent=23644"}],"curies":[{"name":"wp","href":"https:\/\/api.w.org\/{rel}","templated":true}]}}