{"id":23838,"date":"2025-11-10T05:55:10","date_gmt":"2025-11-10T05:55:10","guid":{"rendered":"https:\/\/www.yousanusb.com\/?post_type=product&#038;p=23838"},"modified":"2025-11-10T08:15:49","modified_gmt":"2025-11-10T08:15:49","slug":"heart-crystal-flash-drive","status":"publish","type":"product","link":"https:\/\/www.yousanusb.com\/it\/prodotto\/heart-crystal-flash-drive\/","title":{"rendered":"Unit\u00e0 flash con cristalli a forma di cuore"},"content":{"rendered":"<p>Questa chiavetta USB in cristallo presenta un corpo in cristallo realizzato con tecniche di taglio di precisione, con sfaccettature chiare e luminose che rifrangono la luce per rivelare una texture traslucida. Disponibile nelle forme ad anello e a goccia, le sue linee eleganti offrono un'elevata riconoscibilit\u00e0. Rompendo con l'aspetto monotono delle unit\u00e0 USB tradizionali, si trasforma in un elegante ornamento per la scrivania, fondendo perfettamente estetica e funzionalit\u00e0.<\/p>\n\n\n\n<p>Il tappo \u00e8 disponibile in due materiali: metallo e legno. La versione in metallo presenta una superficie liscia e resistente all'usura che si adatta all'estetica raffinata degli ambienti di lavoro. La versione in legno utilizza materiali naturali con venature calde e organiche, per soddisfare gli utenti che preferiscono uno stile naturale. Entrambi i materiali proteggono efficacemente la porta USB.<\/p>\n\n\n\n<div class=\"wp-block-columns is-layout-flex wp-container-core-columns-is-layout-1 wp-block-columns-is-layout-flex\">\n<div class=\"wp-block-column is-layout-flow wp-block-column-is-layout-flow\"><div class=\"wp-block-image\">\n<figure class=\"aligncenter size-full\"><img fetchpriority=\"high\" decoding=\"async\" width=\"800\" height=\"800\" src=\"https:\/\/www.yousanusb.com\/wp-content\/uploads\/2025\/11\/heart-crystal-usb-drive.jpg\" alt=\"\" class=\"wp-image-23843\" srcset=\"https:\/\/www.yousanusb.com\/wp-content\/uploads\/2025\/11\/heart-crystal-usb-drive.jpg 800w, https:\/\/www.yousanusb.com\/wp-content\/uploads\/2025\/11\/heart-crystal-usb-drive-300x300.jpg 300w, https:\/\/www.yousanusb.com\/wp-content\/uploads\/2025\/11\/heart-crystal-usb-drive-150x150.jpg 150w, https:\/\/www.yousanusb.com\/wp-content\/uploads\/2025\/11\/heart-crystal-usb-drive-768x768.jpg 768w, https:\/\/www.yousanusb.com\/wp-content\/uploads\/2025\/11\/heart-crystal-usb-drive-12x12.jpg 12w, https:\/\/www.yousanusb.com\/wp-content\/uploads\/2025\/11\/heart-crystal-usb-drive-600x600.jpg 600w, https:\/\/www.yousanusb.com\/wp-content\/uploads\/2025\/11\/heart-crystal-usb-drive-100x100.jpg 100w\" sizes=\"(max-width: 800px) 100vw, 800px\" \/><figcaption class=\"wp-element-caption\">unit\u00e0 usb in cristallo con cappuccio in legno<\/figcaption><\/figure><\/div><\/div>\n\n\n\n<div class=\"wp-block-column is-layout-flow wp-block-column-is-layout-flow\"><div class=\"wp-block-image\">\n<figure class=\"aligncenter size-full\"><img decoding=\"async\" width=\"800\" height=\"799\" src=\"https:\/\/www.yousanusb.com\/wp-content\/uploads\/2025\/11\/crystal-usb-flash-drive.jpg\" alt=\"\" class=\"wp-image-23841\" srcset=\"https:\/\/www.yousanusb.com\/wp-content\/uploads\/2025\/11\/crystal-usb-flash-drive.jpg 800w, https:\/\/www.yousanusb.com\/wp-content\/uploads\/2025\/11\/crystal-usb-flash-drive-300x300.jpg 300w, https:\/\/www.yousanusb.com\/wp-content\/uploads\/2025\/11\/crystal-usb-flash-drive-150x150.jpg 150w, https:\/\/www.yousanusb.com\/wp-content\/uploads\/2025\/11\/crystal-usb-flash-drive-768x767.jpg 768w, https:\/\/www.yousanusb.com\/wp-content\/uploads\/2025\/11\/crystal-usb-flash-drive-12x12.jpg 12w, https:\/\/www.yousanusb.com\/wp-content\/uploads\/2025\/11\/crystal-usb-flash-drive-600x599.jpg 600w, https:\/\/www.yousanusb.com\/wp-content\/uploads\/2025\/11\/crystal-usb-flash-drive-100x100.jpg 100w\" sizes=\"(max-width: 800px) 100vw, 800px\" \/><figcaption class=\"wp-element-caption\">cappuccio metallico in cristallo unit\u00e0 usb<\/figcaption><\/figure><\/div><\/div>\n<\/div>\n\n\n\n<p>Il componente di archiviazione principale utilizza stabili chip di memoria flash per garantire operazioni affidabili di lettura\/scrittura dei dati. Dotato di un'interfaccia USB ad alta velocit\u00e0, offre velocit\u00e0 di lettura\/scrittura costanti per soddisfare le esigenze quotidiane come il trasferimento di file e il backup dei dati. <\/p>\n\n\n\n<p>Offrendo una solida sicurezza dei dati e la compatibilit\u00e0 con i principali sistemi operativi, supporta la funzionalit\u00e0 plug-and-play senza richiedere driver aggiuntivi, rendendolo adatto a diversi scenari, tra cui il lavoro d'ufficio e l'uso accademico.<\/p>\n\n\n\n<div class=\"wp-block-columns is-layout-flex wp-container-core-columns-is-layout-2 wp-block-columns-is-layout-flex\">\n<div class=\"wp-block-column is-vertically-aligned-center is-layout-flow wp-block-column-is-layout-flow\">\n<p>Questa unit\u00e0 USB supporta la personalizzazione del logo attraverso l'incisione laser sul corpo in cristallo o sul cappuccio. I disegni incisi sono nitidi, resistenti all'usura e di lunga durata.<\/p>\n\n\n\n<p> Per le applicazioni commerciali, l'imprinting dei loghi aziendali migliora la raffinatezza del marchio; per l'uso personale, l'aggiunta di simboli unici aumenta il senso di appartenenza.<\/p>\n\n\n\n<p> Si adatta a diverse esigenze di personalizzazione, rendendo la chiavetta USB pi\u00f9 distintiva e memorabile.<\/p>\n<\/div>\n\n\n\n<div class=\"wp-block-column is-layout-flow wp-block-column-is-layout-flow\">\n<figure class=\"wp-block-image size-full\"><img decoding=\"async\" width=\"800\" height=\"800\" src=\"https:\/\/www.yousanusb.com\/wp-content\/uploads\/2025\/11\/custom-crystal-usb-flash-drive.jpg\" alt=\"\" class=\"wp-image-23842\" srcset=\"https:\/\/www.yousanusb.com\/wp-content\/uploads\/2025\/11\/custom-crystal-usb-flash-drive.jpg 800w, https:\/\/www.yousanusb.com\/wp-content\/uploads\/2025\/11\/custom-crystal-usb-flash-drive-300x300.jpg 300w, https:\/\/www.yousanusb.com\/wp-content\/uploads\/2025\/11\/custom-crystal-usb-flash-drive-150x150.jpg 150w, https:\/\/www.yousanusb.com\/wp-content\/uploads\/2025\/11\/custom-crystal-usb-flash-drive-768x768.jpg 768w, https:\/\/www.yousanusb.com\/wp-content\/uploads\/2025\/11\/custom-crystal-usb-flash-drive-12x12.jpg 12w, https:\/\/www.yousanusb.com\/wp-content\/uploads\/2025\/11\/custom-crystal-usb-flash-drive-600x600.jpg 600w, https:\/\/www.yousanusb.com\/wp-content\/uploads\/2025\/11\/custom-crystal-usb-flash-drive-100x100.jpg 100w\" sizes=\"(max-width: 800px) 100vw, 800px\" \/><\/figure>\n<\/div>\n<\/div>","protected":false},"excerpt":{"rendered":"<ul>\n<li>Unit\u00e0 flash usb a LED personalizzata<\/li>\n<li>Logo personalizzato su clip\/cristallo<\/li>\n<li>Interfaccia USB 2.0\u3001USB 3.0<\/li>\n<li>OEM<\/li>\n<li>MOQ: 100pcs<\/li>\n<\/ul>","protected":false},"featured_media":23841,"comment_status":"open","ping_status":"closed","template":"","meta":{"_seopress_robots_primary_cat":"","_seopress_titles_title":"","_seopress_titles_desc":"","_seopress_robots_index":""},"class_list":["post-23838","product","type-product","status-publish","has-post-thumbnail","hentry","product_cat-crystal-led-usb-flash-drive"],"_links":{"self":[{"href":"https:\/\/www.yousanusb.com\/it\/wp-json\/wp\/v2\/product\/23838"}],"collection":[{"href":"https:\/\/www.yousanusb.com\/it\/wp-json\/wp\/v2\/product"}],"about":[{"href":"https:\/\/www.yousanusb.com\/it\/wp-json\/wp\/v2\/types\/product"}],"replies":[{"embeddable":true,"href":"https:\/\/www.yousanusb.com\/it\/wp-json\/wp\/v2\/comments?post=23838"}],"wp:featuredmedia":[{"embeddable":true,"href":"https:\/\/www.yousanusb.com\/it\/wp-json\/wp\/v2\/media\/23841"}],"wp:attachment":[{"href":"https:\/\/www.yousanusb.com\/it\/wp-json\/wp\/v2\/media?parent=23838"}],"curies":[{"name":"wp","href":"https:\/\/api.w.org\/{rel}","templated":true}]}}