{"id":23855,"date":"2025-11-10T06:17:05","date_gmt":"2025-11-10T06:17:05","guid":{"rendered":"https:\/\/www.yousanusb.com\/?post_type=product&#038;p=23855"},"modified":"2025-11-10T08:16:02","modified_gmt":"2025-11-10T08:16:02","slug":"rotating-crystal-usb-flash-drive","status":"publish","type":"product","link":"https:\/\/www.yousanusb.com\/it\/prodotto\/rotating-crystal-usb-flash-drive\/","title":{"rendered":"Unit\u00e0 flash USB di cristallo rotante"},"content":{"rendered":"<div class=\"wp-block-columns is-layout-flex wp-container-core-columns-is-layout-1 wp-block-columns-is-layout-flex\">\n<div class=\"wp-block-column is-vertically-aligned-center is-layout-flow wp-block-column-is-layout-flow\">\n<p>L'unit\u00e0 USB luminosa acrilica rotante \u00e8 dotata di una testa rotante in metallo integrata in un corpo acrilico trasparente. Ruotando la testa, la porta USB pu\u00f2 essere rapidamente esposta o nascosta, facilitando le operazioni quotidiane plug-and-play e prevenendo efficacemente i graffi della porta e l'accumulo di polvere.<\/p>\n\n\n\n<p>La sezione acrilica incorpora elementi di illuminazione a LED che si accendono automaticamente quando vengono alimentati o attivati. Questo non solo risolve il problema di \"cercare una chiavetta USB al buio\", ma migliora anche l'estetica tecnologica e il fascino visivo grazie alla texture cristallina dell'acrilico, che si distacca dall'aspetto monotono delle chiavette USB tradizionali.<\/p>\n\n\n\n<p>Per l'uso professionale, \u00e8 dotato di un'interfaccia USB ad alta velocit\u00e0 con velocit\u00e0 di lettura\/scrittura stabili. Compatibile con i principali sistemi operativi come Windows e Mac, offre funzionalit\u00e0 plug-and-play senza richiedere driver aggiuntivi.<\/p>\n\n\n\n<p><br><\/p>\n<\/div>\n\n\n\n<div class=\"wp-block-column is-layout-flow wp-block-column-is-layout-flow\">\n<figure class=\"wp-block-image size-full\"><img fetchpriority=\"high\" decoding=\"async\" width=\"800\" height=\"800\" src=\"https:\/\/www.yousanusb.com\/wp-content\/uploads\/2025\/11\/rotating-metal-crystal-usb-drive.jpg\" alt=\"\" class=\"wp-image-23860\" srcset=\"https:\/\/www.yousanusb.com\/wp-content\/uploads\/2025\/11\/rotating-metal-crystal-usb-drive.jpg 800w, https:\/\/www.yousanusb.com\/wp-content\/uploads\/2025\/11\/rotating-metal-crystal-usb-drive-300x300.jpg 300w, https:\/\/www.yousanusb.com\/wp-content\/uploads\/2025\/11\/rotating-metal-crystal-usb-drive-150x150.jpg 150w, https:\/\/www.yousanusb.com\/wp-content\/uploads\/2025\/11\/rotating-metal-crystal-usb-drive-768x768.jpg 768w, https:\/\/www.yousanusb.com\/wp-content\/uploads\/2025\/11\/rotating-metal-crystal-usb-drive-12x12.jpg 12w, https:\/\/www.yousanusb.com\/wp-content\/uploads\/2025\/11\/rotating-metal-crystal-usb-drive-600x600.jpg 600w, https:\/\/www.yousanusb.com\/wp-content\/uploads\/2025\/11\/rotating-metal-crystal-usb-drive-100x100.jpg 100w\" sizes=\"(max-width: 800px) 100vw, 800px\" \/><\/figure>\n<\/div>\n<\/div>\n\n\n\n<p><\/p>\n\n\n\n<p>Il principio del processo di illuminazione prevede l'inserimento di una sorgente luminosa a LED nel corpo del cristallo. Quando l'unit\u00e0 USB viene collegata a un dispositivo, l'alimentazione di quest'ultimo attiva la sorgente luminosa. La luce si rifrange attraverso il materiale di cristallo, creando un effetto luminoso uniforme nell'area incisa. Questo processo \u00e8 stabile e non influisce sul normale funzionamento della funzione di memorizzazione.<\/p>\n\n\n\n<div class=\"wp-block-columns is-layout-flex wp-container-core-columns-is-layout-2 wp-block-columns-is-layout-flex\">\n<div class=\"wp-block-column is-layout-flow wp-block-column-is-layout-flow\">\n<figure class=\"wp-block-image size-full\"><img decoding=\"async\" width=\"768\" height=\"768\" src=\"https:\/\/www.yousanusb.com\/wp-content\/uploads\/2025\/11\/Swiveling-Acrylic-Red-Light-Up-USB-Stick-768x768-1.webp\" alt=\"\" class=\"wp-image-23863\" srcset=\"https:\/\/www.yousanusb.com\/wp-content\/uploads\/2025\/11\/Swiveling-Acrylic-Red-Light-Up-USB-Stick-768x768-1.webp 768w, https:\/\/www.yousanusb.com\/wp-content\/uploads\/2025\/11\/Swiveling-Acrylic-Red-Light-Up-USB-Stick-768x768-1-300x300.webp 300w, https:\/\/www.yousanusb.com\/wp-content\/uploads\/2025\/11\/Swiveling-Acrylic-Red-Light-Up-USB-Stick-768x768-1-150x150.webp 150w, https:\/\/www.yousanusb.com\/wp-content\/uploads\/2025\/11\/Swiveling-Acrylic-Red-Light-Up-USB-Stick-768x768-1-12x12.webp 12w, https:\/\/www.yousanusb.com\/wp-content\/uploads\/2025\/11\/Swiveling-Acrylic-Red-Light-Up-USB-Stick-768x768-1-600x600.webp 600w, https:\/\/www.yousanusb.com\/wp-content\/uploads\/2025\/11\/Swiveling-Acrylic-Red-Light-Up-USB-Stick-768x768-1-100x100.webp 100w\" sizes=\"(max-width: 768px) 100vw, 768px\" \/><\/figure>\n<\/div>\n\n\n\n<div class=\"wp-block-column is-layout-flow wp-block-column-is-layout-flow\">\n<figure class=\"wp-block-image size-full\"><img decoding=\"async\" width=\"768\" height=\"768\" src=\"https:\/\/www.yousanusb.com\/wp-content\/uploads\/2025\/11\/Swiveling-Acrylic-Purple-Light-Up-USB-Stick-768x768-1.webp\" alt=\"\" class=\"wp-image-23862\" srcset=\"https:\/\/www.yousanusb.com\/wp-content\/uploads\/2025\/11\/Swiveling-Acrylic-Purple-Light-Up-USB-Stick-768x768-1.webp 768w, https:\/\/www.yousanusb.com\/wp-content\/uploads\/2025\/11\/Swiveling-Acrylic-Purple-Light-Up-USB-Stick-768x768-1-300x300.webp 300w, https:\/\/www.yousanusb.com\/wp-content\/uploads\/2025\/11\/Swiveling-Acrylic-Purple-Light-Up-USB-Stick-768x768-1-150x150.webp 150w, https:\/\/www.yousanusb.com\/wp-content\/uploads\/2025\/11\/Swiveling-Acrylic-Purple-Light-Up-USB-Stick-768x768-1-12x12.webp 12w, https:\/\/www.yousanusb.com\/wp-content\/uploads\/2025\/11\/Swiveling-Acrylic-Purple-Light-Up-USB-Stick-768x768-1-600x600.webp 600w, https:\/\/www.yousanusb.com\/wp-content\/uploads\/2025\/11\/Swiveling-Acrylic-Purple-Light-Up-USB-Stick-768x768-1-100x100.webp 100w\" sizes=\"(max-width: 768px) 100vw, 768px\" \/><\/figure>\n<\/div>\n\n\n\n<div class=\"wp-block-column is-layout-flow wp-block-column-is-layout-flow\">\n<figure class=\"wp-block-image size-full\"><img loading=\"lazy\" decoding=\"async\" width=\"800\" height=\"800\" src=\"https:\/\/www.yousanusb.com\/wp-content\/uploads\/2025\/11\/led-usb-flash-drive.jpg\" alt=\"\" class=\"wp-image-23858\" srcset=\"https:\/\/www.yousanusb.com\/wp-content\/uploads\/2025\/11\/led-usb-flash-drive.jpg 800w, https:\/\/www.yousanusb.com\/wp-content\/uploads\/2025\/11\/led-usb-flash-drive-300x300.jpg 300w, https:\/\/www.yousanusb.com\/wp-content\/uploads\/2025\/11\/led-usb-flash-drive-150x150.jpg 150w, https:\/\/www.yousanusb.com\/wp-content\/uploads\/2025\/11\/led-usb-flash-drive-768x768.jpg 768w, https:\/\/www.yousanusb.com\/wp-content\/uploads\/2025\/11\/led-usb-flash-drive-12x12.jpg 12w, https:\/\/www.yousanusb.com\/wp-content\/uploads\/2025\/11\/led-usb-flash-drive-600x600.jpg 600w, https:\/\/www.yousanusb.com\/wp-content\/uploads\/2025\/11\/led-usb-flash-drive-100x100.jpg 100w\" sizes=\"(max-width: 800px) 100vw, 800px\" \/><\/figure>\n<\/div>\n<\/div>\n\n\n\n<p><\/p>\n\n\n\n<div class=\"wp-block-columns is-layout-flex wp-container-core-columns-is-layout-3 wp-block-columns-is-layout-flex\">\n<div class=\"wp-block-column is-layout-flow wp-block-column-is-layout-flow\">\n<figure class=\"wp-block-image size-full\"><img loading=\"lazy\" decoding=\"async\" width=\"800\" height=\"800\" src=\"https:\/\/www.yousanusb.com\/wp-content\/uploads\/2025\/11\/rotating-led-usb-flash-drive.jpg\" alt=\"\" class=\"wp-image-23859\" srcset=\"https:\/\/www.yousanusb.com\/wp-content\/uploads\/2025\/11\/rotating-led-usb-flash-drive.jpg 800w, https:\/\/www.yousanusb.com\/wp-content\/uploads\/2025\/11\/rotating-led-usb-flash-drive-300x300.jpg 300w, https:\/\/www.yousanusb.com\/wp-content\/uploads\/2025\/11\/rotating-led-usb-flash-drive-150x150.jpg 150w, https:\/\/www.yousanusb.com\/wp-content\/uploads\/2025\/11\/rotating-led-usb-flash-drive-768x768.jpg 768w, https:\/\/www.yousanusb.com\/wp-content\/uploads\/2025\/11\/rotating-led-usb-flash-drive-12x12.jpg 12w, https:\/\/www.yousanusb.com\/wp-content\/uploads\/2025\/11\/rotating-led-usb-flash-drive-600x600.jpg 600w, https:\/\/www.yousanusb.com\/wp-content\/uploads\/2025\/11\/rotating-led-usb-flash-drive-100x100.jpg 100w\" sizes=\"(max-width: 800px) 100vw, 800px\" \/><\/figure>\n<\/div>\n\n\n\n<div class=\"wp-block-column is-vertically-aligned-center is-layout-flow wp-block-column-is-layout-flow\">\n<p>Le opzioni di personalizzazione includono l'incisione al laser di loghi o simboli sul corpo in cristallo, con motivi resistenti all'usura che non si staccano. <\/p>\n\n\n\n<p>In combinazione con il processo di emissione della luce, le marcature personalizzate diventano pi\u00f9 evidenti quando vengono illuminate. Per gli ambienti commerciali, l'imprinting dei loghi aziendali migliora il riconoscimento del marchio, mentre l'uso personale pu\u00f2 incorporare simboli unici per aumentare l'esclusivit\u00e0. Questo approccio soddisfa diverse esigenze di personalizzazione.<\/p>\n\n\n\n<p>Ci\u00f2 consente trasferimenti di file e backup di dati efficienti, rendendolo adatto a diversi scenari, tra cui il lavoro d'ufficio e gli ambienti accademici.<\/p>\n<\/div>\n<\/div>","protected":false},"excerpt":{"rendered":"<ul>\n<li>Design rotante<\/li>\n<li>Illuminazione multicolore<\/li>\n<li>Velocit\u00e0 pi\u00f9 elevata e alta qualit\u00e0<\/li>\n<li>Affidabile e sicuro<\/li>\n<li>MOQ: 100pcs<\/li>\n<\/ul>","protected":false},"featured_media":23859,"comment_status":"open","ping_status":"closed","template":"","meta":{"_seopress_robots_primary_cat":"","_seopress_titles_title":"","_seopress_titles_desc":"","_seopress_robots_index":""},"class_list":["post-23855","product","type-product","status-publish","has-post-thumbnail","hentry","product_cat-crystal-led-usb-flash-drive"],"_links":{"self":[{"href":"https:\/\/www.yousanusb.com\/it\/wp-json\/wp\/v2\/product\/23855"}],"collection":[{"href":"https:\/\/www.yousanusb.com\/it\/wp-json\/wp\/v2\/product"}],"about":[{"href":"https:\/\/www.yousanusb.com\/it\/wp-json\/wp\/v2\/types\/product"}],"replies":[{"embeddable":true,"href":"https:\/\/www.yousanusb.com\/it\/wp-json\/wp\/v2\/comments?post=23855"}],"wp:featuredmedia":[{"embeddable":true,"href":"https:\/\/www.yousanusb.com\/it\/wp-json\/wp\/v2\/media\/23859"}],"wp:attachment":[{"href":"https:\/\/www.yousanusb.com\/it\/wp-json\/wp\/v2\/media?parent=23855"}],"curies":[{"name":"wp","href":"https:\/\/api.w.org\/{rel}","templated":true}]}}