{"id":23904,"date":"2025-11-10T13:15:03","date_gmt":"2025-11-10T13:15:03","guid":{"rendered":"https:\/\/www.yousanusb.com\/?post_type=product&#038;p=23904"},"modified":"2025-11-10T13:21:45","modified_gmt":"2025-11-10T13:21:45","slug":"cartoon-smile-sunflower-usb-drive","status":"publish","type":"product","link":"https:\/\/www.yousanusb.com\/it\/prodotto\/cartoon-smile-sunflower-usb-drive\/","title":{"rendered":"Unit\u00e0 USB con girasole e sorriso dei cartoni animati"},"content":{"rendered":"<p>L'unit\u00e0 USB Cartoon Sunflower \u00e8 un'unit\u00e0 flash piatta in 2D con petali dorati e turgidi e una testa di fiore arrotondata. Il suo caratteristico design a faccina sorridente irradia solarit\u00e0. Realizzata in gomma morbida ed ecologica, \u00e8 eccezionalmente flessibile con bordi lisci e arrotondati: uno strumento di archiviazione estremamente efficiente.<\/p>\n\n\n\n<div class=\"wp-block-columns is-layout-flex wp-container-core-columns-is-layout-1 wp-block-columns-is-layout-flex\">\n<div class=\"wp-block-column is-layout-flow wp-block-column-is-layout-flow\">\n<figure class=\"wp-block-image size-full\"><img fetchpriority=\"high\" decoding=\"async\" width=\"750\" height=\"750\" src=\"https:\/\/www.yousanusb.com\/wp-content\/uploads\/2025\/11\/pvc-Cartoon-Sunflower-USB-Drive.jpg\" alt=\"\" class=\"wp-image-23909\" srcset=\"https:\/\/www.yousanusb.com\/wp-content\/uploads\/2025\/11\/pvc-Cartoon-Sunflower-USB-Drive.jpg 750w, https:\/\/www.yousanusb.com\/wp-content\/uploads\/2025\/11\/pvc-Cartoon-Sunflower-USB-Drive-300x300.jpg 300w, https:\/\/www.yousanusb.com\/wp-content\/uploads\/2025\/11\/pvc-Cartoon-Sunflower-USB-Drive-150x150.jpg 150w, https:\/\/www.yousanusb.com\/wp-content\/uploads\/2025\/11\/pvc-Cartoon-Sunflower-USB-Drive-12x12.jpg 12w, https:\/\/www.yousanusb.com\/wp-content\/uploads\/2025\/11\/pvc-Cartoon-Sunflower-USB-Drive-600x600.jpg 600w, https:\/\/www.yousanusb.com\/wp-content\/uploads\/2025\/11\/pvc-Cartoon-Sunflower-USB-Drive-100x100.jpg 100w\" sizes=\"(max-width: 750px) 100vw, 750px\" \/><\/figure>\n<\/div>\n\n\n\n<div class=\"wp-block-column is-layout-flow wp-block-column-is-layout-flow\">\n<figure class=\"wp-block-image size-full\"><img decoding=\"async\" width=\"750\" height=\"750\" src=\"https:\/\/www.yousanusb.com\/wp-content\/uploads\/2025\/11\/Cartoon-smile-Sunflower-USB-Drive.jpg\" alt=\"\" class=\"wp-image-23907\" srcset=\"https:\/\/www.yousanusb.com\/wp-content\/uploads\/2025\/11\/Cartoon-smile-Sunflower-USB-Drive.jpg 750w, https:\/\/www.yousanusb.com\/wp-content\/uploads\/2025\/11\/Cartoon-smile-Sunflower-USB-Drive-300x300.jpg 300w, https:\/\/www.yousanusb.com\/wp-content\/uploads\/2025\/11\/Cartoon-smile-Sunflower-USB-Drive-150x150.jpg 150w, https:\/\/www.yousanusb.com\/wp-content\/uploads\/2025\/11\/Cartoon-smile-Sunflower-USB-Drive-12x12.jpg 12w, https:\/\/www.yousanusb.com\/wp-content\/uploads\/2025\/11\/Cartoon-smile-Sunflower-USB-Drive-600x600.jpg 600w, https:\/\/www.yousanusb.com\/wp-content\/uploads\/2025\/11\/Cartoon-smile-Sunflower-USB-Drive-100x100.jpg 100w\" sizes=\"(max-width: 750px) 100vw, 750px\" \/><\/figure>\n<\/div>\n<\/div>\n\n\n\n<p>I petali gialli, estremamente realistici, presentano una sottile curva, mentre il centro del fiore \u00e8 impreziosito da texture realistiche. \u00c8 dotato di un cordino staccabile che consente di tenerlo in mano o di attaccarlo a un portachiavi per riporlo pi\u00f9 comodamente in mobilit\u00e0.<\/p>\n\n\n\n<p>Certificato RoHS per la sicurezza ambientale, il materiale \u00e8 inodore e ipoallergenico. La sua elevata flessibilit\u00e0 consente di piegarlo delicatamente, resistendo ai danni delle cadute quotidiane e dell'attrito per la massima durata.<\/p>\n\n\n\n<p>La porta USB \u00e8 dotata di un tappo antipolvere per evitare che i detriti compromettano il trasferimento dei dati.<\/p>\n\n\n\n<p>Simbolo di \"vitalit\u00e0 alla ricerca del sole\", questo disegno di girasole trascende la praticit\u00e0 come piccolo regalo che diffonde energia positiva.<\/p>","protected":false},"excerpt":{"rendered":"<ul>\n<li>Sorriso da cartone animato<\/li>\n<li>Unit\u00e0 USB Sunflower<\/li>\n<li>Certificato RoHS per la sicurezza ambientale<\/li>\n<li>Vitalit\u00e0 alla ricerca del sole<\/li>\n<li>Strumento di archiviazione altamente efficiente.<\/li>\n<\/ul>","protected":false},"featured_media":23908,"comment_status":"open","ping_status":"closed","template":"","meta":{"_seopress_robots_primary_cat":"","_seopress_titles_title":"Cartoon Smile Sunflower USB Drive","_seopress_titles_desc":"Cartoon Sunflower USB Drive is a flat 2D flash drive featuring golden, plump petals and a rounded flower head. Its signature smiley face design radiates sunshine. Crafted from premium eco-friendly soft rubber, it's exceptionally flexible with smooth, rounded edges\u2014a highly efficient storage tool.","_seopress_robots_index":""},"class_list":["post-23904","product","type-product","status-publish","has-post-thumbnail","hentry","product_cat-custom-usb-drive"],"_links":{"self":[{"href":"https:\/\/www.yousanusb.com\/it\/wp-json\/wp\/v2\/product\/23904"}],"collection":[{"href":"https:\/\/www.yousanusb.com\/it\/wp-json\/wp\/v2\/product"}],"about":[{"href":"https:\/\/www.yousanusb.com\/it\/wp-json\/wp\/v2\/types\/product"}],"replies":[{"embeddable":true,"href":"https:\/\/www.yousanusb.com\/it\/wp-json\/wp\/v2\/comments?post=23904"}],"wp:featuredmedia":[{"embeddable":true,"href":"https:\/\/www.yousanusb.com\/it\/wp-json\/wp\/v2\/media\/23908"}],"wp:attachment":[{"href":"https:\/\/www.yousanusb.com\/it\/wp-json\/wp\/v2\/media?parent=23904"}],"curies":[{"name":"wp","href":"https:\/\/api.w.org\/{rel}","templated":true}]}}