{"id":23912,"date":"2025-11-11T00:22:41","date_gmt":"2025-11-11T00:22:41","guid":{"rendered":"https:\/\/www.yousanusb.com\/?post_type=product&#038;p=23912"},"modified":"2025-11-11T00:25:38","modified_gmt":"2025-11-11T00:25:38","slug":"peppa-pig-usb-flash-drive","status":"publish","type":"product","link":"https:\/\/www.yousanusb.com\/it\/prodotto\/peppa-pig-usb-flash-drive\/","title":{"rendered":"Chiavetta USB Peppa Pig"},"content":{"rendered":"<p>Unit\u00e0 USB Peppa Pig<\/p>\n\n\n\n<p>Questa chiavetta USB Peppa Pig combina in modo intelligente l'amato cartone animato IP con una pratica funzionalit\u00e0 di archiviazione. Il design dell'IP \u00e8 riprodotto fedelmente: Basata sul classico personaggio dei cartoni animati Peppa Pig, presenta una riproduzione 1:1 degli elementi chiave: la caratteristica combinazione di colori rosa e bianco, le iconiche guance rosse, il vestito blu e gli stivali rossi. La sua struttura a design diviso (la testa come corpo dell'unit\u00e0 USB, il corpo come custodia protettiva) aggiunge un fascino giocoso e protegge efficacemente la porta USB.<\/p>\n\n\n\n<div class=\"wp-block-columns is-layout-flex wp-container-core-columns-is-layout-1 wp-block-columns-is-layout-flex\">\n<div class=\"wp-block-column is-layout-flow wp-block-column-is-layout-flow\">\n<figure class=\"wp-block-image size-full\"><img fetchpriority=\"high\" decoding=\"async\" width=\"750\" height=\"750\" src=\"https:\/\/www.yousanusb.com\/wp-content\/uploads\/2025\/11\/Peppa-Pig-USB-Drive-wholesale.jpg\" alt=\"\" class=\"wp-image-23917\" srcset=\"https:\/\/www.yousanusb.com\/wp-content\/uploads\/2025\/11\/Peppa-Pig-USB-Drive-wholesale.jpg 750w, https:\/\/www.yousanusb.com\/wp-content\/uploads\/2025\/11\/Peppa-Pig-USB-Drive-wholesale-300x300.jpg 300w, https:\/\/www.yousanusb.com\/wp-content\/uploads\/2025\/11\/Peppa-Pig-USB-Drive-wholesale-150x150.jpg 150w, https:\/\/www.yousanusb.com\/wp-content\/uploads\/2025\/11\/Peppa-Pig-USB-Drive-wholesale-12x12.jpg 12w, https:\/\/www.yousanusb.com\/wp-content\/uploads\/2025\/11\/Peppa-Pig-USB-Drive-wholesale-600x600.jpg 600w, https:\/\/www.yousanusb.com\/wp-content\/uploads\/2025\/11\/Peppa-Pig-USB-Drive-wholesale-100x100.jpg 100w\" sizes=\"(max-width: 750px) 100vw, 750px\" \/><\/figure>\n<\/div>\n\n\n\n<div class=\"wp-block-column is-layout-flow wp-block-column-is-layout-flow\">\n<figure class=\"wp-block-image size-full\"><img decoding=\"async\" width=\"750\" height=\"750\" src=\"https:\/\/www.yousanusb.com\/wp-content\/uploads\/2025\/11\/Peppa-Pig-USB-Drive-manufacturer.jpg\" alt=\"\" class=\"wp-image-23916\" srcset=\"https:\/\/www.yousanusb.com\/wp-content\/uploads\/2025\/11\/Peppa-Pig-USB-Drive-manufacturer.jpg 750w, https:\/\/www.yousanusb.com\/wp-content\/uploads\/2025\/11\/Peppa-Pig-USB-Drive-manufacturer-300x300.jpg 300w, https:\/\/www.yousanusb.com\/wp-content\/uploads\/2025\/11\/Peppa-Pig-USB-Drive-manufacturer-150x150.jpg 150w, https:\/\/www.yousanusb.com\/wp-content\/uploads\/2025\/11\/Peppa-Pig-USB-Drive-manufacturer-12x12.jpg 12w, https:\/\/www.yousanusb.com\/wp-content\/uploads\/2025\/11\/Peppa-Pig-USB-Drive-manufacturer-600x600.jpg 600w, https:\/\/www.yousanusb.com\/wp-content\/uploads\/2025\/11\/Peppa-Pig-USB-Drive-manufacturer-100x100.jpg 100w\" sizes=\"(max-width: 750px) 100vw, 750px\" \/><\/figure>\n<\/div>\n<\/div>\n\n\n\n<p>Grazie alle sue dimensioni compatte, pu\u00f2 essere utilizzato come portachiavi o come ciondolo per la borsa, consentendo a \"Peppa\" di aggiungere accenti adorabili ai vostri abiti e agli accessori quotidiani in qualsiasi momento e ovunque.<\/p>\n\n\n\n<div class=\"wp-block-columns is-layout-flex wp-container-core-columns-is-layout-2 wp-block-columns-is-layout-flex\">\n<div class=\"wp-block-column is-layout-flow wp-block-column-is-layout-flow\">\n<figure class=\"wp-block-image size-full\"><img decoding=\"async\" width=\"750\" height=\"750\" src=\"https:\/\/www.yousanusb.com\/wp-content\/uploads\/2025\/11\/pink-Peppa-Pig-USB-Drive.jpg\" alt=\"\" class=\"wp-image-23919\" srcset=\"https:\/\/www.yousanusb.com\/wp-content\/uploads\/2025\/11\/pink-Peppa-Pig-USB-Drive.jpg 750w, https:\/\/www.yousanusb.com\/wp-content\/uploads\/2025\/11\/pink-Peppa-Pig-USB-Drive-300x300.jpg 300w, https:\/\/www.yousanusb.com\/wp-content\/uploads\/2025\/11\/pink-Peppa-Pig-USB-Drive-150x150.jpg 150w, https:\/\/www.yousanusb.com\/wp-content\/uploads\/2025\/11\/pink-Peppa-Pig-USB-Drive-12x12.jpg 12w, https:\/\/www.yousanusb.com\/wp-content\/uploads\/2025\/11\/pink-Peppa-Pig-USB-Drive-600x600.jpg 600w, https:\/\/www.yousanusb.com\/wp-content\/uploads\/2025\/11\/pink-Peppa-Pig-USB-Drive-100x100.jpg 100w\" sizes=\"(max-width: 750px) 100vw, 750px\" \/><\/figure>\n<\/div>\n\n\n\n<div class=\"wp-block-column is-layout-flow wp-block-column-is-layout-flow\">\n<figure class=\"wp-block-image size-full\"><img loading=\"lazy\" decoding=\"async\" width=\"750\" height=\"750\" src=\"https:\/\/www.yousanusb.com\/wp-content\/uploads\/2025\/11\/cartoon-Peppa-Pig-USB-Drive.jpg\" alt=\"\" class=\"wp-image-23915\" srcset=\"https:\/\/www.yousanusb.com\/wp-content\/uploads\/2025\/11\/cartoon-Peppa-Pig-USB-Drive.jpg 750w, https:\/\/www.yousanusb.com\/wp-content\/uploads\/2025\/11\/cartoon-Peppa-Pig-USB-Drive-300x300.jpg 300w, https:\/\/www.yousanusb.com\/wp-content\/uploads\/2025\/11\/cartoon-Peppa-Pig-USB-Drive-150x150.jpg 150w, https:\/\/www.yousanusb.com\/wp-content\/uploads\/2025\/11\/cartoon-Peppa-Pig-USB-Drive-12x12.jpg 12w, https:\/\/www.yousanusb.com\/wp-content\/uploads\/2025\/11\/cartoon-Peppa-Pig-USB-Drive-600x600.jpg 600w, https:\/\/www.yousanusb.com\/wp-content\/uploads\/2025\/11\/cartoon-Peppa-Pig-USB-Drive-100x100.jpg 100w\" sizes=\"(max-width: 750px) 100vw, 750px\" \/><\/figure>\n<\/div>\n<\/div>\n\n\n\n<p>Come unit\u00e0 USB, supporta il trasferimento di dati ad alta velocit\u00e0 ed \u00e8 compatibile con i sistemi pi\u00f9 diffusi, come Windows e Mac. Che si tratti di materiale di studio, documenti di lavoro, risorse video o risorse creative, \u00e8 in grado di gestire l'archiviazione con facilit\u00e0.<\/p>","protected":false},"excerpt":{"rendered":"<ul>\n<li>Peppa Pig ip<\/li>\n<li>Unit\u00e0 flash USB a cartoni animati<\/li>\n<li>Materiale PVC<\/li>\n<li>Design 2D<\/li>\n<li>Logo personalizzato<\/li>\n<\/ul>","protected":false},"featured_media":23918,"comment_status":"open","ping_status":"closed","template":"","meta":{"_seopress_robots_primary_cat":"","_seopress_titles_title":"Peppa Pig USB Flash Drive","_seopress_titles_desc":"This Peppa Pig USB drive cleverly combines a beloved cartoon IP with practical storage functionality. The IP design is faithfully reproduced: Based on the classic cartoon character Peppa Pig","_seopress_robots_index":""},"class_list":["post-23912","product","type-product","status-publish","has-post-thumbnail","hentry","product_cat-custom-usb-drive"],"_links":{"self":[{"href":"https:\/\/www.yousanusb.com\/it\/wp-json\/wp\/v2\/product\/23912"}],"collection":[{"href":"https:\/\/www.yousanusb.com\/it\/wp-json\/wp\/v2\/product"}],"about":[{"href":"https:\/\/www.yousanusb.com\/it\/wp-json\/wp\/v2\/types\/product"}],"replies":[{"embeddable":true,"href":"https:\/\/www.yousanusb.com\/it\/wp-json\/wp\/v2\/comments?post=23912"}],"wp:featuredmedia":[{"embeddable":true,"href":"https:\/\/www.yousanusb.com\/it\/wp-json\/wp\/v2\/media\/23918"}],"wp:attachment":[{"href":"https:\/\/www.yousanusb.com\/it\/wp-json\/wp\/v2\/media?parent=23912"}],"curies":[{"name":"wp","href":"https:\/\/api.w.org\/{rel}","templated":true}]}}