{"id":23939,"date":"2025-11-11T01:42:17","date_gmt":"2025-11-11T01:42:17","guid":{"rendered":"https:\/\/www.yousanusb.com\/?post_type=product&#038;p=23939"},"modified":"2025-12-27T03:07:55","modified_gmt":"2025-12-27T03:07:55","slug":"wooden-clip-crystal-usb-flash-drive","status":"publish","type":"product","link":"https:\/\/www.yousanusb.com\/it\/prodotto\/wooden-clip-crystal-usb-flash-drive\/","title":{"rendered":"Clip in legno Unit\u00e0 flash USB in cristallo"},"content":{"rendered":"<div class=\"wp-block-columns is-layout-flex wp-container-core-columns-is-layout-1 wp-block-columns-is-layout-flex\">\n<div class=\"wp-block-column is-vertically-aligned-center is-layout-flow wp-block-column-is-layout-flow\">\n<p>La chiavetta USB Wooden Crystal combina un cappuccio in legno massiccio naturale con un corpo in cristallo ad alta trasparenza, offrendo una calda esperienza con una pratica funzionalit\u00e0.<\/p>\n\n\n\n<p>Tappi in legno massiccio Realizzati con cinque legni naturali di prima qualit\u00e0, ciascuno con venature e tonalit\u00e0 distintive: Noce (marrone scuro), Ciliegio (marrone caldo), Acero (beige chiaro), Rovere (tonalit\u00e0 del legno chiaro), Bamb\u00f9 (giallo chiaro).<\/p>\n\n\n\n<p> Ogni legno \u00e8 sottoposto a un triplo trattamento di disidratazione, levigatura e lucidatura per preservarne le venature naturali e la consistenza liscia. Ecologico e privo di odori.<\/p>\n\n\n\n<p><\/p>\n<\/div>\n\n\n\n<div class=\"wp-block-column is-layout-flow wp-block-column-is-layout-flow\">\n<figure class=\"wp-block-image size-full\"><img fetchpriority=\"high\" decoding=\"async\" width=\"800\" height=\"800\" src=\"https:\/\/www.yousanusb.com\/wp-content\/uploads\/2025\/11\/wood-clip-crystal-usb-flash-drive.jpg\" alt=\"\" class=\"wp-image-23948\" srcset=\"https:\/\/www.yousanusb.com\/wp-content\/uploads\/2025\/11\/wood-clip-crystal-usb-flash-drive.jpg 800w, https:\/\/www.yousanusb.com\/wp-content\/uploads\/2025\/11\/wood-clip-crystal-usb-flash-drive-300x300.jpg 300w, https:\/\/www.yousanusb.com\/wp-content\/uploads\/2025\/11\/wood-clip-crystal-usb-flash-drive-150x150.jpg 150w, https:\/\/www.yousanusb.com\/wp-content\/uploads\/2025\/11\/wood-clip-crystal-usb-flash-drive-768x768.jpg 768w, https:\/\/www.yousanusb.com\/wp-content\/uploads\/2025\/11\/wood-clip-crystal-usb-flash-drive-12x12.jpg 12w, https:\/\/www.yousanusb.com\/wp-content\/uploads\/2025\/11\/wood-clip-crystal-usb-flash-drive-600x600.jpg 600w, https:\/\/www.yousanusb.com\/wp-content\/uploads\/2025\/11\/wood-clip-crystal-usb-flash-drive-100x100.jpg 100w\" sizes=\"(max-width: 800px) 100vw, 800px\" \/><\/figure>\n<\/div>\n<\/div>\n\n\n\n<div class=\"wp-block-columns is-layout-flex wp-container-core-columns-is-layout-2 wp-block-columns-is-layout-flex\">\n<div class=\"wp-block-column is-layout-flow wp-block-column-is-layout-flow\">\n<figure class=\"wp-block-image size-full\"><img decoding=\"async\" width=\"800\" height=\"800\" src=\"https:\/\/www.yousanusb.com\/wp-content\/uploads\/2025\/11\/wholesale-acrylic-usb-flash-drives.jpg\" alt=\"\" class=\"wp-image-23947\" srcset=\"https:\/\/www.yousanusb.com\/wp-content\/uploads\/2025\/11\/wholesale-acrylic-usb-flash-drives.jpg 800w, https:\/\/www.yousanusb.com\/wp-content\/uploads\/2025\/11\/wholesale-acrylic-usb-flash-drives-300x300.jpg 300w, https:\/\/www.yousanusb.com\/wp-content\/uploads\/2025\/11\/wholesale-acrylic-usb-flash-drives-150x150.jpg 150w, https:\/\/www.yousanusb.com\/wp-content\/uploads\/2025\/11\/wholesale-acrylic-usb-flash-drives-768x768.jpg 768w, https:\/\/www.yousanusb.com\/wp-content\/uploads\/2025\/11\/wholesale-acrylic-usb-flash-drives-12x12.jpg 12w, https:\/\/www.yousanusb.com\/wp-content\/uploads\/2025\/11\/wholesale-acrylic-usb-flash-drives-600x600.jpg 600w, https:\/\/www.yousanusb.com\/wp-content\/uploads\/2025\/11\/wholesale-acrylic-usb-flash-drives-100x100.jpg 100w\" sizes=\"(max-width: 800px) 100vw, 800px\" \/><\/figure>\n<\/div>\n\n\n\n<div class=\"wp-block-column is-vertically-aligned-center is-layout-flow wp-block-column-is-layout-flow\">\n<h2 class=\"wp-block-heading\">Logo personalizzato<\/h2>\n\n\n\n<p>Supporta la personalizzazione di loghi aziendali, firme personali e design esclusivi per regali aziendali, promozione del marchio, collezioni personali e altro ancora.<\/p>\n\n\n\n<p>Processo di personalizzazione:<\/p>\n\n\n\n<ul class=\"wp-block-list\">\n<li>Estremit\u00e0 in legno massiccio: Incisione laser con una profondit\u00e0 di 0,1-0,2 mm, che fonde perfettamente i loghi con le venature del legno (i loghi chiari sono consigliati per il legno scuro, quelli scuri per il legno chiaro per migliorare il contrasto).<\/li>\n\n\n\n<li>Fine del cristallo: Scegliete tra l'incisione laser 3D (logo sospeso all'interno del cristallo per una forte dimensionalit\u00e0 e un mantenimento permanente) o la serigrafia superficiale (colori vivaci, ideale per design minimalisti).<\/li>\n<\/ul>\n\n\n\n<p>Processo di giunzione: L'incollaggio ecologico \u00e8 sottoposto a test di polimerizzazione a temperatura costante (resistenza alla trazione \u226550N), per garantire la durata contro l'usura quotidiana.<\/p>\n<\/div>\n<\/div>\n\n\n\n<h2 class=\"wp-block-heading\">Quali sono i tipi di scatole da imballaggio disponibili?<\/h2>\n\n\n\n<p>Sono disponibili due tipi di confezioni per le unit\u00e0 USB. 1.) Un'elegante confezione regalo nera opaca. 2.) Una confezione regalo personalizzata in legno massiccio che si adatta alla tonalit\u00e0 del legno della vostra unit\u00e0 USB.<\/p>\n\n\n\n<p>La confezione regalo nera opaca offre un cuscino in schiuma ad alta densit\u00e0 all'interno, in modo da garantire un prodotto imbottito al momento della ricezione. L'esterno della confezione regalo pu\u00f2 essere stampato in lamina d'oro o in rilievo con il nome del vostro marchio, per un aspetto molto raffinato.<\/p>\n\n\n\n<p>La confezione regalo personalizzata in legno massiccio (ad esempio, USB in noce con scatola in noce) presenta una finitura levigata e oliata per adattarsi al motivo delle venature della chiavetta USB, fornendo una texture uniforme. Inoltre, l'interno della scatola sar\u00e0 rivestito di velluto e il logo sar\u00e0 serigrafato su misura sulla parte superiore della scatola, per un'esperienza \"all-wood\" di alto livello.<\/p>\n\n\n\n<div class=\"wp-block-columns is-layout-flex wp-container-core-columns-is-layout-3 wp-block-columns-is-layout-flex\">\n<div class=\"wp-block-column is-layout-flow wp-block-column-is-layout-flow\"><div class=\"wp-block-image\">\n<figure class=\"aligncenter size-full\"><img decoding=\"async\" width=\"800\" height=\"800\" src=\"https:\/\/www.yousanusb.com\/wp-content\/uploads\/2025\/11\/crystal-usb-flash-drive-1.jpg\" alt=\"\" class=\"wp-image-23951\" srcset=\"https:\/\/www.yousanusb.com\/wp-content\/uploads\/2025\/11\/crystal-usb-flash-drive-1.jpg 800w, https:\/\/www.yousanusb.com\/wp-content\/uploads\/2025\/11\/crystal-usb-flash-drive-1-300x300.jpg 300w, https:\/\/www.yousanusb.com\/wp-content\/uploads\/2025\/11\/crystal-usb-flash-drive-1-150x150.jpg 150w, https:\/\/www.yousanusb.com\/wp-content\/uploads\/2025\/11\/crystal-usb-flash-drive-1-768x768.jpg 768w, https:\/\/www.yousanusb.com\/wp-content\/uploads\/2025\/11\/crystal-usb-flash-drive-1-12x12.jpg 12w, https:\/\/www.yousanusb.com\/wp-content\/uploads\/2025\/11\/crystal-usb-flash-drive-1-600x600.jpg 600w, https:\/\/www.yousanusb.com\/wp-content\/uploads\/2025\/11\/crystal-usb-flash-drive-1-100x100.jpg 100w\" sizes=\"(max-width: 800px) 100vw, 800px\" \/><figcaption class=\"wp-element-caption\">confezione regalo nera opaca<\/figcaption><\/figure><\/div><\/div>\n\n\n\n<div class=\"wp-block-column is-layout-flow wp-block-column-is-layout-flow\"><div class=\"wp-block-image\">\n<figure class=\"aligncenter size-full\"><img loading=\"lazy\" decoding=\"async\" width=\"800\" height=\"800\" src=\"https:\/\/www.yousanusb.com\/wp-content\/uploads\/2025\/11\/wood-package-for-crystal-usb-drive.jpg\" alt=\"\" class=\"wp-image-23952\" srcset=\"https:\/\/www.yousanusb.com\/wp-content\/uploads\/2025\/11\/wood-package-for-crystal-usb-drive.jpg 800w, https:\/\/www.yousanusb.com\/wp-content\/uploads\/2025\/11\/wood-package-for-crystal-usb-drive-300x300.jpg 300w, https:\/\/www.yousanusb.com\/wp-content\/uploads\/2025\/11\/wood-package-for-crystal-usb-drive-150x150.jpg 150w, https:\/\/www.yousanusb.com\/wp-content\/uploads\/2025\/11\/wood-package-for-crystal-usb-drive-768x768.jpg 768w, https:\/\/www.yousanusb.com\/wp-content\/uploads\/2025\/11\/wood-package-for-crystal-usb-drive-12x12.jpg 12w, https:\/\/www.yousanusb.com\/wp-content\/uploads\/2025\/11\/wood-package-for-crystal-usb-drive-600x600.jpg 600w, https:\/\/www.yousanusb.com\/wp-content\/uploads\/2025\/11\/wood-package-for-crystal-usb-drive-100x100.jpg 100w\" sizes=\"(max-width: 800px) 100vw, 800px\" \/><figcaption class=\"wp-element-caption\">pacchetto legno personalizzato<\/figcaption><\/figure><\/div><\/div>\n<\/div>\n\n\n\n<p><\/p>","protected":false},"excerpt":{"rendered":"<ul>\n<li>Clip in legno massiccio naturale<\/li>\n<li>Materiali in cristallo<\/li>\n<li>Capacit\u00e0 da 8 GB a 128 GB<\/li>\n<li>Personalizzazione del logo e del packaging<\/li>\n<li>MOQ: 100 pezzi<\/li>\n<\/ul>","protected":false},"featured_media":23945,"comment_status":"open","ping_status":"closed","template":"","meta":{"_seopress_robots_primary_cat":"none","_seopress_titles_title":"","_seopress_titles_desc":"","_seopress_robots_index":""},"class_list":["post-23939","product","type-product","status-publish","has-post-thumbnail","hentry","product_cat-crystal-led-usb-flash-drive"],"_links":{"self":[{"href":"https:\/\/www.yousanusb.com\/it\/wp-json\/wp\/v2\/product\/23939"}],"collection":[{"href":"https:\/\/www.yousanusb.com\/it\/wp-json\/wp\/v2\/product"}],"about":[{"href":"https:\/\/www.yousanusb.com\/it\/wp-json\/wp\/v2\/types\/product"}],"replies":[{"embeddable":true,"href":"https:\/\/www.yousanusb.com\/it\/wp-json\/wp\/v2\/comments?post=23939"}],"wp:featuredmedia":[{"embeddable":true,"href":"https:\/\/www.yousanusb.com\/it\/wp-json\/wp\/v2\/media\/23945"}],"wp:attachment":[{"href":"https:\/\/www.yousanusb.com\/it\/wp-json\/wp\/v2\/media?parent=23939"}],"curies":[{"name":"wp","href":"https:\/\/api.w.org\/{rel}","templated":true}]}}