{"id":23961,"date":"2025-11-11T06:22:42","date_gmt":"2025-11-11T06:22:42","guid":{"rendered":"https:\/\/www.yousanusb.com\/?post_type=product&#038;p=23961"},"modified":"2025-12-27T03:03:39","modified_gmt":"2025-12-27T03:03:39","slug":"custom-diamond-crystal-usb-drive","status":"publish","type":"product","link":"https:\/\/www.yousanusb.com\/it\/prodotto\/custom-diamond-crystal-usb-drive\/","title":{"rendered":"Unit\u00e0 USB personalizzata in cristallo diamantato"},"content":{"rendered":"<div class=\"wp-block-columns is-layout-flex wp-container-core-columns-is-layout-1 wp-block-columns-is-layout-flex\">\n<div class=\"wp-block-column is-layout-flow wp-block-column-is-layout-flow\">\n<figure class=\"wp-block-image size-full\"><img fetchpriority=\"high\" decoding=\"async\" width=\"800\" height=\"800\" src=\"https:\/\/www.yousanusb.com\/wp-content\/uploads\/2025\/11\/custom-diamond-shaped-USB-flash-Drive-in-Crystal-Acrylic.jpg\" alt=\"\" class=\"wp-image-23965\" srcset=\"https:\/\/www.yousanusb.com\/wp-content\/uploads\/2025\/11\/custom-diamond-shaped-USB-flash-Drive-in-Crystal-Acrylic.jpg 800w, https:\/\/www.yousanusb.com\/wp-content\/uploads\/2025\/11\/custom-diamond-shaped-USB-flash-Drive-in-Crystal-Acrylic-300x300.jpg 300w, https:\/\/www.yousanusb.com\/wp-content\/uploads\/2025\/11\/custom-diamond-shaped-USB-flash-Drive-in-Crystal-Acrylic-150x150.jpg 150w, https:\/\/www.yousanusb.com\/wp-content\/uploads\/2025\/11\/custom-diamond-shaped-USB-flash-Drive-in-Crystal-Acrylic-768x768.jpg 768w, https:\/\/www.yousanusb.com\/wp-content\/uploads\/2025\/11\/custom-diamond-shaped-USB-flash-Drive-in-Crystal-Acrylic-12x12.jpg 12w, https:\/\/www.yousanusb.com\/wp-content\/uploads\/2025\/11\/custom-diamond-shaped-USB-flash-Drive-in-Crystal-Acrylic-600x600.jpg 600w, https:\/\/www.yousanusb.com\/wp-content\/uploads\/2025\/11\/custom-diamond-shaped-USB-flash-Drive-in-Crystal-Acrylic-100x100.jpg 100w\" sizes=\"(max-width: 800px) 100vw, 800px\" \/><\/figure>\n<\/div>\n\n\n\n<div class=\"wp-block-column is-vertically-aligned-center is-layout-flow wp-block-column-is-layout-flow\">\n<p>Questa straordinaria unit\u00e0 USB \u00e8 un cristallo di diamante con bellissime sfaccettature che possono essere trovate in colori trasparenti, blu e altri. L'unit\u00e0 USB in cristallo di diamante \u00e8 una scelta perfetta per i regali d'affari o per l'uso quotidiano. <\/p>\n\n\n\n<p>Il design del corpo diviso contiene un cappuccio metallico che protegge il connettore dall'usura e un'illuminazione integrata per aumentare l'esposizione del marchio.<\/p>\n<\/div>\n<\/div>\n\n\n\n<div class=\"wp-block-columns is-layout-flex wp-container-core-columns-is-layout-2 wp-block-columns-is-layout-flex\">\n<div class=\"wp-block-column is-vertically-aligned-center is-layout-flow wp-block-column-is-layout-flow\">\n<p>Questa chiavetta USB \u00e8 dotata di loghi personalizzabili incisi al laser su entrambe le custodie, in cristallo e in metallo. L'incisione laser garantisce una durata e una resistenza all'usura superiori, mentre l'aggiunta della tecnologia luminosa al logo consente una visibilit\u00e0 estremamente luminosa.<\/p>\n\n\n\n<p>In questo modo si creano due opzioni: Una per la visualizzazione dei loghi aziendali a scopo di branding e un'altra per l'uso individuale, con l'aggiunta di vari simboli per rappresentare la propriet\u00e0.<\/p>\n<\/div>\n\n\n\n<div class=\"wp-block-column is-layout-flow wp-block-column-is-layout-flow\">\n<figure class=\"wp-block-image size-full\"><img decoding=\"async\" width=\"800\" height=\"800\" src=\"https:\/\/www.yousanusb.com\/wp-content\/uploads\/2025\/11\/custom-diamond-Shaped-Crystal-USB-Flash-Drive-logo.jpg\" alt=\"\" class=\"wp-image-23964\" srcset=\"https:\/\/www.yousanusb.com\/wp-content\/uploads\/2025\/11\/custom-diamond-Shaped-Crystal-USB-Flash-Drive-logo.jpg 800w, https:\/\/www.yousanusb.com\/wp-content\/uploads\/2025\/11\/custom-diamond-Shaped-Crystal-USB-Flash-Drive-logo-300x300.jpg 300w, https:\/\/www.yousanusb.com\/wp-content\/uploads\/2025\/11\/custom-diamond-Shaped-Crystal-USB-Flash-Drive-logo-150x150.jpg 150w, https:\/\/www.yousanusb.com\/wp-content\/uploads\/2025\/11\/custom-diamond-Shaped-Crystal-USB-Flash-Drive-logo-768x768.jpg 768w, https:\/\/www.yousanusb.com\/wp-content\/uploads\/2025\/11\/custom-diamond-Shaped-Crystal-USB-Flash-Drive-logo-12x12.jpg 12w, https:\/\/www.yousanusb.com\/wp-content\/uploads\/2025\/11\/custom-diamond-Shaped-Crystal-USB-Flash-Drive-logo-600x600.jpg 600w, https:\/\/www.yousanusb.com\/wp-content\/uploads\/2025\/11\/custom-diamond-Shaped-Crystal-USB-Flash-Drive-logo-100x100.jpg 100w\" sizes=\"(max-width: 800px) 100vw, 800px\" \/><\/figure>\n<\/div>\n<\/div>\n\n\n\n<p>L'unit\u00e0 flash USB \u00e8 inoltre dotata di un connettore USB standard, il che significa che avr\u00e0 capacit\u00e0 di lettura\/scrittura veloci (ad alta velocit\u00e0) e sar\u00e0 compatibile in modo nativo con Windows, Mac e altre fonti di sistemi operativi che si renderanno disponibili.<\/p>\n\n\n\n<p>Plug and play significa che non ci sono driver da installare; \u00e8 sufficiente collegare la chiavetta e godersi tutti i trasferimenti di file e i backup veloci di cui si ha bisogno in ambienti di lavoro e di studio!<\/p>","protected":false},"excerpt":{"rendered":"<ul>\n<li>A forma di diamante<\/li>\n<li>Lega di alluminio<\/li>\n<li>Materiale metallico<\/li>\n<li>LOGO con luce LED<\/li>\n<li>MOQ: 100pcs<\/li>\n<\/ul>","protected":false},"featured_media":23968,"comment_status":"open","ping_status":"closed","template":"","meta":{"_seopress_robots_primary_cat":"none","_seopress_titles_title":"","_seopress_titles_desc":"","_seopress_robots_index":""},"class_list":["post-23961","product","type-product","status-publish","has-post-thumbnail","hentry","product_cat-crystal-led-usb-flash-drive"],"_links":{"self":[{"href":"https:\/\/www.yousanusb.com\/it\/wp-json\/wp\/v2\/product\/23961"}],"collection":[{"href":"https:\/\/www.yousanusb.com\/it\/wp-json\/wp\/v2\/product"}],"about":[{"href":"https:\/\/www.yousanusb.com\/it\/wp-json\/wp\/v2\/types\/product"}],"replies":[{"embeddable":true,"href":"https:\/\/www.yousanusb.com\/it\/wp-json\/wp\/v2\/comments?post=23961"}],"wp:featuredmedia":[{"embeddable":true,"href":"https:\/\/www.yousanusb.com\/it\/wp-json\/wp\/v2\/media\/23968"}],"wp:attachment":[{"href":"https:\/\/www.yousanusb.com\/it\/wp-json\/wp\/v2\/media?parent=23961"}],"curies":[{"name":"wp","href":"https:\/\/api.w.org\/{rel}","templated":true}]}}