{"id":24011,"date":"2025-11-12T09:27:44","date_gmt":"2025-11-12T09:27:44","guid":{"rendered":"https:\/\/www.yousanusb.com\/?post_type=product&#038;p=24011"},"modified":"2025-11-13T06:25:35","modified_gmt":"2025-11-13T06:25:35","slug":"aluminum-alloy-portable-hard-drivessd","status":"publish","type":"product","link":"https:\/\/www.yousanusb.com\/it\/prodotto\/aluminum-alloy-portable-hard-drivessd\/","title":{"rendered":"Disco rigido portatile in lega di alluminio (SSD)"},"content":{"rendered":"<div class=\"wp-block-columns is-layout-flex wp-container-core-columns-is-layout-1 wp-block-columns-is-layout-flex\">\n<div class=\"wp-block-column is-layout-flow wp-block-column-is-layout-flow\">\n<figure class=\"wp-block-image size-full\"><img fetchpriority=\"high\" decoding=\"async\" width=\"800\" height=\"800\" src=\"https:\/\/www.yousanusb.com\/wp-content\/uploads\/2025\/11\/custom-Carbon-Fiber-Texture-Metal-Portable-Hard-Drive.jpg\" alt=\"\" class=\"wp-image-24015\" srcset=\"https:\/\/www.yousanusb.com\/wp-content\/uploads\/2025\/11\/custom-Carbon-Fiber-Texture-Metal-Portable-Hard-Drive.jpg 800w, https:\/\/www.yousanusb.com\/wp-content\/uploads\/2025\/11\/custom-Carbon-Fiber-Texture-Metal-Portable-Hard-Drive-300x300.jpg 300w, https:\/\/www.yousanusb.com\/wp-content\/uploads\/2025\/11\/custom-Carbon-Fiber-Texture-Metal-Portable-Hard-Drive-150x150.jpg 150w, https:\/\/www.yousanusb.com\/wp-content\/uploads\/2025\/11\/custom-Carbon-Fiber-Texture-Metal-Portable-Hard-Drive-768x768.jpg 768w, https:\/\/www.yousanusb.com\/wp-content\/uploads\/2025\/11\/custom-Carbon-Fiber-Texture-Metal-Portable-Hard-Drive-12x12.jpg 12w, https:\/\/www.yousanusb.com\/wp-content\/uploads\/2025\/11\/custom-Carbon-Fiber-Texture-Metal-Portable-Hard-Drive-600x600.jpg 600w, https:\/\/www.yousanusb.com\/wp-content\/uploads\/2025\/11\/custom-Carbon-Fiber-Texture-Metal-Portable-Hard-Drive-100x100.jpg 100w\" sizes=\"(max-width: 800px) 100vw, 800px\" \/><\/figure>\n<\/div>\n\n\n\n<div class=\"wp-block-column is-vertically-aligned-center is-layout-flow wp-block-column-is-layout-flow\">\n<p>Questo prodotto \u00e8 un'unit\u00e0 portatile a stato solido (SSD) in lega di alluminio con un design a sandwich superiore e inferiore: il coperchio superiore vanta una texture in fibra di carbonio, mentre il telaio inferiore \u00e8 realizzato in lega di alluminio. <\/p>\n\n\n\n<p>La sua forma minimalista e la sua texture pregiata lo fanno risaltare. Con dimensioni di 95,75 x 44,6 x 8,9 mm e un peso di soli 32 grammi, \u00e8 compatto e leggero per essere trasportato facilmente ogni giorno.<\/p>\n\n\n\n<p>Le superfici dei prodotti supportano loghi personalizzati o slogan aziendali, rendendoli adatti a regali aziendali, promozione del marchio e scenari simili. Le opzioni di colore includono il blu, il grigio e l'argento per soddisfare le diverse preferenze.<\/p>\n<\/div>\n<\/div>\n\n\n\n<div class=\"wp-block-columns is-layout-flex wp-container-core-columns-is-layout-2 wp-block-columns-is-layout-flex\">\n<div class=\"wp-block-column is-vertically-aligned-center is-layout-flow wp-block-column-is-layout-flow\">\n<p>In termini di prestazioni, \u00e8 dotato di un'interfaccia USB 3.2 Gen 2 con velocit\u00e0 di lettura fino a 550 MB\/s e velocit\u00e0 di scrittura di circa 500 MB\/s, che consente un trasferimento efficiente di video ad alta definizione, documenti di grandi dimensioni e altri file.<\/p>\n\n\n\n<p>Senza componenti meccanici, l'unit\u00e0 SSD offre una robusta resistenza agli urti e alle cadute per una maggiore stabilit\u00e0 di archiviazione dei dati. Compatibile con i principali sistemi Windows e Mac, si collega senza problemi a computer, tablet e smartphone per un utilizzo versatile in pi\u00f9 scenari.<\/p>\n\n\n\n<p>Il supporto dei comandi TRIM ottimizza le prestazioni di lettura\/scrittura e prolunga la durata delle unit\u00e0, soddisfacendo le esigenze di archiviazione professionale per l'uso personale quotidiano e le applicazioni aziendali.<\/p>\n\n\n\n<p>Questa unit\u00e0 SSD \u00e8 compatibile con computer, iPad e smartphone, ed \u00e8 quindi ideale per il trasferimento di file sui computer dell'ufficio, per l'archiviazione dei dati sui tablet e per la sincronizzazione delle informazioni sui dispositivi mobili, per soddisfare le esigenze di archiviazione quotidiane su pi\u00f9 dispositivi.<\/p>\n<\/div>\n\n\n\n<div class=\"wp-block-column is-layout-flow wp-block-column-is-layout-flow\">\n<figure class=\"wp-block-image size-large\"><img decoding=\"async\" width=\"733\" height=\"1024\" src=\"https:\/\/www.yousanusb.com\/wp-content\/uploads\/2025\/11\/Protable-Hard-Drive-733x1024.jpg\" alt=\"\" class=\"wp-image-24017\" srcset=\"https:\/\/www.yousanusb.com\/wp-content\/uploads\/2025\/11\/Protable-Hard-Drive-733x1024.jpg 733w, https:\/\/www.yousanusb.com\/wp-content\/uploads\/2025\/11\/Protable-Hard-Drive-215x300.jpg 215w, https:\/\/www.yousanusb.com\/wp-content\/uploads\/2025\/11\/Protable-Hard-Drive-768x1073.jpg 768w, https:\/\/www.yousanusb.com\/wp-content\/uploads\/2025\/11\/Protable-Hard-Drive-9x12.jpg 9w, https:\/\/www.yousanusb.com\/wp-content\/uploads\/2025\/11\/Protable-Hard-Drive-600x838.jpg 600w, https:\/\/www.yousanusb.com\/wp-content\/uploads\/2025\/11\/Protable-Hard-Drive.jpg 790w\" sizes=\"(max-width: 733px) 100vw, 733px\" \/><\/figure>\n<\/div>\n<\/div>","protected":false},"excerpt":{"rendered":"<ul>\n<li>Supporta contenuti di superficie personalizzabili<\/li>\n<li>Tre opzioni di colore per soddisfare le preferenze<\/li>\n<li>Trasferimento ad alta velocit\u00e0 USB 3.2 Gen 2<\/li>\n<li>Compatibilit\u00e0 multi-device cross-system<\/li>\n<li>MOQ: 10pcs<\/li>\n<\/ul>","protected":false},"featured_media":24014,"comment_status":"open","ping_status":"closed","template":"","meta":{"_seopress_robots_primary_cat":"","_seopress_titles_title":"","_seopress_titles_desc":"","_seopress_robots_index":""},"class_list":["post-24011","product","type-product","status-publish","has-post-thumbnail","hentry","product_cat-portable-hard-drive"],"_links":{"self":[{"href":"https:\/\/www.yousanusb.com\/it\/wp-json\/wp\/v2\/product\/24011"}],"collection":[{"href":"https:\/\/www.yousanusb.com\/it\/wp-json\/wp\/v2\/product"}],"about":[{"href":"https:\/\/www.yousanusb.com\/it\/wp-json\/wp\/v2\/types\/product"}],"replies":[{"embeddable":true,"href":"https:\/\/www.yousanusb.com\/it\/wp-json\/wp\/v2\/comments?post=24011"}],"wp:featuredmedia":[{"embeddable":true,"href":"https:\/\/www.yousanusb.com\/it\/wp-json\/wp\/v2\/media\/24014"}],"wp:attachment":[{"href":"https:\/\/www.yousanusb.com\/it\/wp-json\/wp\/v2\/media?parent=24011"}],"curies":[{"name":"wp","href":"https:\/\/api.w.org\/{rel}","templated":true}]}}