{"id":24086,"date":"2025-11-13T11:12:12","date_gmt":"2025-11-13T11:12:12","guid":{"rendered":"https:\/\/www.yousanusb.com\/?post_type=product&#038;p=24086"},"modified":"2025-11-13T13:15:23","modified_gmt":"2025-11-13T13:15:23","slug":"fan-cooled-nvme-m-2-portable-ssd","status":"publish","type":"product","link":"https:\/\/www.yousanusb.com\/it\/prodotto\/fan-cooled-nvme-m-2-portable-ssd\/","title":{"rendered":"SSD portatile NVMe M.2 raffreddato a ventola"},"content":{"rendered":"<div class=\"wp-block-columns is-layout-flex wp-container-core-columns-is-layout-1 wp-block-columns-is-layout-flex\">\n<div class=\"wp-block-column is-layout-flow wp-block-column-is-layout-flow\">\n<figure class=\"wp-block-image size-full\"><img fetchpriority=\"high\" decoding=\"async\" width=\"800\" height=\"800\" src=\"https:\/\/www.yousanusb.com\/wp-content\/uploads\/2025\/11\/Custom-Fan-Cooled-NVMe-M.2-Portable-SSD.png\" alt=\"\" class=\"wp-image-24092\" srcset=\"https:\/\/www.yousanusb.com\/wp-content\/uploads\/2025\/11\/Custom-Fan-Cooled-NVMe-M.2-Portable-SSD.png 800w, https:\/\/www.yousanusb.com\/wp-content\/uploads\/2025\/11\/Custom-Fan-Cooled-NVMe-M.2-Portable-SSD-300x300.png 300w, https:\/\/www.yousanusb.com\/wp-content\/uploads\/2025\/11\/Custom-Fan-Cooled-NVMe-M.2-Portable-SSD-150x150.png 150w, https:\/\/www.yousanusb.com\/wp-content\/uploads\/2025\/11\/Custom-Fan-Cooled-NVMe-M.2-Portable-SSD-768x768.png 768w, https:\/\/www.yousanusb.com\/wp-content\/uploads\/2025\/11\/Custom-Fan-Cooled-NVMe-M.2-Portable-SSD-12x12.png 12w, https:\/\/www.yousanusb.com\/wp-content\/uploads\/2025\/11\/Custom-Fan-Cooled-NVMe-M.2-Portable-SSD-600x600.png 600w, https:\/\/www.yousanusb.com\/wp-content\/uploads\/2025\/11\/Custom-Fan-Cooled-NVMe-M.2-Portable-SSD-100x100.png 100w\" sizes=\"(max-width: 800px) 100vw, 800px\" \/><\/figure>\n<\/div>\n\n\n\n<div class=\"wp-block-column is-vertically-aligned-center is-layout-flow wp-block-column-is-layout-flow\">\n<h2 class=\"wp-block-heading\">Design e materiali<\/h2>\n\n\n\n<p>Questo prodotto \u00e8 un disco rigido portatile a stato solido NVMe M.2 costruito in lega di alluminio + materiale composito ABS: la base in lega di alluminio migliora le prestazioni fondamentali di dissipazione del calore, mentre l'ABS garantisce una struttura leggera e una protezione quotidiana. <\/p>\n\n\n\n<p>L'esterno \u00e8 dotato di una griglia di dissipazione del calore e di un indicatore luminoso dello stato di funzionamento. La struttura interna \u00e8 conforme alle specifiche di installazione delle unit\u00e0 M.2, consentendo un montaggio sicuro delle unit\u00e0.<\/p>\n<\/div>\n<\/div>\n\n\n\n<div class=\"wp-block-columns is-layout-flex wp-container-core-columns-is-layout-2 wp-block-columns-is-layout-flex\">\n<div class=\"wp-block-column is-vertically-aligned-center is-layout-flow wp-block-column-is-layout-flow\">\n<h2 class=\"wp-block-heading\">Sistema di dissipazione del calore<\/h2>\n\n\n\n<p>Dispone di una soluzione di raffreddamento doppia con una ventola integrata e una piastra di base in lega di alluminio: La ventola lavora con la griglia per facilitare il flusso d'aria, dissipando rapidamente il calore generato durante le operazioni ad alta velocit\u00e0 delle unit\u00e0 NVMe. <\/p>\n\n\n\n<p>In questo modo si evitano i rallentamenti di trasferimento indotti dal surriscaldamento o i problemi di stabilit\u00e0, rendendolo ideale per scenari di trasferimento dati prolungati e ad alto carico.<\/p>\n<\/div>\n\n\n\n<div class=\"wp-block-column is-layout-flow wp-block-column-is-layout-flow\">\n<figure class=\"wp-block-image size-full\"><img decoding=\"async\" width=\"800\" height=\"800\" src=\"https:\/\/www.yousanusb.com\/wp-content\/uploads\/2025\/11\/built-in-fan-NVMe-M.2-Portable-SSD.jpg\" alt=\"\" class=\"wp-image-24091\" srcset=\"https:\/\/www.yousanusb.com\/wp-content\/uploads\/2025\/11\/built-in-fan-NVMe-M.2-Portable-SSD.jpg 800w, https:\/\/www.yousanusb.com\/wp-content\/uploads\/2025\/11\/built-in-fan-NVMe-M.2-Portable-SSD-300x300.jpg 300w, https:\/\/www.yousanusb.com\/wp-content\/uploads\/2025\/11\/built-in-fan-NVMe-M.2-Portable-SSD-150x150.jpg 150w, https:\/\/www.yousanusb.com\/wp-content\/uploads\/2025\/11\/built-in-fan-NVMe-M.2-Portable-SSD-768x768.jpg 768w, https:\/\/www.yousanusb.com\/wp-content\/uploads\/2025\/11\/built-in-fan-NVMe-M.2-Portable-SSD-12x12.jpg 12w, https:\/\/www.yousanusb.com\/wp-content\/uploads\/2025\/11\/built-in-fan-NVMe-M.2-Portable-SSD-600x600.jpg 600w, https:\/\/www.yousanusb.com\/wp-content\/uploads\/2025\/11\/built-in-fan-NVMe-M.2-Portable-SSD-100x100.jpg 100w\" sizes=\"(max-width: 800px) 100vw, 800px\" \/><\/figure>\n<\/div>\n<\/div>\n\n\n\n<div class=\"wp-block-columns is-layout-flex wp-container-core-columns-is-layout-3 wp-block-columns-is-layout-flex\">\n<div class=\"wp-block-column is-layout-flow wp-block-column-is-layout-flow\">\n<figure class=\"wp-block-image size-full\"><img decoding=\"async\" width=\"800\" height=\"800\" src=\"https:\/\/www.yousanusb.com\/wp-content\/uploads\/2025\/11\/Fan-Cooled-NVMe-M.2-Portable-SSD-factory.jpg\" alt=\"\" class=\"wp-image-24093\" srcset=\"https:\/\/www.yousanusb.com\/wp-content\/uploads\/2025\/11\/Fan-Cooled-NVMe-M.2-Portable-SSD-factory.jpg 800w, https:\/\/www.yousanusb.com\/wp-content\/uploads\/2025\/11\/Fan-Cooled-NVMe-M.2-Portable-SSD-factory-300x300.jpg 300w, https:\/\/www.yousanusb.com\/wp-content\/uploads\/2025\/11\/Fan-Cooled-NVMe-M.2-Portable-SSD-factory-150x150.jpg 150w, https:\/\/www.yousanusb.com\/wp-content\/uploads\/2025\/11\/Fan-Cooled-NVMe-M.2-Portable-SSD-factory-768x768.jpg 768w, https:\/\/www.yousanusb.com\/wp-content\/uploads\/2025\/11\/Fan-Cooled-NVMe-M.2-Portable-SSD-factory-12x12.jpg 12w, https:\/\/www.yousanusb.com\/wp-content\/uploads\/2025\/11\/Fan-Cooled-NVMe-M.2-Portable-SSD-factory-600x600.jpg 600w, https:\/\/www.yousanusb.com\/wp-content\/uploads\/2025\/11\/Fan-Cooled-NVMe-M.2-Portable-SSD-factory-100x100.jpg 100w\" sizes=\"(max-width: 800px) 100vw, 800px\" \/><\/figure>\n<\/div>\n\n\n\n<div class=\"wp-block-column is-vertically-aligned-center is-layout-flow wp-block-column-is-layout-flow\">\n<h2 class=\"wp-block-heading\">Compatibilit\u00e0 professionale<\/h2>\n\n\n\n<p>Questo disco rigido portatile universale NVMe \u00e8 compatibile con le principali unit\u00e0 a stato solido con protocollo M.2 NVMe presenti sul mercato. Supporta la funzionalit\u00e0 plug-and-play ed \u00e8 compatibile con i principali sistemi operativi, tra cui Windows e macOS.<\/p>\n\n\n\n<p>La versione da 10 Gbps \u00e8 ottimizzata per le attivit\u00e0 quotidiane in ufficio e per l'archiviazione di file multimediali, mentre la versione da 20 Gbps \u00e8 progettata per scenari professionali come l'editing video 4K e le operazioni di lettura\/scrittura ad alta velocit\u00e0 per file di ingegneria di grandi dimensioni.<\/p>\n<\/div>\n<\/div>\n\n\n\n<h2 class=\"wp-block-heading\">Versioni e personalizzazione<\/h2>\n\n\n\n<p>Opzioni personalizzabili per velocit\u00e0 di trasmissione dei dati e schemi di colori: Include versioni da 10 Gbps (nero, argento) e 20 Gbps (nero, argento). Scegliete la versione appropriata in base ai requisiti di trasmissione effettivi e alle preferenze estetiche.<\/p>\n\n\n\n<p>Dotato di interfacce ad alta velocit\u00e0, viene fornito con un cavo da USB-A a USB-C e uno da USB-C a USB-C. Questi cavi sono compatibili con le porte USB-A e USB-C di vari dispositivi, eliminando la necessit\u00e0 di cavi aggiuntivi e migliorando la comodit\u00e0 di collegare pi\u00f9 dispositivi.<br><\/p>\n\n\n\n<div class=\"wp-block-columns is-layout-flex wp-container-core-columns-is-layout-4 wp-block-columns-is-layout-flex\">\n<div class=\"wp-block-column is-layout-flow wp-block-column-is-layout-flow\">\n<figure class=\"wp-block-image size-full\"><img loading=\"lazy\" decoding=\"async\" width=\"800\" height=\"800\" src=\"https:\/\/www.yousanusb.com\/wp-content\/uploads\/2025\/11\/Gray-10Gbps-Fan-Cooled-NVMe-M.2-Portable-SSD.jpg\" alt=\"\" class=\"wp-image-24096\" srcset=\"https:\/\/www.yousanusb.com\/wp-content\/uploads\/2025\/11\/Gray-10Gbps-Fan-Cooled-NVMe-M.2-Portable-SSD.jpg 800w, https:\/\/www.yousanusb.com\/wp-content\/uploads\/2025\/11\/Gray-10Gbps-Fan-Cooled-NVMe-M.2-Portable-SSD-300x300.jpg 300w, https:\/\/www.yousanusb.com\/wp-content\/uploads\/2025\/11\/Gray-10Gbps-Fan-Cooled-NVMe-M.2-Portable-SSD-150x150.jpg 150w, https:\/\/www.yousanusb.com\/wp-content\/uploads\/2025\/11\/Gray-10Gbps-Fan-Cooled-NVMe-M.2-Portable-SSD-768x768.jpg 768w, https:\/\/www.yousanusb.com\/wp-content\/uploads\/2025\/11\/Gray-10Gbps-Fan-Cooled-NVMe-M.2-Portable-SSD-12x12.jpg 12w, https:\/\/www.yousanusb.com\/wp-content\/uploads\/2025\/11\/Gray-10Gbps-Fan-Cooled-NVMe-M.2-Portable-SSD-600x600.jpg 600w, https:\/\/www.yousanusb.com\/wp-content\/uploads\/2025\/11\/Gray-10Gbps-Fan-Cooled-NVMe-M.2-Portable-SSD-100x100.jpg 100w\" sizes=\"(max-width: 800px) 100vw, 800px\" \/><\/figure>\n<\/div>\n\n\n\n<div class=\"wp-block-column is-layout-flow wp-block-column-is-layout-flow\">\n<figure class=\"wp-block-image size-full\"><img loading=\"lazy\" decoding=\"async\" width=\"800\" height=\"800\" src=\"https:\/\/www.yousanusb.com\/wp-content\/uploads\/2025\/11\/Black-10Gbps-Fan-Cooled-NVMe-M.2-Portable-SSD.jpg\" alt=\"\" class=\"wp-image-24089\" srcset=\"https:\/\/www.yousanusb.com\/wp-content\/uploads\/2025\/11\/Black-10Gbps-Fan-Cooled-NVMe-M.2-Portable-SSD.jpg 800w, https:\/\/www.yousanusb.com\/wp-content\/uploads\/2025\/11\/Black-10Gbps-Fan-Cooled-NVMe-M.2-Portable-SSD-300x300.jpg 300w, https:\/\/www.yousanusb.com\/wp-content\/uploads\/2025\/11\/Black-10Gbps-Fan-Cooled-NVMe-M.2-Portable-SSD-150x150.jpg 150w, https:\/\/www.yousanusb.com\/wp-content\/uploads\/2025\/11\/Black-10Gbps-Fan-Cooled-NVMe-M.2-Portable-SSD-768x768.jpg 768w, https:\/\/www.yousanusb.com\/wp-content\/uploads\/2025\/11\/Black-10Gbps-Fan-Cooled-NVMe-M.2-Portable-SSD-12x12.jpg 12w, https:\/\/www.yousanusb.com\/wp-content\/uploads\/2025\/11\/Black-10Gbps-Fan-Cooled-NVMe-M.2-Portable-SSD-600x600.jpg 600w, https:\/\/www.yousanusb.com\/wp-content\/uploads\/2025\/11\/Black-10Gbps-Fan-Cooled-NVMe-M.2-Portable-SSD-100x100.jpg 100w\" sizes=\"(max-width: 800px) 100vw, 800px\" \/><\/figure>\n<\/div>\n<\/div>\n\n\n\n<div class=\"wp-block-columns is-layout-flex wp-container-core-columns-is-layout-5 wp-block-columns-is-layout-flex\">\n<div class=\"wp-block-column is-layout-flow wp-block-column-is-layout-flow\">\n<figure class=\"wp-block-image size-full\"><img loading=\"lazy\" decoding=\"async\" width=\"800\" height=\"800\" src=\"https:\/\/www.yousanusb.com\/wp-content\/uploads\/2025\/11\/Gray-20Gbps-Fan-Cooled-NVMe-M.2-Portable-SSD.jpg\" alt=\"\" class=\"wp-image-24097\" srcset=\"https:\/\/www.yousanusb.com\/wp-content\/uploads\/2025\/11\/Gray-20Gbps-Fan-Cooled-NVMe-M.2-Portable-SSD.jpg 800w, https:\/\/www.yousanusb.com\/wp-content\/uploads\/2025\/11\/Gray-20Gbps-Fan-Cooled-NVMe-M.2-Portable-SSD-300x300.jpg 300w, https:\/\/www.yousanusb.com\/wp-content\/uploads\/2025\/11\/Gray-20Gbps-Fan-Cooled-NVMe-M.2-Portable-SSD-150x150.jpg 150w, https:\/\/www.yousanusb.com\/wp-content\/uploads\/2025\/11\/Gray-20Gbps-Fan-Cooled-NVMe-M.2-Portable-SSD-768x768.jpg 768w, https:\/\/www.yousanusb.com\/wp-content\/uploads\/2025\/11\/Gray-20Gbps-Fan-Cooled-NVMe-M.2-Portable-SSD-12x12.jpg 12w, https:\/\/www.yousanusb.com\/wp-content\/uploads\/2025\/11\/Gray-20Gbps-Fan-Cooled-NVMe-M.2-Portable-SSD-600x600.jpg 600w, https:\/\/www.yousanusb.com\/wp-content\/uploads\/2025\/11\/Gray-20Gbps-Fan-Cooled-NVMe-M.2-Portable-SSD-100x100.jpg 100w\" sizes=\"(max-width: 800px) 100vw, 800px\" \/><\/figure>\n<\/div>\n\n\n\n<div class=\"wp-block-column is-layout-flow wp-block-column-is-layout-flow\">\n<figure class=\"wp-block-image size-full\"><img loading=\"lazy\" decoding=\"async\" width=\"800\" height=\"800\" src=\"https:\/\/www.yousanusb.com\/wp-content\/uploads\/2025\/11\/Black-20Gbps-Fan-Cooled-NVMe-M.2-Portable-SSD.jpg\" alt=\"\" class=\"wp-image-24090\" srcset=\"https:\/\/www.yousanusb.com\/wp-content\/uploads\/2025\/11\/Black-20Gbps-Fan-Cooled-NVMe-M.2-Portable-SSD.jpg 800w, https:\/\/www.yousanusb.com\/wp-content\/uploads\/2025\/11\/Black-20Gbps-Fan-Cooled-NVMe-M.2-Portable-SSD-300x300.jpg 300w, https:\/\/www.yousanusb.com\/wp-content\/uploads\/2025\/11\/Black-20Gbps-Fan-Cooled-NVMe-M.2-Portable-SSD-150x150.jpg 150w, https:\/\/www.yousanusb.com\/wp-content\/uploads\/2025\/11\/Black-20Gbps-Fan-Cooled-NVMe-M.2-Portable-SSD-768x768.jpg 768w, https:\/\/www.yousanusb.com\/wp-content\/uploads\/2025\/11\/Black-20Gbps-Fan-Cooled-NVMe-M.2-Portable-SSD-12x12.jpg 12w, https:\/\/www.yousanusb.com\/wp-content\/uploads\/2025\/11\/Black-20Gbps-Fan-Cooled-NVMe-M.2-Portable-SSD-600x600.jpg 600w, https:\/\/www.yousanusb.com\/wp-content\/uploads\/2025\/11\/Black-20Gbps-Fan-Cooled-NVMe-M.2-Portable-SSD-100x100.jpg 100w\" sizes=\"(max-width: 800px) 100vw, 800px\" \/><\/figure>\n<\/div>\n<\/div>","protected":false},"excerpt":{"rendered":"<ul>\n<li>Guscio in lega di alluminio<\/li>\n<li>Ventilatore incorporato<\/li>\n<li>Sistema di raffreddamento doppio<\/li>\n<li>Compatibile con NVMe<\/li>\n<li>Disponibile in nero<\/li>\n<li>Include 1 cavo da A a C + 1 cavo da C a C<\/li>\n<li>MOQ: 10 pezzi<\/li>\n<\/ul>","protected":false},"featured_media":24092,"comment_status":"open","ping_status":"closed","template":"","meta":{"_seopress_robots_primary_cat":"","_seopress_titles_title":"","_seopress_titles_desc":"","_seopress_robots_index":""},"class_list":["post-24086","product","type-product","status-publish","has-post-thumbnail","hentry","product_cat-portable-hard-drive","product_cat-ssd-fllash-drive"],"_links":{"self":[{"href":"https:\/\/www.yousanusb.com\/it\/wp-json\/wp\/v2\/product\/24086"}],"collection":[{"href":"https:\/\/www.yousanusb.com\/it\/wp-json\/wp\/v2\/product"}],"about":[{"href":"https:\/\/www.yousanusb.com\/it\/wp-json\/wp\/v2\/types\/product"}],"replies":[{"embeddable":true,"href":"https:\/\/www.yousanusb.com\/it\/wp-json\/wp\/v2\/comments?post=24086"}],"wp:featuredmedia":[{"embeddable":true,"href":"https:\/\/www.yousanusb.com\/it\/wp-json\/wp\/v2\/media\/24092"}],"wp:attachment":[{"href":"https:\/\/www.yousanusb.com\/it\/wp-json\/wp\/v2\/media?parent=24086"}],"curies":[{"name":"wp","href":"https:\/\/api.w.org\/{rel}","templated":true}]}}