{"id":24099,"date":"2025-11-13T11:44:56","date_gmt":"2025-11-13T11:44:56","guid":{"rendered":"https:\/\/www.yousanusb.com\/?post_type=product&#038;p=24099"},"modified":"2025-11-13T13:15:40","modified_gmt":"2025-11-13T13:15:40","slug":"2-5-inch-sata-portable-ssd-with-usb-3-0","status":"publish","type":"product","link":"https:\/\/www.yousanusb.com\/it\/prodotto\/2-5-inch-sata-portable-ssd-with-usb-3-0\/","title":{"rendered":"SSD portatile SATA da 2,5 pollici con USB 3.0"},"content":{"rendered":"<div class=\"wp-block-columns is-layout-flex wp-container-core-columns-is-layout-1 wp-block-columns-is-layout-flex\">\n<div class=\"wp-block-column is-layout-flow wp-block-column-is-layout-flow\">\n<figure class=\"wp-block-image size-full\"><img fetchpriority=\"high\" decoding=\"async\" width=\"800\" height=\"800\" src=\"https:\/\/www.yousanusb.com\/wp-content\/uploads\/2025\/11\/China-2.5-inch-SATA-Portable-SSD-with-USB-3.0.jpg\" alt=\"\" class=\"wp-image-24106\" srcset=\"https:\/\/www.yousanusb.com\/wp-content\/uploads\/2025\/11\/China-2.5-inch-SATA-Portable-SSD-with-USB-3.0.jpg 800w, https:\/\/www.yousanusb.com\/wp-content\/uploads\/2025\/11\/China-2.5-inch-SATA-Portable-SSD-with-USB-3.0-300x300.jpg 300w, https:\/\/www.yousanusb.com\/wp-content\/uploads\/2025\/11\/China-2.5-inch-SATA-Portable-SSD-with-USB-3.0-150x150.jpg 150w, https:\/\/www.yousanusb.com\/wp-content\/uploads\/2025\/11\/China-2.5-inch-SATA-Portable-SSD-with-USB-3.0-768x768.jpg 768w, https:\/\/www.yousanusb.com\/wp-content\/uploads\/2025\/11\/China-2.5-inch-SATA-Portable-SSD-with-USB-3.0-12x12.jpg 12w, https:\/\/www.yousanusb.com\/wp-content\/uploads\/2025\/11\/China-2.5-inch-SATA-Portable-SSD-with-USB-3.0-600x600.jpg 600w, https:\/\/www.yousanusb.com\/wp-content\/uploads\/2025\/11\/China-2.5-inch-SATA-Portable-SSD-with-USB-3.0-100x100.jpg 100w\" sizes=\"(max-width: 800px) 100vw, 800px\" \/><\/figure>\n<\/div>\n\n\n\n<div class=\"wp-block-column is-vertically-aligned-center is-layout-flow wp-block-column-is-layout-flow\">\n<h2 class=\"wp-block-heading\">Design e materiali<\/h2>\n\n\n\n<p>Questo prodotto \u00e8 un'unit\u00e0 a stato solido portatile da 2,5 pollici con interfaccia SATA e USB 3.0. Realizzata in materiale composito ABS+PC, bilancia il design leggero con la protezione quotidiana, resistendo a piccoli urti e graffi. <\/p>\n\n\n\n<p>Caratterizzata da un esterno nero, la struttura dell'alloggiamento \u00e8 conforme alle specifiche di installazione delle unit\u00e0 SATA da 2,5 pollici, garantendo una semplice installazione e l'idoneit\u00e0 a scenari di utilizzo sia personali che di massa.<\/p>\n\n\n\n<p>Dimensioni del prodotto: 125 x 85 x 15 mm. Il design compatto si adatta facilmente a tasche, borse o altri supporti portatili senza occupare spazio. La sua portabilit\u00e0 lo rende ideale per il lavoro d'ufficio mobile, i trasferimenti di dati in movimento e altri scenari simili.<\/p>\n<\/div>\n<\/div>\n\n\n\n<div class=\"wp-block-columns is-layout-flex wp-container-core-columns-is-layout-2 wp-block-columns-is-layout-flex\">\n<div class=\"wp-block-column is-vertically-aligned-center is-layout-flow wp-block-column-is-layout-flow\">\n<h2 class=\"wp-block-heading\">Compatibilit\u00e0 dell'interfaccia<\/h2>\n\n\n\n<p>Supporta le interfacce SATA (Serial ATA) e SATA3, compatibili con i dischi rigidi meccanici (HDD) e le unit\u00e0 a stato solido (SSD) da 2,5 pollici con protocollo SATA disponibili in commercio. <\/p>\n\n\n\n<p>Dotata di una porta USB 3.0, la sua velocit\u00e0 di trasferimento corrisponde alle specifiche SATA3, consentendo operazioni efficienti di lettura\/scrittura di file di grandi dimensioni. <\/p>\n\n\n\n<p>Mantiene inoltre la retrocompatibilit\u00e0 con le interfacce USB di versione inferiore, consentendo la connessione continua a terminali con ambienti di interfaccia diversi senza richiedere la sostituzione del dispositivo.<\/p>\n<\/div>\n\n\n\n<div class=\"wp-block-column is-layout-flow wp-block-column-is-layout-flow\">\n<figure class=\"wp-block-image size-full\"><img decoding=\"async\" width=\"800\" height=\"800\" src=\"https:\/\/www.yousanusb.com\/wp-content\/uploads\/2025\/11\/2.5-inch-SATA-Portable-SSD-with-USB-3.0-factory.jpg\" alt=\"\" class=\"wp-image-24102\" srcset=\"https:\/\/www.yousanusb.com\/wp-content\/uploads\/2025\/11\/2.5-inch-SATA-Portable-SSD-with-USB-3.0-factory.jpg 800w, https:\/\/www.yousanusb.com\/wp-content\/uploads\/2025\/11\/2.5-inch-SATA-Portable-SSD-with-USB-3.0-factory-300x300.jpg 300w, https:\/\/www.yousanusb.com\/wp-content\/uploads\/2025\/11\/2.5-inch-SATA-Portable-SSD-with-USB-3.0-factory-150x150.jpg 150w, https:\/\/www.yousanusb.com\/wp-content\/uploads\/2025\/11\/2.5-inch-SATA-Portable-SSD-with-USB-3.0-factory-768x768.jpg 768w, https:\/\/www.yousanusb.com\/wp-content\/uploads\/2025\/11\/2.5-inch-SATA-Portable-SSD-with-USB-3.0-factory-12x12.jpg 12w, https:\/\/www.yousanusb.com\/wp-content\/uploads\/2025\/11\/2.5-inch-SATA-Portable-SSD-with-USB-3.0-factory-600x600.jpg 600w, https:\/\/www.yousanusb.com\/wp-content\/uploads\/2025\/11\/2.5-inch-SATA-Portable-SSD-with-USB-3.0-factory-100x100.jpg 100w\" sizes=\"(max-width: 800px) 100vw, 800px\" \/><\/figure>\n<\/div>\n<\/div>\n\n\n\n<div class=\"wp-block-columns is-layout-flex wp-container-core-columns-is-layout-3 wp-block-columns-is-layout-flex\">\n<div class=\"wp-block-column is-layout-flow wp-block-column-is-layout-flow\">\n<figure class=\"wp-block-image size-full\"><img decoding=\"async\" width=\"800\" height=\"800\" src=\"https:\/\/www.yousanusb.com\/wp-content\/uploads\/2025\/11\/2.5-inch-SATA-Portable-SSD-with-USB-3.0.jpg\" alt=\"\" class=\"wp-image-24104\" srcset=\"https:\/\/www.yousanusb.com\/wp-content\/uploads\/2025\/11\/2.5-inch-SATA-Portable-SSD-with-USB-3.0.jpg 800w, https:\/\/www.yousanusb.com\/wp-content\/uploads\/2025\/11\/2.5-inch-SATA-Portable-SSD-with-USB-3.0-300x300.jpg 300w, https:\/\/www.yousanusb.com\/wp-content\/uploads\/2025\/11\/2.5-inch-SATA-Portable-SSD-with-USB-3.0-150x150.jpg 150w, https:\/\/www.yousanusb.com\/wp-content\/uploads\/2025\/11\/2.5-inch-SATA-Portable-SSD-with-USB-3.0-768x768.jpg 768w, https:\/\/www.yousanusb.com\/wp-content\/uploads\/2025\/11\/2.5-inch-SATA-Portable-SSD-with-USB-3.0-12x12.jpg 12w, https:\/\/www.yousanusb.com\/wp-content\/uploads\/2025\/11\/2.5-inch-SATA-Portable-SSD-with-USB-3.0-600x600.jpg 600w, https:\/\/www.yousanusb.com\/wp-content\/uploads\/2025\/11\/2.5-inch-SATA-Portable-SSD-with-USB-3.0-100x100.jpg 100w\" sizes=\"(max-width: 800px) 100vw, 800px\" \/><\/figure>\n<\/div>\n\n\n\n<div class=\"wp-block-column is-vertically-aligned-center is-layout-flow wp-block-column-is-layout-flow\">\n<h2 class=\"wp-block-heading\">Opzioni di personalizzazione<\/h2>\n\n\n\n<p>Supporta la personalizzazione OEM\/ODM, consentendo di modificare il marchio, le configurazioni di imballaggio e altri dettagli in base alle esigenze. Adatto per l'acquisto di prodotti sfusi da parte dei marchi e per campagne promozionali personalizzate, in grado di soddisfare le diverse esigenze dei clienti.<\/p>\n\n\n\n<h2 class=\"wp-block-heading\">Compatibilit\u00e0 professionale<\/h2>\n\n\n\n<p>Il supporto plug-and-play garantisce la compatibilit\u00e0 con i principali sistemi operativi, compresi Windows e Mac OS, senza richiedere l'installazione di driver aggiuntivi. Adatto per l'archiviazione quotidiana dei dati in ufficio, per il backup dei file multimediali e per gli scenari di espansione dell'archiviazione dei dispositivi, soddisfa gli standard di stabilit\u00e0 dei dispositivi di archiviazione di livello consumer. Progettato sia per le esigenze quotidiane degli utenti personali che per i requisiti di gestione di grandi quantit\u00e0 di dati a livello aziendale.<\/p>\n<\/div>\n<\/div>","protected":false},"excerpt":{"rendered":"<ul>\n<li>Materiale ABS+PC<\/li>\n<li>Nero<\/li>\n<li>Supporta l'interfaccia SATA (Serial ATA), interfaccia SATA3<\/li>\n<li>Supporta la personalizzazione OEM\/ODM<\/li>\n<li>HDD\/SSD<\/li>\n<li>MOQ: 10pcs<\/li>\n<\/ul>","protected":false},"featured_media":24103,"comment_status":"open","ping_status":"closed","template":"","meta":{"_seopress_robots_primary_cat":"","_seopress_titles_title":"","_seopress_titles_desc":"","_seopress_robots_index":""},"class_list":["post-24099","product","type-product","status-publish","has-post-thumbnail","hentry","product_cat-portable-hard-drive","product_cat-ssd-fllash-drive"],"_links":{"self":[{"href":"https:\/\/www.yousanusb.com\/it\/wp-json\/wp\/v2\/product\/24099"}],"collection":[{"href":"https:\/\/www.yousanusb.com\/it\/wp-json\/wp\/v2\/product"}],"about":[{"href":"https:\/\/www.yousanusb.com\/it\/wp-json\/wp\/v2\/types\/product"}],"replies":[{"embeddable":true,"href":"https:\/\/www.yousanusb.com\/it\/wp-json\/wp\/v2\/comments?post=24099"}],"wp:featuredmedia":[{"embeddable":true,"href":"https:\/\/www.yousanusb.com\/it\/wp-json\/wp\/v2\/media\/24103"}],"wp:attachment":[{"href":"https:\/\/www.yousanusb.com\/it\/wp-json\/wp\/v2\/media?parent=24099"}],"curies":[{"name":"wp","href":"https:\/\/api.w.org\/{rel}","templated":true}]}}