{"id":24128,"date":"2025-11-14T03:30:39","date_gmt":"2025-11-14T03:30:39","guid":{"rendered":"https:\/\/www.yousanusb.com\/?post_type=product&#038;p=24128"},"modified":"2025-11-14T06:14:37","modified_gmt":"2025-11-14T06:14:37","slug":"2-5-inch-abs-sata-hard-drive","status":"publish","type":"product","link":"https:\/\/www.yousanusb.com\/it\/prodotto\/2-5-inch-abs-sata-hard-drive\/","title":{"rendered":"Disco rigido SATA ABS da 2,5 pollici"},"content":{"rendered":"<div class=\"wp-block-columns is-layout-flex wp-container-core-columns-is-layout-1 wp-block-columns-is-layout-flex\">\n<div class=\"wp-block-column is-layout-flow wp-block-column-is-layout-flow\">\n<figure class=\"wp-block-image size-full\"><img fetchpriority=\"high\" decoding=\"async\" width=\"800\" height=\"800\" src=\"https:\/\/www.yousanusb.com\/wp-content\/uploads\/2025\/11\/Custom-2.5-inch-ABS-SATA-hard-drive.jpg\" alt=\"\" class=\"wp-image-24133\" srcset=\"https:\/\/www.yousanusb.com\/wp-content\/uploads\/2025\/11\/Custom-2.5-inch-ABS-SATA-hard-drive.jpg 800w, https:\/\/www.yousanusb.com\/wp-content\/uploads\/2025\/11\/Custom-2.5-inch-ABS-SATA-hard-drive-300x300.jpg 300w, https:\/\/www.yousanusb.com\/wp-content\/uploads\/2025\/11\/Custom-2.5-inch-ABS-SATA-hard-drive-150x150.jpg 150w, https:\/\/www.yousanusb.com\/wp-content\/uploads\/2025\/11\/Custom-2.5-inch-ABS-SATA-hard-drive-768x768.jpg 768w, https:\/\/www.yousanusb.com\/wp-content\/uploads\/2025\/11\/Custom-2.5-inch-ABS-SATA-hard-drive-12x12.jpg 12w, https:\/\/www.yousanusb.com\/wp-content\/uploads\/2025\/11\/Custom-2.5-inch-ABS-SATA-hard-drive-600x600.jpg 600w, https:\/\/www.yousanusb.com\/wp-content\/uploads\/2025\/11\/Custom-2.5-inch-ABS-SATA-hard-drive-100x100.jpg 100w\" sizes=\"(max-width: 800px) 100vw, 800px\" \/><\/figure>\n<\/div>\n\n\n\n<div class=\"wp-block-column is-vertically-aligned-center is-layout-flow wp-block-column-is-layout-flow\">\n<p>Le dimensioni del prodotto, 122 x 76 x 14 mm, lo rendono portatile e facilmente inseribile in zaini o tasche. La texture superficiale a rombi migliora la presa e la resistenza allo scivolamento, aggiungendo al contempo un aspetto distintivo. <\/p>\n\n\n\n<p>\u00c8 dotato di una porta USB standard (con cavo compatibile incluso), che supporta la funzionalit\u00e0 plug-and-play e la compatibilit\u00e0 con la maggior parte dei computer, laptop e altri dispositivi.<\/p>\n\n\n\n<p>Realizzato in plastica ABS, il corpo offre un'eccellente resistenza all'usura e protezione dagli urti, salvaguardando i componenti interni durante l'uso quotidiano. Questo materiale garantisce anche una portabilit\u00e0 leggera, riducendo al minimo il peso aggiunto e bilanciando la durata con la facilit\u00e0 di trasporto.<\/p>\n<\/div>\n<\/div>\n\n\n\n<div class=\"wp-block-columns is-layout-flex wp-container-core-columns-is-layout-2 wp-block-columns-is-layout-flex\">\n<div class=\"wp-block-column is-vertically-aligned-center is-layout-flow wp-block-column-is-layout-flow\">\n<p>Il prodotto \u00e8 compatibile con le specifiche dell'interfaccia SATA da 2,5 pollici (i dischi rigidi interni utilizzano nativamente il protocollo SATA). SATA \u00e8 una delle interfacce pi\u00f9 diffuse per i dispositivi di archiviazione di livello consumer, che offre una forte compatibilit\u00e0 e un trasferimento di dati stabile. <\/p>\n\n\n\n<p>Soddisfa le esigenze quotidiane di archiviazione e backup di documenti, file multimediali e dati di lavoro, supporta la maggior parte dei sistemi operativi e copre scenari di utilizzo che includono il lavoro quotidiano in ufficio e l'intrattenimento domestico.<\/p>\n<\/div>\n\n\n\n<div class=\"wp-block-column is-layout-flow wp-block-column-is-layout-flow\">\n<figure class=\"wp-block-image size-full\"><img decoding=\"async\" width=\"800\" height=\"800\" src=\"https:\/\/www.yousanusb.com\/wp-content\/uploads\/2025\/11\/Custom-2.5-inch-SATA-hard-drive.jpg\" alt=\"\" class=\"wp-image-24134\" srcset=\"https:\/\/www.yousanusb.com\/wp-content\/uploads\/2025\/11\/Custom-2.5-inch-SATA-hard-drive.jpg 800w, https:\/\/www.yousanusb.com\/wp-content\/uploads\/2025\/11\/Custom-2.5-inch-SATA-hard-drive-300x300.jpg 300w, https:\/\/www.yousanusb.com\/wp-content\/uploads\/2025\/11\/Custom-2.5-inch-SATA-hard-drive-150x150.jpg 150w, https:\/\/www.yousanusb.com\/wp-content\/uploads\/2025\/11\/Custom-2.5-inch-SATA-hard-drive-768x768.jpg 768w, https:\/\/www.yousanusb.com\/wp-content\/uploads\/2025\/11\/Custom-2.5-inch-SATA-hard-drive-12x12.jpg 12w, https:\/\/www.yousanusb.com\/wp-content\/uploads\/2025\/11\/Custom-2.5-inch-SATA-hard-drive-600x600.jpg 600w, https:\/\/www.yousanusb.com\/wp-content\/uploads\/2025\/11\/Custom-2.5-inch-SATA-hard-drive-100x100.jpg 100w\" sizes=\"(max-width: 800px) 100vw, 800px\" \/><\/figure>\n<\/div>\n<\/div>","protected":false},"excerpt":{"rendered":"<ul>\n<li>Dimensioni compatte<\/li>\n<li>Materiale ABS, resistente all'usura e agli urti<\/li>\n<li>Struttura a diamante, antiscivolo e facile da impugnare<\/li>\n<li>Interfaccia SATA, compatibile con i dispositivi mainstream<\/li>\n<li>Plug-and-Play, supporta diversi sistemi operativi<\/li>\n<li>MOQ: 10pz<\/li>\n<\/ul>","protected":false},"featured_media":24131,"comment_status":"open","ping_status":"closed","template":"","meta":{"_seopress_robots_primary_cat":"","_seopress_titles_title":"","_seopress_titles_desc":"","_seopress_robots_index":""},"class_list":["post-24128","product","type-product","status-publish","has-post-thumbnail","hentry","product_cat-portable-hard-drive","product_cat-ssd-fllash-drive"],"_links":{"self":[{"href":"https:\/\/www.yousanusb.com\/it\/wp-json\/wp\/v2\/product\/24128"}],"collection":[{"href":"https:\/\/www.yousanusb.com\/it\/wp-json\/wp\/v2\/product"}],"about":[{"href":"https:\/\/www.yousanusb.com\/it\/wp-json\/wp\/v2\/types\/product"}],"replies":[{"embeddable":true,"href":"https:\/\/www.yousanusb.com\/it\/wp-json\/wp\/v2\/comments?post=24128"}],"wp:featuredmedia":[{"embeddable":true,"href":"https:\/\/www.yousanusb.com\/it\/wp-json\/wp\/v2\/media\/24131"}],"wp:attachment":[{"href":"https:\/\/www.yousanusb.com\/it\/wp-json\/wp\/v2\/media?parent=24128"}],"curies":[{"name":"wp","href":"https:\/\/api.w.org\/{rel}","templated":true}]}}