{"id":24172,"date":"2025-11-15T01:58:32","date_gmt":"2025-11-15T01:58:32","guid":{"rendered":"https:\/\/www.yousanusb.com\/?post_type=product&#038;p=24172"},"modified":"2025-12-27T02:46:08","modified_gmt":"2025-12-27T02:46:08","slug":"carrot-shaped-usb-flash-drive","status":"publish","type":"product","link":"https:\/\/www.yousanusb.com\/it\/prodotto\/carrot-shaped-usb-flash-drive\/","title":{"rendered":"Unit\u00e0 flash USB a forma di carota"},"content":{"rendered":"<p>Queste tre unit\u00e0 USB presentano ciascuna una \"posa da carota\" distinta: Una replica la consistenza autentica e la struttura segmentata di una vera carota, con il corpo rosso-arancio e la parte superiore verde smeraldo, come se fosse stata appena estratta dal terreno. <\/p>\n\n\n\n<div class=\"wp-block-columns is-layout-flex wp-container-core-columns-is-layout-1 wp-block-columns-is-layout-flex\">\n<div class=\"wp-block-column is-layout-flow wp-block-column-is-layout-flow\">\n<figure class=\"wp-block-image size-full\"><img fetchpriority=\"high\" decoding=\"async\" width=\"800\" height=\"800\" src=\"https:\/\/www.yousanusb.com\/wp-content\/uploads\/2025\/11\/orange-Carrot-shaped-USB-Flash-Drive.jpg\" alt=\"Unit\u00e0 flash USB arancione a forma di carota\" class=\"wp-image-24178\" srcset=\"https:\/\/www.yousanusb.com\/wp-content\/uploads\/2025\/11\/orange-Carrot-shaped-USB-Flash-Drive.jpg 800w, https:\/\/www.yousanusb.com\/wp-content\/uploads\/2025\/11\/orange-Carrot-shaped-USB-Flash-Drive-300x300.jpg 300w, https:\/\/www.yousanusb.com\/wp-content\/uploads\/2025\/11\/orange-Carrot-shaped-USB-Flash-Drive-150x150.jpg 150w, https:\/\/www.yousanusb.com\/wp-content\/uploads\/2025\/11\/orange-Carrot-shaped-USB-Flash-Drive-768x768.jpg 768w, https:\/\/www.yousanusb.com\/wp-content\/uploads\/2025\/11\/orange-Carrot-shaped-USB-Flash-Drive-12x12.jpg 12w, https:\/\/www.yousanusb.com\/wp-content\/uploads\/2025\/11\/orange-Carrot-shaped-USB-Flash-Drive-600x600.jpg 600w, https:\/\/www.yousanusb.com\/wp-content\/uploads\/2025\/11\/orange-Carrot-shaped-USB-Flash-Drive-100x100.jpg 100w\" sizes=\"(max-width: 800px) 100vw, 800px\" \/><\/figure>\n<\/div>\n\n\n\n<div class=\"wp-block-column is-layout-flow wp-block-column-is-layout-flow\">\n<figure class=\"wp-block-image size-full\"><img decoding=\"async\" width=\"799\" height=\"799\" src=\"https:\/\/www.yousanusb.com\/wp-content\/uploads\/2025\/11\/red-Carrot-shaped-USB-Flash-Drive.jpg\" alt=\"Unit\u00e0 flash USB rossa a forma di carota\" class=\"wp-image-24179\" srcset=\"https:\/\/www.yousanusb.com\/wp-content\/uploads\/2025\/11\/red-Carrot-shaped-USB-Flash-Drive.jpg 799w, https:\/\/www.yousanusb.com\/wp-content\/uploads\/2025\/11\/red-Carrot-shaped-USB-Flash-Drive-300x300.jpg 300w, https:\/\/www.yousanusb.com\/wp-content\/uploads\/2025\/11\/red-Carrot-shaped-USB-Flash-Drive-150x150.jpg 150w, https:\/\/www.yousanusb.com\/wp-content\/uploads\/2025\/11\/red-Carrot-shaped-USB-Flash-Drive-768x768.jpg 768w, https:\/\/www.yousanusb.com\/wp-content\/uploads\/2025\/11\/red-Carrot-shaped-USB-Flash-Drive-12x12.jpg 12w, https:\/\/www.yousanusb.com\/wp-content\/uploads\/2025\/11\/red-Carrot-shaped-USB-Flash-Drive-600x600.jpg 600w, https:\/\/www.yousanusb.com\/wp-content\/uploads\/2025\/11\/red-Carrot-shaped-USB-Flash-Drive-100x100.jpg 100w\" sizes=\"(max-width: 799px) 100vw, 799px\" \/><\/figure>\n<\/div>\n<\/div>\n\n\n\n<p>Un altro presenta foglie di carota da cartone animato, abbinando un fogliame verde esagerato a un corpo paffuto di carota per ottenere il massimo del fascino infantile. Il terzo utilizza colori sfumati e un disegno a spirale per ricreare le curve naturali della carota. Ognuno di essi sembra un piccolo tesoro creativo \"raccolto\" direttamente dal giardino.<\/p>\n\n\n\n<div class=\"wp-block-columns is-layout-flex wp-container-core-columns-is-layout-2 wp-block-columns-is-layout-flex\">\n<div class=\"wp-block-column is-layout-flow wp-block-column-is-layout-flow\">\n<figure class=\"wp-block-image size-full\"><img decoding=\"async\" width=\"799\" height=\"799\" src=\"https:\/\/www.yousanusb.com\/wp-content\/uploads\/2025\/11\/Carrot-shaped-USB-Flash-Drive-custom.jpg\" alt=\"Unit\u00e0 flash USB a forma di carota personalizzata\" class=\"wp-image-24175\" srcset=\"https:\/\/www.yousanusb.com\/wp-content\/uploads\/2025\/11\/Carrot-shaped-USB-Flash-Drive-custom.jpg 799w, https:\/\/www.yousanusb.com\/wp-content\/uploads\/2025\/11\/Carrot-shaped-USB-Flash-Drive-custom-300x300.jpg 300w, https:\/\/www.yousanusb.com\/wp-content\/uploads\/2025\/11\/Carrot-shaped-USB-Flash-Drive-custom-150x150.jpg 150w, https:\/\/www.yousanusb.com\/wp-content\/uploads\/2025\/11\/Carrot-shaped-USB-Flash-Drive-custom-768x768.jpg 768w, https:\/\/www.yousanusb.com\/wp-content\/uploads\/2025\/11\/Carrot-shaped-USB-Flash-Drive-custom-12x12.jpg 12w, https:\/\/www.yousanusb.com\/wp-content\/uploads\/2025\/11\/Carrot-shaped-USB-Flash-Drive-custom-600x600.jpg 600w, https:\/\/www.yousanusb.com\/wp-content\/uploads\/2025\/11\/Carrot-shaped-USB-Flash-Drive-custom-100x100.jpg 100w\" sizes=\"(max-width: 799px) 100vw, 799px\" \/><\/figure>\n<\/div>\n\n\n\n<div class=\"wp-block-column is-layout-flow wp-block-column-is-layout-flow\">\n<figure class=\"wp-block-image size-full\"><img loading=\"lazy\" decoding=\"async\" width=\"750\" height=\"750\" src=\"https:\/\/www.yousanusb.com\/wp-content\/uploads\/2025\/11\/white-Carrot-shaped-USB-Flash-Drive.jpg\" alt=\"Unit\u00e0 flash USB bianca a forma di carota\" class=\"wp-image-24180\" srcset=\"https:\/\/www.yousanusb.com\/wp-content\/uploads\/2025\/11\/white-Carrot-shaped-USB-Flash-Drive.jpg 750w, https:\/\/www.yousanusb.com\/wp-content\/uploads\/2025\/11\/white-Carrot-shaped-USB-Flash-Drive-300x300.jpg 300w, https:\/\/www.yousanusb.com\/wp-content\/uploads\/2025\/11\/white-Carrot-shaped-USB-Flash-Drive-150x150.jpg 150w, https:\/\/www.yousanusb.com\/wp-content\/uploads\/2025\/11\/white-Carrot-shaped-USB-Flash-Drive-12x12.jpg 12w, https:\/\/www.yousanusb.com\/wp-content\/uploads\/2025\/11\/white-Carrot-shaped-USB-Flash-Drive-600x600.jpg 600w, https:\/\/www.yousanusb.com\/wp-content\/uploads\/2025\/11\/white-Carrot-shaped-USB-Flash-Drive-100x100.jpg 100w\" sizes=\"(max-width: 750px) 100vw, 750px\" \/><\/figure>\n<\/div>\n<\/div>\n\n\n\n<p>Questa chiavetta USB a forma di carota \u00e8 rivestita in morbido silicone, con una texture realistica che riproduce la sensazione della vera buccia di carota. Il suo design elastico e comprimibile offre un piacere tattile e funge da antistress.<\/p>\n\n\n\n<p>I vivaci colori arancione e verde sono resistenti allo sbiadimento, per garantire che l'unit\u00e0 mantenga un aspetto fresco e luminoso nel tempo.<\/p>\n\n\n\n<div class=\"wp-block-columns is-layout-flex wp-container-core-columns-is-layout-3 wp-block-columns-is-layout-flex\">\n<div class=\"wp-block-column is-layout-flow wp-block-column-is-layout-flow\">\n<figure class=\"wp-block-image size-full\"><img loading=\"lazy\" decoding=\"async\" width=\"799\" height=\"799\" src=\"https:\/\/www.yousanusb.com\/wp-content\/uploads\/2025\/11\/cartoon-Carrot-shaped-USB-Flash-Drive.jpg\" alt=\"Cartone animato Unit\u00e0 flash USB a forma di carota\" class=\"wp-image-24177\" srcset=\"https:\/\/www.yousanusb.com\/wp-content\/uploads\/2025\/11\/cartoon-Carrot-shaped-USB-Flash-Drive.jpg 799w, https:\/\/www.yousanusb.com\/wp-content\/uploads\/2025\/11\/cartoon-Carrot-shaped-USB-Flash-Drive-300x300.jpg 300w, https:\/\/www.yousanusb.com\/wp-content\/uploads\/2025\/11\/cartoon-Carrot-shaped-USB-Flash-Drive-150x150.jpg 150w, https:\/\/www.yousanusb.com\/wp-content\/uploads\/2025\/11\/cartoon-Carrot-shaped-USB-Flash-Drive-768x768.jpg 768w, https:\/\/www.yousanusb.com\/wp-content\/uploads\/2025\/11\/cartoon-Carrot-shaped-USB-Flash-Drive-12x12.jpg 12w, https:\/\/www.yousanusb.com\/wp-content\/uploads\/2025\/11\/cartoon-Carrot-shaped-USB-Flash-Drive-600x600.jpg 600w, https:\/\/www.yousanusb.com\/wp-content\/uploads\/2025\/11\/cartoon-Carrot-shaped-USB-Flash-Drive-100x100.jpg 100w\" sizes=\"(max-width: 799px) 100vw, 799px\" \/><\/figure>\n<\/div>\n\n\n\n<div class=\"wp-block-column is-layout-flow wp-block-column-is-layout-flow\">\n<figure class=\"wp-block-image size-full\"><img loading=\"lazy\" decoding=\"async\" width=\"799\" height=\"799\" src=\"https:\/\/www.yousanusb.com\/wp-content\/uploads\/2025\/11\/Carrot-shaped-USB-Flash-Drive.jpg\" alt=\"Unit\u00e0 flash USB a forma di carota\" class=\"wp-image-24176\" srcset=\"https:\/\/www.yousanusb.com\/wp-content\/uploads\/2025\/11\/Carrot-shaped-USB-Flash-Drive.jpg 799w, https:\/\/www.yousanusb.com\/wp-content\/uploads\/2025\/11\/Carrot-shaped-USB-Flash-Drive-300x300.jpg 300w, https:\/\/www.yousanusb.com\/wp-content\/uploads\/2025\/11\/Carrot-shaped-USB-Flash-Drive-150x150.jpg 150w, https:\/\/www.yousanusb.com\/wp-content\/uploads\/2025\/11\/Carrot-shaped-USB-Flash-Drive-768x768.jpg 768w, https:\/\/www.yousanusb.com\/wp-content\/uploads\/2025\/11\/Carrot-shaped-USB-Flash-Drive-12x12.jpg 12w, https:\/\/www.yousanusb.com\/wp-content\/uploads\/2025\/11\/Carrot-shaped-USB-Flash-Drive-600x600.jpg 600w, https:\/\/www.yousanusb.com\/wp-content\/uploads\/2025\/11\/Carrot-shaped-USB-Flash-Drive-100x100.jpg 100w\" sizes=\"(max-width: 799px) 100vw, 799px\" \/><\/figure>\n<\/div>\n<\/div>\n\n\n\n<p>Questa unit\u00e0 USB ha un design diviso con un foro per portachiavi che consente di agganciarla alle chiavi, ecc. per un accesso rapido.<\/p>\n\n\n\n<p>Le diverse capacit\u00e0 di memoria disponibili, da 1 GB fino a 256 GB, sono pienamente compatibili con le porte USB 2.0 e USB 3.0.<\/p>\n\n\n\n<p>Questa unit\u00e0 USB \u00e8 in grado di supportare il trasferimento di dati ad alta velocit\u00e0. Per creare il proprio logo \u00e8 necessaria la realizzazione di uno stampo, che richiede 3 giorni.<\/p>","protected":false},"excerpt":{"rendered":"<ul>\n<li>Unit\u00e0 flash USB a forma di carota<\/li>\n<li>Stampo in PVC<\/li>\n<li>Stampaggio con logo personalizzato<\/li>\n<li>La capacit\u00e0 di 1GB-256GB pu\u00f2 essere scelta<\/li>\n<li>Molti colori e modelli<\/li>\n<\/ul>","protected":false},"featured_media":24177,"comment_status":"open","ping_status":"closed","template":"","meta":{"_seopress_robots_primary_cat":"none","_seopress_titles_title":"Carrot-shaped USB Flash Drive","_seopress_titles_desc":"These three USB drives each feature a distinct \u201ccarrot pose\u201d: One replicates the authentic texture and segmented structure of a real carrot, with an orange-red body and emerald-green top, as if freshly pulled from the soil.","_seopress_robots_index":""},"class_list":["post-24172","product","type-product","status-publish","has-post-thumbnail","hentry","product_cat-custom-usb-drive","product_tag-vegetables-usb-flash-drive"],"_links":{"self":[{"href":"https:\/\/www.yousanusb.com\/it\/wp-json\/wp\/v2\/product\/24172"}],"collection":[{"href":"https:\/\/www.yousanusb.com\/it\/wp-json\/wp\/v2\/product"}],"about":[{"href":"https:\/\/www.yousanusb.com\/it\/wp-json\/wp\/v2\/types\/product"}],"replies":[{"embeddable":true,"href":"https:\/\/www.yousanusb.com\/it\/wp-json\/wp\/v2\/comments?post=24172"}],"wp:featuredmedia":[{"embeddable":true,"href":"https:\/\/www.yousanusb.com\/it\/wp-json\/wp\/v2\/media\/24177"}],"wp:attachment":[{"href":"https:\/\/www.yousanusb.com\/it\/wp-json\/wp\/v2\/media?parent=24172"}],"curies":[{"name":"wp","href":"https:\/\/api.w.org\/{rel}","templated":true}]}}