{"id":24666,"date":"2025-11-24T02:11:22","date_gmt":"2025-11-24T02:11:22","guid":{"rendered":"https:\/\/www.yousanusb.com\/?post_type=product&#038;p=24666"},"modified":"2025-12-27T02:37:36","modified_gmt":"2025-12-27T02:37:36","slug":"24666","status":"publish","type":"product","link":"https:\/\/www.yousanusb.com\/it\/prodotto\/24666\/","title":{"rendered":"Chiavetta USB personalizzata con fenicottero"},"content":{"rendered":"<div class=\"wp-block-columns is-layout-flex wp-container-core-columns-is-layout-1 wp-block-columns-is-layout-flex\">\n<div class=\"wp-block-column is-layout-flow wp-block-column-is-layout-flow\">\n<figure class=\"wp-block-image size-full\"><img fetchpriority=\"high\" decoding=\"async\" width=\"800\" height=\"800\" src=\"https:\/\/www.yousanusb.com\/wp-content\/uploads\/2025\/11\/Flamingo-USB-Drive.jpg\" alt=\"\" class=\"wp-image-24669\" srcset=\"https:\/\/www.yousanusb.com\/wp-content\/uploads\/2025\/11\/Flamingo-USB-Drive.jpg 800w, https:\/\/www.yousanusb.com\/wp-content\/uploads\/2025\/11\/Flamingo-USB-Drive-300x300.jpg 300w, https:\/\/www.yousanusb.com\/wp-content\/uploads\/2025\/11\/Flamingo-USB-Drive-150x150.jpg 150w, https:\/\/www.yousanusb.com\/wp-content\/uploads\/2025\/11\/Flamingo-USB-Drive-768x768.jpg 768w, https:\/\/www.yousanusb.com\/wp-content\/uploads\/2025\/11\/Flamingo-USB-Drive-12x12.jpg 12w, https:\/\/www.yousanusb.com\/wp-content\/uploads\/2025\/11\/Flamingo-USB-Drive-600x600.jpg 600w, https:\/\/www.yousanusb.com\/wp-content\/uploads\/2025\/11\/Flamingo-USB-Drive-100x100.jpg 100w\" sizes=\"(max-width: 800px) 100vw, 800px\" \/><\/figure>\n<\/div>\n\n\n\n<div class=\"wp-block-column is-vertically-aligned-center is-layout-flow wp-block-column-is-layout-flow\">\n<p>Questa chiavetta USB Flamingo \u00e8 caratterizzata da un design accoppiato: ogni unit\u00e0 riproduce la postura a collo curvo del fenicottero, con il becco in una combinazione di colori marrone-viola per aumentarne la riconoscibilit\u00e0. Quando sono accoppiate, i loro colli formano una forma a cuore, che funge sia da dispositivo di archiviazione portatile che da ornamento per la scrivania. La struttura divisa si incastra saldamente; quando viene separata, ogni unit\u00e0 \u00e8 portatile in modo indipendente, adatta per l'uso singolo o per la condivisione in coppia.<\/p>\n\n\n\n<p>Per quanto riguarda i materiali, l'involucro \u00e8 realizzato in PVC: \u00e8 flessibile e resistente ai frantumi, in grado di attutire gli urti e gli impatti quotidiani. Internamente \u00e8 dotato di un chip di controllo principale USB ad alta velocit\u00e0, abbinato a chip di memoria flash MLC\/TLC: questi garantiscono la stabilit\u00e0 della memorizzazione dei dati e la durata delle operazioni di lettura\/scrittura.<\/p>\n<\/div>\n<\/div>\n\n\n\n<div class=\"wp-block-columns is-layout-flex wp-container-core-columns-is-layout-2 wp-block-columns-is-layout-flex\">\n<div class=\"wp-block-column is-vertically-aligned-center is-layout-flow wp-block-column-is-layout-flow\">\n<p>In termini di caratteristiche del prodotto:<\/p>\n\n\n\n<ul class=\"wp-block-list\">\n<li>Queste unit\u00e0 offrono uno spazio di archiviazione da 8 GB a 64 GB, sufficiente per i documenti, i file audio e video di tutti i giorni. Con velocit\u00e0 di lettura\/scrittura universali conformi allo standard USB, funzionano perfettamente per il trasferimento di file dall'ufficio alla casa e per la copia di contenuti multimediali di intrattenimento.<\/li>\n\n\n\n<li>L'involucro in silicone resistente all'acqua e alla polvere \u00e8 adatto per l'uso quotidiano e all'aperto. Il design diviso in due parti permette di condividerlo tra gli utenti o di utilizzarlo come decorazione, rendendolo un oggetto multifunzionale leggero e portatile per la conservazione e l'arredamento.<\/li>\n<\/ul>\n<\/div>\n\n\n\n<div class=\"wp-block-column is-layout-flow wp-block-column-is-layout-flow\">\n<figure class=\"wp-block-image size-full\"><img decoding=\"async\" width=\"800\" height=\"800\" src=\"https:\/\/www.yousanusb.com\/wp-content\/uploads\/2025\/11\/Flamingo-USB-Flash-Drive.jpg\" alt=\"\" class=\"wp-image-24670\" srcset=\"https:\/\/www.yousanusb.com\/wp-content\/uploads\/2025\/11\/Flamingo-USB-Flash-Drive.jpg 800w, https:\/\/www.yousanusb.com\/wp-content\/uploads\/2025\/11\/Flamingo-USB-Flash-Drive-300x300.jpg 300w, https:\/\/www.yousanusb.com\/wp-content\/uploads\/2025\/11\/Flamingo-USB-Flash-Drive-150x150.jpg 150w, https:\/\/www.yousanusb.com\/wp-content\/uploads\/2025\/11\/Flamingo-USB-Flash-Drive-768x768.jpg 768w, https:\/\/www.yousanusb.com\/wp-content\/uploads\/2025\/11\/Flamingo-USB-Flash-Drive-12x12.jpg 12w, https:\/\/www.yousanusb.com\/wp-content\/uploads\/2025\/11\/Flamingo-USB-Flash-Drive-600x600.jpg 600w, https:\/\/www.yousanusb.com\/wp-content\/uploads\/2025\/11\/Flamingo-USB-Flash-Drive-100x100.jpg 100w\" sizes=\"(max-width: 800px) 100vw, 800px\" \/><\/figure>\n<\/div>\n<\/div>","protected":false},"excerpt":{"rendered":"<ul>\n<li>Trasferimento veloce<\/li>\n<li>Compatto e portatile<\/li>\n<li>Grande capacit\u00e0<\/li>\n<li>Plug-and-play<\/li>\n<li>MOQ: 100pcs<\/li>\n<\/ul>","protected":false},"featured_media":24669,"comment_status":"open","ping_status":"closed","template":"","meta":{"_seopress_robots_primary_cat":"none","_seopress_titles_title":"","_seopress_titles_desc":"","_seopress_robots_index":""},"class_list":["post-24666","product","type-product","status-publish","has-post-thumbnail","hentry","product_cat-custom-usb-drive"],"_links":{"self":[{"href":"https:\/\/www.yousanusb.com\/it\/wp-json\/wp\/v2\/product\/24666"}],"collection":[{"href":"https:\/\/www.yousanusb.com\/it\/wp-json\/wp\/v2\/product"}],"about":[{"href":"https:\/\/www.yousanusb.com\/it\/wp-json\/wp\/v2\/types\/product"}],"replies":[{"embeddable":true,"href":"https:\/\/www.yousanusb.com\/it\/wp-json\/wp\/v2\/comments?post=24666"}],"wp:featuredmedia":[{"embeddable":true,"href":"https:\/\/www.yousanusb.com\/it\/wp-json\/wp\/v2\/media\/24669"}],"wp:attachment":[{"href":"https:\/\/www.yousanusb.com\/it\/wp-json\/wp\/v2\/media?parent=24666"}],"curies":[{"name":"wp","href":"https:\/\/api.w.org\/{rel}","templated":true}]}}