{"id":24925,"date":"2025-12-02T11:49:30","date_gmt":"2025-12-02T11:49:30","guid":{"rendered":"https:\/\/www.yousanusb.com\/?post_type=product&#038;p=24925"},"modified":"2025-12-07T13:39:28","modified_gmt":"2025-12-07T13:39:28","slug":"cucumber-usb-flash-drive","status":"publish","type":"product","link":"https:\/\/www.yousanusb.com\/it\/prodotto\/cucumber-usb-flash-drive\/","title":{"rendered":"Chiavetta USB al cetriolo"},"content":{"rendered":"<h2 class=\"wp-block-heading\">Regalo per un evento di degustazione di cetrioli biologici: Chiavetta USB personalizzata a forma di cetriolo<\/h2>\n\n\n\n<p>La chiavetta USB a forma di cetriolo \u00e8 un regalo promozionale tematico perfetto per l'evento di lancio del nuovo cetriolo biologico. Non solo si adatta al tema del \"nuovo cetriolo biologico\", ma aiuta anche i partecipanti (distributori, media, utenti principali) a ricordare il marchio. Di seguito sono riportati gli scenari di applicazione pratica e i dettagli del design:<\/p>\n\n\n\n<h2 class=\"wp-block-heading\">1. Come integrare il regalo nell'evento?<\/h2>\n\n\n\n<h3 class=\"wp-block-heading\">- Ritiro dei regali al check-in<\/h3>\n\n\n\n<p>Al momento del check-in, i partecipanti riceveranno delle chiavette USB a forma di cetriolo e dei piccoli campioni di cetrioli biologici freschi. In questo modo i partecipanti potranno collegare direttamente il regalo al tema del \"nuovo cetriolo biologico\" ed entrare rapidamente nell'atmosfera dell'evento.<\/p>\n\n\n\n<div class=\"wp-block-columns is-layout-flex wp-container-core-columns-is-layout-1 wp-block-columns-is-layout-flex\">\n<div class=\"wp-block-column is-layout-flow wp-block-column-is-layout-flow\">\n<figure class=\"wp-block-image size-full\"><img fetchpriority=\"high\" decoding=\"async\" width=\"800\" height=\"800\" src=\"https:\/\/www.yousanusb.com\/wp-content\/uploads\/2025\/12\/Cucumber-USB-Flash-Drive.jpg\" alt=\"\" class=\"wp-image-24928\" srcset=\"https:\/\/www.yousanusb.com\/wp-content\/uploads\/2025\/12\/Cucumber-USB-Flash-Drive.jpg 800w, https:\/\/www.yousanusb.com\/wp-content\/uploads\/2025\/12\/Cucumber-USB-Flash-Drive-300x300.jpg 300w, https:\/\/www.yousanusb.com\/wp-content\/uploads\/2025\/12\/Cucumber-USB-Flash-Drive-150x150.jpg 150w, https:\/\/www.yousanusb.com\/wp-content\/uploads\/2025\/12\/Cucumber-USB-Flash-Drive-768x768.jpg 768w, https:\/\/www.yousanusb.com\/wp-content\/uploads\/2025\/12\/Cucumber-USB-Flash-Drive-12x12.jpg 12w, https:\/\/www.yousanusb.com\/wp-content\/uploads\/2025\/12\/Cucumber-USB-Flash-Drive-600x600.jpg 600w, https:\/\/www.yousanusb.com\/wp-content\/uploads\/2025\/12\/Cucumber-USB-Flash-Drive-100x100.jpg 100w\" sizes=\"(max-width: 800px) 100vw, 800px\" \/><\/figure>\n<\/div>\n\n\n\n<div class=\"wp-block-column is-vertically-aligned-center is-layout-flow wp-block-column-is-layout-flow\">\n<h3 class=\"wp-block-heading\">- Collegamento con le sessioni di esperienza<\/h3>\n\n\n\n<p>Dopo la sessione di \"degustazione dei cetrioli\/esposizione della tecnologia di piantagione\", il conduttore pu\u00f2 aggiungere: \"La chiavetta USB ricordo di oggi contiene i registri di piantagione completi dei nostri cetrioli biologici e 3 ricette di cucina a basso contenuto di grassi. <\/p>\n\n\n\n<p>\u00c8 possibile utilizzarla per memorizzare gli ordini di acquisto in un secondo momento e controllare le 'storie di crescita' dei cetrioli in qualsiasi momento\". In questo modo la chiavetta USB si trasforma da \"oggetto decorativo\" a vettore di informazioni sul marchio.<\/p>\n<\/div>\n<\/div>\n\n\n\n<h3 class=\"wp-block-heading\"><\/h3>\n\n\n\n<h2 class=\"wp-block-heading\">2. Dettagli di personalizzazione del tema organico della chiavetta USB a forma di cetriolo<\/h2>\n\n\n\n<h3 class=\"wp-block-heading\">Contenuto precaricato sull'unit\u00e0 USB<\/h3>\n\n\n\n<p>Verranno preinstallati i seguenti file relativi ai cetrioli biologici:<\/p>\n\n\n\n<p>\u2460 Video di riprese reali della semina in azienda (che evidenziano la semina ecologica e senza pesticidi);<\/p>\n\n\n\n<p>\u2461 3 ricette di pasti leggeri a base di cetriolo (in linea con la caratteristica salutare);<\/p>\n\n\n\n<p>\u2462 Moduli d'ordine esclusivi per i distributori\/collegamenti di sconto esclusivi per gli utenti.<\/p>\n\n\n\n<div class=\"wp-block-columns is-layout-flex wp-container-core-columns-is-layout-2 wp-block-columns-is-layout-flex\">\n<div class=\"wp-block-column is-layout-flow wp-block-column-is-layout-flow\">\n<figure class=\"wp-block-image size-full\"><img decoding=\"async\" width=\"800\" height=\"800\" src=\"https:\/\/www.yousanusb.com\/wp-content\/uploads\/2025\/12\/custom-Cucumber-USB-Flash-Drive.jpg\" alt=\"\" class=\"wp-image-24929\" srcset=\"https:\/\/www.yousanusb.com\/wp-content\/uploads\/2025\/12\/custom-Cucumber-USB-Flash-Drive.jpg 800w, https:\/\/www.yousanusb.com\/wp-content\/uploads\/2025\/12\/custom-Cucumber-USB-Flash-Drive-300x300.jpg 300w, https:\/\/www.yousanusb.com\/wp-content\/uploads\/2025\/12\/custom-Cucumber-USB-Flash-Drive-150x150.jpg 150w, https:\/\/www.yousanusb.com\/wp-content\/uploads\/2025\/12\/custom-Cucumber-USB-Flash-Drive-768x768.jpg 768w, https:\/\/www.yousanusb.com\/wp-content\/uploads\/2025\/12\/custom-Cucumber-USB-Flash-Drive-12x12.jpg 12w, https:\/\/www.yousanusb.com\/wp-content\/uploads\/2025\/12\/custom-Cucumber-USB-Flash-Drive-600x600.jpg 600w, https:\/\/www.yousanusb.com\/wp-content\/uploads\/2025\/12\/custom-Cucumber-USB-Flash-Drive-100x100.jpg 100w\" sizes=\"(max-width: 800px) 100vw, 800px\" \/><\/figure>\n<\/div>\n\n\n\n<div class=\"wp-block-column is-layout-flow wp-block-column-is-layout-flow\">\n<figure class=\"wp-block-image size-full\"><img decoding=\"async\" width=\"800\" height=\"800\" src=\"https:\/\/www.yousanusb.com\/wp-content\/uploads\/2025\/12\/green-Cucumber-USB-Flash-Drive.jpg\" alt=\"\" class=\"wp-image-24930\" srcset=\"https:\/\/www.yousanusb.com\/wp-content\/uploads\/2025\/12\/green-Cucumber-USB-Flash-Drive.jpg 800w, https:\/\/www.yousanusb.com\/wp-content\/uploads\/2025\/12\/green-Cucumber-USB-Flash-Drive-300x300.jpg 300w, https:\/\/www.yousanusb.com\/wp-content\/uploads\/2025\/12\/green-Cucumber-USB-Flash-Drive-150x150.jpg 150w, https:\/\/www.yousanusb.com\/wp-content\/uploads\/2025\/12\/green-Cucumber-USB-Flash-Drive-768x768.jpg 768w, https:\/\/www.yousanusb.com\/wp-content\/uploads\/2025\/12\/green-Cucumber-USB-Flash-Drive-12x12.jpg 12w, https:\/\/www.yousanusb.com\/wp-content\/uploads\/2025\/12\/green-Cucumber-USB-Flash-Drive-600x600.jpg 600w, https:\/\/www.yousanusb.com\/wp-content\/uploads\/2025\/12\/green-Cucumber-USB-Flash-Drive-100x100.jpg 100w\" sizes=\"(max-width: 800px) 100vw, 800px\" \/><\/figure>\n<\/div>\n<\/div>\n\n\n\n<h3 class=\"wp-block-heading\">Abbinamento degli imballaggi<\/h3>\n\n\n\n<p>La chiavetta USB sar\u00e0 confezionata in un sacchetto ecologico di carta kraft. Sulla borsa sar\u00e0 stampato il logo della fattoria di cetrioli biologici e lo slogan: \"Una chiavetta USB che conserva i 'segreti del cetriolo'\". Aggiungeremo anche un sacchettino di chips di cetriolo biologico sottovuoto, per rendere il regalo perfettamente in linea con il tema dell'evento di degustazione.<\/p>\n\n\n\n<p>Anche il design del cappuccio diviso \u00e8 vincente: il cappuccio si aggancia perfettamente al corpo dell'unit\u00e0, proteggendo la porta USB *e* mantenendo intatta la forma a cetriolo. \u00c8 cos\u00ec particolare che non dovrete pi\u00f9 preoccuparvi di abbinarla a una chiavetta generica di qualcun altro.<\/p>","protected":false},"excerpt":{"rendered":"<ul>\n<li>Colore verde<\/li>\n<li>Materiale PVC<\/li>\n<li>Unit\u00e0 flash USB<\/li>\n<li>Molte capacit\u00e0<\/li>\n<li>Logo personalizzato<\/li>\n<\/ul>","protected":false},"featured_media":24929,"comment_status":"open","ping_status":"closed","template":"","meta":{"_seopress_robots_primary_cat":"none","_seopress_titles_title":"Cucumber USB Flash Drive","_seopress_titles_desc":"Who could resist a green cucumber that *stores files*? This creative cucumber-shaped USB flash drive turns a plain storage device into a hilarious everyday gadget\u2014equal parts practical and eye-catching!","_seopress_robots_index":""},"class_list":["post-24925","product","type-product","status-publish","has-post-thumbnail","hentry","product_cat-custom-usb-drive","product_tag-vegetables-usb-flash-drive"],"_links":{"self":[{"href":"https:\/\/www.yousanusb.com\/it\/wp-json\/wp\/v2\/product\/24925"}],"collection":[{"href":"https:\/\/www.yousanusb.com\/it\/wp-json\/wp\/v2\/product"}],"about":[{"href":"https:\/\/www.yousanusb.com\/it\/wp-json\/wp\/v2\/types\/product"}],"replies":[{"embeddable":true,"href":"https:\/\/www.yousanusb.com\/it\/wp-json\/wp\/v2\/comments?post=24925"}],"wp:featuredmedia":[{"embeddable":true,"href":"https:\/\/www.yousanusb.com\/it\/wp-json\/wp\/v2\/media\/24929"}],"wp:attachment":[{"href":"https:\/\/www.yousanusb.com\/it\/wp-json\/wp\/v2\/media?parent=24925"}],"curies":[{"name":"wp","href":"https:\/\/api.w.org\/{rel}","templated":true}]}}