{"id":24946,"date":"2025-12-03T11:31:45","date_gmt":"2025-12-03T11:31:45","guid":{"rendered":"https:\/\/www.yousanusb.com\/?post_type=product&#038;p=24946"},"modified":"2025-12-27T02:30:23","modified_gmt":"2025-12-27T02:30:23","slug":"airliner-shaped-usb-flash-drive","status":"publish","type":"product","link":"https:\/\/www.yousanusb.com\/it\/prodotto\/airliner-shaped-usb-flash-drive\/","title":{"rendered":"Unit\u00e0 flash USB a forma di aereo da turismo"},"content":{"rendered":"<p>Questo prodotto \u00e8 una chiavetta USB a forma di aereo passeggeri a fusoliera stretta, realizzata in PVC e gomma morbida. \u00c8 resistente all'usura e agli urti e dispone di tutte le funzioni standard delle unit\u00e0 USB. Le opzioni aggiuntive includono unit\u00e0 USB a forma di aereo personalizzabili: \u00e8 sufficiente fornire il proprio design per la personalizzazione. Le opzioni di capacit\u00e0 vanno da 4GB a 128GB.<\/p>\n\n\n\n<h2 class=\"wp-block-heading\">Come pu\u00f2 questa chiavetta USB stabilire un legame pi\u00f9 profondo con i clienti?<\/h2>\n\n\n\n<h3 class=\"wp-block-heading\">1.Regalo di apprezzamento per i clienti Premium di Expedia: <\/h3>\n\n\n\n<p>Presentato agli utenti che viaggiano pi\u00f9 di 10 volte all'anno. Presenta modelli di itinerari di viaggio aziendali precaricati, stampati con il logo della piattaforma e adattati agli scenari di viaggio aziendali.<\/p>\n\n\n\n<div class=\"wp-block-columns is-layout-flex wp-container-core-columns-is-layout-1 wp-block-columns-is-layout-flex\">\n<div class=\"wp-block-column is-vertically-aligned-center is-layout-flow wp-block-column-is-layout-flow\">\n<h3 class=\"wp-block-heading\">Programma di apprezzamento dei clienti Premium di Expedia<\/h3>\n\n\n\n<p><strong>Seguito<\/strong>: Sincronizzare i coupon con gli account Expedia degli utenti e collegarli ai portali di prenotazione per incrementare le conversioni degli acquisti ripetuti.<\/p>\n\n\n\n<p><strong>Screening dei clienti<\/strong>: Esportare gli utenti di fascia alta con \u226510 viaggi annuali dal sistema di backend, segmentati per mercati principali (Nord America, Europa). Escludere gli utenti che hanno ricevuto regali negli ultimi 3 mesi per un'azione di sensibilizzazione mirata.<\/p>\n\n\n\n<p><strong>Personalizzazione USB<\/strong>: Unit\u00e0 USB da 32 GB con strisce blu e logo Expedia stampato sul lato e sul cappuccio. Confezionate in scatole di cartone a tema viaggio con etichetta\u00a0<em>\"Strumento di archiviazione esclusivo di Expedia Travel\"<\/em>.<\/p>\n\n\n\n<p><strong>Precaricamento dei contenuti<\/strong>: Precaricare il pacchetto di gestione degli itinerari di viaggio (modelli Excel + consigli di viaggio in PDF) e i coupon premium validi per 3 mesi (sconti su hotel e voli). Verificare l'integrit\u00e0 dei contenuti dopo l'installazione.<\/p>\n\n\n\n<p><strong>Consegna<\/strong>: Spedire tramite corriere locale con un biglietto di ringraziamento:\u00a0<em>\"Grazie per gli oltre 10 viaggi di quest'anno. Questa USB vi accompagna in ogni viaggio\".<\/em>. Inviare un'e-mail di follow-up 2 giorni dopo la conferma di consegna per spiegare l'utilizzo dello sconto e l'accesso alle risorse.<\/p>\n<\/div>\n\n\n\n<div class=\"wp-block-column is-layout-flow wp-block-column-is-layout-flow\">\n<figure class=\"wp-block-image size-full\"><img fetchpriority=\"high\" decoding=\"async\" width=\"800\" height=\"800\" src=\"https:\/\/www.yousanusb.com\/wp-content\/uploads\/2025\/12\/Blue-stripe-Generic-Airplane-USB-Flash-Drive.jpg\" alt=\"\" class=\"wp-image-24949\" srcset=\"https:\/\/www.yousanusb.com\/wp-content\/uploads\/2025\/12\/Blue-stripe-Generic-Airplane-USB-Flash-Drive.jpg 800w, https:\/\/www.yousanusb.com\/wp-content\/uploads\/2025\/12\/Blue-stripe-Generic-Airplane-USB-Flash-Drive-300x300.jpg 300w, https:\/\/www.yousanusb.com\/wp-content\/uploads\/2025\/12\/Blue-stripe-Generic-Airplane-USB-Flash-Drive-150x150.jpg 150w, https:\/\/www.yousanusb.com\/wp-content\/uploads\/2025\/12\/Blue-stripe-Generic-Airplane-USB-Flash-Drive-768x768.jpg 768w, https:\/\/www.yousanusb.com\/wp-content\/uploads\/2025\/12\/Blue-stripe-Generic-Airplane-USB-Flash-Drive-12x12.jpg 12w, https:\/\/www.yousanusb.com\/wp-content\/uploads\/2025\/12\/Blue-stripe-Generic-Airplane-USB-Flash-Drive-600x600.jpg 600w, https:\/\/www.yousanusb.com\/wp-content\/uploads\/2025\/12\/Blue-stripe-Generic-Airplane-USB-Flash-Drive-100x100.jpg 100w\" sizes=\"(max-width: 800px) 100vw, 800px\" \/><\/figure>\n<\/div>\n<\/div>\n\n\n\n<div class=\"wp-block-columns is-layout-flex wp-container-core-columns-is-layout-2 wp-block-columns-is-layout-flex\">\n<div class=\"wp-block-column is-layout-flow wp-block-column-is-layout-flow\">\n<figure class=\"wp-block-image size-full\"><img decoding=\"async\" width=\"800\" height=\"800\" src=\"https:\/\/www.yousanusb.com\/wp-content\/uploads\/2025\/12\/Blue-stripe-Generic-Narrow-body-Airliner-USB-Flash-Drive.jpg\" alt=\"\" class=\"wp-image-24950\" srcset=\"https:\/\/www.yousanusb.com\/wp-content\/uploads\/2025\/12\/Blue-stripe-Generic-Narrow-body-Airliner-USB-Flash-Drive.jpg 800w, https:\/\/www.yousanusb.com\/wp-content\/uploads\/2025\/12\/Blue-stripe-Generic-Narrow-body-Airliner-USB-Flash-Drive-300x300.jpg 300w, https:\/\/www.yousanusb.com\/wp-content\/uploads\/2025\/12\/Blue-stripe-Generic-Narrow-body-Airliner-USB-Flash-Drive-150x150.jpg 150w, https:\/\/www.yousanusb.com\/wp-content\/uploads\/2025\/12\/Blue-stripe-Generic-Narrow-body-Airliner-USB-Flash-Drive-768x768.jpg 768w, https:\/\/www.yousanusb.com\/wp-content\/uploads\/2025\/12\/Blue-stripe-Generic-Narrow-body-Airliner-USB-Flash-Drive-12x12.jpg 12w, https:\/\/www.yousanusb.com\/wp-content\/uploads\/2025\/12\/Blue-stripe-Generic-Narrow-body-Airliner-USB-Flash-Drive-600x600.jpg 600w, https:\/\/www.yousanusb.com\/wp-content\/uploads\/2025\/12\/Blue-stripe-Generic-Narrow-body-Airliner-USB-Flash-Drive-100x100.jpg 100w\" sizes=\"(max-width: 800px) 100vw, 800px\" \/><\/figure>\n<\/div>\n\n\n\n<div class=\"wp-block-column is-vertically-aligned-center is-layout-flow wp-block-column-is-layout-flow\">\n<h2 class=\"wp-block-heading\"><strong>Altri scenari di utilizzo<\/strong><\/h2>\n\n\n\n<p><strong>Programma Frequent Flyer di United Airlines<\/strong>: I soci di livello Silver e superiore ricevono una chiavetta USB brandizzata e precaricata con orari dei voli, lettere e altri vantaggi per i soci per migliorare la visibilit\u00e0 dei benefici.<\/p>\n\n\n\n<p><strong>Regalo professionale per l'Airshow di Singapore<\/strong>: Distribuita nella zona delle trattative commerciali, questa chiavetta USB \u00e8 precaricata con gli elenchi degli espositori per favorire l'archiviazione delle informazioni per i professionisti dell'aviazione.<\/p>\n\n\n\n<p><strong>Kit di benvenuto dell'Accademia American Airlines<\/strong>: I nuovi studenti ricevono una chiavetta USB contenente il materiale didattico introduttivo che pu\u00f2 essere conservato e consultato per gli studi relativi all'aviazione.<\/p>\n<\/div>\n<\/div>","protected":false},"excerpt":{"rendered":"<ul>\n<li>Coperchio antipolvere rimovibile (protezione della porta USB)<\/li>\n<li>Opzioni di capacit\u00e0: 4G-128G<\/li>\n<li>Ideale per viaggi d'affari e compagnie aeree<\/li>\n<li>Compatibile con pi\u00f9 dispositivi<\/li>\n<li>MOQ: 100pcs<\/li>\n<\/ul>","protected":false},"featured_media":24949,"comment_status":"open","ping_status":"closed","template":"","meta":{"_seopress_robots_primary_cat":"none","_seopress_titles_title":"","_seopress_titles_desc":"","_seopress_robots_index":""},"class_list":["post-24946","product","type-product","status-publish","has-post-thumbnail","hentry","product_cat-custom-usb-drive","product_tag-pvc-airplane-usb-flash-drive"],"_links":{"self":[{"href":"https:\/\/www.yousanusb.com\/it\/wp-json\/wp\/v2\/product\/24946"}],"collection":[{"href":"https:\/\/www.yousanusb.com\/it\/wp-json\/wp\/v2\/product"}],"about":[{"href":"https:\/\/www.yousanusb.com\/it\/wp-json\/wp\/v2\/types\/product"}],"replies":[{"embeddable":true,"href":"https:\/\/www.yousanusb.com\/it\/wp-json\/wp\/v2\/comments?post=24946"}],"wp:featuredmedia":[{"embeddable":true,"href":"https:\/\/www.yousanusb.com\/it\/wp-json\/wp\/v2\/media\/24949"}],"wp:attachment":[{"href":"https:\/\/www.yousanusb.com\/it\/wp-json\/wp\/v2\/media?parent=24946"}],"curies":[{"name":"wp","href":"https:\/\/api.w.org\/{rel}","templated":true}]}}