{"id":25056,"date":"2025-12-06T02:50:22","date_gmt":"2025-12-06T02:50:22","guid":{"rendered":"https:\/\/www.yousanusb.com\/?post_type=product&#038;p=25056"},"modified":"2025-12-27T02:09:58","modified_gmt":"2025-12-27T02:09:58","slug":"high-speed-rail-usb-flash-drive","status":"publish","type":"product","link":"https:\/\/www.yousanusb.com\/it\/prodotto\/high-speed-rail-usb-flash-drive\/","title":{"rendered":"Unit\u00e0 flash USB per ferrovia ad alta velocit\u00e0"},"content":{"rendered":"<p>La chiavetta di memoria rappresenta il progetto del treno proiettile Fuxing nel suo design reale. \u00c8 una versione miniaturizzata e leggera del progetto originale. La chiavetta funziona anche come una normale unit\u00e0 di memoria USB.<\/p>\n\n\n\n<div class=\"wp-block-columns is-layout-flex wp-container-core-columns-is-layout-1 wp-block-columns-is-layout-flex\">\n<div class=\"wp-block-column is-layout-flow wp-block-column-is-layout-flow\">\n<figure class=\"wp-block-image size-full\"><img fetchpriority=\"high\" decoding=\"async\" width=\"800\" height=\"800\" src=\"https:\/\/www.yousanusb.com\/wp-content\/uploads\/2025\/12\/High-Speed-Rail-USB-Flash-Drive.jpg\" alt=\"\" class=\"wp-image-25061\" srcset=\"https:\/\/www.yousanusb.com\/wp-content\/uploads\/2025\/12\/High-Speed-Rail-USB-Flash-Drive.jpg 800w, https:\/\/www.yousanusb.com\/wp-content\/uploads\/2025\/12\/High-Speed-Rail-USB-Flash-Drive-300x300.jpg 300w, https:\/\/www.yousanusb.com\/wp-content\/uploads\/2025\/12\/High-Speed-Rail-USB-Flash-Drive-150x150.jpg 150w, https:\/\/www.yousanusb.com\/wp-content\/uploads\/2025\/12\/High-Speed-Rail-USB-Flash-Drive-768x768.jpg 768w, https:\/\/www.yousanusb.com\/wp-content\/uploads\/2025\/12\/High-Speed-Rail-USB-Flash-Drive-12x12.jpg 12w, https:\/\/www.yousanusb.com\/wp-content\/uploads\/2025\/12\/High-Speed-Rail-USB-Flash-Drive-600x600.jpg 600w, https:\/\/www.yousanusb.com\/wp-content\/uploads\/2025\/12\/High-Speed-Rail-USB-Flash-Drive-100x100.jpg 100w\" sizes=\"(max-width: 800px) 100vw, 800px\" \/><\/figure>\n<\/div>\n\n\n\n<div class=\"wp-block-column is-vertically-aligned-center is-layout-flow wp-block-column-is-layout-flow\">\n<h2 class=\"wp-block-heading\">Come regalo, i suoi scenari applicativi principali sono i seguenti:<\/h2>\n\n\n\n<ul class=\"wp-block-list\">\n<li><strong>Enti ferroviari e di transito<\/strong>: Gli uffici ferroviari e i produttori di attrezzature per il transito ferroviario possono utilizzare questi articoli come regali di benvenuto per i dipendenti e come segno di apprezzamento per i clienti.<\/li>\n\n\n\n<li><strong>Mostre di trasporto<\/strong>: Ideale come omaggio per gli espositori di eventi come l'International Rail Transit Exhibition e l'Urban Transport Construction Expo.<\/li>\n\n\n\n<li><strong>Regali aziendali<\/strong>: Comunemente offerto dalle industrie logistiche, manifatturiere e da altre industrie legate ai trasporti dopo le trattative commerciali.<\/li>\n\n\n\n<li><strong>Trasporto universitario Istruzione<\/strong>: Servono come ricordi per i programmi di divulgazione ferroviaria ad alta velocit\u00e0 per gli studenti di scienze e per gli studi sul campo dei trasporti K-12, migliorando la comprensione dei sistemi ferroviari.<\/li>\n<\/ul>\n<\/div>\n<\/div>\n\n\n\n<h2 class=\"wp-block-heading\">L'esempio del processo di distribuzione delle chiavette USB alle fiere del settore dei trasporti<\/h2>\n\n\n\n<div class=\"wp-block-columns is-layout-flex wp-container-core-columns-is-layout-2 wp-block-columns-is-layout-flex\">\n<div class=\"wp-block-column is-vertically-aligned-center is-layout-flow wp-block-column-is-layout-flow\">\n<h2 class=\"wp-block-heading\">1\u3001<strong>Processo di ingaggio della cabina per le unit\u00e0 USB della ferrovia ad alta velocit\u00e0<\/strong><\/h2>\n\n\n\n<p><br><strong>Follow-up finale<\/strong>: Quando consegnate la chiavetta USB e il biglietto da visita, aggiungete:\u00a0<em>\"Per collaborazioni sui prodotti o richieste tecniche, non esitate a contattarci in qualsiasi momento: i nostri specialisti dedicati vi risponderanno entro 24 ore\".<\/em><br><\/p>\n\n\n\n<p><strong>Impostazione della zona<\/strong>: Designare un'\"area di ritiro dei souvenir a tema\" presso lo stand, con campioni di chiavette USB per l'alta velocit\u00e0 e cartelli che indichino:\u00a0<em>\"Ritiro gratuito: Chiavette USB personalizzate a tema transito ferroviario\"<\/em>.<\/p>\n\n\n\n<p><strong>Risposta alla richiesta del cliente<\/strong>: Quando i visitatori chiedono informazioni sulla promozione, spiegatele brevemente:\u00a0<em>\"Questa chiavetta USB personalizzata per le ferrovie ad alta velocit\u00e0 \u00e8 precaricata con i nostri manuali di prodotto e casi di studio, offrendo sia un'utilit\u00e0 pratica che un valore commemorativo del settore\".<\/em><\/p>\n\n\n\n<p><strong>Guida alla registrazione<\/strong>: Guidare i visitatori attraverso una rapida registrazione (nome, azienda, informazioni di contatto) con questa spiegazione:\u00a0<em>\"Completate la registrazione per richiedere la vostra chiavetta USB e vi invieremo un pacchetto di risorse esclusive per la mostra\".<\/em><\/p>\n<\/div>\n\n\n\n<div class=\"wp-block-column is-layout-flow wp-block-column-is-layout-flow\">\n<figure class=\"wp-block-image size-full\"><img decoding=\"async\" width=\"800\" height=\"800\" src=\"https:\/\/www.yousanusb.com\/wp-content\/uploads\/2025\/12\/custom-rail-usb-flash-drive.jpg\" alt=\"\" class=\"wp-image-25060\" srcset=\"https:\/\/www.yousanusb.com\/wp-content\/uploads\/2025\/12\/custom-rail-usb-flash-drive.jpg 800w, https:\/\/www.yousanusb.com\/wp-content\/uploads\/2025\/12\/custom-rail-usb-flash-drive-300x300.jpg 300w, https:\/\/www.yousanusb.com\/wp-content\/uploads\/2025\/12\/custom-rail-usb-flash-drive-150x150.jpg 150w, https:\/\/www.yousanusb.com\/wp-content\/uploads\/2025\/12\/custom-rail-usb-flash-drive-768x768.jpg 768w, https:\/\/www.yousanusb.com\/wp-content\/uploads\/2025\/12\/custom-rail-usb-flash-drive-12x12.jpg 12w, https:\/\/www.yousanusb.com\/wp-content\/uploads\/2025\/12\/custom-rail-usb-flash-drive-600x600.jpg 600w, https:\/\/www.yousanusb.com\/wp-content\/uploads\/2025\/12\/custom-rail-usb-flash-drive-100x100.jpg 100w\" sizes=\"(max-width: 800px) 100vw, 800px\" \/><\/figure>\n<\/div>\n<\/div>\n\n\n\n<div class=\"wp-block-columns is-layout-flex wp-container-core-columns-is-layout-3 wp-block-columns-is-layout-flex\">\n<div class=\"wp-block-column is-layout-flow wp-block-column-is-layout-flow\">\n<figure class=\"wp-block-image size-full\"><img decoding=\"async\" width=\"800\" height=\"800\" src=\"https:\/\/www.yousanusb.com\/wp-content\/uploads\/2025\/12\/cool-train-usb-flash-drive.jpg\" alt=\"\" class=\"wp-image-25059\" srcset=\"https:\/\/www.yousanusb.com\/wp-content\/uploads\/2025\/12\/cool-train-usb-flash-drive.jpg 800w, https:\/\/www.yousanusb.com\/wp-content\/uploads\/2025\/12\/cool-train-usb-flash-drive-300x300.jpg 300w, https:\/\/www.yousanusb.com\/wp-content\/uploads\/2025\/12\/cool-train-usb-flash-drive-150x150.jpg 150w, https:\/\/www.yousanusb.com\/wp-content\/uploads\/2025\/12\/cool-train-usb-flash-drive-768x768.jpg 768w, https:\/\/www.yousanusb.com\/wp-content\/uploads\/2025\/12\/cool-train-usb-flash-drive-12x12.jpg 12w, https:\/\/www.yousanusb.com\/wp-content\/uploads\/2025\/12\/cool-train-usb-flash-drive-600x600.jpg 600w, https:\/\/www.yousanusb.com\/wp-content\/uploads\/2025\/12\/cool-train-usb-flash-drive-100x100.jpg 100w\" sizes=\"(max-width: 800px) 100vw, 800px\" \/><\/figure>\n<\/div>\n\n\n\n<div class=\"wp-block-column is-vertically-aligned-center is-layout-flow wp-block-column-is-layout-flow\">\n<h2 class=\"wp-block-heading\">2. Strategia di follow-up post-evento<\/h2>\n\n\n\n<p><strong>Impegno a lungo termine<\/strong>: Invitiamo i clienti a partecipare ai gruppi di discussione del settore, dove condividiamo regolarmente gli aggiornamenti sul transito ferroviario e le informazioni sui nuovi prodotti, per mantenere i contatti costanti.<\/p>\n\n\n\n<p><strong>Follow-up automatico in 24 ore<\/strong>: Inviare SMS\/email a tutti i clienti registrati:<em>\"Grazie per aver partecipato alla XX Fiera. La vostra chiavetta USB per l'alta velocit\u00e0 \u00e8 stata consegnata e il vostro pacchetto di risorse personalizzate \u00e8 allegato. Non esiti a contattarci per ulteriori dettagli sulla collaborazione\".<\/em><\/p>\n\n\n\n<p><strong>Follow-up mirato di 3 giorni<\/strong>: Chiamare i clienti chiave (ad esempio, operatori del trasporto ferroviario, acquirenti di attrezzature) per chiedere:<em>\"La chiavetta USB ad alta velocit\u00e0 che ha ricevuto ha soddisfatto le sue aspettative? Desidera una presentazione dettagliata del nostro prodotto\/soluzione XX?\".<\/em><\/p>\n<\/div>\n<\/div>","protected":false},"excerpt":{"rendered":"<ul>\n<li>Design a tema Alta Velocit\u00e0 Ferroviaria<\/li>\n<li>Trasferimento veloce dei dati<\/li>\n<li>Compatto e portatile<\/li>\n<li>Supporta la personalizzazione aziendale<\/li>\n<li>Compatibilit\u00e0 con pi\u00f9 scenari<\/li>\n<li>MOQ: 100pcs<\/li>\n<\/ul>","protected":false},"featured_media":25063,"comment_status":"open","ping_status":"closed","template":"","meta":{"_seopress_robots_primary_cat":"none","_seopress_titles_title":"","_seopress_titles_desc":"","_seopress_robots_index":""},"class_list":["post-25056","product","type-product","status-publish","has-post-thumbnail","hentry","product_cat-custom-usb-drive","product_tag-pvc-airplane-usb-flash-drive"],"_links":{"self":[{"href":"https:\/\/www.yousanusb.com\/it\/wp-json\/wp\/v2\/product\/25056"}],"collection":[{"href":"https:\/\/www.yousanusb.com\/it\/wp-json\/wp\/v2\/product"}],"about":[{"href":"https:\/\/www.yousanusb.com\/it\/wp-json\/wp\/v2\/types\/product"}],"replies":[{"embeddable":true,"href":"https:\/\/www.yousanusb.com\/it\/wp-json\/wp\/v2\/comments?post=25056"}],"wp:featuredmedia":[{"embeddable":true,"href":"https:\/\/www.yousanusb.com\/it\/wp-json\/wp\/v2\/media\/25063"}],"wp:attachment":[{"href":"https:\/\/www.yousanusb.com\/it\/wp-json\/wp\/v2\/media?parent=25056"}],"curies":[{"name":"wp","href":"https:\/\/api.w.org\/{rel}","templated":true}]}}