{"id":25135,"date":"2025-12-08T01:02:55","date_gmt":"2025-12-08T01:02:55","guid":{"rendered":"https:\/\/www.yousanusb.com\/?post_type=product&#038;p=25135"},"modified":"2025-12-27T01:55:16","modified_gmt":"2025-12-27T01:55:16","slug":"custom-christmas-tree-usb-flash-drive","status":"publish","type":"product","link":"https:\/\/www.yousanusb.com\/it\/prodotto\/custom-christmas-tree-usb-flash-drive\/","title":{"rendered":"Chiavetta USB con albero di Natale personalizzato"},"content":{"rendered":"<p>Questa unit\u00e0 USB con albero di Natale \u00e8 realizzata in PVC resistente e flessibile, con un'eccellente resistenza agli urti. La sua superficie liscia protegge il chip interno, prolungando la durata dell'unit\u00e0.<\/p>\n\n\n\n<p>Progettato per riprodurre un albero di Natale tradizionale, presenta una struttura a strati con una stella e ornamenti colorati. Ogni strato \u00e8 staccabile e rivela la chiavetta USB all'interno. \u00c8 incluso un portachiavi in metallo per una facile trasportabilit\u00e0.<\/p>\n\n\n\n<div class=\"wp-block-columns is-layout-flex wp-container-core-columns-is-layout-1 wp-block-columns-is-layout-flex\">\n<div class=\"wp-block-column is-layout-flow wp-block-column-is-layout-flow\">\n<figure class=\"wp-block-image size-full\"><img fetchpriority=\"high\" decoding=\"async\" width=\"800\" height=\"800\" src=\"https:\/\/www.yousanusb.com\/wp-content\/uploads\/2025\/12\/orange-Christmas-Tree-USB-Flash-Drive.jpg\" alt=\"\" class=\"wp-image-25142\" srcset=\"https:\/\/www.yousanusb.com\/wp-content\/uploads\/2025\/12\/orange-Christmas-Tree-USB-Flash-Drive.jpg 800w, https:\/\/www.yousanusb.com\/wp-content\/uploads\/2025\/12\/orange-Christmas-Tree-USB-Flash-Drive-300x300.jpg 300w, https:\/\/www.yousanusb.com\/wp-content\/uploads\/2025\/12\/orange-Christmas-Tree-USB-Flash-Drive-150x150.jpg 150w, https:\/\/www.yousanusb.com\/wp-content\/uploads\/2025\/12\/orange-Christmas-Tree-USB-Flash-Drive-768x768.jpg 768w, https:\/\/www.yousanusb.com\/wp-content\/uploads\/2025\/12\/orange-Christmas-Tree-USB-Flash-Drive-12x12.jpg 12w, https:\/\/www.yousanusb.com\/wp-content\/uploads\/2025\/12\/orange-Christmas-Tree-USB-Flash-Drive-600x600.jpg 600w, https:\/\/www.yousanusb.com\/wp-content\/uploads\/2025\/12\/orange-Christmas-Tree-USB-Flash-Drive-100x100.jpg 100w\" sizes=\"(max-width: 800px) 100vw, 800px\" \/><\/figure>\n<\/div>\n\n\n\n<div class=\"wp-block-column is-layout-flow wp-block-column-is-layout-flow\">\n<figure class=\"wp-block-image size-full\"><img decoding=\"async\" width=\"800\" height=\"800\" src=\"https:\/\/www.yousanusb.com\/wp-content\/uploads\/2025\/12\/green-Christmas-Tree-USB-Flash-Drive.jpg\" alt=\"\" class=\"wp-image-25141\" srcset=\"https:\/\/www.yousanusb.com\/wp-content\/uploads\/2025\/12\/green-Christmas-Tree-USB-Flash-Drive.jpg 800w, https:\/\/www.yousanusb.com\/wp-content\/uploads\/2025\/12\/green-Christmas-Tree-USB-Flash-Drive-300x300.jpg 300w, https:\/\/www.yousanusb.com\/wp-content\/uploads\/2025\/12\/green-Christmas-Tree-USB-Flash-Drive-150x150.jpg 150w, https:\/\/www.yousanusb.com\/wp-content\/uploads\/2025\/12\/green-Christmas-Tree-USB-Flash-Drive-768x768.jpg 768w, https:\/\/www.yousanusb.com\/wp-content\/uploads\/2025\/12\/green-Christmas-Tree-USB-Flash-Drive-12x12.jpg 12w, https:\/\/www.yousanusb.com\/wp-content\/uploads\/2025\/12\/green-Christmas-Tree-USB-Flash-Drive-600x600.jpg 600w, https:\/\/www.yousanusb.com\/wp-content\/uploads\/2025\/12\/green-Christmas-Tree-USB-Flash-Drive-100x100.jpg 100w\" sizes=\"(max-width: 800px) 100vw, 800px\" \/><\/figure>\n<\/div>\n\n\n\n<div class=\"wp-block-column is-layout-flow wp-block-column-is-layout-flow\">\n<figure class=\"wp-block-image size-full\"><img decoding=\"async\" width=\"800\" height=\"800\" src=\"https:\/\/www.yousanusb.com\/wp-content\/uploads\/2025\/12\/blue-Christmas-Tree-USB-Flash-Drive.jpg\" alt=\"\" class=\"wp-image-25138\" srcset=\"https:\/\/www.yousanusb.com\/wp-content\/uploads\/2025\/12\/blue-Christmas-Tree-USB-Flash-Drive.jpg 800w, https:\/\/www.yousanusb.com\/wp-content\/uploads\/2025\/12\/blue-Christmas-Tree-USB-Flash-Drive-300x300.jpg 300w, https:\/\/www.yousanusb.com\/wp-content\/uploads\/2025\/12\/blue-Christmas-Tree-USB-Flash-Drive-150x150.jpg 150w, https:\/\/www.yousanusb.com\/wp-content\/uploads\/2025\/12\/blue-Christmas-Tree-USB-Flash-Drive-768x768.jpg 768w, https:\/\/www.yousanusb.com\/wp-content\/uploads\/2025\/12\/blue-Christmas-Tree-USB-Flash-Drive-12x12.jpg 12w, https:\/\/www.yousanusb.com\/wp-content\/uploads\/2025\/12\/blue-Christmas-Tree-USB-Flash-Drive-600x600.jpg 600w, https:\/\/www.yousanusb.com\/wp-content\/uploads\/2025\/12\/blue-Christmas-Tree-USB-Flash-Drive-100x100.jpg 100w\" sizes=\"(max-width: 800px) 100vw, 800px\" \/><\/figure>\n<\/div>\n<\/div>\n\n\n\n<p><\/p>\n\n\n\n<div class=\"wp-block-columns is-layout-flex wp-container-core-columns-is-layout-2 wp-block-columns-is-layout-flex\">\n<div class=\"wp-block-column is-vertically-aligned-center is-layout-flow wp-block-column-is-layout-flow\">\n<figure class=\"wp-block-image size-full\"><img loading=\"lazy\" decoding=\"async\" width=\"800\" height=\"800\" src=\"https:\/\/www.yousanusb.com\/wp-content\/uploads\/2025\/12\/OTG-christmas-tree-usb-flash-drive.jpg\" alt=\"\" class=\"wp-image-25143\" srcset=\"https:\/\/www.yousanusb.com\/wp-content\/uploads\/2025\/12\/OTG-christmas-tree-usb-flash-drive.jpg 800w, https:\/\/www.yousanusb.com\/wp-content\/uploads\/2025\/12\/OTG-christmas-tree-usb-flash-drive-300x300.jpg 300w, https:\/\/www.yousanusb.com\/wp-content\/uploads\/2025\/12\/OTG-christmas-tree-usb-flash-drive-150x150.jpg 150w, https:\/\/www.yousanusb.com\/wp-content\/uploads\/2025\/12\/OTG-christmas-tree-usb-flash-drive-768x768.jpg 768w, https:\/\/www.yousanusb.com\/wp-content\/uploads\/2025\/12\/OTG-christmas-tree-usb-flash-drive-12x12.jpg 12w, https:\/\/www.yousanusb.com\/wp-content\/uploads\/2025\/12\/OTG-christmas-tree-usb-flash-drive-600x600.jpg 600w, https:\/\/www.yousanusb.com\/wp-content\/uploads\/2025\/12\/OTG-christmas-tree-usb-flash-drive-100x100.jpg 100w\" sizes=\"(max-width: 800px) 100vw, 800px\" \/><\/figure>\n<\/div>\n\n\n\n<div class=\"wp-block-column is-vertically-aligned-center is-layout-flow wp-block-column-is-layout-flow\">\n<p>Questa unit\u00e0 USB \u00e8 dotata di due interfacce (USB-A e Type-C) per una perfetta compatibilit\u00e0 con computer, smartphone, tablet e altri dispositivi portatili. Supporta i trasferimenti in lettura\/scrittura ad alta velocit\u00e0 USB 3.0 e non richiede driver aggiuntivi, consentendo una vera e propria funzionalit\u00e0 plug-and-play fin dall'inizio.<\/p>\n\n\n\n<h4 class=\"wp-block-heading\">Applicazioni ideali per regali ed eventi:<\/h4>\n\n\n\n<ol class=\"wp-block-list\">\n<li><strong>Regali aziendali per le vacanze dei dipendenti<\/strong>: Perfetto per i benefit natalizi dei dipendenti, per promuovere lo spirito natalizio e per riconoscere il contributo dei dipendenti al successo dell'azienda.<\/li>\n\n\n\n<li><strong>Regali di apprezzamento per i clienti<\/strong>: Personalizzabile con i loghi dei marchi per rafforzare e valorizzare le partnership commerciali.<\/li>\n\n\n\n<li><strong>Promozioni per centri commerciali<\/strong>: Funge da incentivo stagionale per incrementare il traffico pedonale e guidare le conversioni di acquisto per le vacanze.<\/li>\n\n\n\n<li><strong>Omaggi per fiere<\/strong>: Migliora la visibilit\u00e0 dello stand e favorisce il coinvolgimento dei potenziali clienti durante le fiere e gli eventi in-store.<\/li>\n<\/ol>\n<\/div>\n<\/div>\n\n\n\n<div class=\"wp-block-columns is-layout-flex wp-container-core-columns-is-layout-3 wp-block-columns-is-layout-flex\">\n<div class=\"wp-block-column is-vertically-aligned-center is-layout-flow wp-block-column-is-layout-flow\">\n<p><strong>Campagna natalizia di Starbucks: Regalo di una chiavetta USB a tema<\/strong><\/p>\n\n\n\n<p>Questa chiavetta USB a forma di albero di Natale \u00e8 un regalo esclusivo per i soci Starbucks Rewards. I soci qualificati che effettuano acquisti idonei durante il periodo natalizio riceveranno la chiavetta con il marchio, precaricata con informazioni sui nuovi prodotti delle festivit\u00e0 e coupon esclusivi per i soci.<\/p>\n\n\n\n<p>L'USB festivo sfrutta l'entusiasmo natalizio per offrire un'utilit\u00e0 pratica e un'esperienza piacevole per il cliente, rafforzando al contempo le relazioni tra marchio e cliente e promuovendo un coinvolgimento continuo.<\/p>\n<\/div>\n\n\n\n<div class=\"wp-block-column is-layout-flow wp-block-column-is-layout-flow\">\n<figure class=\"wp-block-image size-full\"><img loading=\"lazy\" decoding=\"async\" width=\"800\" height=\"800\" src=\"https:\/\/www.yousanusb.com\/wp-content\/uploads\/2025\/12\/Christmas-Tree-USB-Flash-Drive-factory.jpg\" alt=\"\" class=\"wp-image-25139\" srcset=\"https:\/\/www.yousanusb.com\/wp-content\/uploads\/2025\/12\/Christmas-Tree-USB-Flash-Drive-factory.jpg 800w, https:\/\/www.yousanusb.com\/wp-content\/uploads\/2025\/12\/Christmas-Tree-USB-Flash-Drive-factory-300x300.jpg 300w, https:\/\/www.yousanusb.com\/wp-content\/uploads\/2025\/12\/Christmas-Tree-USB-Flash-Drive-factory-150x150.jpg 150w, https:\/\/www.yousanusb.com\/wp-content\/uploads\/2025\/12\/Christmas-Tree-USB-Flash-Drive-factory-768x768.jpg 768w, https:\/\/www.yousanusb.com\/wp-content\/uploads\/2025\/12\/Christmas-Tree-USB-Flash-Drive-factory-12x12.jpg 12w, https:\/\/www.yousanusb.com\/wp-content\/uploads\/2025\/12\/Christmas-Tree-USB-Flash-Drive-factory-600x600.jpg 600w, https:\/\/www.yousanusb.com\/wp-content\/uploads\/2025\/12\/Christmas-Tree-USB-Flash-Drive-factory-100x100.jpg 100w\" sizes=\"(max-width: 800px) 100vw, 800px\" \/><\/figure>\n<\/div>\n<\/div>","protected":false},"excerpt":{"rendered":"<ul>\n<li>USB-A + Tipo-C<\/li>\n<li>Protocollo USB 3.0<\/li>\n<li>Viene fornito con un portachiavi in metallo<\/li>\n<li>LOGO personalizzabile<\/li>\n<li>MOQ: 100pcs<\/li>\n<\/ul>","protected":false},"featured_media":25297,"comment_status":"open","ping_status":"closed","template":"","meta":{"_seopress_robots_primary_cat":"none","_seopress_titles_title":"","_seopress_titles_desc":"","_seopress_robots_index":""},"class_list":["post-25135","product","type-product","status-publish","has-post-thumbnail","hentry","product_cat-custom-usb-drive"],"_links":{"self":[{"href":"https:\/\/www.yousanusb.com\/it\/wp-json\/wp\/v2\/product\/25135"}],"collection":[{"href":"https:\/\/www.yousanusb.com\/it\/wp-json\/wp\/v2\/product"}],"about":[{"href":"https:\/\/www.yousanusb.com\/it\/wp-json\/wp\/v2\/types\/product"}],"replies":[{"embeddable":true,"href":"https:\/\/www.yousanusb.com\/it\/wp-json\/wp\/v2\/comments?post=25135"}],"wp:featuredmedia":[{"embeddable":true,"href":"https:\/\/www.yousanusb.com\/it\/wp-json\/wp\/v2\/media\/25297"}],"wp:attachment":[{"href":"https:\/\/www.yousanusb.com\/it\/wp-json\/wp\/v2\/media?parent=25135"}],"curies":[{"name":"wp","href":"https:\/\/api.w.org\/{rel}","templated":true}]}}