{"id":25442,"date":"2025-12-10T09:48:31","date_gmt":"2025-12-10T09:48:31","guid":{"rendered":"https:\/\/www.yousanusb.com\/?post_type=product&#038;p=25442"},"modified":"2025-12-27T01:45:58","modified_gmt":"2025-12-27T01:45:58","slug":"lemon-usb-flash-drive","status":"publish","type":"product","link":"https:\/\/www.yousanusb.com\/it\/prodotto\/lemon-usb-flash-drive\/","title":{"rendered":"Unit\u00e0 flash USB Lemon"},"content":{"rendered":"<p>Una chiavetta USB Lemon \u00e8 un oggetto originale, un omaggio promozionale o un simpatico accessorio che memorizza i vostri dati. Queste unit\u00e0 sono realizzate in materiale PVC e sono disponibili in formati da 1GB-128GB+ con elementi divertenti e funzionali per archiviare file, immagini e musica.<\/p>\n\n\n\n<div class=\"wp-block-columns is-layout-flex wp-container-core-columns-is-layout-1 wp-block-columns-is-layout-flex\">\n<div class=\"wp-block-column is-layout-flow wp-block-column-is-layout-flow\">\n<figure class=\"wp-block-image size-full\"><img fetchpriority=\"high\" decoding=\"async\" width=\"800\" height=\"800\" src=\"https:\/\/www.yousanusb.com\/wp-content\/uploads\/2025\/12\/PVC-Lemon-USB-Drive.jpg\" alt=\"\" class=\"wp-image-25448\" srcset=\"https:\/\/www.yousanusb.com\/wp-content\/uploads\/2025\/12\/PVC-Lemon-USB-Drive.jpg 800w, https:\/\/www.yousanusb.com\/wp-content\/uploads\/2025\/12\/PVC-Lemon-USB-Drive-300x300.jpg 300w, https:\/\/www.yousanusb.com\/wp-content\/uploads\/2025\/12\/PVC-Lemon-USB-Drive-150x150.jpg 150w, https:\/\/www.yousanusb.com\/wp-content\/uploads\/2025\/12\/PVC-Lemon-USB-Drive-768x768.jpg 768w, https:\/\/www.yousanusb.com\/wp-content\/uploads\/2025\/12\/PVC-Lemon-USB-Drive-12x12.jpg 12w, https:\/\/www.yousanusb.com\/wp-content\/uploads\/2025\/12\/PVC-Lemon-USB-Drive-600x600.jpg 600w, https:\/\/www.yousanusb.com\/wp-content\/uploads\/2025\/12\/PVC-Lemon-USB-Drive-100x100.jpg 100w\" sizes=\"(max-width: 800px) 100vw, 800px\" \/><\/figure>\n<\/div>\n\n\n\n<div class=\"wp-block-column is-vertically-aligned-center is-layout-flow wp-block-column-is-layout-flow\">\n<p>Gli usi sono molteplici:<\/p>\n\n\n\n<p>Uso privato: trasportare musica, foto, documenti e video in modo distintivo.<\/p>\n\n\n\n<p>Articoli promozionali da regalo: Personalizzabili e modificati con loghi aziendali come forma di riconoscimento del marchio aziendale.<\/p>\n\n\n\n<p>Articolo regalo novit\u00e0: Un articolo da regalo divertente e pratico da regalare ad amici, parenti, colleghi, ecc.<\/p>\n<\/div>\n<\/div>\n\n\n\n<div class=\"wp-block-columns is-layout-flex wp-container-core-columns-is-layout-2 wp-block-columns-is-layout-flex\">\n<div class=\"wp-block-column is-vertically-aligned-center is-layout-flow wp-block-column-is-layout-flow\">\n<p><strong>Tropicana:<\/strong> In qualit\u00e0 di marchio leader mondiale di succhi di frutta, Tropicana incentra la sua identit\u00e0 sulla frutta fresca, con il limone come ingrediente chiave. Le chiavette USB a forma di limone sono i regali promozionali ideali per i suoi set di succhi al gusto di limone, precaricati con storie di sviluppo di nuovi prodotti che si allineano all'immagine fruttariana del marchio e migliorano il ricordo del prodotto.<\/p>\n\n\n\n<p><strong>Starbucks:<\/strong> La catena di ristorazione globale offre regolarmente bevande al gusto di limone, come il Lemon Sparkling Cold Brew. Per i clienti e i soci che raggiungono soglie di spesa, le chiavette USB a forma di limone possono contenere coupon per bevande stagionali e inviti a eventi, rafforzando ulteriormente la fedelt\u00e0 al marchio.<br><\/p>\n<\/div>\n\n\n\n<div class=\"wp-block-column is-layout-flow wp-block-column-is-layout-flow\">\n<figure class=\"wp-block-image size-full\"><img decoding=\"async\" width=\"800\" height=\"800\" src=\"https:\/\/www.yousanusb.com\/wp-content\/uploads\/2025\/12\/custom-Lemon-USB-Drive.jpg\" alt=\"\" class=\"wp-image-25445\" srcset=\"https:\/\/www.yousanusb.com\/wp-content\/uploads\/2025\/12\/custom-Lemon-USB-Drive.jpg 800w, https:\/\/www.yousanusb.com\/wp-content\/uploads\/2025\/12\/custom-Lemon-USB-Drive-300x300.jpg 300w, https:\/\/www.yousanusb.com\/wp-content\/uploads\/2025\/12\/custom-Lemon-USB-Drive-150x150.jpg 150w, https:\/\/www.yousanusb.com\/wp-content\/uploads\/2025\/12\/custom-Lemon-USB-Drive-768x768.jpg 768w, https:\/\/www.yousanusb.com\/wp-content\/uploads\/2025\/12\/custom-Lemon-USB-Drive-12x12.jpg 12w, https:\/\/www.yousanusb.com\/wp-content\/uploads\/2025\/12\/custom-Lemon-USB-Drive-600x600.jpg 600w, https:\/\/www.yousanusb.com\/wp-content\/uploads\/2025\/12\/custom-Lemon-USB-Drive-100x100.jpg 100w\" sizes=\"(max-width: 800px) 100vw, 800px\" \/><\/figure>\n<\/div>\n<\/div>\n\n\n\n<div class=\"wp-block-columns is-layout-flex wp-container-core-columns-is-layout-3 wp-block-columns-is-layout-flex\">\n<div class=\"wp-block-column is-layout-flow wp-block-column-is-layout-flow\">\n<figure class=\"wp-block-image size-full\"><img decoding=\"async\" width=\"800\" height=\"800\" src=\"https:\/\/www.yousanusb.com\/wp-content\/uploads\/2025\/12\/lemon-usb-flash-drive-1.jpg\" alt=\"\" class=\"wp-image-25447\" srcset=\"https:\/\/www.yousanusb.com\/wp-content\/uploads\/2025\/12\/lemon-usb-flash-drive-1.jpg 800w, https:\/\/www.yousanusb.com\/wp-content\/uploads\/2025\/12\/lemon-usb-flash-drive-1-300x300.jpg 300w, https:\/\/www.yousanusb.com\/wp-content\/uploads\/2025\/12\/lemon-usb-flash-drive-1-150x150.jpg 150w, https:\/\/www.yousanusb.com\/wp-content\/uploads\/2025\/12\/lemon-usb-flash-drive-1-768x768.jpg 768w, https:\/\/www.yousanusb.com\/wp-content\/uploads\/2025\/12\/lemon-usb-flash-drive-1-12x12.jpg 12w, https:\/\/www.yousanusb.com\/wp-content\/uploads\/2025\/12\/lemon-usb-flash-drive-1-600x600.jpg 600w, https:\/\/www.yousanusb.com\/wp-content\/uploads\/2025\/12\/lemon-usb-flash-drive-1-100x100.jpg 100w\" sizes=\"(max-width: 800px) 100vw, 800px\" \/><\/figure>\n<\/div>\n\n\n\n<div class=\"wp-block-column is-vertically-aligned-center is-layout-flow wp-block-column-is-layout-flow\">\n<p><strong>Industria della bellezza e della cura della persona<\/strong>: La linea Lemon Seed Brightening Skincare di Fresh enfatizza gli ingredienti naturali, allineandosi perfettamente all'estetica della USB al limone. Come regalo di pregio incluso nei set di fascia alta, l'USB conserva le esercitazioni sui prodotti, mostrando l'esperienza del marchio ed elevando l'esperienza dei clienti di fascia alta.<\/p>\n\n\n\n<p><br><strong>Industria della salute e del benessere<\/strong>: GNC, nota per la vitamina C e le compresse effervescenti al gusto di limone, sfrutta l'associazione simbolica del limone con la salute. L'offerta del Lemon USB come regalo da acquistare insieme a guide all'abbinamento nutrizionale \u00e8 in linea con il posizionamento del marchio e facilita la diffusione dei contenuti.<\/p>\n<\/div>\n<\/div>","protected":false},"excerpt":{"rendered":"<ul>\n<li>Chiavetta USB a forma di frutta<\/li>\n<li>Materiale PVC<\/li>\n<li>Plug-and-play<\/li>\n<li>Supporto USB 2.0\/3.0<\/li>\n<li>MOQ: 100pcs<\/li>\n<\/ul>","protected":false},"featured_media":25446,"comment_status":"open","ping_status":"closed","template":"","meta":{"_seopress_robots_primary_cat":"none","_seopress_titles_title":"","_seopress_titles_desc":"","_seopress_robots_index":""},"class_list":["post-25442","product","type-product","status-publish","has-post-thumbnail","hentry","product_cat-custom-usb-drive","product_tag-food-usb-flash-drive","product_tag-fruit-usb-flash-drive"],"_links":{"self":[{"href":"https:\/\/www.yousanusb.com\/it\/wp-json\/wp\/v2\/product\/25442"}],"collection":[{"href":"https:\/\/www.yousanusb.com\/it\/wp-json\/wp\/v2\/product"}],"about":[{"href":"https:\/\/www.yousanusb.com\/it\/wp-json\/wp\/v2\/types\/product"}],"replies":[{"embeddable":true,"href":"https:\/\/www.yousanusb.com\/it\/wp-json\/wp\/v2\/comments?post=25442"}],"wp:featuredmedia":[{"embeddable":true,"href":"https:\/\/www.yousanusb.com\/it\/wp-json\/wp\/v2\/media\/25446"}],"wp:attachment":[{"href":"https:\/\/www.yousanusb.com\/it\/wp-json\/wp\/v2\/media?parent=25442"}],"curies":[{"name":"wp","href":"https:\/\/api.w.org\/{rel}","templated":true}]}}