{"id":25754,"date":"2025-12-12T02:46:44","date_gmt":"2025-12-12T02:46:44","guid":{"rendered":"https:\/\/www.yousanusb.com\/?post_type=product&#038;p=25754"},"modified":"2025-12-27T01:34:48","modified_gmt":"2025-12-27T01:34:48","slug":"banana-usb-flash-drive","status":"publish","type":"product","link":"https:\/\/www.yousanusb.com\/it\/prodotto\/banana-usb-flash-drive\/","title":{"rendered":"Chiavetta USB Banana"},"content":{"rendered":"<p>La nostra gamma di <strong>Chiavette USB a forma di banana<\/strong> \u00e8 la combinazione perfetta di divertimento e funzionalit\u00e0. Il corpo \u00e8 realizzato in PVC giallo con un design a spacco per nascondere la porta USB. Questi prodotti possono essere stampati su misura con il vostro logo.<\/p>\n\n\n\n<div class=\"wp-block-columns is-layout-flex wp-container-core-columns-is-layout-1 wp-block-columns-is-layout-flex\">\n<div class=\"wp-block-column is-layout-flow wp-block-column-is-layout-flow\">\n<figure class=\"wp-block-image size-full\"><img fetchpriority=\"high\" decoding=\"async\" width=\"800\" height=\"800\" src=\"https:\/\/www.yousanusb.com\/wp-content\/uploads\/2025\/12\/banana-usb-memory-stick.jpg\" alt=\"\" class=\"wp-image-25758\" srcset=\"https:\/\/www.yousanusb.com\/wp-content\/uploads\/2025\/12\/banana-usb-memory-stick.jpg 800w, https:\/\/www.yousanusb.com\/wp-content\/uploads\/2025\/12\/banana-usb-memory-stick-300x300.jpg 300w, https:\/\/www.yousanusb.com\/wp-content\/uploads\/2025\/12\/banana-usb-memory-stick-150x150.jpg 150w, https:\/\/www.yousanusb.com\/wp-content\/uploads\/2025\/12\/banana-usb-memory-stick-768x768.jpg 768w, https:\/\/www.yousanusb.com\/wp-content\/uploads\/2025\/12\/banana-usb-memory-stick-12x12.jpg 12w, https:\/\/www.yousanusb.com\/wp-content\/uploads\/2025\/12\/banana-usb-memory-stick-600x600.jpg 600w, https:\/\/www.yousanusb.com\/wp-content\/uploads\/2025\/12\/banana-usb-memory-stick-100x100.jpg 100w\" sizes=\"(max-width: 800px) 100vw, 800px\" \/><\/figure>\n<\/div>\n\n\n\n<div class=\"wp-block-column is-vertically-aligned-center is-layout-flow wp-block-column-is-layout-flow\">\n<p>Come regalo, \u00e8 adatto ai seguenti settori e scenari:<\/p>\n\n\n\n<ol class=\"wp-block-list\">\n<li><strong>Alimenti e prodotti<\/strong>: Articoli promozionali per il riconoscimento del marchio (logo, tagline).<\/li>\n\n\n\n<li><strong>Cibo e bevande<\/strong>: Premi per incentivare la spesa in prodotti sani.<\/li>\n\n\n\n<li><strong>Turismo<\/strong>: Souvenir a tema regionale\/tropicale\/agricolo (ad esempio, articoli a tema banana).<\/li>\n\n\n\n<li><strong>Fiere<\/strong>: Regali creativi per i clienti per costruire relazioni.<\/li>\n\n\n\n<li><strong>Istruzione<\/strong>: Regali di completamento del corso con materiali didattici a tema frutta per programmi scientifici per bambini.<\/li>\n<\/ol>\n<\/div>\n<\/div>\n\n\n\n<div class=\"wp-block-columns is-layout-flex wp-container-core-columns-is-layout-2 wp-block-columns-is-layout-flex\">\n<div class=\"wp-block-column is-vertically-aligned-center is-layout-flow wp-block-column-is-layout-flow\">\n<p>Le aziende che offrono vacanze tropicali possono rafforzare il loro rapporto con i consumatori utilizzando le USB \"Banana Style\" per creare un'esperienza personalizzata. <\/p>\n\n\n\n<p>Un'azienda che fornisce chiavette USB ai visitatori e le riempie di informazioni prima della partenza \u00e8 un modo efficace per creare un legame emotivo pi\u00f9 profondo con il consumatore durante il soggiorno nel resort.<\/p>\n\n\n\n<p> \u00c8 importante che l'USB riporti il marchio e il logo dell'azienda e che includa anche una \"Check-in Challenge Card\" con le foto scattate durante il processo di check-in, in modo da poter partecipare alla vincita di premi per aver visitato determinate attrazioni. Questo incoragger\u00e0 il consumatore a continuare a utilizzare i servizi dell'azienda anche dopo il suo ritorno a casa.<\/p>\n<\/div>\n\n\n\n<div class=\"wp-block-column is-layout-flow wp-block-column-is-layout-flow\">\n<figure class=\"wp-block-image size-full\"><img decoding=\"async\" width=\"800\" height=\"800\" src=\"https:\/\/www.yousanusb.com\/wp-content\/uploads\/2025\/12\/custom-banana-shape-usb-flash-drive.jpg\" alt=\"\" class=\"wp-image-25759\" srcset=\"https:\/\/www.yousanusb.com\/wp-content\/uploads\/2025\/12\/custom-banana-shape-usb-flash-drive.jpg 800w, https:\/\/www.yousanusb.com\/wp-content\/uploads\/2025\/12\/custom-banana-shape-usb-flash-drive-300x300.jpg 300w, https:\/\/www.yousanusb.com\/wp-content\/uploads\/2025\/12\/custom-banana-shape-usb-flash-drive-150x150.jpg 150w, https:\/\/www.yousanusb.com\/wp-content\/uploads\/2025\/12\/custom-banana-shape-usb-flash-drive-768x768.jpg 768w, https:\/\/www.yousanusb.com\/wp-content\/uploads\/2025\/12\/custom-banana-shape-usb-flash-drive-12x12.jpg 12w, https:\/\/www.yousanusb.com\/wp-content\/uploads\/2025\/12\/custom-banana-shape-usb-flash-drive-600x600.jpg 600w, https:\/\/www.yousanusb.com\/wp-content\/uploads\/2025\/12\/custom-banana-shape-usb-flash-drive-100x100.jpg 100w\" sizes=\"(max-width: 800px) 100vw, 800px\" \/><\/figure>\n<\/div>\n<\/div>\n\n\n\n<p>Le aziende possono anche includere delle guide culturali sul retro dell'USB che spiegano come la forma dell'USB sia legata alla ricca storia della produzione di banane della zona, come mezzo per rimanere in contatto con i visitatori anche dopo il loro soggiorno nel resort.<\/p>","protected":false},"excerpt":{"rendered":"<ul>\n<li>Aspetto realistico della banana curva<\/li>\n<li>Design del tappo diviso<\/li>\n<li>Logo personalizzabile<\/li>\n<li>Plug-and-play<\/li>\n<li>MOQ: 100pz<\/li>\n<\/ul>","protected":false},"featured_media":25757,"comment_status":"open","ping_status":"closed","template":"","meta":{"_seopress_robots_primary_cat":"none","_seopress_titles_title":"","_seopress_titles_desc":"","_seopress_robots_index":""},"class_list":["post-25754","product","type-product","status-publish","has-post-thumbnail","hentry","product_cat-custom-usb-drive","product_tag-food-usb-flash-drive","product_tag-fruit-usb-flash-drive"],"_links":{"self":[{"href":"https:\/\/www.yousanusb.com\/it\/wp-json\/wp\/v2\/product\/25754"}],"collection":[{"href":"https:\/\/www.yousanusb.com\/it\/wp-json\/wp\/v2\/product"}],"about":[{"href":"https:\/\/www.yousanusb.com\/it\/wp-json\/wp\/v2\/types\/product"}],"replies":[{"embeddable":true,"href":"https:\/\/www.yousanusb.com\/it\/wp-json\/wp\/v2\/comments?post=25754"}],"wp:featuredmedia":[{"embeddable":true,"href":"https:\/\/www.yousanusb.com\/it\/wp-json\/wp\/v2\/media\/25757"}],"wp:attachment":[{"href":"https:\/\/www.yousanusb.com\/it\/wp-json\/wp\/v2\/media?parent=25754"}],"curies":[{"name":"wp","href":"https:\/\/api.w.org\/{rel}","templated":true}]}}