{"id":9066,"date":"2024-09-09T14:40:42","date_gmt":"2024-09-09T14:40:42","guid":{"rendered":"https:\/\/yousanusb.com\/?post_type=product&#038;p=9066"},"modified":"2025-11-11T07:26:45","modified_gmt":"2025-11-11T07:26:45","slug":"metal-flash-drive-usb-thumb-drives-with-lighter-rotatable-memory-stick","status":"publish","type":"product","link":"https:\/\/www.yousanusb.com\/it\/prodotto\/metal-flash-drive-usb-thumb-drives-with-lighter-rotatable-memory-stick\/","title":{"rendered":"Unit\u00e0 flash ABS Unit\u00e0 USB con accendino"},"content":{"rendered":"<p>Ricordate il design classico che \u00e8 stato cos\u00ec popolare per un po'? Ora \u00e8 tornato in tutto il suo splendore in una forma pi\u00f9 potente! Il patrimonio classico accende l'ispirazione per lo stoccaggio!<\/p>\n\n\n\n<div class=\"wp-block-columns is-layout-flex wp-container-core-columns-is-layout-1 wp-block-columns-is-layout-flex\">\n<div class=\"wp-block-column is-layout-flow wp-block-column-is-layout-flow\">\n<figure class=\"wp-block-image size-full\"><img fetchpriority=\"high\" decoding=\"async\" width=\"1000\" height=\"1000\" src=\"https:\/\/www.yousanusb.com\/wp-content\/uploads\/2024\/09\/all-metal-usb-flash-drive.jpg\" alt=\"unit\u00e0 flash usb interamente in metallo\" class=\"wp-image-9068\" srcset=\"https:\/\/www.yousanusb.com\/wp-content\/uploads\/2024\/09\/all-metal-usb-flash-drive.jpg 1000w, https:\/\/www.yousanusb.com\/wp-content\/uploads\/2024\/09\/all-metal-usb-flash-drive-300x300.jpg 300w, https:\/\/www.yousanusb.com\/wp-content\/uploads\/2024\/09\/all-metal-usb-flash-drive-150x150.jpg 150w, https:\/\/www.yousanusb.com\/wp-content\/uploads\/2024\/09\/all-metal-usb-flash-drive-768x768.jpg 768w, https:\/\/www.yousanusb.com\/wp-content\/uploads\/2024\/09\/all-metal-usb-flash-drive-600x600.jpg 600w, https:\/\/www.yousanusb.com\/wp-content\/uploads\/2024\/09\/all-metal-usb-flash-drive-100x100.jpg 100w\" sizes=\"(max-width: 1000px) 100vw, 1000px\" \/><\/figure>\n<\/div>\n\n\n\n<div class=\"wp-block-column is-vertically-aligned-center is-layout-flow wp-block-column-is-layout-flow\">\n<p>Questa chiavetta USB a forma di accendino \u00e8 realizzata in plastica ABS e riproduce perfettamente la forma di un accendino, con una sensazione confortevole e una texture complessa. <\/p>\n\n\n\n<p>Questa unit\u00e0 USB misura 69 mm x 20 mm x 7 mm e pesa circa 15 grammi.<\/p>\n\n\n\n<p>Disponibile in diversi colori (rosso, blu, verde, bianco, nero, ecc.), ce n'\u00e8 sicuramente uno che accende i vostri ricordi e diventa il vostro unico accessorio di moda.<\/p>\n\n\n\n<p>\u00c8 inoltre possibile personalizzare il colore preferito selezionandolo dalla tabella dei colori Pantone.<\/p>\n<\/div>\n<\/div>\n\n\n\n<div class=\"wp-block-columns is-layout-flex wp-container-core-columns-is-layout-2 wp-block-columns-is-layout-flex\">\n<div class=\"wp-block-column is-vertically-aligned-center is-layout-flow wp-block-column-is-layout-flow\">\n<p>Offre opzioni di interfaccia USB 2.0 e USB 3.0 per soddisfare le diverse esigenze di velocit\u00e0. <\/p>\n\n\n\n<p>Sia per le attivit\u00e0 quotidiane in ufficio che per il trasferimento di file di grandi dimensioni, gestisce tutto con facilit\u00e0 e sicurezza.<\/p>\n\n\n\n<p><br>Il suo design elegante e compatto \u00e8 leggero e portatile e pu\u00f2 essere riposto senza problemi in tasca o nel portafoglio. Godetevi la libert\u00e0 di archiviazione sempre e ovunque.<\/p>\n<\/div>\n\n\n\n<div class=\"wp-block-column is-layout-flow wp-block-column-is-layout-flow\">\n<figure class=\"wp-block-image size-full\"><img decoding=\"async\" width=\"1000\" height=\"1000\" src=\"https:\/\/www.yousanusb.com\/wp-content\/uploads\/2024\/09\/custom-mini-metal-usb-flash-drive.jpg\" alt=\"mini chiavetta usb in metallo personalizzata\" class=\"wp-image-9070\" srcset=\"https:\/\/www.yousanusb.com\/wp-content\/uploads\/2024\/09\/custom-mini-metal-usb-flash-drive.jpg 1000w, https:\/\/www.yousanusb.com\/wp-content\/uploads\/2024\/09\/custom-mini-metal-usb-flash-drive-300x300.jpg 300w, https:\/\/www.yousanusb.com\/wp-content\/uploads\/2024\/09\/custom-mini-metal-usb-flash-drive-150x150.jpg 150w, https:\/\/www.yousanusb.com\/wp-content\/uploads\/2024\/09\/custom-mini-metal-usb-flash-drive-768x768.jpg 768w, https:\/\/www.yousanusb.com\/wp-content\/uploads\/2024\/09\/custom-mini-metal-usb-flash-drive-600x600.jpg 600w, https:\/\/www.yousanusb.com\/wp-content\/uploads\/2024\/09\/custom-mini-metal-usb-flash-drive-100x100.jpg 100w\" sizes=\"(max-width: 1000px) 100vw, 1000px\" \/><\/figure>\n<\/div>\n<\/div>\n\n\n\n<div class=\"wp-block-columns is-layout-flex wp-container-core-columns-is-layout-3 wp-block-columns-is-layout-flex\">\n<div class=\"wp-block-column is-layout-flow wp-block-column-is-layout-flow\">\n<figure class=\"wp-block-image size-full\"><img decoding=\"async\" width=\"1000\" height=\"1000\" src=\"https:\/\/www.yousanusb.com\/wp-content\/uploads\/2024\/09\/metal-case-usb-flash-drive.jpg\" alt=\"unit\u00e0 flash usb con custodia in metallo\" class=\"wp-image-9072\" srcset=\"https:\/\/www.yousanusb.com\/wp-content\/uploads\/2024\/09\/metal-case-usb-flash-drive.jpg 1000w, https:\/\/www.yousanusb.com\/wp-content\/uploads\/2024\/09\/metal-case-usb-flash-drive-300x300.jpg 300w, https:\/\/www.yousanusb.com\/wp-content\/uploads\/2024\/09\/metal-case-usb-flash-drive-150x150.jpg 150w, https:\/\/www.yousanusb.com\/wp-content\/uploads\/2024\/09\/metal-case-usb-flash-drive-768x768.jpg 768w, https:\/\/www.yousanusb.com\/wp-content\/uploads\/2024\/09\/metal-case-usb-flash-drive-600x600.jpg 600w, https:\/\/www.yousanusb.com\/wp-content\/uploads\/2024\/09\/metal-case-usb-flash-drive-100x100.jpg 100w\" sizes=\"(max-width: 1000px) 100vw, 1000px\" \/><\/figure>\n<\/div>\n\n\n\n<div class=\"wp-block-column is-vertically-aligned-center is-layout-flow wp-block-column-is-layout-flow\">\n<p>Questa unit\u00e0 USB supporta la personalizzazione del logo, che pu\u00f2 essere stampato sia sulla superficie anteriore che su quella posteriore. <\/p>\n\n\n\n<p>Le opzioni di personalizzazione includono la serigrafia o l'incisione laser:<\/p>\n\n\n\n<ul class=\"wp-block-list\">\n<li>La serigrafia completa il suo involucro colorato con un'elevata precisione cromatica, che si adatta ai toni della conchiglia; <\/li>\n\n\n\n<li>L'incisione laser crea un segno delicato sulla superficie, resistente all'usura e allo sbiadimento.<\/li>\n<\/ul>\n\n\n\n<p>I contenuti personalizzati possono includere loghi aziendali o simboli esclusivi, per soddisfare le esigenze di branding aziendale o di identificazione personale. Il processo \u00e8 maturo e garantisce risultati eccellenti.<\/p>\n<\/div>\n<\/div>","protected":false},"excerpt":{"rendered":"<ul>\n<li>Design pi\u00f9 leggero<\/li>\n<li>Materiale ABS<\/li>\n<li>Impermeabile e resistente<\/li>\n<li>Velocit\u00e0 pi\u00f9 elevata e alta qualit\u00e0<\/li>\n<li>Affidabile e sicuro<\/li>\n<li>Ottimo per tutti gli usi<\/li>\n<li>MOQ: 100pcs<\/li>\n<\/ul>","protected":false},"featured_media":9070,"comment_status":"open","ping_status":"closed","template":"","meta":{"_seopress_robots_primary_cat":"none","_seopress_titles_title":"ABS Flash Drive USB Thumb Drives with Lighter","_seopress_titles_desc":"Our USB flash drives are not only novel and beautiful in appearance, but also a great chip inside. With a key design, you can attach the thumb drive to key-rings, bags, or belt loops, ensuring it's always within reach.","_seopress_robots_index":""},"class_list":["post-9066","product","type-product","status-publish","has-post-thumbnail","hentry","product_cat-usb-flash-drive","product_tag-lighter-usb-3-0-flash-drive-metal"],"_links":{"self":[{"href":"https:\/\/www.yousanusb.com\/it\/wp-json\/wp\/v2\/product\/9066"}],"collection":[{"href":"https:\/\/www.yousanusb.com\/it\/wp-json\/wp\/v2\/product"}],"about":[{"href":"https:\/\/www.yousanusb.com\/it\/wp-json\/wp\/v2\/types\/product"}],"replies":[{"embeddable":true,"href":"https:\/\/www.yousanusb.com\/it\/wp-json\/wp\/v2\/comments?post=9066"}],"wp:featuredmedia":[{"embeddable":true,"href":"https:\/\/www.yousanusb.com\/it\/wp-json\/wp\/v2\/media\/9070"}],"wp:attachment":[{"href":"https:\/\/www.yousanusb.com\/it\/wp-json\/wp\/v2\/media?parent=9066"}],"curies":[{"name":"wp","href":"https:\/\/api.w.org\/{rel}","templated":true}]}}