{"id":9106,"date":"2024-09-10T01:50:33","date_gmt":"2024-09-10T01:50:33","guid":{"rendered":"https:\/\/yousanusb.com\/?post_type=product&#038;p=9106"},"modified":"2024-09-11T08:16:36","modified_gmt":"2024-09-11T08:16:36","slug":"usb-flash-drive-dual-flash-drive-type-c-swivel-mini-thumb-clip","status":"publish","type":"product","link":"https:\/\/www.yousanusb.com\/it\/prodotto\/usb-flash-drive-dual-flash-drive-type-c-swivel-mini-thumb-clip\/","title":{"rendered":"Unit\u00e0 flash USB girevole Doppia unit\u00e0 flash con gancio"},"content":{"rendered":"<p>The swivel cover for this drive protects the connectors and provides a convenient switchover when accessing different USB devices. Considerate clip offers an easy and secure grip.<\/p>\n<p><img fetchpriority=\"high\" decoding=\"async\" class=\"size-full wp-image-9109 aligncenter\" src=\"https:\/\/yousanusb.com\/wp-content\/uploads\/2024\/09\/metal-swivel-usb-flash-drive.jpg\" alt=\"metal swivel usb flash drive\" width=\"1000\" height=\"1000\" srcset=\"https:\/\/www.yousanusb.com\/wp-content\/uploads\/2024\/09\/metal-swivel-usb-flash-drive.jpg 1000w, https:\/\/www.yousanusb.com\/wp-content\/uploads\/2024\/09\/metal-swivel-usb-flash-drive-300x300.jpg 300w, https:\/\/www.yousanusb.com\/wp-content\/uploads\/2024\/09\/metal-swivel-usb-flash-drive-150x150.jpg 150w, https:\/\/www.yousanusb.com\/wp-content\/uploads\/2024\/09\/metal-swivel-usb-flash-drive-768x768.jpg 768w, https:\/\/www.yousanusb.com\/wp-content\/uploads\/2024\/09\/metal-swivel-usb-flash-drive-600x600.jpg 600w, https:\/\/www.yousanusb.com\/wp-content\/uploads\/2024\/09\/metal-swivel-usb-flash-drive-100x100.jpg 100w\" sizes=\"(max-width: 1000px) 100vw, 1000px\" \/> <img decoding=\"async\" class=\"size-full wp-image-9110 aligncenter\" src=\"https:\/\/yousanusb.com\/wp-content\/uploads\/2024\/09\/metal-usb-flash-drive-3.0.jpg\" alt=\"metal usb flash drive 3.0\" width=\"1000\" height=\"1000\" srcset=\"https:\/\/www.yousanusb.com\/wp-content\/uploads\/2024\/09\/metal-usb-flash-drive-3.0.jpg 1000w, https:\/\/www.yousanusb.com\/wp-content\/uploads\/2024\/09\/metal-usb-flash-drive-3.0-300x300.jpg 300w, https:\/\/www.yousanusb.com\/wp-content\/uploads\/2024\/09\/metal-usb-flash-drive-3.0-150x150.jpg 150w, https:\/\/www.yousanusb.com\/wp-content\/uploads\/2024\/09\/metal-usb-flash-drive-3.0-768x768.jpg 768w, https:\/\/www.yousanusb.com\/wp-content\/uploads\/2024\/09\/metal-usb-flash-drive-3.0-600x600.jpg 600w, https:\/\/www.yousanusb.com\/wp-content\/uploads\/2024\/09\/metal-usb-flash-drive-3.0-100x100.jpg 100w\" sizes=\"(max-width: 1000px) 100vw, 1000px\" \/> <img decoding=\"async\" class=\"size-full wp-image-9112 aligncenter\" src=\"https:\/\/yousanusb.com\/wp-content\/uploads\/2024\/09\/usb-flash-drive-metal-case.jpg\" alt=\"usb flash drive metal case\" width=\"1000\" height=\"1000\" srcset=\"https:\/\/www.yousanusb.com\/wp-content\/uploads\/2024\/09\/usb-flash-drive-metal-case.jpg 1000w, https:\/\/www.yousanusb.com\/wp-content\/uploads\/2024\/09\/usb-flash-drive-metal-case-300x300.jpg 300w, https:\/\/www.yousanusb.com\/wp-content\/uploads\/2024\/09\/usb-flash-drive-metal-case-150x150.jpg 150w, https:\/\/www.yousanusb.com\/wp-content\/uploads\/2024\/09\/usb-flash-drive-metal-case-768x768.jpg 768w, https:\/\/www.yousanusb.com\/wp-content\/uploads\/2024\/09\/usb-flash-drive-metal-case-600x600.jpg 600w, https:\/\/www.yousanusb.com\/wp-content\/uploads\/2024\/09\/usb-flash-drive-metal-case-100x100.jpg 100w\" sizes=\"(max-width: 1000px) 100vw, 1000px\" \/> <img loading=\"lazy\" decoding=\"async\" class=\"size-full wp-image-9108 aligncenter\" src=\"https:\/\/yousanusb.com\/wp-content\/uploads\/2024\/09\/clip-lock-usb-storage-memory.jpg\" alt=\"clip lock usb storage memory\" width=\"1000\" height=\"1000\" srcset=\"https:\/\/www.yousanusb.com\/wp-content\/uploads\/2024\/09\/clip-lock-usb-storage-memory.jpg 1000w, https:\/\/www.yousanusb.com\/wp-content\/uploads\/2024\/09\/clip-lock-usb-storage-memory-300x300.jpg 300w, https:\/\/www.yousanusb.com\/wp-content\/uploads\/2024\/09\/clip-lock-usb-storage-memory-150x150.jpg 150w, https:\/\/www.yousanusb.com\/wp-content\/uploads\/2024\/09\/clip-lock-usb-storage-memory-768x768.jpg 768w, https:\/\/www.yousanusb.com\/wp-content\/uploads\/2024\/09\/clip-lock-usb-storage-memory-600x600.jpg 600w, https:\/\/www.yousanusb.com\/wp-content\/uploads\/2024\/09\/clip-lock-usb-storage-memory-100x100.jpg 100w\" sizes=\"(max-width: 1000px) 100vw, 1000px\" \/><\/p>","protected":false},"excerpt":{"rendered":"<ul>\n<li>Swivel Hook Design<\/li>\n<li>Materiale metallico<\/li>\n<li>Impermeabile e resistente<\/li>\n<li>Velocit\u00e0 pi\u00f9 elevata e alta qualit\u00e0<\/li>\n<li>Affidabile e sicuro<\/li>\n<li>Ottimo per tutti gli usi<\/li>\n<\/ul>","protected":false},"featured_media":9114,"comment_status":"open","ping_status":"closed","template":"","meta":{"_seopress_robots_primary_cat":"none","_seopress_titles_title":"","_seopress_titles_desc":"","_seopress_robots_index":""},"class_list":["post-9106","product","type-product","status-publish","has-post-thumbnail","hentry","product_cat-metal-usb-flash-drive"],"_links":{"self":[{"href":"https:\/\/www.yousanusb.com\/it\/wp-json\/wp\/v2\/product\/9106"}],"collection":[{"href":"https:\/\/www.yousanusb.com\/it\/wp-json\/wp\/v2\/product"}],"about":[{"href":"https:\/\/www.yousanusb.com\/it\/wp-json\/wp\/v2\/types\/product"}],"replies":[{"embeddable":true,"href":"https:\/\/www.yousanusb.com\/it\/wp-json\/wp\/v2\/comments?post=9106"}],"wp:featuredmedia":[{"embeddable":true,"href":"https:\/\/www.yousanusb.com\/it\/wp-json\/wp\/v2\/media\/9114"}],"wp:attachment":[{"href":"https:\/\/www.yousanusb.com\/it\/wp-json\/wp\/v2\/media?parent=9106"}],"curies":[{"name":"wp","href":"https:\/\/api.w.org\/{rel}","templated":true}]}}