{"id":9146,"date":"2024-09-10T03:22:09","date_gmt":"2024-09-10T03:22:09","guid":{"rendered":"https:\/\/yousanusb.com\/?post_type=product&#038;p=9146"},"modified":"2025-10-06T00:28:38","modified_gmt":"2025-10-06T00:28:38","slug":"paper-clip-shape-usb-drive-flash-drive-waterproof-metal-usb-memory-stick","status":"publish","type":"product","link":"https:\/\/www.yousanusb.com\/it\/prodotto\/paper-clip-shape-usb-drive-flash-drive-waterproof-metal-usb-memory-stick\/","title":{"rendered":"Unit\u00e0 USB impermeabile a forma di graffetta Unit\u00e0 flash"},"content":{"rendered":"<p>L'unit\u00e0 \u00e8 cos\u00ec piccola e maneggevole da poter essere messa in tasca. Grazie al design a graffetta, \u00e8 possibile agganciarla allo zaino o al portafoglio senza preoccuparsi che si perda, trasportando i dati ovunque si vada.<\/p>","protected":false},"excerpt":{"rendered":"<ul>\n<li>Design a forma di graffetta<\/li>\n<li>Materiale metallico<\/li>\n<li>Impermeabile e resistente<\/li>\n<li>Velocit\u00e0 pi\u00f9 elevata e alta qualit\u00e0<\/li>\n<li>Affidabile e sicuro<\/li>\n<li>Ottimo per tutti gli usi<\/li>\n<\/ul>","protected":false},"featured_media":9150,"comment_status":"open","ping_status":"closed","template":"","meta":{"_seopress_robots_primary_cat":"none","_seopress_titles_title":"","_seopress_titles_desc":"","_seopress_robots_index":""},"class_list":["post-9146","product","type-product","status-publish","has-post-thumbnail","hentry","product_cat-metal-usb-flash-drive","product_tag-rose-gold-usb-flash-drive","product_tag-custom-metal-keychain-usb-flash-drive","product_tag-buy-metal-leather-usb-flash-drive"],"_links":{"self":[{"href":"https:\/\/www.yousanusb.com\/it\/wp-json\/wp\/v2\/product\/9146"}],"collection":[{"href":"https:\/\/www.yousanusb.com\/it\/wp-json\/wp\/v2\/product"}],"about":[{"href":"https:\/\/www.yousanusb.com\/it\/wp-json\/wp\/v2\/types\/product"}],"replies":[{"embeddable":true,"href":"https:\/\/www.yousanusb.com\/it\/wp-json\/wp\/v2\/comments?post=9146"}],"wp:featuredmedia":[{"embeddable":true,"href":"https:\/\/www.yousanusb.com\/it\/wp-json\/wp\/v2\/media\/9150"}],"wp:attachment":[{"href":"https:\/\/www.yousanusb.com\/it\/wp-json\/wp\/v2\/media?parent=9146"}],"curies":[{"name":"wp","href":"https:\/\/api.w.org\/{rel}","templated":true}]}}