{"id":9195,"date":"2024-09-10T07:25:43","date_gmt":"2024-09-10T07:25:43","guid":{"rendered":"https:\/\/yousanusb.com\/?post_type=product&#038;p=9195"},"modified":"2025-12-13T13:26:50","modified_gmt":"2025-12-13T13:26:50","slug":"usb-high-speed-flash-drive-credit-card-design-thumb-drive-memory-stick-waterproof","status":"publish","type":"product","link":"https:\/\/www.yousanusb.com\/it\/prodotto\/usb-high-speed-flash-drive-credit-card-design-thumb-drive-memory-stick-waterproof\/","title":{"rendered":"L'unit\u00e0 flash USB a scheda pi\u00f9 popolare"},"content":{"rendered":"<p>The most popular Card USB flash drives are usually made of plastic and are similar to a credit card. This is the classic design for these types of flash drives. They are slim and portable, similar to a business card, and can easily be stored in a wallet or card case.<\/p>\n\n\n\n<div class=\"wp-block-columns is-layout-flex wp-container-core-columns-is-layout-1 wp-block-columns-is-layout-flex\">\n<div class=\"wp-block-column is-layout-flow wp-block-column-is-layout-flow\"><div class=\"wp-block-image\">\n<figure class=\"aligncenter size-full\"><img fetchpriority=\"high\" decoding=\"async\" width=\"800\" height=\"800\" src=\"https:\/\/www.yousanusb.com\/wp-content\/uploads\/2024\/09\/cheap-credit-card-shaped-usb-flash-drive-1.jpg\" alt=\"\" class=\"wp-image-18484\" srcset=\"https:\/\/www.yousanusb.com\/wp-content\/uploads\/2024\/09\/cheap-credit-card-shaped-usb-flash-drive-1.jpg 800w, https:\/\/www.yousanusb.com\/wp-content\/uploads\/2024\/09\/cheap-credit-card-shaped-usb-flash-drive-1-300x300.jpg 300w, https:\/\/www.yousanusb.com\/wp-content\/uploads\/2024\/09\/cheap-credit-card-shaped-usb-flash-drive-1-150x150.jpg 150w, https:\/\/www.yousanusb.com\/wp-content\/uploads\/2024\/09\/cheap-credit-card-shaped-usb-flash-drive-1-768x768.jpg 768w, https:\/\/www.yousanusb.com\/wp-content\/uploads\/2024\/09\/cheap-credit-card-shaped-usb-flash-drive-1-12x12.jpg 12w, https:\/\/www.yousanusb.com\/wp-content\/uploads\/2024\/09\/cheap-credit-card-shaped-usb-flash-drive-1-600x600.jpg 600w, https:\/\/www.yousanusb.com\/wp-content\/uploads\/2024\/09\/cheap-credit-card-shaped-usb-flash-drive-1-100x100.jpg 100w\" sizes=\"(max-width: 800px) 100vw, 800px\" \/><\/figure><\/div><\/div>\n\n\n\n<div class=\"wp-block-column is-layout-flow wp-block-column-is-layout-flow\">\n<figure class=\"wp-block-image size-full\"><img decoding=\"async\" width=\"800\" height=\"800\" src=\"https:\/\/www.yousanusb.com\/wp-content\/uploads\/2024\/09\/card-usb-flash-drives.png\" alt=\"\" class=\"wp-image-18483\" srcset=\"https:\/\/www.yousanusb.com\/wp-content\/uploads\/2024\/09\/card-usb-flash-drives.png 800w, https:\/\/www.yousanusb.com\/wp-content\/uploads\/2024\/09\/card-usb-flash-drives-300x300.png 300w, https:\/\/www.yousanusb.com\/wp-content\/uploads\/2024\/09\/card-usb-flash-drives-150x150.png 150w, https:\/\/www.yousanusb.com\/wp-content\/uploads\/2024\/09\/card-usb-flash-drives-768x768.png 768w, https:\/\/www.yousanusb.com\/wp-content\/uploads\/2024\/09\/card-usb-flash-drives-12x12.png 12w, https:\/\/www.yousanusb.com\/wp-content\/uploads\/2024\/09\/card-usb-flash-drives-600x600.png 600w, https:\/\/www.yousanusb.com\/wp-content\/uploads\/2024\/09\/card-usb-flash-drives-100x100.png 100w\" sizes=\"(max-width: 800px) 100vw, 800px\" \/><\/figure>\n<\/div>\n<\/div>\n\n\n\n<p>This Card USB drive has a few key features. It supports double-sided high-quality printing,custom brand logo or promotional designs. It also has a large surface area. It is highly customizable, durable and inexpensive. It is often used as a promotional item at trade shows.<\/p>\n\n\n\n<div class=\"wp-block-columns is-layout-flex wp-container-core-columns-is-layout-2 wp-block-columns-is-layout-flex\">\n<div class=\"wp-block-column is-layout-flow wp-block-column-is-layout-flow\">\n<figure class=\"wp-block-image size-full\"><img decoding=\"async\" width=\"800\" height=\"800\" src=\"https:\/\/www.yousanusb.com\/wp-content\/uploads\/2024\/09\/usb-flash-card.png\" alt=\"\" class=\"wp-image-18485\" srcset=\"https:\/\/www.yousanusb.com\/wp-content\/uploads\/2024\/09\/usb-flash-card.png 800w, https:\/\/www.yousanusb.com\/wp-content\/uploads\/2024\/09\/usb-flash-card-300x300.png 300w, https:\/\/www.yousanusb.com\/wp-content\/uploads\/2024\/09\/usb-flash-card-150x150.png 150w, https:\/\/www.yousanusb.com\/wp-content\/uploads\/2024\/09\/usb-flash-card-768x768.png 768w, https:\/\/www.yousanusb.com\/wp-content\/uploads\/2024\/09\/usb-flash-card-12x12.png 12w, https:\/\/www.yousanusb.com\/wp-content\/uploads\/2024\/09\/usb-flash-card-600x600.png 600w, https:\/\/www.yousanusb.com\/wp-content\/uploads\/2024\/09\/usb-flash-card-100x100.png 100w\" sizes=\"(max-width: 800px) 100vw, 800px\" \/><\/figure>\n<\/div>\n\n\n\n<div class=\"wp-block-column is-layout-flow wp-block-column-is-layout-flow\">\n<figure class=\"wp-block-image size-full\"><img loading=\"lazy\" decoding=\"async\" width=\"800\" height=\"800\" src=\"https:\/\/www.yousanusb.com\/wp-content\/uploads\/2024\/09\/card-pendrive.png\" alt=\"\" class=\"wp-image-18482\" srcset=\"https:\/\/www.yousanusb.com\/wp-content\/uploads\/2024\/09\/card-pendrive.png 800w, https:\/\/www.yousanusb.com\/wp-content\/uploads\/2024\/09\/card-pendrive-300x300.png 300w, https:\/\/www.yousanusb.com\/wp-content\/uploads\/2024\/09\/card-pendrive-150x150.png 150w, https:\/\/www.yousanusb.com\/wp-content\/uploads\/2024\/09\/card-pendrive-768x768.png 768w, https:\/\/www.yousanusb.com\/wp-content\/uploads\/2024\/09\/card-pendrive-12x12.png 12w, https:\/\/www.yousanusb.com\/wp-content\/uploads\/2024\/09\/card-pendrive-600x600.png 600w, https:\/\/www.yousanusb.com\/wp-content\/uploads\/2024\/09\/card-pendrive-100x100.png 100w\" sizes=\"(max-width: 800px) 100vw, 800px\" \/><\/figure>\n<\/div>\n<\/div>","protected":false},"excerpt":{"rendered":"<ul>\n<li>Forma della carta di credito<\/li>\n<li>Materiale plastico<\/li>\n<li>Velocit\u00e0 pi\u00f9 elevata e alta qualit\u00e0<\/li>\n<li>Design portatile<\/li>\n<li>Affidabile e sicuro<\/li>\n<li>MOQ: 100pcs<\/li>\n<\/ul>","protected":false},"featured_media":18484,"comment_status":"open","ping_status":"closed","template":"","meta":{"_seopress_robots_primary_cat":"none","_seopress_titles_title":"","_seopress_titles_desc":"","_seopress_robots_index":""},"class_list":["post-9195","product","type-product","status-publish","has-post-thumbnail","hentry","product_cat-card-usb-flash-drive","product_tag-plastic-card-usb-flash-drive"],"_links":{"self":[{"href":"https:\/\/www.yousanusb.com\/it\/wp-json\/wp\/v2\/product\/9195"}],"collection":[{"href":"https:\/\/www.yousanusb.com\/it\/wp-json\/wp\/v2\/product"}],"about":[{"href":"https:\/\/www.yousanusb.com\/it\/wp-json\/wp\/v2\/types\/product"}],"replies":[{"embeddable":true,"href":"https:\/\/www.yousanusb.com\/it\/wp-json\/wp\/v2\/comments?post=9195"}],"wp:featuredmedia":[{"embeddable":true,"href":"https:\/\/www.yousanusb.com\/it\/wp-json\/wp\/v2\/media\/18484"}],"wp:attachment":[{"href":"https:\/\/www.yousanusb.com\/it\/wp-json\/wp\/v2\/media?parent=9195"}],"curies":[{"name":"wp","href":"https:\/\/api.w.org\/{rel}","templated":true}]}}