{"id":9214,"date":"2024-09-10T08:03:49","date_gmt":"2024-09-10T08:03:49","guid":{"rendered":"https:\/\/yousanusb.com\/?post_type=product&#038;p=9214"},"modified":"2025-10-06T00:28:23","modified_gmt":"2025-10-06T00:28:23","slug":"carved-usb-flash-drive-with-hollowed-out-high-speed-up-memory-stick","status":"publish","type":"product","link":"https:\/\/www.yousanusb.com\/it\/prodotto\/carved-usb-flash-drive-with-hollowed-out-high-speed-up-memory-stick\/","title":{"rendered":"Chiavetta USB intagliata con foro"},"content":{"rendered":"<p>\u00c8 compatibile con tutti i dispositivi dotati di porte USB classiche: desktop, laptop, tablet, TV, altoparlanti, ecc. Utilizza USB3.0 ma \u00e8 compatibile con le porte USB 3.0\/3.1\/3.2 e USB 2.0 e funziona su Win2000\/XP\/Vista\/7\/8\/10\/11\/Server, Mac OS e Linux.<\/p>\n<p><img fetchpriority=\"high\" decoding=\"async\" class=\"alignnone size-full wp-image-9217\" src=\"https:\/\/yousanusb.com\/wp-content\/uploads\/2024\/09\/china-all-metal-usb-flash-drive-customized.jpg\" alt=\"porcellana tutto il metallo usb flash drive personalizzato\" width=\"1000\" height=\"1000\" srcset=\"https:\/\/www.yousanusb.com\/wp-content\/uploads\/2024\/09\/china-all-metal-usb-flash-drive-customized.jpg 1000w, https:\/\/www.yousanusb.com\/wp-content\/uploads\/2024\/09\/china-all-metal-usb-flash-drive-customized-300x300.jpg 300w, https:\/\/www.yousanusb.com\/wp-content\/uploads\/2024\/09\/china-all-metal-usb-flash-drive-customized-150x150.jpg 150w, https:\/\/www.yousanusb.com\/wp-content\/uploads\/2024\/09\/china-all-metal-usb-flash-drive-customized-768x768.jpg 768w, https:\/\/www.yousanusb.com\/wp-content\/uploads\/2024\/09\/china-all-metal-usb-flash-drive-customized-600x600.jpg 600w, https:\/\/www.yousanusb.com\/wp-content\/uploads\/2024\/09\/china-all-metal-usb-flash-drive-customized-100x100.jpg 100w\" sizes=\"(max-width: 1000px) 100vw, 1000px\" \/> <img decoding=\"async\" class=\"alignnone size-full wp-image-9219\" src=\"https:\/\/yousanusb.com\/wp-content\/uploads\/2024\/09\/china-all-metal-usb-flash-drive-wholesale.jpg\" alt=\"porcellana tutto metallo usb flash drive all&#039;ingrosso\" width=\"800\" height=\"800\" srcset=\"https:\/\/www.yousanusb.com\/wp-content\/uploads\/2024\/09\/china-all-metal-usb-flash-drive-wholesale.jpg 800w, https:\/\/www.yousanusb.com\/wp-content\/uploads\/2024\/09\/china-all-metal-usb-flash-drive-wholesale-300x300.jpg 300w, https:\/\/www.yousanusb.com\/wp-content\/uploads\/2024\/09\/china-all-metal-usb-flash-drive-wholesale-150x150.jpg 150w, https:\/\/www.yousanusb.com\/wp-content\/uploads\/2024\/09\/china-all-metal-usb-flash-drive-wholesale-768x768.jpg 768w, https:\/\/www.yousanusb.com\/wp-content\/uploads\/2024\/09\/china-all-metal-usb-flash-drive-wholesale-600x600.jpg 600w, https:\/\/www.yousanusb.com\/wp-content\/uploads\/2024\/09\/china-all-metal-usb-flash-drive-wholesale-100x100.jpg 100w\" sizes=\"(max-width: 800px) 100vw, 800px\" \/> <img decoding=\"async\" class=\"alignnone size-full wp-image-9218\" src=\"https:\/\/yousanusb.com\/wp-content\/uploads\/2024\/09\/china-all-metal-usb-flash-drive-factory.jpg\" alt=\"porcellana tutti i metallo usb flash drive fabbrica\" width=\"1000\" height=\"1000\" srcset=\"https:\/\/www.yousanusb.com\/wp-content\/uploads\/2024\/09\/china-all-metal-usb-flash-drive-factory.jpg 1000w, https:\/\/www.yousanusb.com\/wp-content\/uploads\/2024\/09\/china-all-metal-usb-flash-drive-factory-300x300.jpg 300w, https:\/\/www.yousanusb.com\/wp-content\/uploads\/2024\/09\/china-all-metal-usb-flash-drive-factory-150x150.jpg 150w, https:\/\/www.yousanusb.com\/wp-content\/uploads\/2024\/09\/china-all-metal-usb-flash-drive-factory-768x768.jpg 768w, https:\/\/www.yousanusb.com\/wp-content\/uploads\/2024\/09\/china-all-metal-usb-flash-drive-factory-600x600.jpg 600w, https:\/\/www.yousanusb.com\/wp-content\/uploads\/2024\/09\/china-all-metal-usb-flash-drive-factory-100x100.jpg 100w\" sizes=\"(max-width: 1000px) 100vw, 1000px\" \/><\/p>","protected":false},"excerpt":{"rendered":"<ul>\n<li>Design scavato<\/li>\n<li>Materiale metallico<\/li>\n<li>Impermeabile e resistente<\/li>\n<li>Velocit\u00e0 pi\u00f9 elevata e alta qualit\u00e0<\/li>\n<li>Affidabile e sicuro<\/li>\n<li>Ottimo per tutti gli usi<\/li>\n<\/ul>","protected":false},"featured_media":9216,"comment_status":"open","ping_status":"closed","template":"","meta":{"_seopress_robots_primary_cat":"none","_seopress_titles_title":"","_seopress_titles_desc":"","_seopress_robots_index":""},"class_list":["post-9214","product","type-product","status-publish","has-post-thumbnail","hentry","product_cat-metal-usb-flash-drive","product_tag-custom-metal-keychain-usb-flash-drive","product_tag-buy-metal-leather-usb-flash-drive"],"_links":{"self":[{"href":"https:\/\/www.yousanusb.com\/it\/wp-json\/wp\/v2\/product\/9214"}],"collection":[{"href":"https:\/\/www.yousanusb.com\/it\/wp-json\/wp\/v2\/product"}],"about":[{"href":"https:\/\/www.yousanusb.com\/it\/wp-json\/wp\/v2\/types\/product"}],"replies":[{"embeddable":true,"href":"https:\/\/www.yousanusb.com\/it\/wp-json\/wp\/v2\/comments?post=9214"}],"wp:featuredmedia":[{"embeddable":true,"href":"https:\/\/www.yousanusb.com\/it\/wp-json\/wp\/v2\/media\/9216"}],"wp:attachment":[{"href":"https:\/\/www.yousanusb.com\/it\/wp-json\/wp\/v2\/media?parent=9214"}],"curies":[{"name":"wp","href":"https:\/\/api.w.org\/{rel}","templated":true}]}}