{"id":9271,"date":"2024-09-10T13:43:16","date_gmt":"2024-09-10T13:43:16","guid":{"rendered":"https:\/\/yousanusb.com\/?post_type=product&#038;p=9271"},"modified":"2025-11-10T09:09:20","modified_gmt":"2025-11-10T09:09:20","slug":"wooden-baseball-bat-model-usb-flash-drive-flash-disk-memory-stick","status":"publish","type":"product","link":"https:\/\/www.yousanusb.com\/it\/prodotto\/wooden-baseball-bat-model-usb-flash-drive-flash-disk-memory-stick\/","title":{"rendered":"Modello di mazza da baseball in legno Unit\u00e0 flash USB"},"content":{"rendered":"<p>Unit\u00e0 USB con mazza da baseball in legno: Infondere passione nella vita quotidiana con praticit\u00e0 e personalit\u00e0<\/p>\n\n\n\n<p>Realizzato in legno massiccio naturale a forma di mini mazza da baseball, cattura lo spirito dello sport. Ogni venatura del legno ha una consistenza naturale. Compatto e portatile, \u00e8 morbido e confortevole nella mano. \u00c8 un pratico strumento di conservazione e un accessorio che stimola la conversazione.<\/p>\n\n\n\n<div class=\"wp-block-columns is-layout-flex wp-container-core-columns-is-layout-1 wp-block-columns-is-layout-flex\">\n<div class=\"wp-block-column is-layout-flow wp-block-column-is-layout-flow\">\n<figure class=\"wp-block-image size-full\"><img fetchpriority=\"high\" decoding=\"async\" width=\"1000\" height=\"1000\" src=\"https:\/\/www.yousanusb.com\/wp-content\/uploads\/2024\/09\/bulk-64gb-usb-wooden-flash-drive.jpg\" alt=\"unit\u00e0 flash usb in legno da 64 gb\" class=\"wp-image-9274\" srcset=\"https:\/\/www.yousanusb.com\/wp-content\/uploads\/2024\/09\/bulk-64gb-usb-wooden-flash-drive.jpg 1000w, https:\/\/www.yousanusb.com\/wp-content\/uploads\/2024\/09\/bulk-64gb-usb-wooden-flash-drive-300x300.jpg 300w, https:\/\/www.yousanusb.com\/wp-content\/uploads\/2024\/09\/bulk-64gb-usb-wooden-flash-drive-150x150.jpg 150w, https:\/\/www.yousanusb.com\/wp-content\/uploads\/2024\/09\/bulk-64gb-usb-wooden-flash-drive-768x768.jpg 768w, https:\/\/www.yousanusb.com\/wp-content\/uploads\/2024\/09\/bulk-64gb-usb-wooden-flash-drive-600x600.jpg 600w, https:\/\/www.yousanusb.com\/wp-content\/uploads\/2024\/09\/bulk-64gb-usb-wooden-flash-drive-100x100.jpg 100w\" sizes=\"(max-width: 1000px) 100vw, 1000px\" \/><\/figure>\n<\/div>\n\n\n\n<div class=\"wp-block-column is-layout-flow wp-block-column-is-layout-flow\">\n<figure class=\"wp-block-image size-full\"><img decoding=\"async\" width=\"1000\" height=\"1000\" src=\"https:\/\/www.yousanusb.com\/wp-content\/uploads\/2024\/09\/bulk-engraved-wooden-usb-flash-drive.jpg\" alt=\"unit\u00e0 flash usb in legno incisa alla rinfusa\" class=\"wp-image-9276\" srcset=\"https:\/\/www.yousanusb.com\/wp-content\/uploads\/2024\/09\/bulk-engraved-wooden-usb-flash-drive.jpg 1000w, https:\/\/www.yousanusb.com\/wp-content\/uploads\/2024\/09\/bulk-engraved-wooden-usb-flash-drive-300x300.jpg 300w, https:\/\/www.yousanusb.com\/wp-content\/uploads\/2024\/09\/bulk-engraved-wooden-usb-flash-drive-150x150.jpg 150w, https:\/\/www.yousanusb.com\/wp-content\/uploads\/2024\/09\/bulk-engraved-wooden-usb-flash-drive-768x768.jpg 768w, https:\/\/www.yousanusb.com\/wp-content\/uploads\/2024\/09\/bulk-engraved-wooden-usb-flash-drive-600x600.jpg 600w, https:\/\/www.yousanusb.com\/wp-content\/uploads\/2024\/09\/bulk-engraved-wooden-usb-flash-drive-100x100.jpg 100w\" sizes=\"(max-width: 1000px) 100vw, 1000px\" \/><\/figure>\n<\/div>\n<\/div>\n\n\n\n<p><strong>Punti salienti<\/strong><\/p>\n\n\n\n<p>Design accattivante: Stile realistico da mazza da baseball con venature del legno distinte e strutturate. Dite addio alle generiche unit\u00e0 flash in plastica: questa irradia vibrazioni fresche e taglienti.<\/p>\n\n\n\n<p>Materiali affidabili: Realizzato in legno massiccio di prima qualit\u00e0 per garantire durata e resistenza ai graffi. I connettori progettati con precisione bilanciano il comfort tattile con la funzionalit\u00e0.<\/p>\n\n\n\n<div class=\"wp-block-columns is-layout-flex wp-container-core-columns-is-layout-2 wp-block-columns-is-layout-flex\">\n<div class=\"wp-block-column is-layout-flow wp-block-column-is-layout-flow\">\n<figure class=\"wp-block-image size-full\"><img decoding=\"async\" width=\"1000\" height=\"1000\" src=\"https:\/\/www.yousanusb.com\/wp-content\/uploads\/2024\/09\/bulk-promotional-wooden-usb-flash-drive.jpg\" alt=\"unit\u00e0 flash usb in legno promozionale all&#039;ingrosso\" class=\"wp-image-9277\" srcset=\"https:\/\/www.yousanusb.com\/wp-content\/uploads\/2024\/09\/bulk-promotional-wooden-usb-flash-drive.jpg 1000w, https:\/\/www.yousanusb.com\/wp-content\/uploads\/2024\/09\/bulk-promotional-wooden-usb-flash-drive-300x300.jpg 300w, https:\/\/www.yousanusb.com\/wp-content\/uploads\/2024\/09\/bulk-promotional-wooden-usb-flash-drive-150x150.jpg 150w, https:\/\/www.yousanusb.com\/wp-content\/uploads\/2024\/09\/bulk-promotional-wooden-usb-flash-drive-768x768.jpg 768w, https:\/\/www.yousanusb.com\/wp-content\/uploads\/2024\/09\/bulk-promotional-wooden-usb-flash-drive-600x600.jpg 600w, https:\/\/www.yousanusb.com\/wp-content\/uploads\/2024\/09\/bulk-promotional-wooden-usb-flash-drive-100x100.jpg 100w\" sizes=\"(max-width: 1000px) 100vw, 1000px\" \/><\/figure>\n<\/div>\n\n\n\n<div class=\"wp-block-column is-vertically-aligned-center is-layout-flow wp-block-column-is-layout-flow\">\n<p>Prestazioni solide: Il trasferimento USB ad alta velocit\u00e0 garantisce una velocit\u00e0 di lettura\/scrittura fluida e senza ritardi. Compatibile con PC, tablet e altri dispositivi per l'archiviazione quotidiana di file, foto e video.<\/p>\n\n\n\n<p>Scenari versatili: Ideale per l'archiviazione di documenti in ufficio\/scuola, per le esigenze degli appassionati di outdoor in movimento o come regalo creativo per i fan del baseball: pratico e memorabile.<\/p>\n<\/div>\n<\/div>\n\n\n\n<p><\/p>","protected":false},"excerpt":{"rendered":"<ul>\n<li>Design a forma di mazza da baseball<\/li>\n<li>Materiale in legno<\/li>\n<li>Adatto per il regalo<\/li>\n<li>Velocit\u00e0 pi\u00f9 elevata e alta qualit\u00e0<\/li>\n<li>Affidabile e sicuro<\/li>\n<li>Ottimo per tutti gli usi<\/li>\n<\/ul>","protected":false},"featured_media":9273,"comment_status":"open","ping_status":"closed","template":"","meta":{"_seopress_robots_primary_cat":"none","_seopress_titles_title":"","_seopress_titles_desc":"","_seopress_robots_index":""},"class_list":["post-9271","product","type-product","status-publish","has-post-thumbnail","hentry","product_cat-wooden-usb-flash-drive","product_tag-baseball-bat-shape-wood-usb-flash-drives"],"_links":{"self":[{"href":"https:\/\/www.yousanusb.com\/it\/wp-json\/wp\/v2\/product\/9271"}],"collection":[{"href":"https:\/\/www.yousanusb.com\/it\/wp-json\/wp\/v2\/product"}],"about":[{"href":"https:\/\/www.yousanusb.com\/it\/wp-json\/wp\/v2\/types\/product"}],"replies":[{"embeddable":true,"href":"https:\/\/www.yousanusb.com\/it\/wp-json\/wp\/v2\/comments?post=9271"}],"wp:featuredmedia":[{"embeddable":true,"href":"https:\/\/www.yousanusb.com\/it\/wp-json\/wp\/v2\/media\/9273"}],"wp:attachment":[{"href":"https:\/\/www.yousanusb.com\/it\/wp-json\/wp\/v2\/media?parent=9271"}],"curies":[{"name":"wp","href":"https:\/\/api.w.org\/{rel}","templated":true}]}}