{"id":9293,"date":"2024-09-10T14:14:02","date_gmt":"2024-09-10T14:14:02","guid":{"rendered":"https:\/\/yousanusb.com\/?post_type=product&#038;p=9293"},"modified":"2025-11-10T09:21:53","modified_gmt":"2025-11-10T09:21:53","slug":"usb-memory-disk-wooden-cylinder-shaped-usb-flash-drive-usb-thumb-drive","status":"publish","type":"product","link":"https:\/\/www.yousanusb.com\/it\/prodotto\/usb-memory-disk-wooden-cylinder-shaped-usb-flash-drive-usb-thumb-drive\/","title":{"rendered":"Disco di memoria USB Unit\u00e0 USB a forma di cilindro di legno"},"content":{"rendered":"<p><strong>Rossetto di legno e unit\u00e0 USB cilindrica<\/strong><\/p>\n\n\n\n<p>Realizzati con cura in legno naturale di prima qualit\u00e0, questi due classici design cilindrici emanano ciascuno un fascino unico: la versione ispirata al rossetto riproduce l'elegante silhouette di un tubetto di rossetto, mentre il cilindro puro offre un'eleganza minimalista con venature del legno senza soluzione di continuit\u00e0.<\/p>\n\n\n\n<div class=\"wp-block-columns is-layout-flex wp-container-core-columns-is-layout-1 wp-block-columns-is-layout-flex\">\n<div class=\"wp-block-column is-layout-flow wp-block-column-is-layout-flow\">\n<figure class=\"wp-block-image size-full\"><img fetchpriority=\"high\" decoding=\"async\" width=\"1000\" height=\"1000\" src=\"https:\/\/www.yousanusb.com\/wp-content\/uploads\/2024\/09\/custom-engraved-wooden-usb-flash-drive.jpg\" alt=\"chiavetta usb in legno incisa su misura\" class=\"wp-image-9298\" srcset=\"https:\/\/www.yousanusb.com\/wp-content\/uploads\/2024\/09\/custom-engraved-wooden-usb-flash-drive.jpg 1000w, https:\/\/www.yousanusb.com\/wp-content\/uploads\/2024\/09\/custom-engraved-wooden-usb-flash-drive-300x300.jpg 300w, https:\/\/www.yousanusb.com\/wp-content\/uploads\/2024\/09\/custom-engraved-wooden-usb-flash-drive-150x150.jpg 150w, https:\/\/www.yousanusb.com\/wp-content\/uploads\/2024\/09\/custom-engraved-wooden-usb-flash-drive-768x768.jpg 768w, https:\/\/www.yousanusb.com\/wp-content\/uploads\/2024\/09\/custom-engraved-wooden-usb-flash-drive-600x600.jpg 600w, https:\/\/www.yousanusb.com\/wp-content\/uploads\/2024\/09\/custom-engraved-wooden-usb-flash-drive-100x100.jpg 100w\" sizes=\"(max-width: 1000px) 100vw, 1000px\" \/><\/figure>\n<\/div>\n\n\n\n<div class=\"wp-block-column is-vertically-aligned-center is-layout-flow wp-block-column-is-layout-flow\">\n<p>. Abbastanza compatta da stare nel palmo della mano, offre una consistenza calda e liscia con bordi perfettamente arrotondati. Dite addio alla sensazione di freddezza delle unit\u00e0 USB in plastica. Non \u00e8 solo un efficiente strumento di archiviazione, ma anche un elegante accessorio quotidiano che risponde ai vostri gusti.<\/p>\n<\/div>\n<\/div>\n\n\n\n<p><strong>Caratteristiche principali:<\/strong><\/p>\n\n\n\n<p>Design accattivante: Lo stile Lipstick irradia eleganza femminile, mentre lo stile Pure Cylinder emana una raffinatezza minimalista. Ogni pezzo \u00e8 caratterizzato da venature naturali uniche del legno, che lo rendono un accessorio unico e di alta qualit\u00e0.<\/p>\n\n\n\n<div class=\"wp-block-columns is-layout-flex wp-container-core-columns-is-layout-2 wp-block-columns-is-layout-flex\">\n<div class=\"wp-block-column is-layout-flow wp-block-column-is-layout-flow\">\n<figure class=\"wp-block-image size-full\"><img decoding=\"async\" width=\"1000\" height=\"1000\" src=\"https:\/\/www.yousanusb.com\/wp-content\/uploads\/2024\/09\/custom-cylinder-shape-wooden-usb-flash-drive.jpg\" alt=\"chiavetta usb in legno a forma di cilindro personalizzata\" class=\"wp-image-9296\" srcset=\"https:\/\/www.yousanusb.com\/wp-content\/uploads\/2024\/09\/custom-cylinder-shape-wooden-usb-flash-drive.jpg 1000w, https:\/\/www.yousanusb.com\/wp-content\/uploads\/2024\/09\/custom-cylinder-shape-wooden-usb-flash-drive-300x300.jpg 300w, https:\/\/www.yousanusb.com\/wp-content\/uploads\/2024\/09\/custom-cylinder-shape-wooden-usb-flash-drive-150x150.jpg 150w, https:\/\/www.yousanusb.com\/wp-content\/uploads\/2024\/09\/custom-cylinder-shape-wooden-usb-flash-drive-768x768.jpg 768w, https:\/\/www.yousanusb.com\/wp-content\/uploads\/2024\/09\/custom-cylinder-shape-wooden-usb-flash-drive-600x600.jpg 600w, https:\/\/www.yousanusb.com\/wp-content\/uploads\/2024\/09\/custom-cylinder-shape-wooden-usb-flash-drive-100x100.jpg 100w\" sizes=\"(max-width: 1000px) 100vw, 1000px\" \/><\/figure>\n<\/div>\n\n\n\n<div class=\"wp-block-column is-layout-flow wp-block-column-is-layout-flow\">\n<figure class=\"wp-block-image size-full\"><img decoding=\"async\" width=\"1000\" height=\"1000\" src=\"https:\/\/www.yousanusb.com\/wp-content\/uploads\/2024\/09\/custom-cylinder-wood-usb-flash-drives.jpg\" alt=\"unit\u00e0 flash usb in legno a cilindro personalizzate\" class=\"wp-image-9297\" srcset=\"https:\/\/www.yousanusb.com\/wp-content\/uploads\/2024\/09\/custom-cylinder-wood-usb-flash-drives.jpg 1000w, https:\/\/www.yousanusb.com\/wp-content\/uploads\/2024\/09\/custom-cylinder-wood-usb-flash-drives-300x300.jpg 300w, https:\/\/www.yousanusb.com\/wp-content\/uploads\/2024\/09\/custom-cylinder-wood-usb-flash-drives-150x150.jpg 150w, https:\/\/www.yousanusb.com\/wp-content\/uploads\/2024\/09\/custom-cylinder-wood-usb-flash-drives-768x768.jpg 768w, https:\/\/www.yousanusb.com\/wp-content\/uploads\/2024\/09\/custom-cylinder-wood-usb-flash-drives-600x600.jpg 600w, https:\/\/www.yousanusb.com\/wp-content\/uploads\/2024\/09\/custom-cylinder-wood-usb-flash-drives-100x100.jpg 100w\" sizes=\"(max-width: 1000px) 100vw, 1000px\" \/><\/figure>\n<\/div>\n<\/div>\n\n\n\n<p>Materiale affidabile: Realizzato in legno massiccio di prima qualit\u00e0, vanta una struttura robusta e resistente ai graffi. Il suo aspetto caldo e delicato sulla pelle si mantiene in ottime condizioni anche con un uso prolungato, bilanciando estetica e durata.<\/p>\n\n\n\n<div class=\"wp-block-columns is-layout-flex wp-container-core-columns-is-layout-3 wp-block-columns-is-layout-flex\">\n<div class=\"wp-block-column is-layout-flow wp-block-column-is-layout-flow\">\n<figure class=\"wp-block-image size-full\"><img loading=\"lazy\" decoding=\"async\" width=\"1000\" height=\"1000\" src=\"https:\/\/www.yousanusb.com\/wp-content\/uploads\/2024\/09\/custom-cylinder-custom-wooden-usb-flash-drive.jpg\" alt=\"cilindro personalizzato chiavetta usb in legno\" class=\"wp-image-9295\" srcset=\"https:\/\/www.yousanusb.com\/wp-content\/uploads\/2024\/09\/custom-cylinder-custom-wooden-usb-flash-drive.jpg 1000w, https:\/\/www.yousanusb.com\/wp-content\/uploads\/2024\/09\/custom-cylinder-custom-wooden-usb-flash-drive-300x300.jpg 300w, https:\/\/www.yousanusb.com\/wp-content\/uploads\/2024\/09\/custom-cylinder-custom-wooden-usb-flash-drive-150x150.jpg 150w, https:\/\/www.yousanusb.com\/wp-content\/uploads\/2024\/09\/custom-cylinder-custom-wooden-usb-flash-drive-768x768.jpg 768w, https:\/\/www.yousanusb.com\/wp-content\/uploads\/2024\/09\/custom-cylinder-custom-wooden-usb-flash-drive-600x600.jpg 600w, https:\/\/www.yousanusb.com\/wp-content\/uploads\/2024\/09\/custom-cylinder-custom-wooden-usb-flash-drive-100x100.jpg 100w\" sizes=\"(max-width: 1000px) 100vw, 1000px\" \/><\/figure>\n<\/div>\n\n\n\n<div class=\"wp-block-column is-vertically-aligned-center is-layout-flow wp-block-column-is-layout-flow\">\n<p>Prestazioni da urlo: Dotato di un'interfaccia USB ad alta velocit\u00e0 per una lettura\/scrittura rapida e senza ritardi. Compatibile con computer, tablet, sistemi per auto e altro ancora, consente di archiviare senza problemi documenti, foto, video e dati quotidiani.<\/p>\n\n\n\n<p>Scenari versatili: Il design a forma di rossetto si adatta agli spostamenti quotidiani delle donne e costituisce un regalo gradito per le amiche. Lo stile cilindrico puro eccelle negli ambienti d'ufficio, nei regali d'affari o come pratico accessorio per i creativi: funzionale e memorabile.<\/p>\n<\/div>\n<\/div>\n\n\n\n<p><\/p>","protected":false},"excerpt":{"rendered":"<ul>\n<li>Design a forma di cilindro<\/li>\n<li>Materiale in legno<\/li>\n<li>Adatto per il regalo<\/li>\n<li>Velocit\u00e0 pi\u00f9 elevata e alta qualit\u00e0<\/li>\n<li>Affidabile e sicuro<\/li>\n<li>Ottimo per tutti gli usi<\/li>\n<\/ul>","protected":false},"featured_media":9297,"comment_status":"open","ping_status":"closed","template":"","meta":{"_seopress_robots_primary_cat":"none","_seopress_titles_title":"","_seopress_titles_desc":"","_seopress_robots_index":""},"class_list":["post-9293","product","type-product","status-publish","has-post-thumbnail","hentry","product_cat-wooden-usb-flash-drive","product_tag-custom-cylinder-wood-usb-flash-drives","product_tag-rose-gold-usb-flash-drive"],"_links":{"self":[{"href":"https:\/\/www.yousanusb.com\/it\/wp-json\/wp\/v2\/product\/9293"}],"collection":[{"href":"https:\/\/www.yousanusb.com\/it\/wp-json\/wp\/v2\/product"}],"about":[{"href":"https:\/\/www.yousanusb.com\/it\/wp-json\/wp\/v2\/types\/product"}],"replies":[{"embeddable":true,"href":"https:\/\/www.yousanusb.com\/it\/wp-json\/wp\/v2\/comments?post=9293"}],"wp:featuredmedia":[{"embeddable":true,"href":"https:\/\/www.yousanusb.com\/it\/wp-json\/wp\/v2\/media\/9297"}],"wp:attachment":[{"href":"https:\/\/www.yousanusb.com\/it\/wp-json\/wp\/v2\/media?parent=9293"}],"curies":[{"name":"wp","href":"https:\/\/api.w.org\/{rel}","templated":true}]}}