{"id":9300,"date":"2024-09-10T14:25:19","date_gmt":"2024-09-10T14:25:19","guid":{"rendered":"https:\/\/yousanusb.com\/?post_type=product&#038;p=9300"},"modified":"2024-09-11T08:10:06","modified_gmt":"2024-09-11T08:10:06","slug":"usb-3-0-flash-drive-metal-keychain-zip-drive-waterproof-usb-stick-high-speed-memory-stick","status":"publish","type":"product","link":"https:\/\/www.yousanusb.com\/it\/prodotto\/usb-3-0-flash-drive-metal-keychain-zip-drive-waterproof-usb-stick-high-speed-memory-stick\/","title":{"rendered":"Portachiavi in metallo Unit\u00e0 flash USB 3.0"},"content":{"rendered":"<p>Conveniently designed thumb drive, the thumb drive is sleek and smaller than the other usb drives. With the latest chip and metal shell manufacturing technology, the USB drive is waterproof, shockproof, dustproof, withstand voltage and X-ray resistant.<\/p>\n<p><img fetchpriority=\"high\" decoding=\"async\" class=\"size-full wp-image-9307 aligncenter\" src=\"https:\/\/yousanusb.com\/wp-content\/uploads\/2024\/09\/custom-metal-usb-flash-drive.png\" alt=\"chiavetta usb in metallo personalizzata\" width=\"1000\" height=\"1000\" srcset=\"https:\/\/www.yousanusb.com\/wp-content\/uploads\/2024\/09\/custom-metal-usb-flash-drive.png 1000w, https:\/\/www.yousanusb.com\/wp-content\/uploads\/2024\/09\/custom-metal-usb-flash-drive-300x300.png 300w, https:\/\/www.yousanusb.com\/wp-content\/uploads\/2024\/09\/custom-metal-usb-flash-drive-150x150.png 150w, https:\/\/www.yousanusb.com\/wp-content\/uploads\/2024\/09\/custom-metal-usb-flash-drive-768x768.png 768w, https:\/\/www.yousanusb.com\/wp-content\/uploads\/2024\/09\/custom-metal-usb-flash-drive-600x600.png 600w, https:\/\/www.yousanusb.com\/wp-content\/uploads\/2024\/09\/custom-metal-usb-flash-drive-100x100.png 100w\" sizes=\"(max-width: 1000px) 100vw, 1000px\" \/> <img decoding=\"async\" class=\"size-full wp-image-9306 aligncenter\" src=\"https:\/\/yousanusb.com\/wp-content\/uploads\/2024\/09\/custom-metal-usb-3.0-flash-drive.png\" alt=\"custom metal usb 3.0 flash drive\" width=\"1000\" height=\"1000\" srcset=\"https:\/\/www.yousanusb.com\/wp-content\/uploads\/2024\/09\/custom-metal-usb-3.0-flash-drive.png 1000w, https:\/\/www.yousanusb.com\/wp-content\/uploads\/2024\/09\/custom-metal-usb-3.0-flash-drive-300x300.png 300w, https:\/\/www.yousanusb.com\/wp-content\/uploads\/2024\/09\/custom-metal-usb-3.0-flash-drive-150x150.png 150w, https:\/\/www.yousanusb.com\/wp-content\/uploads\/2024\/09\/custom-metal-usb-3.0-flash-drive-768x768.png 768w, https:\/\/www.yousanusb.com\/wp-content\/uploads\/2024\/09\/custom-metal-usb-3.0-flash-drive-600x600.png 600w, https:\/\/www.yousanusb.com\/wp-content\/uploads\/2024\/09\/custom-metal-usb-3.0-flash-drive-100x100.png 100w\" sizes=\"(max-width: 1000px) 100vw, 1000px\" \/> <img decoding=\"async\" class=\"size-full wp-image-9304 aligncenter\" src=\"https:\/\/yousanusb.com\/wp-content\/uploads\/2024\/09\/custom-metal-key-chain-shaped-usb-flash-drive.png\" alt=\"custom metal key chain shaped usb flash drive\" width=\"1000\" height=\"1000\" srcset=\"https:\/\/www.yousanusb.com\/wp-content\/uploads\/2024\/09\/custom-metal-key-chain-shaped-usb-flash-drive.png 1000w, https:\/\/www.yousanusb.com\/wp-content\/uploads\/2024\/09\/custom-metal-key-chain-shaped-usb-flash-drive-300x300.png 300w, https:\/\/www.yousanusb.com\/wp-content\/uploads\/2024\/09\/custom-metal-key-chain-shaped-usb-flash-drive-150x150.png 150w, https:\/\/www.yousanusb.com\/wp-content\/uploads\/2024\/09\/custom-metal-key-chain-shaped-usb-flash-drive-768x768.png 768w, https:\/\/www.yousanusb.com\/wp-content\/uploads\/2024\/09\/custom-metal-key-chain-shaped-usb-flash-drive-600x600.png 600w, https:\/\/www.yousanusb.com\/wp-content\/uploads\/2024\/09\/custom-metal-key-chain-shaped-usb-flash-drive-100x100.png 100w\" sizes=\"(max-width: 1000px) 100vw, 1000px\" \/><\/p>","protected":false},"excerpt":{"rendered":"<ul>\n<li>Design del portachiavi<\/li>\n<li>Materiale metallico<\/li>\n<li>Impermeabile e resistente<\/li>\n<li>Velocit\u00e0 pi\u00f9 elevata e alta qualit\u00e0<\/li>\n<li>Affidabile e sicuro<\/li>\n<li>Ottimo per tutti gli usi<\/li>\n<\/ul>","protected":false},"featured_media":9305,"comment_status":"open","ping_status":"closed","template":"","meta":{"_seopress_robots_primary_cat":"none","_seopress_titles_title":"","_seopress_titles_desc":"","_seopress_robots_index":""},"class_list":["post-9300","product","type-product","status-publish","has-post-thumbnail","hentry","product_cat-metal-usb-flash-drive","product_tag-custom-metal-keychain-usb-flash-drive"],"_links":{"self":[{"href":"https:\/\/www.yousanusb.com\/it\/wp-json\/wp\/v2\/product\/9300"}],"collection":[{"href":"https:\/\/www.yousanusb.com\/it\/wp-json\/wp\/v2\/product"}],"about":[{"href":"https:\/\/www.yousanusb.com\/it\/wp-json\/wp\/v2\/types\/product"}],"replies":[{"embeddable":true,"href":"https:\/\/www.yousanusb.com\/it\/wp-json\/wp\/v2\/comments?post=9300"}],"wp:featuredmedia":[{"embeddable":true,"href":"https:\/\/www.yousanusb.com\/it\/wp-json\/wp\/v2\/media\/9305"}],"wp:attachment":[{"href":"https:\/\/www.yousanusb.com\/it\/wp-json\/wp\/v2\/media?parent=9300"}],"curies":[{"name":"wp","href":"https:\/\/api.w.org\/{rel}","templated":true}]}}