{"id":9324,"date":"2024-09-10T15:05:20","date_gmt":"2024-09-10T15:05:20","guid":{"rendered":"https:\/\/yousanusb.com\/?post_type=product&#038;p=9324"},"modified":"2025-11-10T08:42:13","modified_gmt":"2025-11-10T08:42:13","slug":"jewelry-crystal-lipstick-usb-flash-drive-high-speed-memory-stick-pendrive-thumb-drives","status":"publish","type":"product","link":"https:\/\/www.yousanusb.com\/it\/prodotto\/jewelry-crystal-lipstick-usb-flash-drive-high-speed-memory-stick-pendrive-thumb-drives\/","title":{"rendered":"Gioielli Cristallo Rossetto Unit\u00e0 flash USB"},"content":{"rendered":"<p>Questo modello, un classico meticolosamente realizzato all'interno della collezione di chiavette USB in cristallo di Swarovski, \u00e8 la rappresentazione pi\u00f9 iconica della serie. Con il suo design distintivo e la sua qualit\u00e0 eccezionale, \u00e8 diventato uno dei modelli di chiavetta USB pi\u00f9 richiesti nel settore degli omaggi promozionali.<\/p>\n\n\n\n<div class=\"wp-block-columns is-layout-flex wp-container-core-columns-is-layout-1 wp-block-columns-is-layout-flex\">\n<div class=\"wp-block-column is-layout-flow wp-block-column-is-layout-flow\">\n<figure class=\"wp-block-image size-full\"><img fetchpriority=\"high\" decoding=\"async\" width=\"1000\" height=\"1000\" src=\"https:\/\/www.yousanusb.com\/wp-content\/uploads\/2024\/09\/crystal-usb-flash-drive.jpg\" alt=\"unit\u00e0 flash usb di cristallo\" class=\"wp-image-9333\" srcset=\"https:\/\/www.yousanusb.com\/wp-content\/uploads\/2024\/09\/crystal-usb-flash-drive.jpg 1000w, https:\/\/www.yousanusb.com\/wp-content\/uploads\/2024\/09\/crystal-usb-flash-drive-300x300.jpg 300w, https:\/\/www.yousanusb.com\/wp-content\/uploads\/2024\/09\/crystal-usb-flash-drive-150x150.jpg 150w, https:\/\/www.yousanusb.com\/wp-content\/uploads\/2024\/09\/crystal-usb-flash-drive-768x768.jpg 768w, https:\/\/www.yousanusb.com\/wp-content\/uploads\/2024\/09\/crystal-usb-flash-drive-600x600.jpg 600w, https:\/\/www.yousanusb.com\/wp-content\/uploads\/2024\/09\/crystal-usb-flash-drive-100x100.jpg 100w\" sizes=\"(max-width: 1000px) 100vw, 1000px\" \/><\/figure>\n<\/div>\n\n\n\n<div class=\"wp-block-column is-vertically-aligned-center is-layout-flow wp-block-column-is-layout-flow\">\n<p>Unisce la brillantezza dei cristalli Swarovski alla pratica funzionalit\u00e0 di una chiavetta USB. Che sia per uso personale o per un regalo premuroso, incarna uno stile sofisticato e un valore premium.<\/p>\n\n\n\n<p>L'involucro dell'unit\u00e0 USB \u00e8 realizzato in materiale acrilico trasparente di alta qualit\u00e0. La fabbrica controlla rigorosamente il processo di produzione per garantire la trasparenza e la durata del materiale. <\/p>\n\n\n\n<p>L'interno \u00e8 riempito di cristalli Swarovski multicolori, meticolosamente selezionati per la loro brillante lucentezza e la loro consistenza superiore. L'interfaccia presenta una finitura metallica lucida. <\/p>\n\n\n\n<p>Un'ampia gamma di opzioni cromatiche soddisfa le diverse esigenze dei clienti, consentendo agli utenti di trovare la combinazione di colori perfetta sia per la personalizzazione di regali promozionali aziendali che per uso personale.<\/p>\n<\/div>\n<\/div>\n\n\n\n<p>I cristalli Swarovski offrono un'ampia gamma di opzioni di colore, tutte nelle ultime tonalit\u00e0 di tendenza. I loghi personalizzati possono essere incisi sulle superfici metalliche, migliorando la visibilit\u00e0 del marchio grazie all'esposizione ripetuta. <\/p>\n\n\n\n<div class=\"wp-block-columns is-layout-flex wp-container-core-columns-is-layout-2 wp-block-columns-is-layout-flex\">\n<div class=\"wp-block-column is-layout-flow wp-block-column-is-layout-flow\">\n<figure class=\"wp-block-image size-full\"><img decoding=\"async\" width=\"1000\" height=\"1000\" src=\"https:\/\/www.yousanusb.com\/wp-content\/uploads\/2024\/09\/buy-swarovski-crystal-usb-flash-drive.jpg\" alt=\"acquistare chiavetta usb in cristallo swarovski\" class=\"wp-image-9326\" srcset=\"https:\/\/www.yousanusb.com\/wp-content\/uploads\/2024\/09\/buy-swarovski-crystal-usb-flash-drive.jpg 1000w, https:\/\/www.yousanusb.com\/wp-content\/uploads\/2024\/09\/buy-swarovski-crystal-usb-flash-drive-300x300.jpg 300w, https:\/\/www.yousanusb.com\/wp-content\/uploads\/2024\/09\/buy-swarovski-crystal-usb-flash-drive-150x150.jpg 150w, https:\/\/www.yousanusb.com\/wp-content\/uploads\/2024\/09\/buy-swarovski-crystal-usb-flash-drive-768x768.jpg 768w, https:\/\/www.yousanusb.com\/wp-content\/uploads\/2024\/09\/buy-swarovski-crystal-usb-flash-drive-600x600.jpg 600w, https:\/\/www.yousanusb.com\/wp-content\/uploads\/2024\/09\/buy-swarovski-crystal-usb-flash-drive-100x100.jpg 100w\" sizes=\"(max-width: 1000px) 100vw, 1000px\" \/><\/figure>\n<\/div>\n\n\n\n<div class=\"wp-block-column is-layout-flow wp-block-column-is-layout-flow\">\n<figure class=\"wp-block-image size-full\"><img decoding=\"async\" width=\"1000\" height=\"1000\" src=\"https:\/\/www.yousanusb.com\/wp-content\/uploads\/2024\/09\/crystal-usb-flash-drive-bulk.jpg\" alt=\"unit\u00e0 flash usb di cristallo all&#039;ingrosso\" class=\"wp-image-9334\" srcset=\"https:\/\/www.yousanusb.com\/wp-content\/uploads\/2024\/09\/crystal-usb-flash-drive-bulk.jpg 1000w, https:\/\/www.yousanusb.com\/wp-content\/uploads\/2024\/09\/crystal-usb-flash-drive-bulk-300x300.jpg 300w, https:\/\/www.yousanusb.com\/wp-content\/uploads\/2024\/09\/crystal-usb-flash-drive-bulk-150x150.jpg 150w, https:\/\/www.yousanusb.com\/wp-content\/uploads\/2024\/09\/crystal-usb-flash-drive-bulk-768x768.jpg 768w, https:\/\/www.yousanusb.com\/wp-content\/uploads\/2024\/09\/crystal-usb-flash-drive-bulk-600x600.jpg 600w, https:\/\/www.yousanusb.com\/wp-content\/uploads\/2024\/09\/crystal-usb-flash-drive-bulk-100x100.jpg 100w\" sizes=\"(max-width: 1000px) 100vw, 1000px\" \/><\/figure>\n<\/div>\n\n\n\n<div class=\"wp-block-column is-layout-flow wp-block-column-is-layout-flow\">\n<figure class=\"wp-block-image size-full\"><img loading=\"lazy\" decoding=\"async\" width=\"1000\" height=\"1000\" src=\"https:\/\/www.yousanusb.com\/wp-content\/uploads\/2024\/09\/crystal-oscillator-usb-flash-drive.jpg\" alt=\"oscillatore a cristallo unit\u00e0 flash usb\" class=\"wp-image-9332\" srcset=\"https:\/\/www.yousanusb.com\/wp-content\/uploads\/2024\/09\/crystal-oscillator-usb-flash-drive.jpg 1000w, https:\/\/www.yousanusb.com\/wp-content\/uploads\/2024\/09\/crystal-oscillator-usb-flash-drive-300x300.jpg 300w, https:\/\/www.yousanusb.com\/wp-content\/uploads\/2024\/09\/crystal-oscillator-usb-flash-drive-150x150.jpg 150w, https:\/\/www.yousanusb.com\/wp-content\/uploads\/2024\/09\/crystal-oscillator-usb-flash-drive-768x768.jpg 768w, https:\/\/www.yousanusb.com\/wp-content\/uploads\/2024\/09\/crystal-oscillator-usb-flash-drive-600x600.jpg 600w, https:\/\/www.yousanusb.com\/wp-content\/uploads\/2024\/09\/crystal-oscillator-usb-flash-drive-100x100.jpg 100w\" sizes=\"(max-width: 1000px) 100vw, 1000px\" \/><\/figure>\n<\/div>\n<\/div>\n\n\n\n<div class=\"wp-block-columns is-layout-flex wp-container-core-columns-is-layout-3 wp-block-columns-is-layout-flex\">\n<div class=\"wp-block-column is-layout-flow wp-block-column-is-layout-flow\">\n<figure class=\"wp-block-image size-full\"><img loading=\"lazy\" decoding=\"async\" width=\"1000\" height=\"1000\" src=\"https:\/\/www.yousanusb.com\/wp-content\/uploads\/2024\/09\/crystal-led-usb-flash-drive.jpg\" alt=\"unit\u00e0 flash usb a led di cristallo\" class=\"wp-image-9331\" srcset=\"https:\/\/www.yousanusb.com\/wp-content\/uploads\/2024\/09\/crystal-led-usb-flash-drive.jpg 1000w, https:\/\/www.yousanusb.com\/wp-content\/uploads\/2024\/09\/crystal-led-usb-flash-drive-300x300.jpg 300w, https:\/\/www.yousanusb.com\/wp-content\/uploads\/2024\/09\/crystal-led-usb-flash-drive-150x150.jpg 150w, https:\/\/www.yousanusb.com\/wp-content\/uploads\/2024\/09\/crystal-led-usb-flash-drive-768x768.jpg 768w, https:\/\/www.yousanusb.com\/wp-content\/uploads\/2024\/09\/crystal-led-usb-flash-drive-600x600.jpg 600w, https:\/\/www.yousanusb.com\/wp-content\/uploads\/2024\/09\/crystal-led-usb-flash-drive-100x100.jpg 100w\" sizes=\"(max-width: 1000px) 100vw, 1000px\" \/><\/figure>\n<\/div>\n\n\n\n<div class=\"wp-block-column is-layout-flow wp-block-column-is-layout-flow\">\n<figure class=\"wp-block-image size-full\"><img loading=\"lazy\" decoding=\"async\" width=\"1000\" height=\"1000\" src=\"https:\/\/www.yousanusb.com\/wp-content\/uploads\/2024\/09\/crystal-glass-usb-flash-drive-and-pen-drives.jpg\" alt=\"unit\u00e0 flash usb e pen drive in cristallo\" class=\"wp-image-9330\" srcset=\"https:\/\/www.yousanusb.com\/wp-content\/uploads\/2024\/09\/crystal-glass-usb-flash-drive-and-pen-drives.jpg 1000w, https:\/\/www.yousanusb.com\/wp-content\/uploads\/2024\/09\/crystal-glass-usb-flash-drive-and-pen-drives-300x300.jpg 300w, https:\/\/www.yousanusb.com\/wp-content\/uploads\/2024\/09\/crystal-glass-usb-flash-drive-and-pen-drives-150x150.jpg 150w, https:\/\/www.yousanusb.com\/wp-content\/uploads\/2024\/09\/crystal-glass-usb-flash-drive-and-pen-drives-768x768.jpg 768w, https:\/\/www.yousanusb.com\/wp-content\/uploads\/2024\/09\/crystal-glass-usb-flash-drive-and-pen-drives-600x600.jpg 600w, https:\/\/www.yousanusb.com\/wp-content\/uploads\/2024\/09\/crystal-glass-usb-flash-drive-and-pen-drives-100x100.jpg 100w\" sizes=\"(max-width: 1000px) 100vw, 1000px\" \/><\/figure>\n<\/div>\n\n\n\n<div class=\"wp-block-column is-layout-flow wp-block-column-is-layout-flow\">\n<figure class=\"wp-block-image size-full\"><img loading=\"lazy\" decoding=\"async\" width=\"1000\" height=\"1000\" src=\"https:\/\/www.yousanusb.com\/wp-content\/uploads\/2024\/09\/crystal-glass-usb-flash-drive.jpg\" alt=\"unit\u00e0 flash usb in cristallo\" class=\"wp-image-9329\" srcset=\"https:\/\/www.yousanusb.com\/wp-content\/uploads\/2024\/09\/crystal-glass-usb-flash-drive.jpg 1000w, https:\/\/www.yousanusb.com\/wp-content\/uploads\/2024\/09\/crystal-glass-usb-flash-drive-300x300.jpg 300w, https:\/\/www.yousanusb.com\/wp-content\/uploads\/2024\/09\/crystal-glass-usb-flash-drive-150x150.jpg 150w, https:\/\/www.yousanusb.com\/wp-content\/uploads\/2024\/09\/crystal-glass-usb-flash-drive-768x768.jpg 768w, https:\/\/www.yousanusb.com\/wp-content\/uploads\/2024\/09\/crystal-glass-usb-flash-drive-600x600.jpg 600w, https:\/\/www.yousanusb.com\/wp-content\/uploads\/2024\/09\/crystal-glass-usb-flash-drive-100x100.jpg 100w\" sizes=\"(max-width: 1000px) 100vw, 1000px\" \/><\/figure>\n<\/div>\n<\/div>\n\n\n\n<div class=\"wp-block-columns is-layout-flex wp-container-core-columns-is-layout-4 wp-block-columns-is-layout-flex\">\n<div class=\"wp-block-column is-layout-flow wp-block-column-is-layout-flow\">\n<figure class=\"wp-block-image size-full\"><img decoding=\"async\" width=\"1000\" height=\"1000\" src=\"https:\/\/www.yousanusb.com\/wp-content\/uploads\/2024\/09\/buy-swarovski-crystal-usb-flash-drive.jpg\" alt=\"acquistare chiavetta usb in cristallo swarovski\" class=\"wp-image-9326\" srcset=\"https:\/\/www.yousanusb.com\/wp-content\/uploads\/2024\/09\/buy-swarovski-crystal-usb-flash-drive.jpg 1000w, https:\/\/www.yousanusb.com\/wp-content\/uploads\/2024\/09\/buy-swarovski-crystal-usb-flash-drive-300x300.jpg 300w, https:\/\/www.yousanusb.com\/wp-content\/uploads\/2024\/09\/buy-swarovski-crystal-usb-flash-drive-150x150.jpg 150w, https:\/\/www.yousanusb.com\/wp-content\/uploads\/2024\/09\/buy-swarovski-crystal-usb-flash-drive-768x768.jpg 768w, https:\/\/www.yousanusb.com\/wp-content\/uploads\/2024\/09\/buy-swarovski-crystal-usb-flash-drive-600x600.jpg 600w, https:\/\/www.yousanusb.com\/wp-content\/uploads\/2024\/09\/buy-swarovski-crystal-usb-flash-drive-100x100.jpg 100w\" sizes=\"(max-width: 1000px) 100vw, 1000px\" \/><\/figure>\n<\/div>\n\n\n\n<div class=\"wp-block-column is-layout-flow wp-block-column-is-layout-flow\">\n<figure class=\"wp-block-image size-full\"><img loading=\"lazy\" decoding=\"async\" width=\"1000\" height=\"1000\" src=\"https:\/\/www.yousanusb.com\/wp-content\/uploads\/2024\/09\/crystal-and-wood-usb-flash-drive.jpg\" alt=\"chiavetta usb in cristallo e legno\" class=\"wp-image-9327\" srcset=\"https:\/\/www.yousanusb.com\/wp-content\/uploads\/2024\/09\/crystal-and-wood-usb-flash-drive.jpg 1000w, https:\/\/www.yousanusb.com\/wp-content\/uploads\/2024\/09\/crystal-and-wood-usb-flash-drive-300x300.jpg 300w, https:\/\/www.yousanusb.com\/wp-content\/uploads\/2024\/09\/crystal-and-wood-usb-flash-drive-150x150.jpg 150w, https:\/\/www.yousanusb.com\/wp-content\/uploads\/2024\/09\/crystal-and-wood-usb-flash-drive-768x768.jpg 768w, https:\/\/www.yousanusb.com\/wp-content\/uploads\/2024\/09\/crystal-and-wood-usb-flash-drive-600x600.jpg 600w, https:\/\/www.yousanusb.com\/wp-content\/uploads\/2024\/09\/crystal-and-wood-usb-flash-drive-100x100.jpg 100w\" sizes=\"(max-width: 1000px) 100vw, 1000px\" \/><\/figure>\n<\/div>\n\n\n\n<div class=\"wp-block-column is-layout-flow wp-block-column-is-layout-flow\">\n<figure class=\"wp-block-image size-full\"><img loading=\"lazy\" decoding=\"async\" width=\"1000\" height=\"1000\" src=\"https:\/\/www.yousanusb.com\/wp-content\/uploads\/2024\/09\/crystal-flash-usb-flash-drive.jpg\" alt=\"unit\u00e0 flash usb crystal flash\" class=\"wp-image-9328\" srcset=\"https:\/\/www.yousanusb.com\/wp-content\/uploads\/2024\/09\/crystal-flash-usb-flash-drive.jpg 1000w, https:\/\/www.yousanusb.com\/wp-content\/uploads\/2024\/09\/crystal-flash-usb-flash-drive-300x300.jpg 300w, https:\/\/www.yousanusb.com\/wp-content\/uploads\/2024\/09\/crystal-flash-usb-flash-drive-150x150.jpg 150w, https:\/\/www.yousanusb.com\/wp-content\/uploads\/2024\/09\/crystal-flash-usb-flash-drive-768x768.jpg 768w, https:\/\/www.yousanusb.com\/wp-content\/uploads\/2024\/09\/crystal-flash-usb-flash-drive-600x600.jpg 600w, https:\/\/www.yousanusb.com\/wp-content\/uploads\/2024\/09\/crystal-flash-usb-flash-drive-100x100.jpg 100w\" sizes=\"(max-width: 1000px) 100vw, 1000px\" \/><\/figure>\n<\/div>\n<\/div>\n\n\n\n<p>Che si tratti di bomboniere per gli invitati o di regali promozionali in occasione di eventi di moda e mostre di gioielli, essi sono una vetrina di qualit\u00e0 superiore e uno stile distintivo. La fabbrica pu\u00f2 progettare confezioni personalizzate per questo set in base alle richieste del cliente, elevando ulteriormente il fascino del prodotto.<\/p>","protected":false},"excerpt":{"rendered":"<ul>\n<li>Design portatile<\/li>\n<li>Materiale in cristallo<\/li>\n<li>Velocit\u00e0 pi\u00f9 elevata e alta qualit\u00e0<\/li>\n<li>Impermeabile e resistente<\/li>\n<li>Affidabile e sicuro<\/li>\n<li>Ottimo per tutti gli usi<\/li>\n<li>MOQ: 100pcs<\/li>\n<\/ul>","protected":false},"featured_media":9333,"comment_status":"open","ping_status":"closed","template":"","meta":{"_seopress_robots_primary_cat":"none","_seopress_titles_title":"","_seopress_titles_desc":"","_seopress_robots_index":""},"class_list":["post-9324","product","type-product","status-publish","has-post-thumbnail","hentry","product_cat-crystal-led-usb-flash-drive","product_tag-acrylic-usb-flash-drive"],"_links":{"self":[{"href":"https:\/\/www.yousanusb.com\/it\/wp-json\/wp\/v2\/product\/9324"}],"collection":[{"href":"https:\/\/www.yousanusb.com\/it\/wp-json\/wp\/v2\/product"}],"about":[{"href":"https:\/\/www.yousanusb.com\/it\/wp-json\/wp\/v2\/types\/product"}],"replies":[{"embeddable":true,"href":"https:\/\/www.yousanusb.com\/it\/wp-json\/wp\/v2\/comments?post=9324"}],"wp:featuredmedia":[{"embeddable":true,"href":"https:\/\/www.yousanusb.com\/it\/wp-json\/wp\/v2\/media\/9333"}],"wp:attachment":[{"href":"https:\/\/www.yousanusb.com\/it\/wp-json\/wp\/v2\/media?parent=9324"}],"curies":[{"name":"wp","href":"https:\/\/api.w.org\/{rel}","templated":true}]}}