{"id":9378,"date":"2024-09-11T00:57:35","date_gmt":"2024-09-11T00:57:35","guid":{"rendered":"https:\/\/yousanusb.com\/?post_type=product&#038;p=9378"},"modified":"2025-11-13T04:35:18","modified_gmt":"2025-11-13T04:35:18","slug":"cute-usb-flash-drive-gamepad-thumb-drive-novelty-game-model-usb-flash-drive-memory-stick","status":"publish","type":"product","link":"https:\/\/www.yousanusb.com\/it\/prodotto\/cute-usb-flash-drive-gamepad-thumb-drive-novelty-game-model-usb-flash-drive-memory-stick\/","title":{"rendered":"Modello di gioco novit\u00e0 Unit\u00e0 flash USB Memory Stick"},"content":{"rendered":"<div class=\"wp-block-columns is-layout-flex wp-container-core-columns-is-layout-1 wp-block-columns-is-layout-flex\">\n<div class=\"wp-block-column is-layout-flow wp-block-column-is-layout-flow\">\n<figure class=\"wp-block-image size-full\"><img fetchpriority=\"high\" decoding=\"async\" width=\"1000\" height=\"1000\" src=\"https:\/\/www.yousanusb.com\/wp-content\/uploads\/2024\/09\/custom-cute-controller-usb-flash-drive.jpg\" alt=\"unit\u00e0 flash usb con controller personalizzato\" class=\"wp-image-9384\" srcset=\"https:\/\/www.yousanusb.com\/wp-content\/uploads\/2024\/09\/custom-cute-controller-usb-flash-drive.jpg 1000w, https:\/\/www.yousanusb.com\/wp-content\/uploads\/2024\/09\/custom-cute-controller-usb-flash-drive-300x300.jpg 300w, https:\/\/www.yousanusb.com\/wp-content\/uploads\/2024\/09\/custom-cute-controller-usb-flash-drive-150x150.jpg 150w, https:\/\/www.yousanusb.com\/wp-content\/uploads\/2024\/09\/custom-cute-controller-usb-flash-drive-768x768.jpg 768w, https:\/\/www.yousanusb.com\/wp-content\/uploads\/2024\/09\/custom-cute-controller-usb-flash-drive-600x600.jpg 600w, https:\/\/www.yousanusb.com\/wp-content\/uploads\/2024\/09\/custom-cute-controller-usb-flash-drive-100x100.jpg 100w\" sizes=\"(max-width: 1000px) 100vw, 1000px\" \/><\/figure>\n<\/div>\n\n\n\n<div class=\"wp-block-column is-vertically-aligned-center is-layout-flow wp-block-column-is-layout-flow\">\n<p>Si tratta di un'unit\u00e0 USB a forma di controller di gioco. Il suo design imita la forma di un controller di gioco, riproducendo fedelmente dettagli come pulsanti e joystick. Caratterizzata da una combinazione di colori nero e grigio con icone colorate dei pulsanti, raggiunge un'elevata fedelt\u00e0 di design e si allinea all'estetica dei dispositivi di gioco.<\/p>\n\n\n\n<p>Il corpo principale \u00e8 realizzato in silicone, che offre un tocco morbido e al contempo flessibilit\u00e0 e protezione. Resiste ai piccoli urti, alle cadute e ai graffi di tutti i giorni.<\/p>\n\n\n\n<p>La chiavetta USB \u00e8 composta da un corpo principale e da un cappuccio che si incastrano a formare una forma di controller completa, esaltando il suo fascino giocoso. Un foro per il portachiavi montato sulla parte superiore consente di agganciarla al portachiavi o ad altri oggetti personali per trasportarla comodamente. Le sue dimensioni compatte garantiscono un ingombro minimo.<\/p>\n<\/div>\n<\/div>\n\n\n\n<div class=\"wp-block-columns is-layout-flex wp-container-core-columns-is-layout-2 wp-block-columns-is-layout-flex\">\n<div class=\"wp-block-column is-vertically-aligned-center is-layout-flow wp-block-column-is-layout-flow\">\n<p>In termini di funzionalit\u00e0, dispone di un'interfaccia USB standard compatibile con i sistemi mainstream come Windows e Mac, che supporta il funzionamento plug-and-play senza richiedere driver aggiuntivi.<\/p>\n\n\n\n<p>Pu\u00f2 archiviare vari tipi di dati, tra cui documenti, immagini e video. Disponibile in opzioni di capacit\u00e0 standard, soddisfa le esigenze di archiviazione quotidiane per il lavoro d'ufficio e lo studio. Con velocit\u00e0 di lettura\/scrittura stabili, gestisce in modo efficiente i trasferimenti quotidiani di file.<\/p>\n\n\n\n<p>Adatto per l'uso personale quotidiano e per l'archiviazione dei dati degli studenti, \u00e8 anche un accessorio distintivo per gli appassionati di giochi.<\/p>\n<\/div>\n\n\n\n<div class=\"wp-block-column is-layout-flow wp-block-column-is-layout-flow\">\n<figure class=\"wp-block-image size-full\"><img decoding=\"async\" width=\"1000\" height=\"1000\" src=\"https:\/\/www.yousanusb.com\/wp-content\/uploads\/2024\/09\/custom-branded-16gb-usb-drive.jpg\" alt=\"unit\u00e0 usb da 16 gb con marchio personalizzato\" class=\"wp-image-9380\" srcset=\"https:\/\/www.yousanusb.com\/wp-content\/uploads\/2024\/09\/custom-branded-16gb-usb-drive.jpg 1000w, https:\/\/www.yousanusb.com\/wp-content\/uploads\/2024\/09\/custom-branded-16gb-usb-drive-300x300.jpg 300w, https:\/\/www.yousanusb.com\/wp-content\/uploads\/2024\/09\/custom-branded-16gb-usb-drive-150x150.jpg 150w, https:\/\/www.yousanusb.com\/wp-content\/uploads\/2024\/09\/custom-branded-16gb-usb-drive-768x768.jpg 768w, https:\/\/www.yousanusb.com\/wp-content\/uploads\/2024\/09\/custom-branded-16gb-usb-drive-600x600.jpg 600w, https:\/\/www.yousanusb.com\/wp-content\/uploads\/2024\/09\/custom-branded-16gb-usb-drive-100x100.jpg 100w\" sizes=\"(max-width: 1000px) 100vw, 1000px\" \/><\/figure>\n<\/div>\n<\/div>","protected":false},"excerpt":{"rendered":"<ul>\n<li>Materiale PVC<\/li>\n<li>Design del controller di gioco<\/li>\n<li>MOQ: 100 pezzi<\/li>\n<li>Adatto per il regalo<\/li>\n<li>Affidabile e sicuro<\/li>\n<li>Ottimo per tutti gli usi<\/li>\n<\/ul>","protected":false},"featured_media":9385,"comment_status":"open","ping_status":"closed","template":"","meta":{"_seopress_robots_primary_cat":"none","_seopress_titles_title":"","_seopress_titles_desc":"","_seopress_robots_index":""},"class_list":["post-9378","product","type-product","status-publish","has-post-thumbnail","hentry","product_cat-custom-usb-drive","product_tag-custom-game-controller-usb-drive"],"_links":{"self":[{"href":"https:\/\/www.yousanusb.com\/it\/wp-json\/wp\/v2\/product\/9378"}],"collection":[{"href":"https:\/\/www.yousanusb.com\/it\/wp-json\/wp\/v2\/product"}],"about":[{"href":"https:\/\/www.yousanusb.com\/it\/wp-json\/wp\/v2\/types\/product"}],"replies":[{"embeddable":true,"href":"https:\/\/www.yousanusb.com\/it\/wp-json\/wp\/v2\/comments?post=9378"}],"wp:featuredmedia":[{"embeddable":true,"href":"https:\/\/www.yousanusb.com\/it\/wp-json\/wp\/v2\/media\/9385"}],"wp:attachment":[{"href":"https:\/\/www.yousanusb.com\/it\/wp-json\/wp\/v2\/media?parent=9378"}],"curies":[{"name":"wp","href":"https:\/\/api.w.org\/{rel}","templated":true}]}}